{"id":1877,"date":"2025-11-13T15:05:47","date_gmt":"2025-11-13T14:05:47","guid":{"rendered":"https:\/\/dev.datagrandest.fr\/site\/?page_id=1877"},"modified":"2025-11-13T16:06:44","modified_gmt":"2025-11-13T15:06:44","slug":"lancement-de-geograndest-2019","status":"publish","type":"page","link":"https:\/\/www.datagrandest.fr\/site\/lancement-de-geograndest-2019\/","title":{"rendered":"Lancement de G\u00e9oGrandEst 2019"},"content":{"rendered":"","protected":false},"excerpt":{"rendered":"","protected":false},"author":12,"featured_media":0,"parent":0,"menu_order":0,"comment_status":"closed","ping_status":"closed","template":"src\/controllers\/models\/flex.php","meta":{"_acf_changed":false,"_relevanssi_hide_post":"","_relevanssi_hide_content":"","_relevanssi_pin_for_all":"","_relevanssi_pin_keywords":"","_relevanssi_unpin_keywords":"","_relevanssi_related_keywords":"","_relevanssi_related_include_ids":"","_relevanssi_related_exclude_ids":"","_relevanssi_related_no_append":"","_relevanssi_related_not_related":"","_relevanssi_related_posts":"","_relevanssi_noindex_reason":"","footnotes":""},"source":[],"thematique_globale":[],"class_list":["post-1877","page","type-page","status-publish","hentry"],"acf":{"glo_image":"","glo_intro":"","glo_car_surcharge_titre":"","glo_car_surcharge_lien":"","cms_contenus_flexibles":[{"acf_fc_layout":"flex_texte_libre","show_title":true,"titre_de_section":"Programme de la journ\u00e9e","contenu":"<ul>\r\n \t<li><a href=\"\/site\/portail\/fr\/system\/files\/document\/2022-10\/synthese_lancement_geograndest_20190625.pdf\"><strong>Synth\u00e8se de la journ\u00e9e<\/strong><\/a><\/li>\r\n \t<li><a href=\"\/site\/portail\/fr\/system\/files\/document\/2022-10\/programmelancementgeograndest_charte.pdf.pdf\"><strong>Programme de la journ\u00e9e<\/strong><\/a><\/li>\r\n \t<li><a href=\"\/site\/portail\/fr\/system\/files\/document\/2022-10\/diaporama_pleniere.pdf\"><strong>Diaporama pleini\u00e8re<\/strong><\/a><\/li>\r\n \t<li><a href=\"\/site\/portail\/fr\/system\/files\/document\/2022-10\/chiffres_cles.pdf\"><strong>Les chiffres cl\u00e9s de G\u00e9oGrandEst<\/strong><\/a><\/li>\r\n \t<li><a href=\"\/site\/portail\/fr\/system\/files\/document\/2022-10\/programme_actions_geograndest.pdf\"><strong>Programme d'actions de G\u00e9oGrandEst<\/strong><\/a><\/li>\r\n \t<li><a href=\"\/site\/portail\/fr\/system\/files\/document\/2022-10\/restitution_atelier1.pdf\"><strong>Restitution atelier 1<\/strong><\/a><\/li>\r\n \t<li><a href=\"\/site\/portail\/fr\/system\/files\/document\/2022-10\/restitution_atelier2_vf.pdf\"><strong>Restitution atelier 1<\/strong><\/a><\/li>\r\n<\/ul>","couleur_de_fond":"transparent","taille_de_la_zone":"large-content","position_texte":"center","image_de_fond":""},{"acf_fc_layout":"flex_pictos","show_title":true,"titre_de_section":"Se rendre \u00e0 BLIIIDA","elements":[{"picto":1895,"titre":"Adresse de l'\u00e9v\u00e9nement","texte":"BLIIIDA\r\n7 avenue de Blida\r\n57000 Metz\r\n\r\n ","intitule_du_bouton":"","url_du_bouton":""},{"picto":1894,"titre":"\u00c0 partir de la gare","texte":"A la descente du train, gare de Metz, prendre la sortie menant rue Vauban\/place du G\u00e9n\u00e9ral de Gaulle","intitule_du_bouton":"","url_du_bouton":""},{"picto":1893,"titre":"Taxis de Metz","texte":"Tel : 03 87 56 91 92\r\n\r\n","intitule_du_bouton":"","url_du_bouton":""},{"picto":1892,"titre":"Ligne 3 vers Woippy","texte":"Remonter la rue Fran\u00e7ois de Curel (en face de la gare)\r\nDescendre \u00e0 l\u2019arr\u00eat \u00ab Rimport \u00bb\r\nTraverser le pont Des Grilles\r\nTourner \u00e0 droite et continuer tout droit sur 200 m\u00e8tres environ.\r\n\r\n \r\n\r\n","intitule_du_bouton":"","url_du_bouton":""},{"picto":1891,"titre":"A pied (environ 30 minutes)","texte":"Prendre le boulevard Jean XXIII\r\nTraverser le pont Des Grilles\r\nTourner \u00e0 droite et continuer tout droit sur 200 m\u00e8tres environ.\r\n\r\n \r\n\r\n","intitule_du_bouton":"","url_du_bouton":""},{"picto":1890,"titre":"A partir de l'autoroute en voiture","texte":"Prendre la sortie 33 (Pontifroy) autoroute A31","intitule_du_bouton":"","url_du_bouton":""}],"couleur_de_fond":"transparent"}]},"yoast_head":"<!-- This site is optimized with the Yoast SEO plugin v27.4 - https:\/\/yoast.com\/product\/yoast-seo-wordpress\/ -->\n<title>Lancement de G\u00e9oGrandEst 2019 - DataGrandEst<\/title>\n<meta name=\"robots\" content=\"index, follow, max-snippet:-1, max-image-preview:large, max-video-preview:-1\" \/>\n<link rel=\"canonical\" href=\"https:\/\/www.datagrandest.fr\/site\/lancement-de-geograndest-2019\/\" \/>\n<meta property=\"og:locale\" content=\"fr_FR\" \/>\n<meta property=\"og:type\" content=\"article\" \/>\n<meta property=\"og:title\" content=\"Lancement de G\u00e9oGrandEst 2019 - DataGrandEst\" \/>\n<meta property=\"og:url\" content=\"https:\/\/www.datagrandest.fr\/site\/lancement-de-geograndest-2019\/\" \/>\n<meta property=\"og:site_name\" content=\"DataGrandEst\" \/>\n<meta property=\"article:modified_time\" content=\"2025-11-13T15:06:44+00:00\" \/>\n<meta name=\"twitter:card\" content=\"summary_large_image\" \/>\n<meta name=\"twitter:label1\" content=\"Dur\u00e9e de lecture estim\u00e9e\" \/>\n\t<meta name=\"twitter:data1\" content=\"1 minute\" \/>\n<script type=\"application\/ld+json\" class=\"yoast-schema-graph\">{\"@context\":\"https:\\\/\\\/schema.org\",\"@graph\":[{\"@type\":\"WebPage\",\"@id\":\"https:\\\/\\\/www.datagrandest.fr\\\/site\\\/lancement-de-geograndest-2019\\\/\",\"url\":\"https:\\\/\\\/www.datagrandest.fr\\\/site\\\/lancement-de-geograndest-2019\\\/\",\"name\":\"Lancement de G\u00e9oGrandEst 2019 - DataGrandEst\",\"isPartOf\":{\"@id\":\"https:\\\/\\\/www.datagrandest.fr\\\/site\\\/#website\"},\"datePublished\":\"2025-11-13T14:05:47+00:00\",\"dateModified\":\"2025-11-13T15:06:44+00:00\",\"breadcrumb\":{\"@id\":\"https:\\\/\\\/www.datagrandest.fr\\\/site\\\/lancement-de-geograndest-2019\\\/#breadcrumb\"},\"inLanguage\":\"fr-FR\",\"potentialAction\":[{\"@type\":\"ReadAction\",\"target\":[\"https:\\\/\\\/www.datagrandest.fr\\\/site\\\/lancement-de-geograndest-2019\\\/\"]}]},{\"@type\":\"BreadcrumbList\",\"@id\":\"https:\\\/\\\/www.datagrandest.fr\\\/site\\\/lancement-de-geograndest-2019\\\/#breadcrumb\",\"itemListElement\":[{\"@type\":\"ListItem\",\"position\":1,\"name\":\"Accueil\",\"item\":\"https:\\\/\\\/www.datagrandest.fr\\\/site\\\/\"},{\"@type\":\"ListItem\",\"position\":2,\"name\":\"Lancement de G\u00e9oGrandEst 2019\"}]},{\"@type\":\"WebSite\",\"@id\":\"https:\\\/\\\/www.datagrandest.fr\\\/site\\\/#website\",\"url\":\"https:\\\/\\\/www.datagrandest.fr\\\/site\\\/\",\"name\":\"DataGrandEst\",\"description\":\"\",\"potentialAction\":[{\"@type\":\"SearchAction\",\"target\":{\"@type\":\"EntryPoint\",\"urlTemplate\":\"https:\\\/\\\/www.datagrandest.fr\\\/site\\\/?s={search_term_string}\"},\"query-input\":{\"@type\":\"PropertyValueSpecification\",\"valueRequired\":true,\"valueName\":\"search_term_string\"}}],\"inLanguage\":\"fr-FR\"}]}<\/script>\n<!-- \/ Yoast SEO plugin. -->","yoast_head_json":{"title":"Lancement de G\u00e9oGrandEst 2019 - DataGrandEst","robots":{"index":"index","follow":"follow","max-snippet":"max-snippet:-1","max-image-preview":"max-image-preview:large","max-video-preview":"max-video-preview:-1"},"canonical":"https:\/\/www.datagrandest.fr\/site\/lancement-de-geograndest-2019\/","og_locale":"fr_FR","og_type":"article","og_title":"Lancement de G\u00e9oGrandEst 2019 - DataGrandEst","og_url":"https:\/\/www.datagrandest.fr\/site\/lancement-de-geograndest-2019\/","og_site_name":"DataGrandEst","article_modified_time":"2025-11-13T15:06:44+00:00","twitter_card":"summary_large_image","twitter_misc":{"Dur\u00e9e de lecture estim\u00e9e":"1 minute"},"schema":{"@context":"https:\/\/schema.org","@graph":[{"@type":"WebPage","@id":"https:\/\/www.datagrandest.fr\/site\/lancement-de-geograndest-2019\/","url":"https:\/\/www.datagrandest.fr\/site\/lancement-de-geograndest-2019\/","name":"Lancement de G\u00e9oGrandEst 2019 - DataGrandEst","isPartOf":{"@id":"https:\/\/www.datagrandest.fr\/site\/#website"},"datePublished":"2025-11-13T14:05:47+00:00","dateModified":"2025-11-13T15:06:44+00:00","breadcrumb":{"@id":"https:\/\/www.datagrandest.fr\/site\/lancement-de-geograndest-2019\/#breadcrumb"},"inLanguage":"fr-FR","potentialAction":[{"@type":"ReadAction","target":["https:\/\/www.datagrandest.fr\/site\/lancement-de-geograndest-2019\/"]}]},{"@type":"BreadcrumbList","@id":"https:\/\/www.datagrandest.fr\/site\/lancement-de-geograndest-2019\/#breadcrumb","itemListElement":[{"@type":"ListItem","position":1,"name":"Accueil","item":"https:\/\/www.datagrandest.fr\/site\/"},{"@type":"ListItem","position":2,"name":"Lancement de G\u00e9oGrandEst 2019"}]},{"@type":"WebSite","@id":"https:\/\/www.datagrandest.fr\/site\/#website","url":"https:\/\/www.datagrandest.fr\/site\/","name":"DataGrandEst","description":"","potentialAction":[{"@type":"SearchAction","target":{"@type":"EntryPoint","urlTemplate":"https:\/\/www.datagrandest.fr\/site\/?s={search_term_string}"},"query-input":{"@type":"PropertyValueSpecification","valueRequired":true,"valueName":"search_term_string"}}],"inLanguage":"fr-FR"}]}},"_links":{"self":[{"href":"https:\/\/www.datagrandest.fr\/site\/wp-json\/wp\/v2\/pages\/1877","targetHints":{"allow":["GET"]}}],"collection":[{"href":"https:\/\/www.datagrandest.fr\/site\/wp-json\/wp\/v2\/pages"}],"about":[{"href":"https:\/\/www.datagrandest.fr\/site\/wp-json\/wp\/v2\/types\/page"}],"author":[{"embeddable":true,"href":"https:\/\/www.datagrandest.fr\/site\/wp-json\/wp\/v2\/users\/12"}],"replies":[{"embeddable":true,"href":"https:\/\/www.datagrandest.fr\/site\/wp-json\/wp\/v2\/comments?post=1877"}],"version-history":[{"count":6,"href":"https:\/\/www.datagrandest.fr\/site\/wp-json\/wp\/v2\/pages\/1877\/revisions"}],"predecessor-version":[{"id":1897,"href":"https:\/\/www.datagrandest.fr\/site\/wp-json\/wp\/v2\/pages\/1877\/revisions\/1897"}],"wp:attachment":[{"href":"https:\/\/www.datagrandest.fr\/site\/wp-json\/wp\/v2\/media?parent=1877"}],"wp:term":[{"taxonomy":"source","embeddable":true,"href":"https:\/\/www.datagrandest.fr\/site\/wp-json\/wp\/v2\/source?post=1877"},{"taxonomy":"thematique_globale","embeddable":true,"href":"https:\/\/www.datagrandest.fr\/site\/wp-json\/wp\/v2\/thematique_globale?post=1877"}],"curies":[{"name":"wp","href":"https:\/\/api.w.org\/{rel}","templated":true}]}}