{"id":1901,"date":"2025-11-13T21:10:08","date_gmt":"2025-11-13T20:10:08","guid":{"rendered":"https:\/\/dev.datagrandest.fr\/site\/?page_id=1901"},"modified":"2025-11-28T15:13:58","modified_gmt":"2025-11-28T14:13:58","slug":"mentions-legales","status":"publish","type":"page","link":"https:\/\/www.datagrandest.fr\/site\/mentions-legales\/","title":{"rendered":"Mentions l\u00e9gales"},"content":{"rendered":"","protected":false},"excerpt":{"rendered":"","protected":false},"author":12,"featured_media":0,"parent":0,"menu_order":0,"comment_status":"closed","ping_status":"closed","template":"src\/controllers\/models\/flex.php","meta":{"_acf_changed":false,"_relevanssi_hide_post":"","_relevanssi_hide_content":"","_relevanssi_pin_for_all":"","_relevanssi_pin_keywords":"","_relevanssi_unpin_keywords":"","_relevanssi_related_keywords":"","_relevanssi_related_include_ids":"","_relevanssi_related_exclude_ids":"","_relevanssi_related_no_append":"","_relevanssi_related_not_related":"","_relevanssi_related_posts":"","_relevanssi_noindex_reason":"","footnotes":""},"source":[],"thematique_globale":[],"class_list":["post-1901","page","type-page","status-publish","hentry"],"acf":{"glo_image":"","glo_intro":"","glo_car_surcharge_titre":"","glo_car_surcharge_lien":"","cms_contenus_flexibles":[{"acf_fc_layout":"flex_texte_libre","show_title":true,"titre_de_section":"La plateforme DataGrandEst est r\u00e9alis\u00e9e et g\u00e9r\u00e9e en partenariat entre l\u2019Etat en r\u00e9gion et la r\u00e9gion Grand Est.","contenu":"","couleur_de_fond":"transparent","taille_de_la_zone":"large-content","position_texte":"center","image_de_fond":""},{"acf_fc_layout":"flex_trois_colonnes","show_title":false,"titre_de_section":"","colonnes":{"":null,"gauche":{"medias":"","image":"","video":null,"mp4":null,"contenu":"<strong>S<\/strong>ecr\u00e9tariat<strong>\u00a0G<\/strong>\u00e9n\u00e9ral pour les\u00a0<strong>A<\/strong>ffaires\u00a0<strong>R<\/strong>\u00e9gionales et\u00a0<strong>E<\/strong>urop\u00e9ennes (SGARE) :\r\n\r\n5 place de la R\u00e9publique\r\n67000 STRASBOURG"},"centre":{"medias":"","image":"","video":null,"mp4":null,"contenu":"<strong>D<\/strong>irection\u00a0<strong>R<\/strong>\u00e9gionale de l\u2019<strong>E<\/strong>nvironnement, de l\u2019<strong>A<\/strong>m\u00e9nagement et du\u00a0<strong>L<\/strong>ogement (DREAL) :\r\n\r\n2 rue Augustin Fresnel - CS95038\r\n57071 METZ CEDEX 03"},"droite":{"medias":"","image":"","video":null,"mp4":null,"contenu":"R\u00e9gion Grand Est\u00a0:\r\n\r\n1 place Adrien Zeller\r\n7070 STRASBOURG Cedex"}},"couleur_de_fond":"greylight","taille_de_la_zone":"small-content","image_de_fond":""},{"acf_fc_layout":"flex_texte_libre","show_title":true,"titre_de_section":"H\u00c9BERGEMENT ET R\u00c9ALISATION","contenu":"<h3><strong>Site internet<\/strong> (Wordpress)<\/h3>\r\n<div class=\"media media-element-container media-teaser\">\r\n<div id=\"file-3656\" class=\"file file-image file-image-png\"><img class=\"wp-image-2483 alignleft\" src=\"https:\/\/www.datagrandest.fr\/site\/wp-content\/uploads\/2025\/11\/logo-adipso-noir.png\" alt=\"\" width=\"150\" height=\"29\" \/><\/div>\r\n<\/div>\r\n&nbsp;\r\n\r\n&nbsp;\r\n\r\n<strong>ADIPSO\u00a0<\/strong>\r\n3 Rue de la Division Leclerc\r\n67000 Strasbourg\r\n<a href=\"https:\/\/www.adipso.com\/\" target=\"_blank\" rel=\"noopener\">https:\/\/www.adipso.com<\/a>\r\n\r\n<hr \/>\r\n\r\n<h3><strong>Plateforme <a href=\"https:\/\/www.georchestra.org\/fr\/\">geOrchestra<\/a><\/strong><\/h3>\r\n<div class=\"media media-element-container media-default\">\r\n<div id=\"file-2103\" class=\"file file-image file-image-jpeg\">\r\n<div class=\"content\"><a href=\"https:\/\/www.datagrandest.fr\/site\/wp-content\/uploads\/2025\/11\/logo-with-text.svg\" rel=\"attachment wp-att-2485\"><img class=\"wp-image-2485 alignleft\" style=\"height: 60px;\" src=\"https:\/\/www.datagrandest.fr\/site\/wp-content\/uploads\/2025\/11\/logo-with-text.svg\" alt=\"\" width=\"282\" height=\"59\" \/><\/a><\/div>\r\n<\/div>\r\n<\/div>\r\n&nbsp;\r\n\r\n&nbsp;\r\n\r\n<strong>\r\nCamptocamp France SAS, Chamb\u00e9ry<\/strong>\r\n18 rue du Lac Saint Andr\u00e9 \u2013 B\u00e2timent Le Dauphin\r\nSavoie Technolac\r\n73370 Le Bourget-du-Lac, France\r\n\r\nT\u00e9l. : <a href=\"tel:+33 4 58 48 20 00\">+33 4 58 48 20 00<\/a>\r\n<a href=\"mailto:info@camptocamp.com\">info@camptocamp.com<\/a>\r\n<a href=\"https:\/\/www.camptocamp.com\/fr\" target=\"_blank\" rel=\"noopener\">https:\/\/www.camptocamp.com\/fr<\/a>\r\n\r\n<hr \/>\r\n\r\n<h3><strong>Espace collaboratif<\/strong><\/h3>\r\n<div class=\"media media-element-container media-default\">\r\n<div id=\"file-2103\" class=\"file file-image file-image-jpeg\"><img class=\"alignleft\" style=\"height: 85px;\" src=\"https:\/\/www.exoplatform.com\/wp-content\/uploads\/2022\/10\/exo-logo-250x120-02.svg\" width=\"177\" height=\"85\" \/><\/div>\r\n<\/div>\r\n<div><\/div>\r\n<div><\/div>\r\n<div><\/div>\r\n<div style=\"text-align: left;\"><\/div>\r\n<div><\/div>\r\n<div style=\"text-align: left;\"><\/div>\r\n<div style=\"text-align: left;\"><strong>eXo Platform\r\n<\/strong>10 place Vend\u00f4me\r\n75001 Paris, France<\/div>\r\n<div style=\"text-align: left;\"><\/div>\r\n<div class=\"postal-address\" style=\"text-align: left;\">T\u00e9l. : <a href=\"tel:+33 1 82 83 77 31\">+33 1 82 83 77 31<\/a>\r\n<a href=\"mailto:contact@exoplatform.com\">contact@exoplatform.com<\/a>\r\n<a href=\"https:\/\/www.exoplatform.com\/fr\" target=\"_blank\" rel=\"noopener\">https:\/\/www.exoplatform.com\/fr<\/a><\/div>\r\n<div class=\"postal-address\">\r\n\r\n<hr \/>\r\n\r\n<h3><b>H\u00e9bergement<\/b><\/h3>\r\n<\/div>\r\n<div>\r\n<div class=\"media media-element-container media-default\">\r\n<div id=\"file-2103\" class=\"file file-image file-image-jpeg\"><img class=\"alignleft\" style=\"height: 87px;\" src=\"https:\/\/www.sdv.fr\/wp-content\/uploads\/2020\/09\/logo-sdv-rouge-edited.png\" alt=\"Contactez-nous | SdV\" width=\"154\" height=\"87\" \/><\/div>\r\n<div>\r\n\r\n&nbsp;\r\n\r\n&nbsp;\r\n\r\n<\/div>\r\n<\/div>\r\n<\/div>\r\n&nbsp;\r\n\r\n15 rue de la nu\u00e9e Bleue\r\n67000 Strasbourg\r\n<div>\r\n<div class=\"media media-element-container media-default\">\r\n<p class=\"wp-block-heading\">T\u00e9l. : <a href=\"tel:+33 (0)3 88 75 80 50\">+33 (0)3 88 75 80 50<\/a>\r\ncontact[at]sdv.fr\r\n<a href=\"https:\/\/www.sdv.fr\/\">https:\/\/www.sdv.fr\/<\/a><\/p>\r\n\r\n<\/div>\r\n<\/div>","couleur_de_fond":"transparent","taille_de_la_zone":"large-content","position_texte":"start","image_de_fond":""},{"acf_fc_layout":"flex_texte_libre","show_title":true,"titre_de_section":"FINANCEMENT","contenu":"L\u2019Union Europ\u00e9enne (Fonds Europ\u00e9ens de D\u00e9veloppement R\u00e9gional), L'\u00c9tat, La R\u00e9gion Grand Est et les D\u00e9partements, M\u00e9tropoles, Communaut\u00e9s Urbaines et Agglom\u00e9rations ayant sign\u00e9 une convention de financement DataGrandEst\r\n\r\n<img class=\" wp-image-2502 alignleft\" style=\"height: 150px;\" src=\"https:\/\/www.datagrandest.fr\/site\/wp-content\/uploads\/2025\/11\/logo-finance-par-l-union-europeenne.jpg\" alt=\"\" width=\"157\" height=\"159\" \/><img class=\"size-full wp-image-1920 alignleft\" style=\"height: 135px;\" src=\"https:\/\/www.datagrandest.fr\/site\/wp-content\/uploads\/2025\/11\/logo-bm-reg-grand-est-sur-gge.png\" alt=\"\" width=\"150\" height=\"140\" \/> <img class=\"size-full wp-image-2325 alignleft\" style=\"height: 100px;\" src=\"https:\/\/www.datagrandest.fr\/site\/wp-content\/uploads\/2025\/11\/design-sans-titre.png\" alt=\"\" width=\"200\" height=\"100\" \/>\r\n\r\n&nbsp;\r\n\r\n&nbsp;\r\n\r\n&nbsp;\r\n\r\n&nbsp;\r\n\r\n&nbsp;\r\n\r\n<img class=\"size-full wp-image-2503 alignleft\" src=\"https:\/\/www.datagrandest.fr\/site\/wp-content\/uploads\/2025\/11\/logos-financeurs-dge-2025.png\" alt=\"\" width=\"1019\" height=\"340\" \/>\r\n\r\n&nbsp;\r\n\r\n&nbsp;\r\n\r\n&nbsp;\r\n\r\n&nbsp;\r\n\r\n&nbsp;\r\n\r\n&nbsp;\r\n\r\n&nbsp;\r\n\r\n&nbsp;\r\n\r\n&nbsp;","couleur_de_fond":"transparent","taille_de_la_zone":"large-content","position_texte":"start","image_de_fond":""},{"acf_fc_layout":"flex_texte_libre","show_title":true,"titre_de_section":"DONN\u00c9ES A CARACT\u00c8RES PERSONNELS","contenu":"Retrouvez les informations relatives aux donn\u00e9es \u00e0 caract\u00e8res personnels sur <a href=\"https:\/\/www.datagrandest.fr\/site\/donnees-a-caractere-personnel\/\">la page d\u00e9di\u00e9e<\/a>.","couleur_de_fond":"transparent","taille_de_la_zone":"large-content","position_texte":"start","image_de_fond":""},{"acf_fc_layout":"flex_texte_libre","show_title":true,"titre_de_section":"DUR\u00c9E DE CONSERVATION DES DONN\u00c9ES","contenu":"Dur\u00e9es d\u2019utilit\u00e9 administrative (DUA) applicables aux principales proc\u00e9dures g\u00e9r\u00e9es par la R\u00e9gion Grand Est\r\n\r\nLa DUA couvre la dur\u00e9e de conservation en base active et en archives internes.\r\n<ul>\r\n \t<li>Demande d\u2019information aupr\u00e8s de la R\u00e9gion : DUA de 2 ans apr\u00e8s la cl\u00f4ture de la demande<\/li>\r\n \t<li>Inscription \u00e0 une lettre d\u2019information : DUA de\u00a03 mois apr\u00e8s le d\u00e9sabonnement<\/li>\r\n<\/ul>","couleur_de_fond":"transparent","taille_de_la_zone":"large-content","position_texte":"center","image_de_fond":""},{"acf_fc_layout":"flex_texte_libre","show_title":true,"titre_de_section":"RESPONSABILIT\u00c9","contenu":"DataGrandEst et ses membres ne saurait \u00eatre tenu pour responsable des erreurs mat\u00e9rielles qui se seraient gliss\u00e9es dans les documents pr\u00e9sents sur la plateforme, malgr\u00e9 tout le soin apport\u00e9 \u00e0 leur publication.\r\n\r\nDataGrandEst et ses membres ne saurait non plus \u00eatre tenu pour responsable des informations, propos et opinions \u00e9mis sur les sites vers lesquels DataGrandEst les dirige par des liens hypertexte et dont il n\u2019a pas la ma\u00eetrise \u00e9ditoriale.\r\n\r\nDataGrandEst et ses membres ne peut pas plus \u00eatre tenu pour responsable de la transmission d\u00e9fectueuse des donn\u00e9es dues aux divers r\u00e9seaux de l\u2019Internet ou aux incompatibilit\u00e9s dues au navigateur de l\u2019utilisateur.","couleur_de_fond":"transparent","taille_de_la_zone":"large-content","position_texte":"center","image_de_fond":""},{"acf_fc_layout":"flex_texte_libre","show_title":true,"titre_de_section":"DROITS D\u2019AUTEUR ET PROPRI\u00c9T\u00c9 INTELLECTUELLE","contenu":"La structure g\u00e9n\u00e9rale, ainsi que les textes, photos, images et sons composant ce site sont la propri\u00e9t\u00e9 de DataGrandEst. Toute reproduction, totale ou partielle, et toute repr\u00e9sentation du contenu substantiel de ce site, d\u2019un ou de plusieurs de ses composants, par quelque proc\u00e9d\u00e9 que ce soit, sans autorisation expresse de DataGrandEst, est interdite, et constitue une contrefa\u00e7on sanctionn\u00e9e par les articles L.335-2 et suivants du Code de la propri\u00e9t\u00e9 intellectuelle.\r\n\r\nLes informations, pictogrammes, photographies, images, textes, s\u00e9quences vid\u00e9o, anim\u00e9es sonores ou non, et autres documents pr\u00e9sents sur le site sont prot\u00e9g\u00e9s par des droits de propri\u00e9t\u00e9 industrielle et\/ou intellectuelle, soit que DataGrandEst en soit le titulaire, soit qu\u2019il soit autoris\u00e9 \u00e0 les reproduire et les repr\u00e9senter.\r\n\r\nA ce titre, toute reproduction, repr\u00e9sentation, adaptation, traduction et\/ou modification, partielle ou int\u00e9grale ou transfert sur un autre site sont interdits.\r\n\r\nLa copie sur support papier \u00e0 usage priv\u00e9 de ces diff\u00e9rents objets de droits est autoris\u00e9e conform\u00e9ment \u00e0 l\u2019article L122-5 du Code de la Propri\u00e9t\u00e9 Intellectuelle. Leur reproduction partielle ou int\u00e9grale, sans l\u2019accord pr\u00e9alable et \u00e9crit de l\u2019auteur, est strictement interdite.","couleur_de_fond":"transparent","taille_de_la_zone":"large-content","position_texte":"center","image_de_fond":""},{"acf_fc_layout":"flex_texte_libre","show_title":true,"titre_de_section":"A PROPOS DES COOKIES","contenu":"DataGrandEst utilise diff\u00e9rents cookies sur le site pour permettre le bon fonctionnement du site et des services.\r\n\r\nQu'est-ce qu'un \"cookie\" ?\r\n\r\nUn \"cookie\" est un fichier de taille limit\u00e9e, g\u00e9n\u00e9ralement constitu\u00e9 de lettres et de chiffres, envoy\u00e9 par le serveur internet au fichier cookie du navigateur situ\u00e9 sur votre \u00e9quipement num\u00e9rique.\r\n\r\nCes cookies permettent au site de fonctionner de mani\u00e8re optimale. Vous pouvez vous y opposer et les supprimer en utilisant les param\u00e8tres de votre navigateur, cependant votre exp\u00e9rience utilisateur risque d\u2019\u00eatre d\u00e9grad\u00e9e.\r\n\r\nCookies n\u00e9cessaires au site pour fonctionner\u00a0:\r\n<table style=\"height: 246px;\" border=\"1\" width=\"862\" cellspacing=\"0\" cellpadding=\"0\">\r\n<thead>\r\n<tr>\r\n<th style=\"text-align: left;\">Cat\u00e9gories de COOKIE<\/th>\r\n<th style=\"text-align: left;\">FINALIT\u00c9<\/th>\r\n<\/tr>\r\n<\/thead>\r\n<tbody>\r\n<tr>\r\n<td>Matomo (PK_SES, PK_ID)<\/td>\r\n<td>Statistiques Matomo (ex Piwik)<\/td>\r\n<\/tr>\r\n<tr>\r\n<td>Drupal (has_js,\u2026)<\/td>\r\n<td>Permet de d\u00e9terminer si le navigateur accepte javascript ou non<\/td>\r\n<\/tr>\r\n<tr>\r\n<td>Google ReCaptcha<\/td>\r\n<td>Permet de prot\u00e9ger le site des attaques de robot de cr\u00e9ation de comptes<\/td>\r\n<\/tr>\r\n<\/tbody>\r\n<\/table>\r\n&nbsp;","couleur_de_fond":"transparent","taille_de_la_zone":"large-content","position_texte":"center","image_de_fond":""}]},"yoast_head":"<!-- This site is optimized with the Yoast SEO plugin v27.3 - https:\/\/yoast.com\/product\/yoast-seo-wordpress\/ -->\n<title>Mentions l\u00e9gales - DataGrandEst<\/title>\n<meta name=\"robots\" content=\"index, follow, max-snippet:-1, max-image-preview:large, max-video-preview:-1\" \/>\n<link rel=\"canonical\" href=\"https:\/\/www.datagrandest.fr\/site\/mentions-legales\/\" \/>\n<meta property=\"og:locale\" content=\"fr_FR\" \/>\n<meta property=\"og:type\" content=\"article\" \/>\n<meta property=\"og:title\" content=\"Mentions l\u00e9gales - DataGrandEst\" \/>\n<meta property=\"og:url\" content=\"https:\/\/www.datagrandest.fr\/site\/mentions-legales\/\" \/>\n<meta property=\"og:site_name\" content=\"DataGrandEst\" \/>\n<meta property=\"article:modified_time\" content=\"2025-11-28T14:13:58+00:00\" \/>\n<meta name=\"twitter:card\" content=\"summary_large_image\" \/>\n<meta name=\"twitter:label1\" content=\"Dur\u00e9e de lecture estim\u00e9e\" \/>\n\t<meta name=\"twitter:data1\" content=\"6 minutes\" \/>\n<script type=\"application\/ld+json\" class=\"yoast-schema-graph\">{\"@context\":\"https:\\\/\\\/schema.org\",\"@graph\":[{\"@type\":\"WebPage\",\"@id\":\"https:\\\/\\\/www.datagrandest.fr\\\/site\\\/mentions-legales\\\/\",\"url\":\"https:\\\/\\\/www.datagrandest.fr\\\/site\\\/mentions-legales\\\/\",\"name\":\"Mentions l\u00e9gales - DataGrandEst\",\"isPartOf\":{\"@id\":\"https:\\\/\\\/www.datagrandest.fr\\\/site\\\/#website\"},\"datePublished\":\"2025-11-13T20:10:08+00:00\",\"dateModified\":\"2025-11-28T14:13:58+00:00\",\"breadcrumb\":{\"@id\":\"https:\\\/\\\/www.datagrandest.fr\\\/site\\\/mentions-legales\\\/#breadcrumb\"},\"inLanguage\":\"fr-FR\",\"potentialAction\":[{\"@type\":\"ReadAction\",\"target\":[\"https:\\\/\\\/www.datagrandest.fr\\\/site\\\/mentions-legales\\\/\"]}]},{\"@type\":\"BreadcrumbList\",\"@id\":\"https:\\\/\\\/www.datagrandest.fr\\\/site\\\/mentions-legales\\\/#breadcrumb\",\"itemListElement\":[{\"@type\":\"ListItem\",\"position\":1,\"name\":\"Accueil\",\"item\":\"https:\\\/\\\/www.datagrandest.fr\\\/site\\\/\"},{\"@type\":\"ListItem\",\"position\":2,\"name\":\"Mentions l\u00e9gales\"}]},{\"@type\":\"WebSite\",\"@id\":\"https:\\\/\\\/www.datagrandest.fr\\\/site\\\/#website\",\"url\":\"https:\\\/\\\/www.datagrandest.fr\\\/site\\\/\",\"name\":\"DataGrandEst\",\"description\":\"\",\"potentialAction\":[{\"@type\":\"SearchAction\",\"target\":{\"@type\":\"EntryPoint\",\"urlTemplate\":\"https:\\\/\\\/www.datagrandest.fr\\\/site\\\/?s={search_term_string}\"},\"query-input\":{\"@type\":\"PropertyValueSpecification\",\"valueRequired\":true,\"valueName\":\"search_term_string\"}}],\"inLanguage\":\"fr-FR\"}]}<\/script>\n<!-- \/ Yoast SEO plugin. -->","yoast_head_json":{"title":"Mentions l\u00e9gales - DataGrandEst","robots":{"index":"index","follow":"follow","max-snippet":"max-snippet:-1","max-image-preview":"max-image-preview:large","max-video-preview":"max-video-preview:-1"},"canonical":"https:\/\/www.datagrandest.fr\/site\/mentions-legales\/","og_locale":"fr_FR","og_type":"article","og_title":"Mentions l\u00e9gales - DataGrandEst","og_url":"https:\/\/www.datagrandest.fr\/site\/mentions-legales\/","og_site_name":"DataGrandEst","article_modified_time":"2025-11-28T14:13:58+00:00","twitter_card":"summary_large_image","twitter_misc":{"Dur\u00e9e de lecture estim\u00e9e":"6 minutes"},"schema":{"@context":"https:\/\/schema.org","@graph":[{"@type":"WebPage","@id":"https:\/\/www.datagrandest.fr\/site\/mentions-legales\/","url":"https:\/\/www.datagrandest.fr\/site\/mentions-legales\/","name":"Mentions l\u00e9gales - DataGrandEst","isPartOf":{"@id":"https:\/\/www.datagrandest.fr\/site\/#website"},"datePublished":"2025-11-13T20:10:08+00:00","dateModified":"2025-11-28T14:13:58+00:00","breadcrumb":{"@id":"https:\/\/www.datagrandest.fr\/site\/mentions-legales\/#breadcrumb"},"inLanguage":"fr-FR","potentialAction":[{"@type":"ReadAction","target":["https:\/\/www.datagrandest.fr\/site\/mentions-legales\/"]}]},{"@type":"BreadcrumbList","@id":"https:\/\/www.datagrandest.fr\/site\/mentions-legales\/#breadcrumb","itemListElement":[{"@type":"ListItem","position":1,"name":"Accueil","item":"https:\/\/www.datagrandest.fr\/site\/"},{"@type":"ListItem","position":2,"name":"Mentions l\u00e9gales"}]},{"@type":"WebSite","@id":"https:\/\/www.datagrandest.fr\/site\/#website","url":"https:\/\/www.datagrandest.fr\/site\/","name":"DataGrandEst","description":"","potentialAction":[{"@type":"SearchAction","target":{"@type":"EntryPoint","urlTemplate":"https:\/\/www.datagrandest.fr\/site\/?s={search_term_string}"},"query-input":{"@type":"PropertyValueSpecification","valueRequired":true,"valueName":"search_term_string"}}],"inLanguage":"fr-FR"}]}},"_links":{"self":[{"href":"https:\/\/www.datagrandest.fr\/site\/wp-json\/wp\/v2\/pages\/1901","targetHints":{"allow":["GET"]}}],"collection":[{"href":"https:\/\/www.datagrandest.fr\/site\/wp-json\/wp\/v2\/pages"}],"about":[{"href":"https:\/\/www.datagrandest.fr\/site\/wp-json\/wp\/v2\/types\/page"}],"author":[{"embeddable":true,"href":"https:\/\/www.datagrandest.fr\/site\/wp-json\/wp\/v2\/users\/12"}],"replies":[{"embeddable":true,"href":"https:\/\/www.datagrandest.fr\/site\/wp-json\/wp\/v2\/comments?post=1901"}],"version-history":[{"count":11,"href":"https:\/\/www.datagrandest.fr\/site\/wp-json\/wp\/v2\/pages\/1901\/revisions"}],"predecessor-version":[{"id":2998,"href":"https:\/\/www.datagrandest.fr\/site\/wp-json\/wp\/v2\/pages\/1901\/revisions\/2998"}],"wp:attachment":[{"href":"https:\/\/www.datagrandest.fr\/site\/wp-json\/wp\/v2\/media?parent=1901"}],"wp:term":[{"taxonomy":"source","embeddable":true,"href":"https:\/\/www.datagrandest.fr\/site\/wp-json\/wp\/v2\/source?post=1901"},{"taxonomy":"thematique_globale","embeddable":true,"href":"https:\/\/www.datagrandest.fr\/site\/wp-json\/wp\/v2\/thematique_globale?post=1901"}],"curies":[{"name":"wp","href":"https:\/\/api.w.org\/{rel}","templated":true}]}}