{"id":2218,"date":"2025-11-17T20:03:54","date_gmt":"2025-11-17T19:03:54","guid":{"rendered":"https:\/\/dev.datagrandest.fr\/site\/?page_id=2218"},"modified":"2025-11-17T20:03:54","modified_gmt":"2025-11-17T19:03:54","slug":"agrest-202","status":"publish","type":"page","link":"https:\/\/www.datagrandest.fr\/site\/sites-de-donnees-socio-demo-economiques\/sites-nationaux\/agrest-202\/","title":{"rendered":"AGREST 202"},"content":{"rendered":"","protected":false},"excerpt":{"rendered":"","protected":false},"author":12,"featured_media":0,"parent":2175,"menu_order":0,"comment_status":"closed","ping_status":"closed","template":"src\/controllers\/models\/flex.php","meta":{"_acf_changed":false,"_relevanssi_hide_post":"","_relevanssi_hide_content":"","_relevanssi_pin_for_all":"","_relevanssi_pin_keywords":"","_relevanssi_unpin_keywords":"","_relevanssi_related_keywords":"","_relevanssi_related_include_ids":"","_relevanssi_related_exclude_ids":"","_relevanssi_related_no_append":"","_relevanssi_related_not_related":"","_relevanssi_related_posts":"","_relevanssi_noindex_reason":"","footnotes":""},"source":[],"thematique_globale":[],"class_list":["post-2218","page","type-page","status-publish","hentry"],"acf":{"glo_image":"","glo_intro":"","glo_car_surcharge_titre":"","glo_car_surcharge_lien":"","cms_contenus_flexibles":[{"acf_fc_layout":"flex_texte_libre","show_title":false,"titre_de_section":"","contenu":"<strong>Pr\u00e9sentation<\/strong>\r\n\r\nLe Service de la statistique et de la prospective (SSP) est un service du Secr\u00e9tariat G\u00e9n\u00e9ral du Minist\u00e8re de l'agriculture, en charge de missions de statistique, d'\u00e9tudes, d'\u00e9valuation et de prospective.\r\n\r\nIl constitue, avec les services r\u00e9gionaux de l'information statistique (Srise) au sein des Draaf, le service statistique minist\u00e9riel de l'Agriculture, qui forme, avec l'Insee et les 15 autres services statistiques minist\u00e9riels, le service statistique public.\r\n\r\n<strong>Outils et acc\u00e8s<\/strong>\r\n<ul>\r\n \t<li>Cartes<\/li>\r\n \t<li>Tableaux de bord<\/li>\r\n \t<li>Open Data<\/li>\r\n \t<li>T\u00e9l\u00e9chargement\/extraction<\/li>\r\n<\/ul>\r\n<strong>Th\u00e9matiques<\/strong>\r\n<ul>\r\n \t<li>Structures et exploitations<\/li>\r\n \t<li>Surface agricole utile<\/li>\r\n \t<li>Production brute<\/li>\r\n \t<li>Zonages administratifs<\/li>\r\n<\/ul>\r\n<p style=\"text-align: center;\"><a class=\"btn btn-green\" href=\"https:\/\/stats.agriculture.gouv.fr\/cartostat\/\">Consulter le site internet<\/a><\/p>","couleur_de_fond":"transparent","taille_de_la_zone":"large-content","position_texte":"center","image_de_fond":""}]},"yoast_head":"<!-- This site is optimized with the Yoast SEO plugin v27.3 - https:\/\/yoast.com\/product\/yoast-seo-wordpress\/ -->\n<title>AGREST 202 - DataGrandEst<\/title>\n<meta name=\"robots\" content=\"index, follow, max-snippet:-1, max-image-preview:large, max-video-preview:-1\" \/>\n<link rel=\"canonical\" href=\"https:\/\/www.datagrandest.fr\/site\/sites-de-donnees-socio-demo-economiques\/sites-nationaux\/agrest-202\/\" \/>\n<meta property=\"og:locale\" content=\"fr_FR\" \/>\n<meta property=\"og:type\" content=\"article\" \/>\n<meta property=\"og:title\" content=\"AGREST 202 - DataGrandEst\" \/>\n<meta property=\"og:url\" content=\"https:\/\/www.datagrandest.fr\/site\/sites-de-donnees-socio-demo-economiques\/sites-nationaux\/agrest-202\/\" \/>\n<meta property=\"og:site_name\" content=\"DataGrandEst\" \/>\n<meta name=\"twitter:card\" content=\"summary_large_image\" \/>\n<meta name=\"twitter:label1\" content=\"Dur\u00e9e de lecture estim\u00e9e\" \/>\n\t<meta name=\"twitter:data1\" content=\"1 minute\" \/>\n<script type=\"application\/ld+json\" class=\"yoast-schema-graph\">{\"@context\":\"https:\\\/\\\/schema.org\",\"@graph\":[{\"@type\":\"WebPage\",\"@id\":\"https:\\\/\\\/www.datagrandest.fr\\\/site\\\/sites-de-donnees-socio-demo-economiques\\\/sites-nationaux\\\/agrest-202\\\/\",\"url\":\"https:\\\/\\\/www.datagrandest.fr\\\/site\\\/sites-de-donnees-socio-demo-economiques\\\/sites-nationaux\\\/agrest-202\\\/\",\"name\":\"AGREST 202 - DataGrandEst\",\"isPartOf\":{\"@id\":\"https:\\\/\\\/www.datagrandest.fr\\\/site\\\/#website\"},\"datePublished\":\"2025-11-17T19:03:54+00:00\",\"breadcrumb\":{\"@id\":\"https:\\\/\\\/www.datagrandest.fr\\\/site\\\/sites-de-donnees-socio-demo-economiques\\\/sites-nationaux\\\/agrest-202\\\/#breadcrumb\"},\"inLanguage\":\"fr-FR\",\"potentialAction\":[{\"@type\":\"ReadAction\",\"target\":[\"https:\\\/\\\/www.datagrandest.fr\\\/site\\\/sites-de-donnees-socio-demo-economiques\\\/sites-nationaux\\\/agrest-202\\\/\"]}]},{\"@type\":\"BreadcrumbList\",\"@id\":\"https:\\\/\\\/www.datagrandest.fr\\\/site\\\/sites-de-donnees-socio-demo-economiques\\\/sites-nationaux\\\/agrest-202\\\/#breadcrumb\",\"itemListElement\":[{\"@type\":\"ListItem\",\"position\":1,\"name\":\"Accueil\",\"item\":\"https:\\\/\\\/www.datagrandest.fr\\\/site\\\/\"},{\"@type\":\"ListItem\",\"position\":2,\"name\":\"Sites de donn\u00e9es socio-d\u00e9mo-\u00e9conomiques\",\"item\":\"https:\\\/\\\/www.datagrandest.fr\\\/site\\\/sites-de-donnees-socio-demo-economiques\\\/\"},{\"@type\":\"ListItem\",\"position\":3,\"name\":\"Sites Nationaux\",\"item\":\"https:\\\/\\\/www.datagrandest.fr\\\/site\\\/sites-de-donnees-socio-demo-economiques\\\/sites-nationaux\\\/\"},{\"@type\":\"ListItem\",\"position\":4,\"name\":\"AGREST 202\"}]},{\"@type\":\"WebSite\",\"@id\":\"https:\\\/\\\/www.datagrandest.fr\\\/site\\\/#website\",\"url\":\"https:\\\/\\\/www.datagrandest.fr\\\/site\\\/\",\"name\":\"DataGrandEst\",\"description\":\"\",\"potentialAction\":[{\"@type\":\"SearchAction\",\"target\":{\"@type\":\"EntryPoint\",\"urlTemplate\":\"https:\\\/\\\/www.datagrandest.fr\\\/site\\\/?s={search_term_string}\"},\"query-input\":{\"@type\":\"PropertyValueSpecification\",\"valueRequired\":true,\"valueName\":\"search_term_string\"}}],\"inLanguage\":\"fr-FR\"}]}<\/script>\n<!-- \/ Yoast SEO plugin. -->","yoast_head_json":{"title":"AGREST 202 - DataGrandEst","robots":{"index":"index","follow":"follow","max-snippet":"max-snippet:-1","max-image-preview":"max-image-preview:large","max-video-preview":"max-video-preview:-1"},"canonical":"https:\/\/www.datagrandest.fr\/site\/sites-de-donnees-socio-demo-economiques\/sites-nationaux\/agrest-202\/","og_locale":"fr_FR","og_type":"article","og_title":"AGREST 202 - DataGrandEst","og_url":"https:\/\/www.datagrandest.fr\/site\/sites-de-donnees-socio-demo-economiques\/sites-nationaux\/agrest-202\/","og_site_name":"DataGrandEst","twitter_card":"summary_large_image","twitter_misc":{"Dur\u00e9e de lecture estim\u00e9e":"1 minute"},"schema":{"@context":"https:\/\/schema.org","@graph":[{"@type":"WebPage","@id":"https:\/\/www.datagrandest.fr\/site\/sites-de-donnees-socio-demo-economiques\/sites-nationaux\/agrest-202\/","url":"https:\/\/www.datagrandest.fr\/site\/sites-de-donnees-socio-demo-economiques\/sites-nationaux\/agrest-202\/","name":"AGREST 202 - DataGrandEst","isPartOf":{"@id":"https:\/\/www.datagrandest.fr\/site\/#website"},"datePublished":"2025-11-17T19:03:54+00:00","breadcrumb":{"@id":"https:\/\/www.datagrandest.fr\/site\/sites-de-donnees-socio-demo-economiques\/sites-nationaux\/agrest-202\/#breadcrumb"},"inLanguage":"fr-FR","potentialAction":[{"@type":"ReadAction","target":["https:\/\/www.datagrandest.fr\/site\/sites-de-donnees-socio-demo-economiques\/sites-nationaux\/agrest-202\/"]}]},{"@type":"BreadcrumbList","@id":"https:\/\/www.datagrandest.fr\/site\/sites-de-donnees-socio-demo-economiques\/sites-nationaux\/agrest-202\/#breadcrumb","itemListElement":[{"@type":"ListItem","position":1,"name":"Accueil","item":"https:\/\/www.datagrandest.fr\/site\/"},{"@type":"ListItem","position":2,"name":"Sites de donn\u00e9es socio-d\u00e9mo-\u00e9conomiques","item":"https:\/\/www.datagrandest.fr\/site\/sites-de-donnees-socio-demo-economiques\/"},{"@type":"ListItem","position":3,"name":"Sites Nationaux","item":"https:\/\/www.datagrandest.fr\/site\/sites-de-donnees-socio-demo-economiques\/sites-nationaux\/"},{"@type":"ListItem","position":4,"name":"AGREST 202"}]},{"@type":"WebSite","@id":"https:\/\/www.datagrandest.fr\/site\/#website","url":"https:\/\/www.datagrandest.fr\/site\/","name":"DataGrandEst","description":"","potentialAction":[{"@type":"SearchAction","target":{"@type":"EntryPoint","urlTemplate":"https:\/\/www.datagrandest.fr\/site\/?s={search_term_string}"},"query-input":{"@type":"PropertyValueSpecification","valueRequired":true,"valueName":"search_term_string"}}],"inLanguage":"fr-FR"}]}},"_links":{"self":[{"href":"https:\/\/www.datagrandest.fr\/site\/wp-json\/wp\/v2\/pages\/2218","targetHints":{"allow":["GET"]}}],"collection":[{"href":"https:\/\/www.datagrandest.fr\/site\/wp-json\/wp\/v2\/pages"}],"about":[{"href":"https:\/\/www.datagrandest.fr\/site\/wp-json\/wp\/v2\/types\/page"}],"author":[{"embeddable":true,"href":"https:\/\/www.datagrandest.fr\/site\/wp-json\/wp\/v2\/users\/12"}],"replies":[{"embeddable":true,"href":"https:\/\/www.datagrandest.fr\/site\/wp-json\/wp\/v2\/comments?post=2218"}],"version-history":[{"count":1,"href":"https:\/\/www.datagrandest.fr\/site\/wp-json\/wp\/v2\/pages\/2218\/revisions"}],"predecessor-version":[{"id":2220,"href":"https:\/\/www.datagrandest.fr\/site\/wp-json\/wp\/v2\/pages\/2218\/revisions\/2220"}],"up":[{"embeddable":true,"href":"https:\/\/www.datagrandest.fr\/site\/wp-json\/wp\/v2\/pages\/2175"}],"wp:attachment":[{"href":"https:\/\/www.datagrandest.fr\/site\/wp-json\/wp\/v2\/media?parent=2218"}],"wp:term":[{"taxonomy":"source","embeddable":true,"href":"https:\/\/www.datagrandest.fr\/site\/wp-json\/wp\/v2\/source?post=2218"},{"taxonomy":"thematique_globale","embeddable":true,"href":"https:\/\/www.datagrandest.fr\/site\/wp-json\/wp\/v2\/thematique_globale?post=2218"}],"curies":[{"name":"wp","href":"https:\/\/api.w.org\/{rel}","templated":true}]}}