{"id":2233,"date":"2025-11-17T20:18:03","date_gmt":"2025-11-17T19:18:03","guid":{"rendered":"https:\/\/dev.datagrandest.fr\/site\/?page_id=2233"},"modified":"2025-11-17T20:18:26","modified_gmt":"2025-11-17T19:18:26","slug":"donnees-statistiques-dreal","status":"publish","type":"page","link":"https:\/\/www.datagrandest.fr\/site\/sites-de-donnees-socio-demo-economiques\/sites-regionaux\/donnees-statistiques-dreal\/","title":{"rendered":"Donn\u00e9es Statistiques DREAL"},"content":{"rendered":"","protected":false},"excerpt":{"rendered":"","protected":false},"author":12,"featured_media":0,"parent":2221,"menu_order":0,"comment_status":"closed","ping_status":"closed","template":"src\/controllers\/models\/flex.php","meta":{"_acf_changed":false,"_relevanssi_hide_post":"","_relevanssi_hide_content":"","_relevanssi_pin_for_all":"","_relevanssi_pin_keywords":"","_relevanssi_unpin_keywords":"","_relevanssi_related_keywords":"","_relevanssi_related_include_ids":"","_relevanssi_related_exclude_ids":"","_relevanssi_related_no_append":"","_relevanssi_related_not_related":"","_relevanssi_related_posts":"","_relevanssi_noindex_reason":"","footnotes":""},"source":[],"thematique_globale":[],"class_list":["post-2233","page","type-page","status-publish","hentry"],"acf":{"glo_image":"","glo_intro":"","glo_car_surcharge_titre":"","glo_car_surcharge_lien":"","cms_contenus_flexibles":[{"acf_fc_layout":"flex_texte_libre","show_title":false,"titre_de_section":"","contenu":"<strong>Pr\u00e9sentation<\/strong>\r\n\r\nLe portail de la connaissance et du d\u00e9veloppement durable propos\u00e9 par la DREAL (Direction r\u00e9gionale de l\u2019environnement et de l\u2019am\u00e9nagement et du logement) Grand Est. Ce site regroupe des donn\u00e9es \u00e0 r\u00e9utiliser, applications cartographiques et sous forme de tableaux, des publications, un catalogue de donn\u00e9es et des outils de comparateur de territoire.\r\n\r\n<strong>Outils et acc\u00e8s<\/strong>\r\n<ul>\r\n \t<li>Cartes<\/li>\r\n \t<li>Tableaux de bord<\/li>\r\n \t<li>Acc\u00e8s public<\/li>\r\n \t<li>Open Data<\/li>\r\n \t<li>T\u00e9l\u00e9chargement\/extraction<\/li>\r\n<\/ul>\r\n<strong>Th\u00e9matiques<\/strong>\r\n<ul>\r\n \t<li>Foncier (indicateurs de consommation, surfaces des terrains construits en maisons individuels et en logements collectifs, lotissements, prix des terrains \u00e0 batir)<\/li>\r\n \t<li>March\u00e9 du logement<\/li>\r\n \t<li>Logement social RPLS<\/li>\r\n \t<li>March\u00e9 du logement, pr\u00eat \u00e0 taux z\u00e9ro<\/li>\r\n<\/ul>\r\n<strong>Contact<\/strong>\r\n\r\n<a href=\"https:\/\/www.grand-est.developpement-durable.gouv.fr\/nous-contacter-a7.html\" target=\"blank\">Contacter la DREAL<\/a>\r\n<p style=\"text-align: center;\"><a class=\"btn btn-green\" href=\"https:\/\/www.grand-est.developpement-durable.gouv.fr\/donnees-statistiques-r50.html\">Consulter le site internet<\/a><\/p>","couleur_de_fond":"transparent","taille_de_la_zone":"large-content","position_texte":"center","image_de_fond":""}]},"yoast_head":"<!-- This site is optimized with the Yoast SEO plugin v27.3 - https:\/\/yoast.com\/product\/yoast-seo-wordpress\/ -->\n<title>Donn\u00e9es Statistiques DREAL - DataGrandEst<\/title>\n<meta name=\"robots\" content=\"index, follow, max-snippet:-1, max-image-preview:large, max-video-preview:-1\" \/>\n<link rel=\"canonical\" href=\"https:\/\/www.datagrandest.fr\/site\/sites-de-donnees-socio-demo-economiques\/sites-regionaux\/donnees-statistiques-dreal\/\" \/>\n<meta property=\"og:locale\" content=\"fr_FR\" \/>\n<meta property=\"og:type\" content=\"article\" \/>\n<meta property=\"og:title\" content=\"Donn\u00e9es Statistiques DREAL - DataGrandEst\" \/>\n<meta property=\"og:url\" content=\"https:\/\/www.datagrandest.fr\/site\/sites-de-donnees-socio-demo-economiques\/sites-regionaux\/donnees-statistiques-dreal\/\" \/>\n<meta property=\"og:site_name\" content=\"DataGrandEst\" \/>\n<meta property=\"article:modified_time\" content=\"2025-11-17T19:18:26+00:00\" \/>\n<meta name=\"twitter:card\" content=\"summary_large_image\" \/>\n<meta name=\"twitter:label1\" content=\"Dur\u00e9e de lecture estim\u00e9e\" \/>\n\t<meta name=\"twitter:data1\" content=\"1 minute\" \/>\n<script type=\"application\/ld+json\" class=\"yoast-schema-graph\">{\"@context\":\"https:\\\/\\\/schema.org\",\"@graph\":[{\"@type\":\"WebPage\",\"@id\":\"https:\\\/\\\/www.datagrandest.fr\\\/site\\\/sites-de-donnees-socio-demo-economiques\\\/sites-regionaux\\\/donnees-statistiques-dreal\\\/\",\"url\":\"https:\\\/\\\/www.datagrandest.fr\\\/site\\\/sites-de-donnees-socio-demo-economiques\\\/sites-regionaux\\\/donnees-statistiques-dreal\\\/\",\"name\":\"Donn\u00e9es Statistiques DREAL - DataGrandEst\",\"isPartOf\":{\"@id\":\"https:\\\/\\\/www.datagrandest.fr\\\/site\\\/#website\"},\"datePublished\":\"2025-11-17T19:18:03+00:00\",\"dateModified\":\"2025-11-17T19:18:26+00:00\",\"breadcrumb\":{\"@id\":\"https:\\\/\\\/www.datagrandest.fr\\\/site\\\/sites-de-donnees-socio-demo-economiques\\\/sites-regionaux\\\/donnees-statistiques-dreal\\\/#breadcrumb\"},\"inLanguage\":\"fr-FR\",\"potentialAction\":[{\"@type\":\"ReadAction\",\"target\":[\"https:\\\/\\\/www.datagrandest.fr\\\/site\\\/sites-de-donnees-socio-demo-economiques\\\/sites-regionaux\\\/donnees-statistiques-dreal\\\/\"]}]},{\"@type\":\"BreadcrumbList\",\"@id\":\"https:\\\/\\\/www.datagrandest.fr\\\/site\\\/sites-de-donnees-socio-demo-economiques\\\/sites-regionaux\\\/donnees-statistiques-dreal\\\/#breadcrumb\",\"itemListElement\":[{\"@type\":\"ListItem\",\"position\":1,\"name\":\"Accueil\",\"item\":\"https:\\\/\\\/www.datagrandest.fr\\\/site\\\/\"},{\"@type\":\"ListItem\",\"position\":2,\"name\":\"Sites de donn\u00e9es socio-d\u00e9mo-\u00e9conomiques\",\"item\":\"https:\\\/\\\/www.datagrandest.fr\\\/site\\\/sites-de-donnees-socio-demo-economiques\\\/\"},{\"@type\":\"ListItem\",\"position\":3,\"name\":\"Sites R\u00e9gionaux\",\"item\":\"https:\\\/\\\/www.datagrandest.fr\\\/site\\\/sites-de-donnees-socio-demo-economiques\\\/sites-regionaux\\\/\"},{\"@type\":\"ListItem\",\"position\":4,\"name\":\"Donn\u00e9es Statistiques DREAL\"}]},{\"@type\":\"WebSite\",\"@id\":\"https:\\\/\\\/www.datagrandest.fr\\\/site\\\/#website\",\"url\":\"https:\\\/\\\/www.datagrandest.fr\\\/site\\\/\",\"name\":\"DataGrandEst\",\"description\":\"\",\"potentialAction\":[{\"@type\":\"SearchAction\",\"target\":{\"@type\":\"EntryPoint\",\"urlTemplate\":\"https:\\\/\\\/www.datagrandest.fr\\\/site\\\/?s={search_term_string}\"},\"query-input\":{\"@type\":\"PropertyValueSpecification\",\"valueRequired\":true,\"valueName\":\"search_term_string\"}}],\"inLanguage\":\"fr-FR\"}]}<\/script>\n<!-- \/ Yoast SEO plugin. -->","yoast_head_json":{"title":"Donn\u00e9es Statistiques DREAL - DataGrandEst","robots":{"index":"index","follow":"follow","max-snippet":"max-snippet:-1","max-image-preview":"max-image-preview:large","max-video-preview":"max-video-preview:-1"},"canonical":"https:\/\/www.datagrandest.fr\/site\/sites-de-donnees-socio-demo-economiques\/sites-regionaux\/donnees-statistiques-dreal\/","og_locale":"fr_FR","og_type":"article","og_title":"Donn\u00e9es Statistiques DREAL - DataGrandEst","og_url":"https:\/\/www.datagrandest.fr\/site\/sites-de-donnees-socio-demo-economiques\/sites-regionaux\/donnees-statistiques-dreal\/","og_site_name":"DataGrandEst","article_modified_time":"2025-11-17T19:18:26+00:00","twitter_card":"summary_large_image","twitter_misc":{"Dur\u00e9e de lecture estim\u00e9e":"1 minute"},"schema":{"@context":"https:\/\/schema.org","@graph":[{"@type":"WebPage","@id":"https:\/\/www.datagrandest.fr\/site\/sites-de-donnees-socio-demo-economiques\/sites-regionaux\/donnees-statistiques-dreal\/","url":"https:\/\/www.datagrandest.fr\/site\/sites-de-donnees-socio-demo-economiques\/sites-regionaux\/donnees-statistiques-dreal\/","name":"Donn\u00e9es Statistiques DREAL - DataGrandEst","isPartOf":{"@id":"https:\/\/www.datagrandest.fr\/site\/#website"},"datePublished":"2025-11-17T19:18:03+00:00","dateModified":"2025-11-17T19:18:26+00:00","breadcrumb":{"@id":"https:\/\/www.datagrandest.fr\/site\/sites-de-donnees-socio-demo-economiques\/sites-regionaux\/donnees-statistiques-dreal\/#breadcrumb"},"inLanguage":"fr-FR","potentialAction":[{"@type":"ReadAction","target":["https:\/\/www.datagrandest.fr\/site\/sites-de-donnees-socio-demo-economiques\/sites-regionaux\/donnees-statistiques-dreal\/"]}]},{"@type":"BreadcrumbList","@id":"https:\/\/www.datagrandest.fr\/site\/sites-de-donnees-socio-demo-economiques\/sites-regionaux\/donnees-statistiques-dreal\/#breadcrumb","itemListElement":[{"@type":"ListItem","position":1,"name":"Accueil","item":"https:\/\/www.datagrandest.fr\/site\/"},{"@type":"ListItem","position":2,"name":"Sites de donn\u00e9es socio-d\u00e9mo-\u00e9conomiques","item":"https:\/\/www.datagrandest.fr\/site\/sites-de-donnees-socio-demo-economiques\/"},{"@type":"ListItem","position":3,"name":"Sites R\u00e9gionaux","item":"https:\/\/www.datagrandest.fr\/site\/sites-de-donnees-socio-demo-economiques\/sites-regionaux\/"},{"@type":"ListItem","position":4,"name":"Donn\u00e9es Statistiques DREAL"}]},{"@type":"WebSite","@id":"https:\/\/www.datagrandest.fr\/site\/#website","url":"https:\/\/www.datagrandest.fr\/site\/","name":"DataGrandEst","description":"","potentialAction":[{"@type":"SearchAction","target":{"@type":"EntryPoint","urlTemplate":"https:\/\/www.datagrandest.fr\/site\/?s={search_term_string}"},"query-input":{"@type":"PropertyValueSpecification","valueRequired":true,"valueName":"search_term_string"}}],"inLanguage":"fr-FR"}]}},"_links":{"self":[{"href":"https:\/\/www.datagrandest.fr\/site\/wp-json\/wp\/v2\/pages\/2233","targetHints":{"allow":["GET"]}}],"collection":[{"href":"https:\/\/www.datagrandest.fr\/site\/wp-json\/wp\/v2\/pages"}],"about":[{"href":"https:\/\/www.datagrandest.fr\/site\/wp-json\/wp\/v2\/types\/page"}],"author":[{"embeddable":true,"href":"https:\/\/www.datagrandest.fr\/site\/wp-json\/wp\/v2\/users\/12"}],"replies":[{"embeddable":true,"href":"https:\/\/www.datagrandest.fr\/site\/wp-json\/wp\/v2\/comments?post=2233"}],"version-history":[{"count":2,"href":"https:\/\/www.datagrandest.fr\/site\/wp-json\/wp\/v2\/pages\/2233\/revisions"}],"predecessor-version":[{"id":2236,"href":"https:\/\/www.datagrandest.fr\/site\/wp-json\/wp\/v2\/pages\/2233\/revisions\/2236"}],"up":[{"embeddable":true,"href":"https:\/\/www.datagrandest.fr\/site\/wp-json\/wp\/v2\/pages\/2221"}],"wp:attachment":[{"href":"https:\/\/www.datagrandest.fr\/site\/wp-json\/wp\/v2\/media?parent=2233"}],"wp:term":[{"taxonomy":"source","embeddable":true,"href":"https:\/\/www.datagrandest.fr\/site\/wp-json\/wp\/v2\/source?post=2233"},{"taxonomy":"thematique_globale","embeddable":true,"href":"https:\/\/www.datagrandest.fr\/site\/wp-json\/wp\/v2\/thematique_globale?post=2233"}],"curies":[{"name":"wp","href":"https:\/\/api.w.org\/{rel}","templated":true}]}}