{"id":2237,"date":"2025-11-17T20:19:57","date_gmt":"2025-11-17T19:19:57","guid":{"rendered":"https:\/\/dev.datagrandest.fr\/site\/?page_id=2237"},"modified":"2025-11-17T20:20:13","modified_gmt":"2025-11-17T19:20:13","slug":"conjoncture-socio-economique-regionale","status":"publish","type":"page","link":"https:\/\/www.datagrandest.fr\/site\/sites-de-donnees-socio-demo-economiques\/sites-regionaux\/conjoncture-socio-economique-regionale\/","title":{"rendered":"Conjoncture socio-\u00e9conomique r\u00e9gionale"},"content":{"rendered":"","protected":false},"excerpt":{"rendered":"","protected":false},"author":12,"featured_media":0,"parent":2221,"menu_order":0,"comment_status":"closed","ping_status":"closed","template":"src\/controllers\/models\/flex.php","meta":{"_acf_changed":false,"_relevanssi_hide_post":"","_relevanssi_hide_content":"","_relevanssi_pin_for_all":"","_relevanssi_pin_keywords":"","_relevanssi_unpin_keywords":"","_relevanssi_related_keywords":"","_relevanssi_related_include_ids":"","_relevanssi_related_exclude_ids":"","_relevanssi_related_no_append":"","_relevanssi_related_not_related":"","_relevanssi_related_posts":"","_relevanssi_noindex_reason":"","footnotes":""},"source":[],"thematique_globale":[],"class_list":["post-2237","page","type-page","status-publish","hentry"],"acf":{"glo_image":"","glo_intro":"","glo_car_surcharge_titre":"","glo_car_surcharge_lien":"","cms_contenus_flexibles":[{"acf_fc_layout":"flex_texte_libre","show_title":false,"titre_de_section":"","contenu":"<strong>Pr\u00e9sentation<\/strong>\r\n\r\nCette application permet la d\u00e9couverte et la visualisation interactive flexible (filtres dynamiques) d\u2019une s\u00e9lection d\u2019indicateurs sur la conjoncture socio-\u00e9conomique du Grand Est. Elle a \u00e9t\u00e9 con\u00e7ue dans le contexte de crise Covid pour mesurer l\u2019impact sur les territoires et piloter l\u2019action de la R\u00e9gion. Les donn\u00e9es continuent d\u2019\u00eatre mises \u00e0 jour, d\u00e8s livraison par les producteurs. 11 indicateurs sont pr\u00e9sent\u00e9s, consultables \u00e0 l\u2019\u00e9chelle des r\u00e9gions ou des d\u00e9partements, dans le temps et par secteurs d\u2019activit\u00e9.\r\n\r\n<strong>Outils et acc\u00e8s<\/strong>\r\n<ul>\r\n \t<li>Tableaux de bord<\/li>\r\n \t<li>Acc\u00e8s public<\/li>\r\n \t<li>Open Data<\/li>\r\n<\/ul>\r\n<strong>Th\u00e9matiques<\/strong>\r\n<ul>\r\n \t<li>Indicateurs macro-\u00e9conomiques<\/li>\r\n \t<li>Situation de l\u2019emploi<\/li>\r\n \t<li>March\u00e9 du travail<\/li>\r\n \t<li>Dispositifs exceptionnels de soutien aux entreprises<\/li>\r\n<\/ul>\r\n<strong>Contact<\/strong>\r\n\r\n<a href=\"mailto:mvd@grandest.fr\" target=\"blank\">Contacter<\/a>\r\n<p style=\"text-align: center;\"><a class=\"btn btn-green\" href=\"https:\/\/www.datagrandest.fr\/public\/socio_eco\/\">Consulter le site internet<\/a><\/p>","couleur_de_fond":"transparent","taille_de_la_zone":"large-content","position_texte":"center","image_de_fond":""}]},"yoast_head":"<!-- This site is optimized with the Yoast SEO plugin v27.3 - https:\/\/yoast.com\/product\/yoast-seo-wordpress\/ -->\n<title>Conjoncture socio-\u00e9conomique r\u00e9gionale - DataGrandEst<\/title>\n<meta name=\"robots\" content=\"index, follow, max-snippet:-1, max-image-preview:large, max-video-preview:-1\" \/>\n<link rel=\"canonical\" href=\"https:\/\/www.datagrandest.fr\/site\/sites-de-donnees-socio-demo-economiques\/sites-regionaux\/conjoncture-socio-economique-regionale\/\" \/>\n<meta property=\"og:locale\" content=\"fr_FR\" \/>\n<meta property=\"og:type\" content=\"article\" \/>\n<meta property=\"og:title\" content=\"Conjoncture socio-\u00e9conomique r\u00e9gionale - DataGrandEst\" \/>\n<meta property=\"og:url\" content=\"https:\/\/www.datagrandest.fr\/site\/sites-de-donnees-socio-demo-economiques\/sites-regionaux\/conjoncture-socio-economique-regionale\/\" \/>\n<meta property=\"og:site_name\" content=\"DataGrandEst\" \/>\n<meta property=\"article:modified_time\" content=\"2025-11-17T19:20:13+00:00\" \/>\n<meta name=\"twitter:card\" content=\"summary_large_image\" \/>\n<meta name=\"twitter:label1\" content=\"Dur\u00e9e de lecture estim\u00e9e\" \/>\n\t<meta name=\"twitter:data1\" content=\"1 minute\" \/>\n<script type=\"application\/ld+json\" class=\"yoast-schema-graph\">{\"@context\":\"https:\\\/\\\/schema.org\",\"@graph\":[{\"@type\":\"WebPage\",\"@id\":\"https:\\\/\\\/www.datagrandest.fr\\\/site\\\/sites-de-donnees-socio-demo-economiques\\\/sites-regionaux\\\/conjoncture-socio-economique-regionale\\\/\",\"url\":\"https:\\\/\\\/www.datagrandest.fr\\\/site\\\/sites-de-donnees-socio-demo-economiques\\\/sites-regionaux\\\/conjoncture-socio-economique-regionale\\\/\",\"name\":\"Conjoncture socio-\u00e9conomique r\u00e9gionale - DataGrandEst\",\"isPartOf\":{\"@id\":\"https:\\\/\\\/www.datagrandest.fr\\\/site\\\/#website\"},\"datePublished\":\"2025-11-17T19:19:57+00:00\",\"dateModified\":\"2025-11-17T19:20:13+00:00\",\"breadcrumb\":{\"@id\":\"https:\\\/\\\/www.datagrandest.fr\\\/site\\\/sites-de-donnees-socio-demo-economiques\\\/sites-regionaux\\\/conjoncture-socio-economique-regionale\\\/#breadcrumb\"},\"inLanguage\":\"fr-FR\",\"potentialAction\":[{\"@type\":\"ReadAction\",\"target\":[\"https:\\\/\\\/www.datagrandest.fr\\\/site\\\/sites-de-donnees-socio-demo-economiques\\\/sites-regionaux\\\/conjoncture-socio-economique-regionale\\\/\"]}]},{\"@type\":\"BreadcrumbList\",\"@id\":\"https:\\\/\\\/www.datagrandest.fr\\\/site\\\/sites-de-donnees-socio-demo-economiques\\\/sites-regionaux\\\/conjoncture-socio-economique-regionale\\\/#breadcrumb\",\"itemListElement\":[{\"@type\":\"ListItem\",\"position\":1,\"name\":\"Accueil\",\"item\":\"https:\\\/\\\/www.datagrandest.fr\\\/site\\\/\"},{\"@type\":\"ListItem\",\"position\":2,\"name\":\"Sites de donn\u00e9es socio-d\u00e9mo-\u00e9conomiques\",\"item\":\"https:\\\/\\\/www.datagrandest.fr\\\/site\\\/sites-de-donnees-socio-demo-economiques\\\/\"},{\"@type\":\"ListItem\",\"position\":3,\"name\":\"Sites R\u00e9gionaux\",\"item\":\"https:\\\/\\\/www.datagrandest.fr\\\/site\\\/sites-de-donnees-socio-demo-economiques\\\/sites-regionaux\\\/\"},{\"@type\":\"ListItem\",\"position\":4,\"name\":\"Conjoncture socio-\u00e9conomique r\u00e9gionale\"}]},{\"@type\":\"WebSite\",\"@id\":\"https:\\\/\\\/www.datagrandest.fr\\\/site\\\/#website\",\"url\":\"https:\\\/\\\/www.datagrandest.fr\\\/site\\\/\",\"name\":\"DataGrandEst\",\"description\":\"\",\"potentialAction\":[{\"@type\":\"SearchAction\",\"target\":{\"@type\":\"EntryPoint\",\"urlTemplate\":\"https:\\\/\\\/www.datagrandest.fr\\\/site\\\/?s={search_term_string}\"},\"query-input\":{\"@type\":\"PropertyValueSpecification\",\"valueRequired\":true,\"valueName\":\"search_term_string\"}}],\"inLanguage\":\"fr-FR\"}]}<\/script>\n<!-- \/ Yoast SEO plugin. -->","yoast_head_json":{"title":"Conjoncture socio-\u00e9conomique r\u00e9gionale - DataGrandEst","robots":{"index":"index","follow":"follow","max-snippet":"max-snippet:-1","max-image-preview":"max-image-preview:large","max-video-preview":"max-video-preview:-1"},"canonical":"https:\/\/www.datagrandest.fr\/site\/sites-de-donnees-socio-demo-economiques\/sites-regionaux\/conjoncture-socio-economique-regionale\/","og_locale":"fr_FR","og_type":"article","og_title":"Conjoncture socio-\u00e9conomique r\u00e9gionale - DataGrandEst","og_url":"https:\/\/www.datagrandest.fr\/site\/sites-de-donnees-socio-demo-economiques\/sites-regionaux\/conjoncture-socio-economique-regionale\/","og_site_name":"DataGrandEst","article_modified_time":"2025-11-17T19:20:13+00:00","twitter_card":"summary_large_image","twitter_misc":{"Dur\u00e9e de lecture estim\u00e9e":"1 minute"},"schema":{"@context":"https:\/\/schema.org","@graph":[{"@type":"WebPage","@id":"https:\/\/www.datagrandest.fr\/site\/sites-de-donnees-socio-demo-economiques\/sites-regionaux\/conjoncture-socio-economique-regionale\/","url":"https:\/\/www.datagrandest.fr\/site\/sites-de-donnees-socio-demo-economiques\/sites-regionaux\/conjoncture-socio-economique-regionale\/","name":"Conjoncture socio-\u00e9conomique r\u00e9gionale - DataGrandEst","isPartOf":{"@id":"https:\/\/www.datagrandest.fr\/site\/#website"},"datePublished":"2025-11-17T19:19:57+00:00","dateModified":"2025-11-17T19:20:13+00:00","breadcrumb":{"@id":"https:\/\/www.datagrandest.fr\/site\/sites-de-donnees-socio-demo-economiques\/sites-regionaux\/conjoncture-socio-economique-regionale\/#breadcrumb"},"inLanguage":"fr-FR","potentialAction":[{"@type":"ReadAction","target":["https:\/\/www.datagrandest.fr\/site\/sites-de-donnees-socio-demo-economiques\/sites-regionaux\/conjoncture-socio-economique-regionale\/"]}]},{"@type":"BreadcrumbList","@id":"https:\/\/www.datagrandest.fr\/site\/sites-de-donnees-socio-demo-economiques\/sites-regionaux\/conjoncture-socio-economique-regionale\/#breadcrumb","itemListElement":[{"@type":"ListItem","position":1,"name":"Accueil","item":"https:\/\/www.datagrandest.fr\/site\/"},{"@type":"ListItem","position":2,"name":"Sites de donn\u00e9es socio-d\u00e9mo-\u00e9conomiques","item":"https:\/\/www.datagrandest.fr\/site\/sites-de-donnees-socio-demo-economiques\/"},{"@type":"ListItem","position":3,"name":"Sites R\u00e9gionaux","item":"https:\/\/www.datagrandest.fr\/site\/sites-de-donnees-socio-demo-economiques\/sites-regionaux\/"},{"@type":"ListItem","position":4,"name":"Conjoncture socio-\u00e9conomique r\u00e9gionale"}]},{"@type":"WebSite","@id":"https:\/\/www.datagrandest.fr\/site\/#website","url":"https:\/\/www.datagrandest.fr\/site\/","name":"DataGrandEst","description":"","potentialAction":[{"@type":"SearchAction","target":{"@type":"EntryPoint","urlTemplate":"https:\/\/www.datagrandest.fr\/site\/?s={search_term_string}"},"query-input":{"@type":"PropertyValueSpecification","valueRequired":true,"valueName":"search_term_string"}}],"inLanguage":"fr-FR"}]}},"_links":{"self":[{"href":"https:\/\/www.datagrandest.fr\/site\/wp-json\/wp\/v2\/pages\/2237","targetHints":{"allow":["GET"]}}],"collection":[{"href":"https:\/\/www.datagrandest.fr\/site\/wp-json\/wp\/v2\/pages"}],"about":[{"href":"https:\/\/www.datagrandest.fr\/site\/wp-json\/wp\/v2\/types\/page"}],"author":[{"embeddable":true,"href":"https:\/\/www.datagrandest.fr\/site\/wp-json\/wp\/v2\/users\/12"}],"replies":[{"embeddable":true,"href":"https:\/\/www.datagrandest.fr\/site\/wp-json\/wp\/v2\/comments?post=2237"}],"version-history":[{"count":2,"href":"https:\/\/www.datagrandest.fr\/site\/wp-json\/wp\/v2\/pages\/2237\/revisions"}],"predecessor-version":[{"id":2239,"href":"https:\/\/www.datagrandest.fr\/site\/wp-json\/wp\/v2\/pages\/2237\/revisions\/2239"}],"up":[{"embeddable":true,"href":"https:\/\/www.datagrandest.fr\/site\/wp-json\/wp\/v2\/pages\/2221"}],"wp:attachment":[{"href":"https:\/\/www.datagrandest.fr\/site\/wp-json\/wp\/v2\/media?parent=2237"}],"wp:term":[{"taxonomy":"source","embeddable":true,"href":"https:\/\/www.datagrandest.fr\/site\/wp-json\/wp\/v2\/source?post=2237"},{"taxonomy":"thematique_globale","embeddable":true,"href":"https:\/\/www.datagrandest.fr\/site\/wp-json\/wp\/v2\/thematique_globale?post=2237"}],"curies":[{"name":"wp","href":"https:\/\/api.w.org\/{rel}","templated":true}]}}