{"id":2240,"date":"2025-11-17T20:21:58","date_gmt":"2025-11-17T19:21:58","guid":{"rendered":"https:\/\/dev.datagrandest.fr\/site\/?page_id=2240"},"modified":"2025-11-17T20:21:58","modified_gmt":"2025-11-17T19:21:58","slug":"adil-du-haut-rhin","status":"publish","type":"page","link":"https:\/\/www.datagrandest.fr\/site\/sites-de-donnees-socio-demo-economiques\/sites-regionaux\/adil-du-haut-rhin\/","title":{"rendered":"Adil du Haut-Rhin"},"content":{"rendered":"","protected":false},"excerpt":{"rendered":"","protected":false},"author":12,"featured_media":0,"parent":2221,"menu_order":0,"comment_status":"closed","ping_status":"closed","template":"src\/controllers\/models\/flex.php","meta":{"_acf_changed":false,"_relevanssi_hide_post":"","_relevanssi_hide_content":"","_relevanssi_pin_for_all":"","_relevanssi_pin_keywords":"","_relevanssi_unpin_keywords":"","_relevanssi_related_keywords":"","_relevanssi_related_include_ids":"","_relevanssi_related_exclude_ids":"","_relevanssi_related_no_append":"","_relevanssi_related_not_related":"","_relevanssi_related_posts":"","_relevanssi_noindex_reason":"","footnotes":""},"source":[],"thematique_globale":[],"class_list":["post-2240","page","type-page","status-publish","hentry"],"acf":{"glo_image":"","glo_intro":"","glo_car_surcharge_titre":"","glo_car_surcharge_lien":"","cms_contenus_flexibles":[{"acf_fc_layout":"flex_texte_libre","show_title":false,"titre_de_section":"","contenu":"<strong>Pr\u00e9sentation<\/strong>\r\n\r\nLL'ADIL 68 apporte une information gratuite, neutre et compl\u00e8te sur tous les aspects juridiques, financiers et fiscaux touchant au logement et \u00e0 l'urbanisme.\r\n\r\nCette information avant tout pr\u00e9ventive permet \u00e0 l'usager de mieux conna\u00eetre ses droits et ses obligations, les solutions adapt\u00e9es \u00e0 son cas particulier et l'\u00e9tat du march\u00e9 du logement.\r\n\r\n<strong>Outils et acc\u00e8s<\/strong>\r\n<ul>\r\n \t<li>Cartes<\/li>\r\n \t<li>Tableaux de bord<\/li>\r\n \t<li>Open Data<\/li>\r\n \t<li>T\u00e9l\u00e9chargement\/extraction<\/li>\r\n<\/ul>\r\n<strong>Th\u00e9matiques<\/strong>\r\n<ul>\r\n \t<li>Structure du parc de logement<\/li>\r\n \t<li>Vacance dans le parc priv\u00e9 LOVAC<\/li>\r\n \t<li>Production de logements Parc locatif public<\/li>\r\n \t<li>Aide \u00e0 la CAF<\/li>\r\n \t<li>Aides de l\u2019ANAH<\/li>\r\n \t<li>Vuln\u00e9rabilit\u00e9 \u00e9nerg\u00e9tique<\/li>\r\n \t<li>Fond Solidarit\u00e9 Logement<\/li>\r\n \t<li>Prix des ventes<\/li>\r\n \t<li>Parc des AIVS<\/li>\r\n<\/ul>\r\n<p style=\"text-align: center;\"><a class=\"btn btn-green\" href=\"https:\/\/observatoire-adil68.org\/#c=home\">Consulter le site internet<\/a><\/p>","couleur_de_fond":"transparent","taille_de_la_zone":"large-content","position_texte":"center","image_de_fond":""}]},"yoast_head":"<!-- This site is optimized with the Yoast SEO plugin v27.3 - https:\/\/yoast.com\/product\/yoast-seo-wordpress\/ -->\n<title>Adil du Haut-Rhin - DataGrandEst<\/title>\n<meta name=\"robots\" content=\"index, follow, max-snippet:-1, max-image-preview:large, max-video-preview:-1\" \/>\n<link rel=\"canonical\" href=\"https:\/\/www.datagrandest.fr\/site\/sites-de-donnees-socio-demo-economiques\/sites-regionaux\/adil-du-haut-rhin\/\" \/>\n<meta property=\"og:locale\" content=\"fr_FR\" \/>\n<meta property=\"og:type\" content=\"article\" \/>\n<meta property=\"og:title\" content=\"Adil du Haut-Rhin - DataGrandEst\" \/>\n<meta property=\"og:url\" content=\"https:\/\/www.datagrandest.fr\/site\/sites-de-donnees-socio-demo-economiques\/sites-regionaux\/adil-du-haut-rhin\/\" \/>\n<meta property=\"og:site_name\" content=\"DataGrandEst\" \/>\n<meta name=\"twitter:card\" content=\"summary_large_image\" \/>\n<meta name=\"twitter:label1\" content=\"Dur\u00e9e de lecture estim\u00e9e\" \/>\n\t<meta name=\"twitter:data1\" content=\"1 minute\" \/>\n<script type=\"application\/ld+json\" class=\"yoast-schema-graph\">{\"@context\":\"https:\\\/\\\/schema.org\",\"@graph\":[{\"@type\":\"WebPage\",\"@id\":\"https:\\\/\\\/www.datagrandest.fr\\\/site\\\/sites-de-donnees-socio-demo-economiques\\\/sites-regionaux\\\/adil-du-haut-rhin\\\/\",\"url\":\"https:\\\/\\\/www.datagrandest.fr\\\/site\\\/sites-de-donnees-socio-demo-economiques\\\/sites-regionaux\\\/adil-du-haut-rhin\\\/\",\"name\":\"Adil du Haut-Rhin - DataGrandEst\",\"isPartOf\":{\"@id\":\"https:\\\/\\\/www.datagrandest.fr\\\/site\\\/#website\"},\"datePublished\":\"2025-11-17T19:21:58+00:00\",\"breadcrumb\":{\"@id\":\"https:\\\/\\\/www.datagrandest.fr\\\/site\\\/sites-de-donnees-socio-demo-economiques\\\/sites-regionaux\\\/adil-du-haut-rhin\\\/#breadcrumb\"},\"inLanguage\":\"fr-FR\",\"potentialAction\":[{\"@type\":\"ReadAction\",\"target\":[\"https:\\\/\\\/www.datagrandest.fr\\\/site\\\/sites-de-donnees-socio-demo-economiques\\\/sites-regionaux\\\/adil-du-haut-rhin\\\/\"]}]},{\"@type\":\"BreadcrumbList\",\"@id\":\"https:\\\/\\\/www.datagrandest.fr\\\/site\\\/sites-de-donnees-socio-demo-economiques\\\/sites-regionaux\\\/adil-du-haut-rhin\\\/#breadcrumb\",\"itemListElement\":[{\"@type\":\"ListItem\",\"position\":1,\"name\":\"Accueil\",\"item\":\"https:\\\/\\\/www.datagrandest.fr\\\/site\\\/\"},{\"@type\":\"ListItem\",\"position\":2,\"name\":\"Sites de donn\u00e9es socio-d\u00e9mo-\u00e9conomiques\",\"item\":\"https:\\\/\\\/www.datagrandest.fr\\\/site\\\/sites-de-donnees-socio-demo-economiques\\\/\"},{\"@type\":\"ListItem\",\"position\":3,\"name\":\"Sites R\u00e9gionaux\",\"item\":\"https:\\\/\\\/www.datagrandest.fr\\\/site\\\/sites-de-donnees-socio-demo-economiques\\\/sites-regionaux\\\/\"},{\"@type\":\"ListItem\",\"position\":4,\"name\":\"Adil du Haut-Rhin\"}]},{\"@type\":\"WebSite\",\"@id\":\"https:\\\/\\\/www.datagrandest.fr\\\/site\\\/#website\",\"url\":\"https:\\\/\\\/www.datagrandest.fr\\\/site\\\/\",\"name\":\"DataGrandEst\",\"description\":\"\",\"potentialAction\":[{\"@type\":\"SearchAction\",\"target\":{\"@type\":\"EntryPoint\",\"urlTemplate\":\"https:\\\/\\\/www.datagrandest.fr\\\/site\\\/?s={search_term_string}\"},\"query-input\":{\"@type\":\"PropertyValueSpecification\",\"valueRequired\":true,\"valueName\":\"search_term_string\"}}],\"inLanguage\":\"fr-FR\"}]}<\/script>\n<!-- \/ Yoast SEO plugin. -->","yoast_head_json":{"title":"Adil du Haut-Rhin - DataGrandEst","robots":{"index":"index","follow":"follow","max-snippet":"max-snippet:-1","max-image-preview":"max-image-preview:large","max-video-preview":"max-video-preview:-1"},"canonical":"https:\/\/www.datagrandest.fr\/site\/sites-de-donnees-socio-demo-economiques\/sites-regionaux\/adil-du-haut-rhin\/","og_locale":"fr_FR","og_type":"article","og_title":"Adil du Haut-Rhin - DataGrandEst","og_url":"https:\/\/www.datagrandest.fr\/site\/sites-de-donnees-socio-demo-economiques\/sites-regionaux\/adil-du-haut-rhin\/","og_site_name":"DataGrandEst","twitter_card":"summary_large_image","twitter_misc":{"Dur\u00e9e de lecture estim\u00e9e":"1 minute"},"schema":{"@context":"https:\/\/schema.org","@graph":[{"@type":"WebPage","@id":"https:\/\/www.datagrandest.fr\/site\/sites-de-donnees-socio-demo-economiques\/sites-regionaux\/adil-du-haut-rhin\/","url":"https:\/\/www.datagrandest.fr\/site\/sites-de-donnees-socio-demo-economiques\/sites-regionaux\/adil-du-haut-rhin\/","name":"Adil du Haut-Rhin - DataGrandEst","isPartOf":{"@id":"https:\/\/www.datagrandest.fr\/site\/#website"},"datePublished":"2025-11-17T19:21:58+00:00","breadcrumb":{"@id":"https:\/\/www.datagrandest.fr\/site\/sites-de-donnees-socio-demo-economiques\/sites-regionaux\/adil-du-haut-rhin\/#breadcrumb"},"inLanguage":"fr-FR","potentialAction":[{"@type":"ReadAction","target":["https:\/\/www.datagrandest.fr\/site\/sites-de-donnees-socio-demo-economiques\/sites-regionaux\/adil-du-haut-rhin\/"]}]},{"@type":"BreadcrumbList","@id":"https:\/\/www.datagrandest.fr\/site\/sites-de-donnees-socio-demo-economiques\/sites-regionaux\/adil-du-haut-rhin\/#breadcrumb","itemListElement":[{"@type":"ListItem","position":1,"name":"Accueil","item":"https:\/\/www.datagrandest.fr\/site\/"},{"@type":"ListItem","position":2,"name":"Sites de donn\u00e9es socio-d\u00e9mo-\u00e9conomiques","item":"https:\/\/www.datagrandest.fr\/site\/sites-de-donnees-socio-demo-economiques\/"},{"@type":"ListItem","position":3,"name":"Sites R\u00e9gionaux","item":"https:\/\/www.datagrandest.fr\/site\/sites-de-donnees-socio-demo-economiques\/sites-regionaux\/"},{"@type":"ListItem","position":4,"name":"Adil du Haut-Rhin"}]},{"@type":"WebSite","@id":"https:\/\/www.datagrandest.fr\/site\/#website","url":"https:\/\/www.datagrandest.fr\/site\/","name":"DataGrandEst","description":"","potentialAction":[{"@type":"SearchAction","target":{"@type":"EntryPoint","urlTemplate":"https:\/\/www.datagrandest.fr\/site\/?s={search_term_string}"},"query-input":{"@type":"PropertyValueSpecification","valueRequired":true,"valueName":"search_term_string"}}],"inLanguage":"fr-FR"}]}},"_links":{"self":[{"href":"https:\/\/www.datagrandest.fr\/site\/wp-json\/wp\/v2\/pages\/2240","targetHints":{"allow":["GET"]}}],"collection":[{"href":"https:\/\/www.datagrandest.fr\/site\/wp-json\/wp\/v2\/pages"}],"about":[{"href":"https:\/\/www.datagrandest.fr\/site\/wp-json\/wp\/v2\/types\/page"}],"author":[{"embeddable":true,"href":"https:\/\/www.datagrandest.fr\/site\/wp-json\/wp\/v2\/users\/12"}],"replies":[{"embeddable":true,"href":"https:\/\/www.datagrandest.fr\/site\/wp-json\/wp\/v2\/comments?post=2240"}],"version-history":[{"count":1,"href":"https:\/\/www.datagrandest.fr\/site\/wp-json\/wp\/v2\/pages\/2240\/revisions"}],"predecessor-version":[{"id":2242,"href":"https:\/\/www.datagrandest.fr\/site\/wp-json\/wp\/v2\/pages\/2240\/revisions\/2242"}],"up":[{"embeddable":true,"href":"https:\/\/www.datagrandest.fr\/site\/wp-json\/wp\/v2\/pages\/2221"}],"wp:attachment":[{"href":"https:\/\/www.datagrandest.fr\/site\/wp-json\/wp\/v2\/media?parent=2240"}],"wp:term":[{"taxonomy":"source","embeddable":true,"href":"https:\/\/www.datagrandest.fr\/site\/wp-json\/wp\/v2\/source?post=2240"},{"taxonomy":"thematique_globale","embeddable":true,"href":"https:\/\/www.datagrandest.fr\/site\/wp-json\/wp\/v2\/thematique_globale?post=2240"}],"curies":[{"name":"wp","href":"https:\/\/api.w.org\/{rel}","templated":true}]}}