{"id":2296,"date":"2025-11-17T22:19:37","date_gmt":"2025-11-17T21:19:37","guid":{"rendered":"https:\/\/dev.datagrandest.fr\/site\/?page_id=2296"},"modified":"2025-11-17T22:19:37","modified_gmt":"2025-11-17T21:19:37","slug":"portail-pole-emploi","status":"publish","type":"page","link":"https:\/\/www.datagrandest.fr\/site\/sites-de-donnees-socio-demo-economiques\/economie-et-emploi\/portail-pole-emploi\/","title":{"rendered":"Portail Pole Emploi"},"content":{"rendered":"","protected":false},"excerpt":{"rendered":"","protected":false},"author":12,"featured_media":0,"parent":2283,"menu_order":0,"comment_status":"closed","ping_status":"closed","template":"src\/controllers\/models\/flex.php","meta":{"_acf_changed":false,"_relevanssi_hide_post":"","_relevanssi_hide_content":"","_relevanssi_pin_for_all":"","_relevanssi_pin_keywords":"","_relevanssi_unpin_keywords":"","_relevanssi_related_keywords":"","_relevanssi_related_include_ids":"","_relevanssi_related_exclude_ids":"","_relevanssi_related_no_append":"","_relevanssi_related_not_related":"","_relevanssi_related_posts":"","_relevanssi_noindex_reason":"","footnotes":""},"source":[],"thematique_globale":[],"class_list":["post-2296","page","type-page","status-publish","hentry"],"acf":{"glo_image":"","glo_intro":"","glo_car_surcharge_titre":"","glo_car_surcharge_lien":"","cms_contenus_flexibles":[{"acf_fc_layout":"flex_texte_libre","show_title":false,"titre_de_section":"","contenu":"<strong>Pr\u00e9sentation<\/strong>\r\n\r\nCe site est anim\u00e9 par le service Statistiques Etudes et Evaluation de P\u00f4le emploi Grand Est.\r\nLe service Statistiques \u00c9tudes et \u00c9valuation a une mission orient\u00e9e vers l'expertise du march\u00e9 du travail et de l'emploi au niveau national, r\u00e9gional et local. Il s'agit de recueillir, traiter, diffuser et mettre \u00e0 disposition des services de l'\u00c9tat et de l'organisme gestionnaire du r\u00e9gime ch\u00f4mage les donn\u00e9es relatives au march\u00e9 du travail et \u00e0 l'indemnisation des demandeurs d'emploi.\r\n\r\n<strong>Outils et acc\u00e8s<\/strong>\r\n<ul>\r\n \t<li>Tableaux de bord<\/li>\r\n \t<li>Acc\u00e8s public<\/li>\r\n \t<li>Etudes et analyses<\/li>\r\n<\/ul>\r\n<strong>Th\u00e9matiques<\/strong>\r\n<ul>\r\n \t<li>Contexte socio-\u00e9conomique<\/li>\r\n \t<li>Statistique du march\u00e9 du travail<\/li>\r\n \t<li>Offres diffus\u00e9es<\/li>\r\n \t<li>Chiffres cl\u00e9s<\/li>\r\n \t<li>Etudes et analyses<\/li>\r\n \t<li>M\u00e9t\u00e9o des m\u00e9tiers<\/li>\r\n<\/ul>\r\n<p style=\"text-align: center;\"><a class=\"btn btn-green\" href=\"http:\/\/www.statsemploi-grandest.fr\/\">Consulter le site internet<\/a><\/p>","couleur_de_fond":"transparent","taille_de_la_zone":"large-content","position_texte":"center","image_de_fond":""}]},"yoast_head":"<!-- This site is optimized with the Yoast SEO plugin v27.3 - https:\/\/yoast.com\/product\/yoast-seo-wordpress\/ -->\n<title>Portail Pole Emploi - DataGrandEst<\/title>\n<meta name=\"robots\" content=\"index, follow, max-snippet:-1, max-image-preview:large, max-video-preview:-1\" \/>\n<link rel=\"canonical\" href=\"https:\/\/www.datagrandest.fr\/site\/sites-de-donnees-socio-demo-economiques\/economie-et-emploi\/portail-pole-emploi\/\" \/>\n<meta property=\"og:locale\" content=\"fr_FR\" \/>\n<meta property=\"og:type\" content=\"article\" \/>\n<meta property=\"og:title\" content=\"Portail Pole Emploi - DataGrandEst\" \/>\n<meta property=\"og:url\" content=\"https:\/\/www.datagrandest.fr\/site\/sites-de-donnees-socio-demo-economiques\/economie-et-emploi\/portail-pole-emploi\/\" \/>\n<meta property=\"og:site_name\" content=\"DataGrandEst\" \/>\n<meta name=\"twitter:card\" content=\"summary_large_image\" \/>\n<meta name=\"twitter:label1\" content=\"Dur\u00e9e de lecture estim\u00e9e\" \/>\n\t<meta name=\"twitter:data1\" content=\"1 minute\" \/>\n<script type=\"application\/ld+json\" class=\"yoast-schema-graph\">{\"@context\":\"https:\\\/\\\/schema.org\",\"@graph\":[{\"@type\":\"WebPage\",\"@id\":\"https:\\\/\\\/www.datagrandest.fr\\\/site\\\/sites-de-donnees-socio-demo-economiques\\\/economie-et-emploi\\\/portail-pole-emploi\\\/\",\"url\":\"https:\\\/\\\/www.datagrandest.fr\\\/site\\\/sites-de-donnees-socio-demo-economiques\\\/economie-et-emploi\\\/portail-pole-emploi\\\/\",\"name\":\"Portail Pole Emploi - DataGrandEst\",\"isPartOf\":{\"@id\":\"https:\\\/\\\/www.datagrandest.fr\\\/site\\\/#website\"},\"datePublished\":\"2025-11-17T21:19:37+00:00\",\"breadcrumb\":{\"@id\":\"https:\\\/\\\/www.datagrandest.fr\\\/site\\\/sites-de-donnees-socio-demo-economiques\\\/economie-et-emploi\\\/portail-pole-emploi\\\/#breadcrumb\"},\"inLanguage\":\"fr-FR\",\"potentialAction\":[{\"@type\":\"ReadAction\",\"target\":[\"https:\\\/\\\/www.datagrandest.fr\\\/site\\\/sites-de-donnees-socio-demo-economiques\\\/economie-et-emploi\\\/portail-pole-emploi\\\/\"]}]},{\"@type\":\"BreadcrumbList\",\"@id\":\"https:\\\/\\\/www.datagrandest.fr\\\/site\\\/sites-de-donnees-socio-demo-economiques\\\/economie-et-emploi\\\/portail-pole-emploi\\\/#breadcrumb\",\"itemListElement\":[{\"@type\":\"ListItem\",\"position\":1,\"name\":\"Accueil\",\"item\":\"https:\\\/\\\/www.datagrandest.fr\\\/site\\\/\"},{\"@type\":\"ListItem\",\"position\":2,\"name\":\"Sites de donn\u00e9es socio-d\u00e9mo-\u00e9conomiques\",\"item\":\"https:\\\/\\\/www.datagrandest.fr\\\/site\\\/sites-de-donnees-socio-demo-economiques\\\/\"},{\"@type\":\"ListItem\",\"position\":3,\"name\":\"Economie et Emploi\",\"item\":\"https:\\\/\\\/www.datagrandest.fr\\\/site\\\/sites-de-donnees-socio-demo-economiques\\\/economie-et-emploi\\\/\"},{\"@type\":\"ListItem\",\"position\":4,\"name\":\"Portail Pole Emploi\"}]},{\"@type\":\"WebSite\",\"@id\":\"https:\\\/\\\/www.datagrandest.fr\\\/site\\\/#website\",\"url\":\"https:\\\/\\\/www.datagrandest.fr\\\/site\\\/\",\"name\":\"DataGrandEst\",\"description\":\"\",\"potentialAction\":[{\"@type\":\"SearchAction\",\"target\":{\"@type\":\"EntryPoint\",\"urlTemplate\":\"https:\\\/\\\/www.datagrandest.fr\\\/site\\\/?s={search_term_string}\"},\"query-input\":{\"@type\":\"PropertyValueSpecification\",\"valueRequired\":true,\"valueName\":\"search_term_string\"}}],\"inLanguage\":\"fr-FR\"}]}<\/script>\n<!-- \/ Yoast SEO plugin. -->","yoast_head_json":{"title":"Portail Pole Emploi - DataGrandEst","robots":{"index":"index","follow":"follow","max-snippet":"max-snippet:-1","max-image-preview":"max-image-preview:large","max-video-preview":"max-video-preview:-1"},"canonical":"https:\/\/www.datagrandest.fr\/site\/sites-de-donnees-socio-demo-economiques\/economie-et-emploi\/portail-pole-emploi\/","og_locale":"fr_FR","og_type":"article","og_title":"Portail Pole Emploi - DataGrandEst","og_url":"https:\/\/www.datagrandest.fr\/site\/sites-de-donnees-socio-demo-economiques\/economie-et-emploi\/portail-pole-emploi\/","og_site_name":"DataGrandEst","twitter_card":"summary_large_image","twitter_misc":{"Dur\u00e9e de lecture estim\u00e9e":"1 minute"},"schema":{"@context":"https:\/\/schema.org","@graph":[{"@type":"WebPage","@id":"https:\/\/www.datagrandest.fr\/site\/sites-de-donnees-socio-demo-economiques\/economie-et-emploi\/portail-pole-emploi\/","url":"https:\/\/www.datagrandest.fr\/site\/sites-de-donnees-socio-demo-economiques\/economie-et-emploi\/portail-pole-emploi\/","name":"Portail Pole Emploi - DataGrandEst","isPartOf":{"@id":"https:\/\/www.datagrandest.fr\/site\/#website"},"datePublished":"2025-11-17T21:19:37+00:00","breadcrumb":{"@id":"https:\/\/www.datagrandest.fr\/site\/sites-de-donnees-socio-demo-economiques\/economie-et-emploi\/portail-pole-emploi\/#breadcrumb"},"inLanguage":"fr-FR","potentialAction":[{"@type":"ReadAction","target":["https:\/\/www.datagrandest.fr\/site\/sites-de-donnees-socio-demo-economiques\/economie-et-emploi\/portail-pole-emploi\/"]}]},{"@type":"BreadcrumbList","@id":"https:\/\/www.datagrandest.fr\/site\/sites-de-donnees-socio-demo-economiques\/economie-et-emploi\/portail-pole-emploi\/#breadcrumb","itemListElement":[{"@type":"ListItem","position":1,"name":"Accueil","item":"https:\/\/www.datagrandest.fr\/site\/"},{"@type":"ListItem","position":2,"name":"Sites de donn\u00e9es socio-d\u00e9mo-\u00e9conomiques","item":"https:\/\/www.datagrandest.fr\/site\/sites-de-donnees-socio-demo-economiques\/"},{"@type":"ListItem","position":3,"name":"Economie et Emploi","item":"https:\/\/www.datagrandest.fr\/site\/sites-de-donnees-socio-demo-economiques\/economie-et-emploi\/"},{"@type":"ListItem","position":4,"name":"Portail Pole Emploi"}]},{"@type":"WebSite","@id":"https:\/\/www.datagrandest.fr\/site\/#website","url":"https:\/\/www.datagrandest.fr\/site\/","name":"DataGrandEst","description":"","potentialAction":[{"@type":"SearchAction","target":{"@type":"EntryPoint","urlTemplate":"https:\/\/www.datagrandest.fr\/site\/?s={search_term_string}"},"query-input":{"@type":"PropertyValueSpecification","valueRequired":true,"valueName":"search_term_string"}}],"inLanguage":"fr-FR"}]}},"_links":{"self":[{"href":"https:\/\/www.datagrandest.fr\/site\/wp-json\/wp\/v2\/pages\/2296","targetHints":{"allow":["GET"]}}],"collection":[{"href":"https:\/\/www.datagrandest.fr\/site\/wp-json\/wp\/v2\/pages"}],"about":[{"href":"https:\/\/www.datagrandest.fr\/site\/wp-json\/wp\/v2\/types\/page"}],"author":[{"embeddable":true,"href":"https:\/\/www.datagrandest.fr\/site\/wp-json\/wp\/v2\/users\/12"}],"replies":[{"embeddable":true,"href":"https:\/\/www.datagrandest.fr\/site\/wp-json\/wp\/v2\/comments?post=2296"}],"version-history":[{"count":1,"href":"https:\/\/www.datagrandest.fr\/site\/wp-json\/wp\/v2\/pages\/2296\/revisions"}],"predecessor-version":[{"id":2298,"href":"https:\/\/www.datagrandest.fr\/site\/wp-json\/wp\/v2\/pages\/2296\/revisions\/2298"}],"up":[{"embeddable":true,"href":"https:\/\/www.datagrandest.fr\/site\/wp-json\/wp\/v2\/pages\/2283"}],"wp:attachment":[{"href":"https:\/\/www.datagrandest.fr\/site\/wp-json\/wp\/v2\/media?parent=2296"}],"wp:term":[{"taxonomy":"source","embeddable":true,"href":"https:\/\/www.datagrandest.fr\/site\/wp-json\/wp\/v2\/source?post=2296"},{"taxonomy":"thematique_globale","embeddable":true,"href":"https:\/\/www.datagrandest.fr\/site\/wp-json\/wp\/v2\/thematique_globale?post=2296"}],"curies":[{"name":"wp","href":"https:\/\/api.w.org\/{rel}","templated":true}]}}