{"id":26,"date":"2025-09-01T15:31:15","date_gmt":"2025-09-01T13:31:15","guid":{"rendered":"http:\/\/datagrandest.docker.localhost\/accueil\/"},"modified":"2025-12-04T15:46:24","modified_gmt":"2025-12-04T14:46:24","slug":"accueil","status":"publish","type":"page","link":"https:\/\/www.datagrandest.fr\/site\/","title":{"rendered":"Accueil"},"content":{"rendered":"","protected":false},"excerpt":{"rendered":"","protected":false},"author":1,"featured_media":0,"parent":0,"menu_order":0,"comment_status":"closed","ping_status":"closed","template":"","meta":{"_acf_changed":false,"_relevanssi_hide_post":"","_relevanssi_hide_content":"","_relevanssi_pin_for_all":"","_relevanssi_pin_keywords":"","_relevanssi_unpin_keywords":"","_relevanssi_related_keywords":"","_relevanssi_related_include_ids":"","_relevanssi_related_exclude_ids":"","_relevanssi_related_no_append":"","_relevanssi_related_not_related":"","_relevanssi_related_posts":"","_relevanssi_noindex_reason":"","footnotes":""},"source":[],"thematique_globale":[],"class_list":["post-26","page","type-page","status-publish","hentry"],"acf":{"glo_image":"","glo_intro":"","glo_car_surcharge_titre":"","glo_car_surcharge_lien":"","acc_rec_titre":"Acc\u00e9dez aux donn\u00e9es publiques de votre territoire","acc_rec_texte":"Plateforme r\u00e9gionale ouverte et collaborative, DataGrandEst centralise les donn\u00e9es cl\u00e9s de votre territoire pour vous aider \u00e0 mieux comprendre les enjeux locaux, faciliter vos projets et nourrir vos d\u00e9cisions.","acc_rec_liens":[{"acces_rapide":{"title":"+9000 jeux de donn\u00e9es","url":"https:\/\/www.datagrandest.fr\/datahub","target":""}},{"acces_rapide":{"title":"43 cas d\u2019usages","url":"https:\/\/www.datagrandest.fr\/site\/cas-usage\/","target":""}},{"acces_rapide":{"title":"101 adh\u00e9rents","url":"https:\/\/www.datagrandest.fr\/site\/adherents\/","target":""}},{"acces_rapide":{"title":"45 webinaires","url":"https:\/\/www.datagrandest.fr\/site\/evenement","target":""}}],"acc_act_titre":"L\u2019actualit\u00e9","acc_act_libelle":"Voir toute l\u2019actualit\u00e9","acc_eve_titre":"Les prochains \u00e9v\u00e8nements","acc_eve_libelle":"Voir tous les \u00e9v\u00e8nements","acc_eve_choix_manuel":"","acc_foc_titre":"Focus sur","acc_foc_diaporama":[{"surtitre":"Des donn\u00e9es pour une transition \u00e9cologique et un num\u00e9rique responsable : le d\u00e9fi du Grand Est !","titre":"4\u00e8mes Rencontres R\u00e9gionales de la Donn\u00e9e du Grand Est","texte":"Revivez la journ\u00e9e du 27 novembre d\u00e9di\u00e9e \u00e0 la data, \u00e0 la biodiversit\u00e9 et au num\u00e9rique responsable, au travers des supports de pr\u00e9sentation, des replays, des interventions et des projets du concours de datavizualisation 2025.","lien":{"title":"En savoir plus","url":"https:\/\/www.datagrandest.fr\/site\/evenement\/4emes-rencontres-regionales-de-la-donnee-du-grand-est\/","target":""}},{"surtitre":"Visualiser vos donn\u00e9es autrement","titre":"Un plugin QGis pour cartographier facilement vos jeux de donn\u00e9es","texte":"Exploitez la puissance de QGis avec notre plugin d\u00e9di\u00e9 : simplifiez la repr\u00e9sentation de vos donn\u00e9es, standardisez vos fonds de carte, et gagnez en lisibilit\u00e9 sur vos enjeux territoriaux.","lien":{"title":"D\u00e9couvrir le plugin","url":"https:\/\/www.datagrandest.fr\/site\/service\/plugin-de-cartographie\/","target":""}},{"surtitre":"R\u00e9pondre \u00e0 vos questions juridiques","titre":"Un appui juridique pour accompagner vos projets","texte":"Une question sur le RGPD, l'open data, le partage de donn\u00e9es, etc. ? Consultez le service DataGrandEst pour trouver la r\u00e9ponse ou mobiliser un expert sur le sujet.","lien":{"title":"Retour sur l'\u00e9v\u00e9nement","url":"https:\/\/www.datagrandest.fr\/site\/service\/lappui-juridique\/","target":""}}],"acc_col_titre_gauche":"DataGrandEst, un r\u00e9seau d\u2019acteur","acc_col_texte_gauche":"La dynamique DataGrandEst est pilot\u00e9e par l\u2019\u00c9tat et la R\u00e9gion Grand Est pour d\u00e9velopper une coop\u00e9ration r\u00e9gionale en mati\u00e8re de production, de partage et de valorisation de donn\u00e9es.\r\n\r\nCe partenariat ambitieux r\u00e9unit plus d'une centaine d'acteurs pour mettre en \u0153uvre de fa\u00e7on mutualis\u00e9e une strat\u00e9gie r\u00e9gionale de la donn\u00e9e partag\u00e9e.","acc_col_bouton_gauche":{"title":"Plus d\u2019informations","url":"https:\/\/www.datagrandest.fr\/site\/qui-sommes-nous\/","target":""},"acc_col_titre_droite":"Adh\u00e9rer \u00e0 DataGrandEst","acc_col_texte_droite":"<p style=\"text-align: center;\">Les enjeux et atouts de cette d\u00e9marche :<\/p>\r\n\r\n<ul style=\"text-align: left;\">\r\n \t<li style=\"text-align: left;\">Encourager la production de donn\u00e9es de qualit\u00e9, document\u00e9es et partag\u00e9es<\/li>\r\n \t<li style=\"text-align: left;\">Faciliter la standardisation des donn\u00e9es<\/li>\r\n \t<li style=\"text-align: left;\">Dynamiser la production de donn\u00e9es de r\u00e9f\u00e9rence \u00e0 l'\u00e9chelle des territoires et du Grand Est<\/li>\r\n \t<li style=\"text-align: left;\">Mettre \u00e0 disposition des donn\u00e9es nationales \u00e0 d'int\u00e9r\u00eat local<\/li>\r\n<\/ul>","acc_col_bouton_droite":{"title":"Je veux contribuer","url":"https:\/\/www.datagrandest.fr\/site\/adherer-a-datagrandest\/","target":""}},"yoast_head":"<!-- This site is optimized with the Yoast SEO plugin v27.3 - https:\/\/yoast.com\/product\/yoast-seo-wordpress\/ -->\n<title>Accueil - DataGrandEst<\/title>\n<meta name=\"robots\" content=\"index, follow, max-snippet:-1, max-image-preview:large, max-video-preview:-1\" \/>\n<link rel=\"canonical\" href=\"https:\/\/www.datagrandest.fr\/site\/\" \/>\n<meta property=\"og:locale\" content=\"fr_FR\" \/>\n<meta property=\"og:type\" content=\"article\" \/>\n<meta property=\"og:title\" content=\"Accueil - DataGrandEst\" \/>\n<meta property=\"og:url\" content=\"https:\/\/www.datagrandest.fr\/site\/\" \/>\n<meta property=\"og:site_name\" content=\"DataGrandEst\" \/>\n<meta property=\"article:modified_time\" content=\"2025-12-04T14:46:24+00:00\" \/>\n<meta name=\"twitter:card\" content=\"summary_large_image\" \/>\n<meta name=\"twitter:label1\" content=\"Dur\u00e9e de lecture estim\u00e9e\" \/>\n\t<meta name=\"twitter:data1\" content=\"2 minutes\" \/>\n<script type=\"application\/ld+json\" class=\"yoast-schema-graph\">{\"@context\":\"https:\\\/\\\/schema.org\",\"@graph\":[{\"@type\":\"WebPage\",\"@id\":\"https:\\\/\\\/www.datagrandest.fr\\\/site\\\/\",\"url\":\"https:\\\/\\\/www.datagrandest.fr\\\/site\\\/\",\"name\":\"Accueil - DataGrandEst\",\"isPartOf\":{\"@id\":\"https:\\\/\\\/www.datagrandest.fr\\\/site\\\/#website\"},\"datePublished\":\"2025-09-01T13:31:15+00:00\",\"dateModified\":\"2025-12-04T14:46:24+00:00\",\"breadcrumb\":{\"@id\":\"https:\\\/\\\/www.datagrandest.fr\\\/site\\\/#breadcrumb\"},\"inLanguage\":\"fr-FR\",\"potentialAction\":[{\"@type\":\"ReadAction\",\"target\":[\"https:\\\/\\\/www.datagrandest.fr\\\/site\\\/\"]}]},{\"@type\":\"BreadcrumbList\",\"@id\":\"https:\\\/\\\/www.datagrandest.fr\\\/site\\\/#breadcrumb\",\"itemListElement\":[{\"@type\":\"ListItem\",\"position\":1,\"name\":\"Accueil\",\"item\":\"https:\\\/\\\/www.datagrandest.fr\\\/site\\\/\"},{\"@type\":\"ListItem\",\"position\":2,\"name\":\"Accueil\"}]},{\"@type\":\"WebSite\",\"@id\":\"https:\\\/\\\/www.datagrandest.fr\\\/site\\\/#website\",\"url\":\"https:\\\/\\\/www.datagrandest.fr\\\/site\\\/\",\"name\":\"DataGrandEst\",\"description\":\"\",\"potentialAction\":[{\"@type\":\"SearchAction\",\"target\":{\"@type\":\"EntryPoint\",\"urlTemplate\":\"https:\\\/\\\/www.datagrandest.fr\\\/site\\\/?s={search_term_string}\"},\"query-input\":{\"@type\":\"PropertyValueSpecification\",\"valueRequired\":true,\"valueName\":\"search_term_string\"}}],\"inLanguage\":\"fr-FR\"}]}<\/script>\n<!-- \/ Yoast SEO plugin. -->","yoast_head_json":{"title":"Accueil - DataGrandEst","robots":{"index":"index","follow":"follow","max-snippet":"max-snippet:-1","max-image-preview":"max-image-preview:large","max-video-preview":"max-video-preview:-1"},"canonical":"https:\/\/www.datagrandest.fr\/site\/","og_locale":"fr_FR","og_type":"article","og_title":"Accueil - DataGrandEst","og_url":"https:\/\/www.datagrandest.fr\/site\/","og_site_name":"DataGrandEst","article_modified_time":"2025-12-04T14:46:24+00:00","twitter_card":"summary_large_image","twitter_misc":{"Dur\u00e9e de lecture estim\u00e9e":"2 minutes"},"schema":{"@context":"https:\/\/schema.org","@graph":[{"@type":"WebPage","@id":"https:\/\/www.datagrandest.fr\/site\/","url":"https:\/\/www.datagrandest.fr\/site\/","name":"Accueil - DataGrandEst","isPartOf":{"@id":"https:\/\/www.datagrandest.fr\/site\/#website"},"datePublished":"2025-09-01T13:31:15+00:00","dateModified":"2025-12-04T14:46:24+00:00","breadcrumb":{"@id":"https:\/\/www.datagrandest.fr\/site\/#breadcrumb"},"inLanguage":"fr-FR","potentialAction":[{"@type":"ReadAction","target":["https:\/\/www.datagrandest.fr\/site\/"]}]},{"@type":"BreadcrumbList","@id":"https:\/\/www.datagrandest.fr\/site\/#breadcrumb","itemListElement":[{"@type":"ListItem","position":1,"name":"Accueil","item":"https:\/\/www.datagrandest.fr\/site\/"},{"@type":"ListItem","position":2,"name":"Accueil"}]},{"@type":"WebSite","@id":"https:\/\/www.datagrandest.fr\/site\/#website","url":"https:\/\/www.datagrandest.fr\/site\/","name":"DataGrandEst","description":"","potentialAction":[{"@type":"SearchAction","target":{"@type":"EntryPoint","urlTemplate":"https:\/\/www.datagrandest.fr\/site\/?s={search_term_string}"},"query-input":{"@type":"PropertyValueSpecification","valueRequired":true,"valueName":"search_term_string"}}],"inLanguage":"fr-FR"}]}},"_links":{"self":[{"href":"https:\/\/www.datagrandest.fr\/site\/wp-json\/wp\/v2\/pages\/26","targetHints":{"allow":["GET"]}}],"collection":[{"href":"https:\/\/www.datagrandest.fr\/site\/wp-json\/wp\/v2\/pages"}],"about":[{"href":"https:\/\/www.datagrandest.fr\/site\/wp-json\/wp\/v2\/types\/page"}],"author":[{"embeddable":true,"href":"https:\/\/www.datagrandest.fr\/site\/wp-json\/wp\/v2\/users\/1"}],"replies":[{"embeddable":true,"href":"https:\/\/www.datagrandest.fr\/site\/wp-json\/wp\/v2\/comments?post=26"}],"version-history":[{"count":10,"href":"https:\/\/www.datagrandest.fr\/site\/wp-json\/wp\/v2\/pages\/26\/revisions"}],"predecessor-version":[{"id":3081,"href":"https:\/\/www.datagrandest.fr\/site\/wp-json\/wp\/v2\/pages\/26\/revisions\/3081"}],"wp:attachment":[{"href":"https:\/\/www.datagrandest.fr\/site\/wp-json\/wp\/v2\/media?parent=26"}],"wp:term":[{"taxonomy":"source","embeddable":true,"href":"https:\/\/www.datagrandest.fr\/site\/wp-json\/wp\/v2\/source?post=26"},{"taxonomy":"thematique_globale","embeddable":true,"href":"https:\/\/www.datagrandest.fr\/site\/wp-json\/wp\/v2\/thematique_globale?post=26"}],"curies":[{"name":"wp","href":"https:\/\/api.w.org\/{rel}","templated":true}]}}