{"id":2938,"date":"2025-11-26T17:59:51","date_gmt":"2025-11-26T16:59:51","guid":{"rendered":"https:\/\/www.datagrandest.fr\/site\/?page_id=2938"},"modified":"2026-04-16T14:14:15","modified_gmt":"2026-04-16T12:14:15","slug":"manuel-dutilisation-de-lapplication-signadresse","status":"publish","type":"page","link":"https:\/\/www.datagrandest.fr\/site\/formations\/manuel-dutilisation-de-lapplication-signadresse\/","title":{"rendered":"Manuel d&rsquo;utilisation de l&rsquo;application Sign&rsquo;Adresse"},"content":{"rendered":"","protected":false},"excerpt":{"rendered":"","protected":false},"author":12,"featured_media":0,"parent":2924,"menu_order":0,"comment_status":"closed","ping_status":"closed","template":"src\/controllers\/models\/flex.php","meta":{"_acf_changed":false,"_relevanssi_hide_post":"","_relevanssi_hide_content":"","_relevanssi_pin_for_all":"","_relevanssi_pin_keywords":"","_relevanssi_unpin_keywords":"","_relevanssi_related_keywords":"","_relevanssi_related_include_ids":"","_relevanssi_related_exclude_ids":"","_relevanssi_related_no_append":"","_relevanssi_related_not_related":"","_relevanssi_related_posts":"","_relevanssi_noindex_reason":"","footnotes":""},"source":[],"thematique_globale":[],"class_list":["post-2938","page","type-page","status-publish","hentry"],"acf":{"glo_image":"","glo_intro":"","glo_car_surcharge_titre":"","glo_car_surcharge_lien":"","cms_contenus_flexibles":[{"acf_fc_layout":"flex_texte_libre","show_title":false,"titre_de_section":"","contenu":"<section class=\"col-md-8-half\">\r\n<div class=\"region region-content\"><section id=\"block-system-main\" class=\"block block-system clearfix\"><article id=\"node-2618\" class=\"node node-document clearfix\">\r\n<div class=\"field field-name-body field-type-text-with-summary field-label-hidden\">\r\n<div class=\"field-items\">\r\n<div class=\"field-item even\">\r\n\r\n<strong>SOMMAIRE<\/strong>\r\n<h3><strong>Qu\u2019est ce que SIGN'Adresse ?<\/strong><\/h3>\r\n<h4><strong>Interface<\/strong><\/h4>\r\n<ol start=\"0\">\r\n \t<li>Vue d'ensemble<\/li>\r\n \t<li>Carte<\/li>\r\n \t<li>Barre d'outils SIG<\/li>\r\n \t<li>Panneau d'outils SIGN'Adresse<\/li>\r\n<\/ol>\r\n<h3><strong>Outils de base<\/strong><\/h3>\r\n<ol start=\"1\">\r\n \t<li>Se localiser<\/li>\r\n \t<li>Affichage des couches et fonds de plan<\/li>\r\n \t<li>Cr\u00e9ation et modification d'un signalement<\/li>\r\n<\/ol>\r\n<h3><strong>Outils avanc\u00e9s<\/strong><\/h3>\r\n<ol start=\"1\">\r\n \t<li>Filtrer les signalements<\/li>\r\n \t<li>Abonnement RSS<\/li>\r\n \t<li>Partager l'emprise g\u00e9ographique<\/li>\r\n \t<li>Importer des signalements<\/li>\r\n \t<li>Signaler comme trait\u00e9<\/li>\r\n \t<li>T\u00e9l\u00e9charger<\/li>\r\n<\/ol>\r\n\r\n<hr \/>\r\n\r\n<h3 class=\"style-editeur\"><strong>Qu\u2019est ce que SIGN'Adresse ?\u00a0<\/strong><\/h3>\r\nSIGN'Adresse est une application SIG h\u00e9berg\u00e9e sur le site\u00a0<a href=\"http:\/\/www.datagrandest.fr\/site\/\">www.datagrandest.fr.\u00a0<\/a>\r\n\r\nCe SIG en ligne permet de cr\u00e9er des signalements lorsque des \u00e9l\u00e9ments du r\u00e9f\u00e9rentiel Voirie\/Adresse sont cr\u00e9\u00e9s, modifi\u00e9s, d\u00e9plac\u00e9s, supprim\u00e9s dans les bases de donn\u00e9es des producteurs (Agglom\u00e9rations, Communaut\u00e9s de communes, SDIS, ...).\r\n\r\nLa couche des signalements :\r\n<ul>\r\n \t<li>est publique<\/li>\r\n \t<li>peut \u00eatre t\u00e9l\u00e9charg\u00e9e sur SIGN'Adresse (format CSV)<\/li>\r\n \t<li>est disponible en flux OGC WFS :\u00a0<a href=\"https:\/\/www.datagrandest.fr\/geoserver\/geograndest-edit\/wfs\">https:\/\/www.datagrandest.fr\/geoserver\/geograndest-edit\/wfs?<\/a><\/li>\r\n<\/ul>\r\n\r\n<hr \/>\r\n\r\n<h3 class=\"style-editeur\"><strong>Interface<\/strong><\/h3>\r\n<h3><a id=\"Vue d'ensemble\" name=\"Vue d'ensemble\"><\/a>0 - Vue d'ensemble<\/h3>\r\nL'application est compos\u00e9e :\r\n<ul>\r\n \t<li>de la carte (1)<\/li>\r\n \t<li>de la barre d'outils SIG (2)<\/li>\r\n \t<li>du panneau d'outils SIGN'Adresse (3)<\/li>\r\n<\/ul>\r\n\r\n<hr \/>\r\n\r\n<h3>1 - Carte<\/h3>\r\nLe fond de plan par d\u00e9faut est le tuilage OpenStreetMap.\r\n\r\n<u>L\u00e9gende des signalements :<\/u>\r\n\r\nADRESSE\u00a0: Signale une cr\u00e9ation, modification (g\u00e9om\u00e9trie, num\u00e9ro, nom de voie associ\u00e9e) ou suppression d'adresse.\r\n\r\nVOIE\u00a0: Signale une cr\u00e9ation, modification (sens, g\u00e9om\u00e9trie, d\u00e9nomination, nombre de voie, vitesse, ...) ou supression de voie.\r\n\r\nALERTE\u00a0: Signale un nouvel \u00e9l\u00e9ment (voirie, adresse, lotissement, travaux en cours, ...). Typiquement, une alerte est cr\u00e9e par un pompier en mission, un collecteur IGN, un topographe d'une agglo en mission...\r\n\r\n<hr \/>\r\n\r\n<h3>2 - Barre d'outils SIG<\/h3>\r\nLa barre d'outils SIG comporte des fonctions classiques de SIG, ainsi qu'un g\u00e9ocodeur. Le bouton AIDE est un lien direct vers ce manuel.\r\n\r\n<hr \/>\r\n\r\n<h3>3 - Panneau d'outils SIGN'Adresse<\/h3>\r\nLe panneau d'outils SIGN'Adresse se compose de plusieurs onglets. Ils sont d\u00e9taill\u00e9s dans les deux prochaines sections (Outils de base et Outils avanc\u00e9s).\r\n\r\n<hr \/>\r\n\r\n<h3 class=\"style-editeur\"><strong>Outils de base\u00a0 \u00a0\u00a0<\/strong><\/h3>\r\n<h3 class=\"style-editeur\"><a id=\"Se localiser\" name=\"Se localiser\"><\/a>1 - Se localiser<\/h3>\r\nLe contr\u00f4le de localisation se situe dans la barre d\u2019outils SIG.\r\n\r\nIl est compos\u00e9 du logo du service de g\u00e9olocalisation utilis\u00e9, ici l\u2019 API d'Etalab sur adresse.data.gouv.fr. L\u2019application fonctionne \u00e9galement avec les services de g\u00e9ocodage de Google, d\u2019OpenStreetMap et de l'IGN. Il suffit de s\u00e9lectionner le service de g\u00e9ocodage dans le menu d\u00e9roulant d\u00e9di\u00e9. Pour se localiser, il faut saisir dans la zone de texte du contr\u00f4le de localisation, le lieu recherch\u00e9 puis faire \u201centr\u00e9e\u201d ou cliquer sur le bouton \u201clocaliser\u201d.\r\n\r\nLe texte saisi doit respecter les r\u00e8gles suivantes :\r\n<ul>\r\n \t<li>localiser une commune : saisir le nom de la commune ex. Mulhouse<\/li>\r\n \t<li>localiser une rue : saisir la rue suivie d\u2019une virgule, puis le nom de la commune. ex. taillis, Mulhouse<\/li>\r\n \t<li>localiser un num\u00e9ro de rue. ex. 283 avenue patton, rennes.<\/li>\r\n<\/ul>\r\nL\u2019expression saisie ne doit, au maximum, comporter qu\u2019une seule virgule.\r\n\r\n<hr \/>\r\n\r\n<h3>2 - Affichage des couches et fonds de plan<\/h3>\r\n<img class=\"media-element file-default media-wysiwyg-align-left\" src=\"https:\/\/web.archive.org\/web\/20230927050225im_\/https:\/\/www.datagrandest.fr\/portail\/sites\/default\/files\/couches.png\" alt=\"\" data-delta=\"5\" data-fid=\"2139\" data-media-element=\"1\" \/>A partir de l\u2019onglet Affichage des couches du panneau outils SIGN'Adresse, il est possible e choisir le fond de plan et les couches de donn\u00e9es de r\u00e9f\u00e9rences \u00e0 superposer aux signalements.\r\n\r\n<em>Il n\u2019est pas possible d\u2019afficher plusieurs fonds cartographiques simultan\u00e9ment. Les cases \u00e0 cocher rondes sont exclusives, les cases \u00e0 cochers carr\u00e9es so<\/em><em>nt cu<\/em><em>mulatives.<\/em>\r\n\r\nPour acc\u00e9der aux informations relatives aux couches, il suffit de cliquer sur la couche. Un descriptif s\u2019affiche alors pr\u00e9cisant le lien OGC utilis\u00e9, le lien vers la fiche de m\u00e9tadonn\u00e9es, une l\u00e9gende (si n\u00e9cessaire) et un bref descriptif de la couche.\r\n\r\nLa couche Rendu BANO contient les donn\u00e9es Adresse d'OSM agglom\u00e9r\u00e9es, provenant de diff\u00e9rentes sources. Ce flux permet de comparer l'existence ou non d'adresses dans toutes les bases, ainsi que les diff\u00e9rences de positionnement.\r\n<h3><a id=\"Cr\u00e9ation et modification d'un signalement\" name=\"Cr\u00e9ation et modification d'un signalement\"><\/a>3 - Cr\u00e9ation et modification d'un signalement<\/h3>\r\nVous ne pouvez modifier de signalement qu'une fois\u00a0<strong>authentifi\u00e9\u00a0<\/strong>sur sign'adresse. Pour cela il faut acc\u00e8der \u00e0 l'outil via cette URL\r\n\r\n<a href=\"https:\/\/www.datagrandest.fr\/signalement\/?login\" target=\"_blank\" rel=\"noopener\">https:\/\/www.datagrandest.fr\/signalement\/?login<\/a>\r\n\r\nSi vous ne disposez pas des bons droits contacter\u00a0<a href=\"mailto:contact@datagrandest.fr\">contact@g<\/a><a href=\"mailto:contact@datagrandest.fr?subject=Signadresse%20-%20\">eograndest.fr<\/a>\r\n\r\nPour saisir un nouveau signalement, il suffit d\u2019activer le contr\u00f4le de cr\u00e9ation d\u2019un nouveau signalement dans la barre d\u2019outil . Lorsque ce contr\u00f4le est activ\u00e9, le curseur de la souris est remplac\u00e9 par une icone verte.\r\n\r\nIl faut ensuite cliquer sur la carte \u00e0 l\u2019endroit d\u00e9sir\u00e9. Le formulaire s\u2019affiche.\r\n<div class=\"media media-element-container media-default\">\r\n<div id=\"file-2140\" class=\"file file-image file-image-png\">\r\n<div class=\"content\"><\/div>\r\n<\/div>\r\n<\/div>\r\nIl convient ensuite de renseigner tous les champs obligatoires, marqu\u00e9s d\u2019une \u00e9toile rouge :\r\n<ul>\r\n \t<li>le r\u00e9f\u00e9rentiel utilis\u00e9 (voie ou adresse)<\/li>\r\n \t<li>la nature du signalement (cr\u00e9ation, suppression ou modification)<\/li>\r\n \t<li>Si c'est une modification, le type de modification<\/li>\r\n \t<li>pr\u00e9ciser l\u2019existence d\u2019un acte administratif (oui ou non)<\/li>\r\n \t<li>le type de contributeur (CUS, CAC, M2A, SDIS6x, ...))<\/li>\r\n \t<li>l\u2019adresse mail du \u201csignalant\u201d<\/li>\r\n<\/ul>\r\nIl est possible \u00e9galement de renseigner les champs optionnels suivants :\r\n<ul>\r\n \t<li>commentaires (entrez l'adresse et\/ou le nom de voie concern\u00e9e par le signalement. Peut \u00eatre compl\u00e9t\u00e9 d'un texte libre)<\/li>\r\n \t<li>documents 1 et 2, fichiers attach\u00e9s<\/li>\r\n<\/ul>\r\nPour attacher un fichier, il suffit de cliquer sur l\u2019un des boutons situ\u00e9s \u00e0 droite des champs Document 1 et Document 2. Un nouveau formulaire s\u2019affiche.\r\n\r\nS\u00e9lectionner un document \u00e0 attacher en cliquant sur le bouton . Une fois le document s\u00e9lectionn\u00e9, il faut transf\u00e9rer le document vers le serveur en cliquant sur le bouton Transfert\r\n\r\nSeuls les fichiers de type ('.odt', '.doc', '.jpg', '.jpeg', '.pdf','.dxf','.dwg') sont accept\u00e9s. L\u2019application accepte une taille maximale de fichier de\u00a0<strong>4 Mo<\/strong>. C\u2019est le lien vers le le fichier qui est enregistr\u00e9 dans le formulaire.\r\nIl est \u00e9galement possible de saisir directement un URL internet vers un fichier existant.\r\n\r\nUne fois tous les renseignements relatifs au signalement saisis, Il est n\u00e9cessaire de cliquer sur le bouton enregistrer. Un message indique si l\u2019enregistrement a bien \u00e9t\u00e9 effectu\u00e9.\r\n\r\n<hr \/>\r\n\r\n<h3 class=\"style-editeur\"><strong>Outils avanc\u00e9s\u00a0 \u00a0\u00a0<\/strong><\/h3>\r\n<h3><a id=\"Filtrer les signalements\" name=\"Filtrer les signalements\"><\/a>1 - Filtrer les signalements<\/h3>\r\nDans le panneau d'outils SIGN'Adresse, l'onglet\u00a0<strong>Filtrer les signalements\u00a0<\/strong>permet de filtrer les signalements au moyen d'un filtre temporel et de plusieurs filtres attributaires.\r\n\r\nPar d\u00e9faut, tous les signalements de moins d'un an d'\u00e2ge sont affich\u00e9s. Vous pouvez r\u00e9duire cet intervale en utilisant le calendrier ou la barre de temps (slider). Appuyez sur\u00a0<em>Appliquer\u00a0<\/em>en bas pour filtrer les signalements.\r\n\r\nSi toutes les cases d'un filtre attributaire sont d\u00e9coch\u00e9es, cela aura pour effet d'ignorer cette attribut dans le filtrage. Ainsi, cocher toutes les cases d'un filtre attributaire revient au m\u00eame que de n'en cocher aucune...\r\n\r\nLes filtres attributaires peuvent \u00eatre utilis\u00e9s simultanement, avec le filtre temporel \u00e9galement.\r\n<h3><a id=\"Abonnement RSS\" name=\"Abonnement RSS\"><\/a>2 - Abonnement RSS<\/h3>\r\nCet onglet permet de s'abonner \u00e0 un flux RSS des signalements.\r\n\r\n<u>Flux RSS :<\/u>\u00a0Il s'agit d'un fil d'actualit\u00e9 qui se met \u00e0 jour d\u00e8s qu'une actualit\u00e9 est cr\u00e9e (ajout d'un article de journal sur LeMonde.fr, nouvel objet en vente sur un site marchand, nouveau signalement sur SIGN'Adresse,...). Un flux RSS se pr\u00e9sente sous la forme d'un URL qui doit \u00eatre charg\u00e9 dans un\u00a0<strong>agr\u00e9gateur de flux<\/strong>\u00a0(Outlook, FeedReader3, Netvibes, ...).\r\n\r\n<u>Exemple sur Outlook :<\/u>\u00a0\u00e0 chaque signalement cr\u00e9\u00e9, un nouvel article apparait, sous forme de mail non-lu dans un dossier SIGN'Adresse. Dans cet article, on retrouve un r\u00e9capitulatif des champs ainsi qu'un lien direct vers les pi\u00e8ces jointes et vers l'emplacement du signalement dans SIGN'Adresse (cliquer sur le titre de l'article).\r\n\r\nIl y a le choix entre plusieurs emprises g\u00e9ographiques pour vos abonnements. Cocher l'emprise souhait\u00e9e pour g\u00e9n\u00e9rer l'URL de flux RSS correspondant.\r\n\r\nCliquer sur\u00a0<strong>S'abonner<\/strong>\u00a0pour ouvrir l'URL avec votre navigateur par d\u00e9faut, qui vous demandera ensuite de choisir votre agr\u00e9gateur de flux vec lequel vous voulez travailler.\r\n\r\nCliquer sur\u00a0<strong>Afficher URL<\/strong>\u00a0pour pouvoir le copier\/coller dans l'agr\u00e9gateur RSS de votre choix.\r\n\r\nSi vous rencontrez des probl\u00e8mes avec le proxy entreprise il est possible de passer par un transformateur de RSS en mail type\u00a0<a href=\"https:\/\/www.feedmyinbox.com\/\" target=\"_blank\" rel=\"noopener\">https:\/\/www.feedmyinbox.com<\/a>\r\n<h3><a id=\"Partager l'emprise de la carte\" name=\"Partager l'emprise de la carte\"><\/a>3 - Partager l'emprise de la carte<\/h3>\r\nEn cliquant sur\u00a0<strong>G\u00e9n\u00e9rer<\/strong>\u00a0, un URL apparait. Cet URL est un lien vers SIGN'Adresse, directement sur l'emprise g\u00e9ographique dans laquelle on se trouvait lorsqu'on a g\u00e9n\u00e9r\u00e9 l'URL, et avec le m\u00eame fond de plan.\r\n\r\nOn peut donc partager une vue directement avec quelqu'un en un simple clic.\r\n\r\n<u>Zoomer sur un signalement :<\/u>\r\n\r\nUne autre fonctionnalit\u00e9 permet de partager une emprise sur un signalement, en utilisant un URL format\u00e9, et en rajoutant l'ID du signalement.\r\n\r\nVoici l'URL :\u00a0<a href=\"https:\/\/www.datagrandest.fr\/signalement\/?feature=XXXX\">www.datagrandest.fr\/signalement\/?feature=XXXX<\/a>\u00a0 \u00a0Il suffit de remplacer XXXX par l'ID d'un signalement, et le lien renverra directement vers un zoom sur le signalement avec le fond de plan \"Orthophotos\".\r\n<h3><a id=\"Importer des signalements\" name=\"Importer des signalements\"><\/a>4 - Importer des signalements<\/h3>\r\nVous ne pouvez importer de signalement qu'une fois\u00a0<strong>authentifi\u00e9\u00a0<\/strong>sur sign'adresse. Pour cela il faut acc\u00e8der \u00e0 l'outil via cette URL\r\n\r\n<a href=\"https:\/\/www.datagrandest.fr\/signalement\/?login\" target=\"_blank\" rel=\"noopener\">https:\/\/www.datagrandest.fr\/signalement\/?login<\/a>\r\n\r\n<em>En cliquant sur\u00a0<strong>T\u00e9l\u00e9charger un exemple<\/strong>, on trouve un fichier explicatif de la nomenclature du fichier CSV, ainsi qu'un exemple.<\/em>\r\n\r\nPour charger des signalements en masse via CSV, il faut ouvrir le fichier en cliquant sur\u00a0<strong>Ouvrir<\/strong>. Choisissez le syst\u00e8me de projection dans lequel les champs X et Y ont \u00e9t\u00e9 saisis dans le fichier.\r\n\r\nPour lancer l'importation, cliquer sur\u00a0<strong>Transf\u00e9rer<\/strong>.\r\n<h3><a id=\"Signaler comme trait\u00e9\" name=\"Signaler comme trait\u00e9\"><\/a>5 - Signaler comme trait\u00e9<\/h3>\r\nSIGN'Adresse permet de signifier aux autres usagers qu'un service SIG (agglos, SDIS, entreprise priv\u00e9e, ...) a trait\u00e9 le signalement. Pour cela, il faut pr\u00e9parer un fichier tr\u00e8s simple ('.txt) disponible en exemple.C'est un fichier tr\u00e8s simple qui doit contenir sur la premi\u00e8re ligne l'acronyme du contributeur, suivi d'une liste d'ID de signalements \u00e0 marquer comme trait\u00e9. Voici la liste des acronymes autoris\u00e9s :\r\n\r\nCUS\u00a0\u00a0 CAC\u00a0\u00a0 M2A\u00a0\u00a0 COCOKO\u00a0\u00a0 SDIS67\u00a0\u00a0 SDIS68\u00a0\u00a0 TOMTOM\u00a0\u00a0 HERE\r\n\r\nNommer votre fichier de mani\u00e8re \u00e0 faire apparaitre la date (par exemple : traite_cus_26janv2015.txt).\r\n\r\n<strong><img class=\"media-element file-default media-wysiwyg-align-left\" src=\"https:\/\/web.archive.org\/web\/20230927050225im_\/https:\/\/www.datagrandest.fr\/portail\/sites\/default\/files\/traite_par.png\" alt=\"\" data-delta=\"13\" data-fid=\"2147\" data-media-element=\"1\" \/>Transf\u00e9rer\u00a0<\/strong>pour marquer les signalments une fois le fichier .txt charg\u00e9.\r\n\r\nMaintenant, lorsqu'on cherche les informations sur un signalement via l'outil SIG \"Info\", on peut s'avoir qui a trait\u00e9 ce signalement.\r\n<h3><a id=\"T\u00e9l\u00e9charger\" name=\"T\u00e9l\u00e9charger\"><\/a>6 - T\u00e9l\u00e9charger<\/h3>\r\nCet onglet permet de t\u00e9l\u00e9charger la couche des signalements sous diff\u00e9rents formats.\r\n\r\n<hr \/>\r\n\r\n<\/div>\r\n<\/div>\r\n<\/div>\r\n<div class=\"field field-name-field-version field-type-text field-label-inline clearfix\">\r\n<div class=\"field-label\">Version : V1 (31\/08\/2018)<\/div>\r\n<\/div>\r\n<div class=\"field field-name-field-type-doc field-type-text field-label-inline clearfix\">\r\n<div class=\"field-label\">Format : HTML<\/div>\r\n<\/div>\r\n<div class=\"field field-name-field-type-ressources field-type-taxonomy-term-reference field-label-inline clearfix\">\r\n<div class=\"field-label\">Type de ressources : Formation<\/div>\r\n<\/div>\r\n<\/article><\/section><\/div>\r\n<\/section>","couleur_de_fond":"transparent","taille_de_la_zone":"large-content","position_texte":"center","image_de_fond":""}]},"yoast_head":"<!-- This site is optimized with the Yoast SEO plugin v27.3 - https:\/\/yoast.com\/product\/yoast-seo-wordpress\/ -->\n<title>Manuel d&#039;utilisation de l&#039;application Sign&#039;Adresse - DataGrandEst<\/title>\n<meta name=\"robots\" content=\"index, follow, max-snippet:-1, max-image-preview:large, max-video-preview:-1\" \/>\n<link rel=\"canonical\" href=\"https:\/\/www.datagrandest.fr\/site\/formations\/manuel-dutilisation-de-lapplication-signadresse\/\" \/>\n<meta property=\"og:locale\" content=\"fr_FR\" \/>\n<meta property=\"og:type\" content=\"article\" \/>\n<meta property=\"og:title\" content=\"Manuel d&#039;utilisation de l&#039;application Sign&#039;Adresse - DataGrandEst\" \/>\n<meta property=\"og:url\" content=\"https:\/\/www.datagrandest.fr\/site\/formations\/manuel-dutilisation-de-lapplication-signadresse\/\" \/>\n<meta property=\"og:site_name\" content=\"DataGrandEst\" \/>\n<meta property=\"article:modified_time\" content=\"2026-04-16T12:14:15+00:00\" \/>\n<meta name=\"twitter:card\" content=\"summary_large_image\" \/>\n<meta name=\"twitter:label1\" content=\"Dur\u00e9e de lecture estim\u00e9e\" \/>\n\t<meta name=\"twitter:data1\" content=\"9 minutes\" \/>\n<script type=\"application\/ld+json\" class=\"yoast-schema-graph\">{\"@context\":\"https:\\\/\\\/schema.org\",\"@graph\":[{\"@type\":\"WebPage\",\"@id\":\"https:\\\/\\\/www.datagrandest.fr\\\/site\\\/formations\\\/manuel-dutilisation-de-lapplication-signadresse\\\/\",\"url\":\"https:\\\/\\\/www.datagrandest.fr\\\/site\\\/formations\\\/manuel-dutilisation-de-lapplication-signadresse\\\/\",\"name\":\"Manuel d'utilisation de l'application Sign'Adresse - DataGrandEst\",\"isPartOf\":{\"@id\":\"https:\\\/\\\/www.datagrandest.fr\\\/site\\\/#website\"},\"datePublished\":\"2025-11-26T16:59:51+00:00\",\"dateModified\":\"2026-04-16T12:14:15+00:00\",\"breadcrumb\":{\"@id\":\"https:\\\/\\\/www.datagrandest.fr\\\/site\\\/formations\\\/manuel-dutilisation-de-lapplication-signadresse\\\/#breadcrumb\"},\"inLanguage\":\"fr-FR\",\"potentialAction\":[{\"@type\":\"ReadAction\",\"target\":[\"https:\\\/\\\/www.datagrandest.fr\\\/site\\\/formations\\\/manuel-dutilisation-de-lapplication-signadresse\\\/\"]}]},{\"@type\":\"BreadcrumbList\",\"@id\":\"https:\\\/\\\/www.datagrandest.fr\\\/site\\\/formations\\\/manuel-dutilisation-de-lapplication-signadresse\\\/#breadcrumb\",\"itemListElement\":[{\"@type\":\"ListItem\",\"position\":1,\"name\":\"Accueil\",\"item\":\"https:\\\/\\\/www.datagrandest.fr\\\/site\\\/\"},{\"@type\":\"ListItem\",\"position\":2,\"name\":\"Formations\",\"item\":\"https:\\\/\\\/www.datagrandest.fr\\\/site\\\/formations\\\/\"},{\"@type\":\"ListItem\",\"position\":3,\"name\":\"Manuel d&rsquo;utilisation de l&rsquo;application Sign&rsquo;Adresse\"}]},{\"@type\":\"WebSite\",\"@id\":\"https:\\\/\\\/www.datagrandest.fr\\\/site\\\/#website\",\"url\":\"https:\\\/\\\/www.datagrandest.fr\\\/site\\\/\",\"name\":\"DataGrandEst\",\"description\":\"\",\"potentialAction\":[{\"@type\":\"SearchAction\",\"target\":{\"@type\":\"EntryPoint\",\"urlTemplate\":\"https:\\\/\\\/www.datagrandest.fr\\\/site\\\/?s={search_term_string}\"},\"query-input\":{\"@type\":\"PropertyValueSpecification\",\"valueRequired\":true,\"valueName\":\"search_term_string\"}}],\"inLanguage\":\"fr-FR\"}]}<\/script>\n<!-- \/ Yoast SEO plugin. -->","yoast_head_json":{"title":"Manuel d'utilisation de l'application Sign'Adresse - DataGrandEst","robots":{"index":"index","follow":"follow","max-snippet":"max-snippet:-1","max-image-preview":"max-image-preview:large","max-video-preview":"max-video-preview:-1"},"canonical":"https:\/\/www.datagrandest.fr\/site\/formations\/manuel-dutilisation-de-lapplication-signadresse\/","og_locale":"fr_FR","og_type":"article","og_title":"Manuel d'utilisation de l'application Sign'Adresse - DataGrandEst","og_url":"https:\/\/www.datagrandest.fr\/site\/formations\/manuel-dutilisation-de-lapplication-signadresse\/","og_site_name":"DataGrandEst","article_modified_time":"2026-04-16T12:14:15+00:00","twitter_card":"summary_large_image","twitter_misc":{"Dur\u00e9e de lecture estim\u00e9e":"9 minutes"},"schema":{"@context":"https:\/\/schema.org","@graph":[{"@type":"WebPage","@id":"https:\/\/www.datagrandest.fr\/site\/formations\/manuel-dutilisation-de-lapplication-signadresse\/","url":"https:\/\/www.datagrandest.fr\/site\/formations\/manuel-dutilisation-de-lapplication-signadresse\/","name":"Manuel d'utilisation de l'application Sign'Adresse - DataGrandEst","isPartOf":{"@id":"https:\/\/www.datagrandest.fr\/site\/#website"},"datePublished":"2025-11-26T16:59:51+00:00","dateModified":"2026-04-16T12:14:15+00:00","breadcrumb":{"@id":"https:\/\/www.datagrandest.fr\/site\/formations\/manuel-dutilisation-de-lapplication-signadresse\/#breadcrumb"},"inLanguage":"fr-FR","potentialAction":[{"@type":"ReadAction","target":["https:\/\/www.datagrandest.fr\/site\/formations\/manuel-dutilisation-de-lapplication-signadresse\/"]}]},{"@type":"BreadcrumbList","@id":"https:\/\/www.datagrandest.fr\/site\/formations\/manuel-dutilisation-de-lapplication-signadresse\/#breadcrumb","itemListElement":[{"@type":"ListItem","position":1,"name":"Accueil","item":"https:\/\/www.datagrandest.fr\/site\/"},{"@type":"ListItem","position":2,"name":"Formations","item":"https:\/\/www.datagrandest.fr\/site\/formations\/"},{"@type":"ListItem","position":3,"name":"Manuel d&rsquo;utilisation de l&rsquo;application Sign&rsquo;Adresse"}]},{"@type":"WebSite","@id":"https:\/\/www.datagrandest.fr\/site\/#website","url":"https:\/\/www.datagrandest.fr\/site\/","name":"DataGrandEst","description":"","potentialAction":[{"@type":"SearchAction","target":{"@type":"EntryPoint","urlTemplate":"https:\/\/www.datagrandest.fr\/site\/?s={search_term_string}"},"query-input":{"@type":"PropertyValueSpecification","valueRequired":true,"valueName":"search_term_string"}}],"inLanguage":"fr-FR"}]}},"_links":{"self":[{"href":"https:\/\/www.datagrandest.fr\/site\/wp-json\/wp\/v2\/pages\/2938","targetHints":{"allow":["GET"]}}],"collection":[{"href":"https:\/\/www.datagrandest.fr\/site\/wp-json\/wp\/v2\/pages"}],"about":[{"href":"https:\/\/www.datagrandest.fr\/site\/wp-json\/wp\/v2\/types\/page"}],"author":[{"embeddable":true,"href":"https:\/\/www.datagrandest.fr\/site\/wp-json\/wp\/v2\/users\/12"}],"replies":[{"embeddable":true,"href":"https:\/\/www.datagrandest.fr\/site\/wp-json\/wp\/v2\/comments?post=2938"}],"version-history":[{"count":7,"href":"https:\/\/www.datagrandest.fr\/site\/wp-json\/wp\/v2\/pages\/2938\/revisions"}],"predecessor-version":[{"id":5603,"href":"https:\/\/www.datagrandest.fr\/site\/wp-json\/wp\/v2\/pages\/2938\/revisions\/5603"}],"up":[{"embeddable":true,"href":"https:\/\/www.datagrandest.fr\/site\/wp-json\/wp\/v2\/pages\/2924"}],"wp:attachment":[{"href":"https:\/\/www.datagrandest.fr\/site\/wp-json\/wp\/v2\/media?parent=2938"}],"wp:term":[{"taxonomy":"source","embeddable":true,"href":"https:\/\/www.datagrandest.fr\/site\/wp-json\/wp\/v2\/source?post=2938"},{"taxonomy":"thematique_globale","embeddable":true,"href":"https:\/\/www.datagrandest.fr\/site\/wp-json\/wp\/v2\/thematique_globale?post=2938"}],"curies":[{"name":"wp","href":"https:\/\/api.w.org\/{rel}","templated":true}]}}