{"id":2945,"date":"2025-11-26T18:12:07","date_gmt":"2025-11-26T17:12:07","guid":{"rendered":"https:\/\/www.datagrandest.fr\/site\/?page_id=2945"},"modified":"2026-04-16T14:19:30","modified_gmt":"2026-04-16T12:19:30","slug":"tutoriel-utilisation-des-flux-de-la-plateforme-dans-votre-sig","status":"publish","type":"page","link":"https:\/\/www.datagrandest.fr\/site\/formations\/tutoriel-utilisation-des-flux-de-la-plateforme-dans-votre-sig\/","title":{"rendered":"Tutoriel &#8211; Utilisation des flux de la plateforme dans votre SIG"},"content":{"rendered":"","protected":false},"excerpt":{"rendered":"","protected":false},"author":12,"featured_media":0,"parent":2924,"menu_order":0,"comment_status":"closed","ping_status":"closed","template":"src\/controllers\/models\/flex.php","meta":{"_acf_changed":false,"_relevanssi_hide_post":"","_relevanssi_hide_content":"","_relevanssi_pin_for_all":"","_relevanssi_pin_keywords":"","_relevanssi_unpin_keywords":"","_relevanssi_related_keywords":"","_relevanssi_related_include_ids":"","_relevanssi_related_exclude_ids":"","_relevanssi_related_no_append":"","_relevanssi_related_not_related":"","_relevanssi_related_posts":"","_relevanssi_noindex_reason":"","footnotes":""},"source":[],"thematique_globale":[],"class_list":["post-2945","page","type-page","status-publish","hentry"],"acf":{"glo_image":"","glo_intro":"","glo_car_surcharge_titre":"","glo_car_surcharge_lien":"","cms_contenus_flexibles":[{"acf_fc_layout":"flex_texte_libre","show_title":false,"titre_de_section":"","contenu":"<div class=\"field field-name-body field-type-text-with-summary field-label-hidden\">\r\n<div class=\"field-items\">\r\n<div class=\"field-item even\">\r\n\r\n<strong>Pr\u00e9requis<\/strong>\r\n\r\nDisposer d\u2019un des logiciels suivants\u00a0: Qgis\u00a0ou Arcmap\r\n\r\n<strong>Liste des flux<\/strong>\r\n\r\nVous trouverez sur la page suivante l'ensemble des adresses de flux de la plateforme G\u00e9oGrandEst :\r\n\r\n<a href=\"https:\/\/www.datagrandest.fr\/portail\/fr\/ressources\/migration-flux-donnees-cigal-vers-geograndest\">https:\/\/www.datagrandest.fr\/portail\/fr\/ressources\/migration-flux-donnees-cigal-vers-geograndest<\/a>\r\n\r\n<u>Astuce<\/u>\u00a0: avant d'ajouter un flux dans votre SIG,\u00a0assurez-vous d\u2019\u00eatre \u00e0 un emplacement et \u00e0 niveau de zoom correct.\r\n\r\n&nbsp;\r\n\r\n<strong><span style=\"font-family: Calibri Light, sans-serif;\">Avec le logiciel QGIS<\/span><\/strong>\r\n\r\n<strong>Ajout d'un flux WMS ou WFS<\/strong>\r\n\r\n&nbsp;\r\n\r\n<strong>Etape 1 :<\/strong>\u00a0Ajout d'une couche WMS\/WFS\r\n\r\nSous QGIS on peut passer soit par le menu Couche &gt;\u00a0Ajouter une couche &gt; Ajouter une couche WMS\/WMTS (ou WFS), soit par les boutons de raccourcis correspondants situ\u00e9 sur la gauche.\r\n\r\n<span style=\"font-family: Calibri, sans-serif;\">Puis cliquez sur \"<strong>Nouveau<\/strong>\" pour ajouter une connexion WMS ou WFS<\/span>\r\n\r\n&nbsp;\r\n\r\n<strong>Etape 2 :<\/strong>\u00a0configurer la connexion au\u00a0flux WMS ou WFS\r\n\r\nCette connexion permet\r\n\r\nIl faut renseigner :\r\n\r\n<span style=\"font-family: Calibri, sans-serif;\">- un nom : celui que vous souhaitez<\/span>\r\n\r\n<span style=\"font-family: Calibri, sans-serif;\">- l'adresse URL correspondante (voir paragraphe \"Liste des flux\" ci dessus)<\/span>\r\n\r\n<span style=\"font-family: Calibri, sans-serif;\">Cliquez sur \"<strong>OK<\/strong>\" pour ajouter une connexion WMS ou WFS<\/span>\r\n\r\n<span style=\"font-family: Calibri, sans-serif;\">Puis cliquez sur \"<strong>Connexion<\/strong>\" pour vous connecter \u00e0 l'URL WMS ou WFS renseign\u00e9.<\/span>\r\n\r\n&nbsp;\r\n\r\n<strong>Etape 3 :<\/strong>\u00a0Ajout de la couche dans votre SIG\r\n\r\n<strong>S\u00e9lectionnez<\/strong>\u00a0une\u00a0couche dans la liste et cliquez sur \"<strong>Ajouter<\/strong>\".\r\n\r\nLa couche issue du flux WMS ou WFS appara\u00eet dans la liste des couches de votre SIG.\r\n\r\n&nbsp;\r\n\r\n<strong><span style=\"font-family: Calibri Light, sans-serif;\">Avec le logiciel Arcmap<\/span><\/strong>\r\n\r\n<strong>Ajout d'un flux WMS<\/strong>\r\n\r\n&nbsp;\r\n\r\n<strong>Etape 1 :<\/strong>\u00a0Ajout d'un\u00a0serveur WMS\r\n\r\nDans le catalogue &gt; Serveur SIG &gt; Ajouter un serveur WMS\r\n\r\n<img class=\"media-element file-default\" src=\"https:\/\/web.archive.org\/web\/20250512094857im_\/https:\/\/www.datagrandest.fr\/portail\/sites\/default\/files\/tuto_flux_arcmap_1.png\" alt=\"\" data-delta=\"1\" data-fid=\"2502\" data-media-element=\"1\" \/>\r\n\r\n<strong>Etape 2\u00a0:\u00a0<\/strong>Ajouter une\u00a0couche li\u00e9e\u00a0au\u00a0flux\r\n\r\n<span style=\"font-family: Calibri, sans-serif;\">Il faut renseigner l'adresse URL correspondante (voir paragraphe \"Liste des flux\" ci-dessus).<\/span>\r\n\r\n\"<strong>Obtenir les couches<\/strong>\" permet de voir les couches pr\u00e9sentes\u00a0dans le flux.\r\n\r\nPour ajouter une couche de flux sur la carte, il faut ouvrir la connexion correspondant\u00a0:\r\n\r\nIl suffit alors de glisser la couche dans la carte.\r\n\r\n&nbsp;\r\n\r\n<\/div>\r\n<\/div>\r\n<\/div>\r\n<div class=\"field field-name-field-version field-type-text field-label-inline clearfix\">\r\n<div class=\"field-label\">Version : 1 (21\/03\/2019)<\/div>\r\n<\/div>\r\n<div class=\"field field-name-field-type-doc field-type-text field-label-inline clearfix\">\r\n<div class=\"field-label\">Format : html<\/div>\r\n<\/div>\r\n<div class=\"field field-name-field-type-ressources field-type-taxonomy-term-reference field-label-inline clearfix\">\r\n<div class=\"field-label\">Type de ressources : Formation<\/div>\r\n<\/div>","couleur_de_fond":"transparent","taille_de_la_zone":"large-content","position_texte":"center","image_de_fond":""}]},"yoast_head":"<!-- This site is optimized with the Yoast SEO plugin v27.3 - https:\/\/yoast.com\/product\/yoast-seo-wordpress\/ -->\n<title>Tutoriel - Utilisation des flux de la plateforme dans votre SIG - DataGrandEst<\/title>\n<meta name=\"robots\" content=\"index, follow, max-snippet:-1, max-image-preview:large, max-video-preview:-1\" \/>\n<link rel=\"canonical\" href=\"https:\/\/www.datagrandest.fr\/site\/formations\/tutoriel-utilisation-des-flux-de-la-plateforme-dans-votre-sig\/\" \/>\n<meta property=\"og:locale\" content=\"fr_FR\" \/>\n<meta property=\"og:type\" content=\"article\" \/>\n<meta property=\"og:title\" content=\"Tutoriel - Utilisation des flux de la plateforme dans votre SIG - DataGrandEst\" \/>\n<meta property=\"og:url\" content=\"https:\/\/www.datagrandest.fr\/site\/formations\/tutoriel-utilisation-des-flux-de-la-plateforme-dans-votre-sig\/\" \/>\n<meta property=\"og:site_name\" content=\"DataGrandEst\" \/>\n<meta property=\"article:modified_time\" content=\"2026-04-16T12:19:30+00:00\" \/>\n<meta name=\"twitter:card\" content=\"summary_large_image\" \/>\n<meta name=\"twitter:label1\" content=\"Dur\u00e9e de lecture estim\u00e9e\" \/>\n\t<meta name=\"twitter:data1\" content=\"2 minutes\" \/>\n<script type=\"application\/ld+json\" class=\"yoast-schema-graph\">{\"@context\":\"https:\\\/\\\/schema.org\",\"@graph\":[{\"@type\":\"WebPage\",\"@id\":\"https:\\\/\\\/www.datagrandest.fr\\\/site\\\/formations\\\/tutoriel-utilisation-des-flux-de-la-plateforme-dans-votre-sig\\\/\",\"url\":\"https:\\\/\\\/www.datagrandest.fr\\\/site\\\/formations\\\/tutoriel-utilisation-des-flux-de-la-plateforme-dans-votre-sig\\\/\",\"name\":\"Tutoriel - Utilisation des flux de la plateforme dans votre SIG - DataGrandEst\",\"isPartOf\":{\"@id\":\"https:\\\/\\\/www.datagrandest.fr\\\/site\\\/#website\"},\"datePublished\":\"2025-11-26T17:12:07+00:00\",\"dateModified\":\"2026-04-16T12:19:30+00:00\",\"breadcrumb\":{\"@id\":\"https:\\\/\\\/www.datagrandest.fr\\\/site\\\/formations\\\/tutoriel-utilisation-des-flux-de-la-plateforme-dans-votre-sig\\\/#breadcrumb\"},\"inLanguage\":\"fr-FR\",\"potentialAction\":[{\"@type\":\"ReadAction\",\"target\":[\"https:\\\/\\\/www.datagrandest.fr\\\/site\\\/formations\\\/tutoriel-utilisation-des-flux-de-la-plateforme-dans-votre-sig\\\/\"]}]},{\"@type\":\"BreadcrumbList\",\"@id\":\"https:\\\/\\\/www.datagrandest.fr\\\/site\\\/formations\\\/tutoriel-utilisation-des-flux-de-la-plateforme-dans-votre-sig\\\/#breadcrumb\",\"itemListElement\":[{\"@type\":\"ListItem\",\"position\":1,\"name\":\"Accueil\",\"item\":\"https:\\\/\\\/www.datagrandest.fr\\\/site\\\/\"},{\"@type\":\"ListItem\",\"position\":2,\"name\":\"Formations\",\"item\":\"https:\\\/\\\/www.datagrandest.fr\\\/site\\\/formations\\\/\"},{\"@type\":\"ListItem\",\"position\":3,\"name\":\"Tutoriel &#8211; Utilisation des flux de la plateforme dans votre SIG\"}]},{\"@type\":\"WebSite\",\"@id\":\"https:\\\/\\\/www.datagrandest.fr\\\/site\\\/#website\",\"url\":\"https:\\\/\\\/www.datagrandest.fr\\\/site\\\/\",\"name\":\"DataGrandEst\",\"description\":\"\",\"potentialAction\":[{\"@type\":\"SearchAction\",\"target\":{\"@type\":\"EntryPoint\",\"urlTemplate\":\"https:\\\/\\\/www.datagrandest.fr\\\/site\\\/?s={search_term_string}\"},\"query-input\":{\"@type\":\"PropertyValueSpecification\",\"valueRequired\":true,\"valueName\":\"search_term_string\"}}],\"inLanguage\":\"fr-FR\"}]}<\/script>\n<!-- \/ Yoast SEO plugin. -->","yoast_head_json":{"title":"Tutoriel - Utilisation des flux de la plateforme dans votre SIG - DataGrandEst","robots":{"index":"index","follow":"follow","max-snippet":"max-snippet:-1","max-image-preview":"max-image-preview:large","max-video-preview":"max-video-preview:-1"},"canonical":"https:\/\/www.datagrandest.fr\/site\/formations\/tutoriel-utilisation-des-flux-de-la-plateforme-dans-votre-sig\/","og_locale":"fr_FR","og_type":"article","og_title":"Tutoriel - Utilisation des flux de la plateforme dans votre SIG - DataGrandEst","og_url":"https:\/\/www.datagrandest.fr\/site\/formations\/tutoriel-utilisation-des-flux-de-la-plateforme-dans-votre-sig\/","og_site_name":"DataGrandEst","article_modified_time":"2026-04-16T12:19:30+00:00","twitter_card":"summary_large_image","twitter_misc":{"Dur\u00e9e de lecture estim\u00e9e":"2 minutes"},"schema":{"@context":"https:\/\/schema.org","@graph":[{"@type":"WebPage","@id":"https:\/\/www.datagrandest.fr\/site\/formations\/tutoriel-utilisation-des-flux-de-la-plateforme-dans-votre-sig\/","url":"https:\/\/www.datagrandest.fr\/site\/formations\/tutoriel-utilisation-des-flux-de-la-plateforme-dans-votre-sig\/","name":"Tutoriel - Utilisation des flux de la plateforme dans votre SIG - DataGrandEst","isPartOf":{"@id":"https:\/\/www.datagrandest.fr\/site\/#website"},"datePublished":"2025-11-26T17:12:07+00:00","dateModified":"2026-04-16T12:19:30+00:00","breadcrumb":{"@id":"https:\/\/www.datagrandest.fr\/site\/formations\/tutoriel-utilisation-des-flux-de-la-plateforme-dans-votre-sig\/#breadcrumb"},"inLanguage":"fr-FR","potentialAction":[{"@type":"ReadAction","target":["https:\/\/www.datagrandest.fr\/site\/formations\/tutoriel-utilisation-des-flux-de-la-plateforme-dans-votre-sig\/"]}]},{"@type":"BreadcrumbList","@id":"https:\/\/www.datagrandest.fr\/site\/formations\/tutoriel-utilisation-des-flux-de-la-plateforme-dans-votre-sig\/#breadcrumb","itemListElement":[{"@type":"ListItem","position":1,"name":"Accueil","item":"https:\/\/www.datagrandest.fr\/site\/"},{"@type":"ListItem","position":2,"name":"Formations","item":"https:\/\/www.datagrandest.fr\/site\/formations\/"},{"@type":"ListItem","position":3,"name":"Tutoriel &#8211; Utilisation des flux de la plateforme dans votre SIG"}]},{"@type":"WebSite","@id":"https:\/\/www.datagrandest.fr\/site\/#website","url":"https:\/\/www.datagrandest.fr\/site\/","name":"DataGrandEst","description":"","potentialAction":[{"@type":"SearchAction","target":{"@type":"EntryPoint","urlTemplate":"https:\/\/www.datagrandest.fr\/site\/?s={search_term_string}"},"query-input":{"@type":"PropertyValueSpecification","valueRequired":true,"valueName":"search_term_string"}}],"inLanguage":"fr-FR"}]}},"_links":{"self":[{"href":"https:\/\/www.datagrandest.fr\/site\/wp-json\/wp\/v2\/pages\/2945","targetHints":{"allow":["GET"]}}],"collection":[{"href":"https:\/\/www.datagrandest.fr\/site\/wp-json\/wp\/v2\/pages"}],"about":[{"href":"https:\/\/www.datagrandest.fr\/site\/wp-json\/wp\/v2\/types\/page"}],"author":[{"embeddable":true,"href":"https:\/\/www.datagrandest.fr\/site\/wp-json\/wp\/v2\/users\/12"}],"replies":[{"embeddable":true,"href":"https:\/\/www.datagrandest.fr\/site\/wp-json\/wp\/v2\/comments?post=2945"}],"version-history":[{"count":3,"href":"https:\/\/www.datagrandest.fr\/site\/wp-json\/wp\/v2\/pages\/2945\/revisions"}],"predecessor-version":[{"id":5607,"href":"https:\/\/www.datagrandest.fr\/site\/wp-json\/wp\/v2\/pages\/2945\/revisions\/5607"}],"up":[{"embeddable":true,"href":"https:\/\/www.datagrandest.fr\/site\/wp-json\/wp\/v2\/pages\/2924"}],"wp:attachment":[{"href":"https:\/\/www.datagrandest.fr\/site\/wp-json\/wp\/v2\/media?parent=2945"}],"wp:term":[{"taxonomy":"source","embeddable":true,"href":"https:\/\/www.datagrandest.fr\/site\/wp-json\/wp\/v2\/source?post=2945"},{"taxonomy":"thematique_globale","embeddable":true,"href":"https:\/\/www.datagrandest.fr\/site\/wp-json\/wp\/v2\/thematique_globale?post=2945"}],"curies":[{"name":"wp","href":"https:\/\/api.w.org\/{rel}","templated":true}]}}