{"id":2951,"date":"2025-11-26T18:21:26","date_gmt":"2025-11-26T17:21:26","guid":{"rendered":"https:\/\/www.datagrandest.fr\/site\/?page_id=2951"},"modified":"2025-12-16T10:24:38","modified_gmt":"2025-12-16T09:24:38","slug":"la-plateforme-geograndest-restez-connecte-ressourcez-vous-sur-geograndest","status":"publish","type":"page","link":"https:\/\/www.datagrandest.fr\/site\/formations\/la-plateforme-geograndest-restez-connecte-ressourcez-vous-sur-geograndest\/","title":{"rendered":"La plateforme G\u00e9oGrandEst : restez connect\u00e9 &#038; ressourcez-vous sur G\u00e9oGrandEst"},"content":{"rendered":"","protected":false},"excerpt":{"rendered":"","protected":false},"author":12,"featured_media":0,"parent":2924,"menu_order":0,"comment_status":"closed","ping_status":"closed","template":"src\/controllers\/models\/flex.php","meta":{"_acf_changed":false,"_relevanssi_hide_post":"","_relevanssi_hide_content":"","_relevanssi_pin_for_all":"","_relevanssi_pin_keywords":"","_relevanssi_unpin_keywords":"","_relevanssi_related_keywords":"","_relevanssi_related_include_ids":"","_relevanssi_related_exclude_ids":"","_relevanssi_related_no_append":"","_relevanssi_related_not_related":"","_relevanssi_related_posts":"","_relevanssi_noindex_reason":"","footnotes":""},"source":[],"thematique_globale":[],"class_list":["post-2951","page","type-page","status-publish","hentry"],"acf":{"glo_image":"","glo_intro":"","glo_car_surcharge_titre":"","glo_car_surcharge_lien":"","cms_contenus_flexibles":[{"acf_fc_layout":"flex_texte_libre","show_title":false,"titre_de_section":"","contenu":"Les pr\u00e9sentations de ce webinaire vous permettront de d\u00e9couvrir de fa\u00e7on simple les diff\u00e9rents modules de la plateforme G\u00e9oGrandEst et leur utilisation afin de naviguer efficacement sur le site et\u00a0<strong>r\u00e9utiliser le patrimoine de donn\u00e9es\u00a0<\/strong>d\u00e9j\u00e0 disponible.\r\n\r\nConna\u00eetre comment et o\u00f9\u00a0<strong>trouver les ressources utiles<\/strong>\u00a0pour rester inform\u00e9 sur l\u2019actualit\u00e9 de G\u00e9oGrandEst et de ses partenaires,<strong>\u00a0rechercher des donn\u00e9es<\/strong>\u00a0sur la plateforme, les visualiser et les r\u00e9utiliser sous forme de flux ou en les t\u00e9l\u00e9chargeant,\r\n\r\n<strong>Les pr\u00e9sentations :<\/strong>\r\n<ul>\r\n \t<li>Le site web G\u00e9oGrandEst, un centre d\u2019information et de ressources au service des acteurs du territoire - Brigitte Creusel (R\u00e9gion Grand Est)<\/li>\r\n \t<li>La plateforme G\u00e9oGrandEst, un catalogue de donn\u00e9es r\u00e9utilisables(document\u00e9es, consultables et t\u00e9l\u00e9chargeables) \u2013 Guillaume Ryckelynck (R\u00e9gion Grand Est)<\/li>\r\n \t<li>La plateforme G\u00e9oGrandEst, des outils de consultation et d\u2019exploitation des donn\u00e9es g\u00e9ographiques \u2013 Antoine Richard (R\u00e9gion Grand Est)<\/li>\r\n<\/ul>\r\n&nbsp;\r\n\r\n<u>A noter\u00a0<\/u>: les pr\u00e9sentations ci-dessous sont diffus\u00e9es \u00e0 partir de la cha\u00eene\u00a0<strong>YouTube G\u00e9oGrandEst.<\/strong>\u00a0Si vous rencontrez des difficult\u00e9s pour les visionner, nous vous invitons \u00e0 utiliser les liens mentionn\u00e9s dans la rubrique \"<strong>Document\u00a0(lien)<\/strong>\"","couleur_de_fond":"transparent","taille_de_la_zone":"large-content","position_texte":"center","image_de_fond":""},{"acf_fc_layout":"flex_trois_colonnes","show_title":false,"titre_de_section":"","colonnes":{"":null,"gauche":{"medias":["video"],"image":"","video":"https:\/\/www.youtube-nocookie.com\/embed\/AA7-mx_cSec?rel=0","mp4":null,"contenu":"Le site web G\u00e9oGrandEst, un centre d\u2019information et de ressources au service des acteurs du territoire \u2013\u00a0<strong>Brigitte Creusel (R\u00e9gion Grand Est)<\/strong>"},"centre":{"medias":["video"],"image":"","video":"https:\/\/www.youtube-nocookie.com\/embed\/n7jQYmbPIpI?rel=0","mp4":null,"contenu":"La plateforme G\u00e9oGrandEst, un catalogue de donn\u00e9es r\u00e9utilisables(document\u00e9es, consultables et t\u00e9l\u00e9chargeables) \u2013\u00a0<strong>Guillaume Ryckelynck (R\u00e9gion Grand Est)<\/strong>"},"droite":{"medias":["video"],"image":"","video":"https:\/\/www.youtube-nocookie.com\/embed\/n7jQYmbPIpI?rel=0","mp4":null,"contenu":"La plateforme G\u00e9oGrandEst, des outils de consultation et d\u2019exploitation des donn\u00e9es g\u00e9ographiques \u2013\u00a0<strong>Antoine Richard (R\u00e9gion Grand Est)<\/strong>"}},"couleur_de_fond":"transparent","taille_de_la_zone":"large-content","image_de_fond":""},{"acf_fc_layout":"flex_texte_libre","show_title":false,"titre_de_section":"","contenu":"<div class=\"field field-name-field-version field-type-text field-label-inline clearfix\">\r\n<div class=\"field-label\">Version:finale (28\/05\/2020)<\/div>\r\n<\/div>\r\n<div class=\"field field-name-field-type-doc field-type-text field-label-inline clearfix\">\r\n<div class=\"field-label\">Format: Vid\u00e9o MP4, PDF<\/div>\r\n<\/div>\r\n<div class=\"field field-name-field-url-doc field-type-link-field field-label-inline clearfix\">\r\n<div class=\"field-label\">Document (lien):<\/div>\r\n<div class=\"field-items\">\r\n<div class=\"field-item even\"><a title=\"G\u00e9oGrandEst, un centre d\u2019information et de ressources au service des acteurs du territoire\" href=\"https:\/\/www.datagrandest.fr\/public\/webinar\/webinar_20200528\/GGE_Webinaire1_20200528_1-PresentationCMS_BCR.mp4\" target=\"_blank\" rel=\"noopener\">Vid\u00e9o \"G\u00e9oGrandEst, un centre d\u2019information et de ressources au service des acteurs du territoire\"<\/a><\/div>\r\n<div class=\"field-item odd\"><a title=\"G\u00e9oGrandEst, un catalogue de donn\u00e9es r\u00e9utilisables : document\u00e9es, consultables et t\u00e9l\u00e9chargeables\" href=\"https:\/\/www.datagrandest.fr\/public\/webinar\/webinar_20200528\/GGE_Webinaire1_20200528_2-PresentationCatalog_GRK.mp4\" target=\"_blank\" rel=\"noopener\">Vid\u00e9o \"G\u00e9oGrandEst, un catalogue de donn\u00e9es r\u00e9utilisables : document\u00e9es, consultables et t\u00e9l\u00e9chargeables\"<\/a><\/div>\r\n<div class=\"field-item even\"><a title=\"G\u00e9oGrandEst, des outils de consultation et d\u2019exploitation des donn\u00e9es g\u00e9ographiques\" href=\"https:\/\/www.datagrandest.fr\/public\/webinar\/webinar_20200528\/GGE_Webinaire1_20200528_3-PresentationMapfishapp_ARI.mp4\" target=\"_blank\" rel=\"noopener\">Vid\u00e9o \"G\u00e9oGrandEst, des outils de consultation et d\u2019exploitation des donn\u00e9es g\u00e9ographiques\"<\/a><\/div>\r\n<\/div>\r\n<\/div>\r\n<div class=\"field field-name-field-file-doc field-type-file field-label-inline clearfix\">\r\n<div class=\"field-label\">Document (fichiers): <a title=\"_gge_webinaire1_20200528_faq.pdf\" href=\"\/site\/portail\/sites\/default\/files\/_gge_webinaire1_20200528_faq.pdf\" type=\"application\/pdf; length=591348\">Questions\/R\u00e9ponse<\/a><\/div>\r\n<\/div>\r\n<div class=\"field field-name-field-type-ressources field-type-taxonomy-term-reference field-label-inline clearfix\">\r\n<div class=\"field-label\">Type de ressources: Formation<\/div>\r\n<\/div>","couleur_de_fond":"transparent","taille_de_la_zone":"large-content","position_texte":"center","image_de_fond":""}]},"yoast_head":"<!-- This site is optimized with the Yoast SEO plugin v27.3 - https:\/\/yoast.com\/product\/yoast-seo-wordpress\/ -->\n<title>La plateforme G\u00e9oGrandEst : restez connect\u00e9 &amp; ressourcez-vous sur G\u00e9oGrandEst - DataGrandEst<\/title>\n<meta name=\"robots\" content=\"index, follow, max-snippet:-1, max-image-preview:large, max-video-preview:-1\" \/>\n<link rel=\"canonical\" href=\"https:\/\/www.datagrandest.fr\/site\/formations\/la-plateforme-geograndest-restez-connecte-ressourcez-vous-sur-geograndest\/\" \/>\n<meta property=\"og:locale\" content=\"fr_FR\" \/>\n<meta property=\"og:type\" content=\"article\" \/>\n<meta property=\"og:title\" content=\"La plateforme G\u00e9oGrandEst : restez connect\u00e9 &amp; ressourcez-vous sur G\u00e9oGrandEst - DataGrandEst\" \/>\n<meta property=\"og:url\" content=\"https:\/\/www.datagrandest.fr\/site\/formations\/la-plateforme-geograndest-restez-connecte-ressourcez-vous-sur-geograndest\/\" \/>\n<meta property=\"og:site_name\" content=\"DataGrandEst\" \/>\n<meta property=\"article:modified_time\" content=\"2025-12-16T09:24:38+00:00\" \/>\n<meta name=\"twitter:card\" content=\"summary_large_image\" \/>\n<meta name=\"twitter:label1\" content=\"Dur\u00e9e de lecture estim\u00e9e\" \/>\n\t<meta name=\"twitter:data1\" content=\"2 minutes\" \/>\n<script type=\"application\/ld+json\" class=\"yoast-schema-graph\">{\"@context\":\"https:\\\/\\\/schema.org\",\"@graph\":[{\"@type\":\"WebPage\",\"@id\":\"https:\\\/\\\/www.datagrandest.fr\\\/site\\\/formations\\\/la-plateforme-geograndest-restez-connecte-ressourcez-vous-sur-geograndest\\\/\",\"url\":\"https:\\\/\\\/www.datagrandest.fr\\\/site\\\/formations\\\/la-plateforme-geograndest-restez-connecte-ressourcez-vous-sur-geograndest\\\/\",\"name\":\"La plateforme G\u00e9oGrandEst : restez connect\u00e9 & ressourcez-vous sur G\u00e9oGrandEst - DataGrandEst\",\"isPartOf\":{\"@id\":\"https:\\\/\\\/www.datagrandest.fr\\\/site\\\/#website\"},\"datePublished\":\"2025-11-26T17:21:26+00:00\",\"dateModified\":\"2025-12-16T09:24:38+00:00\",\"breadcrumb\":{\"@id\":\"https:\\\/\\\/www.datagrandest.fr\\\/site\\\/formations\\\/la-plateforme-geograndest-restez-connecte-ressourcez-vous-sur-geograndest\\\/#breadcrumb\"},\"inLanguage\":\"fr-FR\",\"potentialAction\":[{\"@type\":\"ReadAction\",\"target\":[\"https:\\\/\\\/www.datagrandest.fr\\\/site\\\/formations\\\/la-plateforme-geograndest-restez-connecte-ressourcez-vous-sur-geograndest\\\/\"]}]},{\"@type\":\"BreadcrumbList\",\"@id\":\"https:\\\/\\\/www.datagrandest.fr\\\/site\\\/formations\\\/la-plateforme-geograndest-restez-connecte-ressourcez-vous-sur-geograndest\\\/#breadcrumb\",\"itemListElement\":[{\"@type\":\"ListItem\",\"position\":1,\"name\":\"Accueil\",\"item\":\"https:\\\/\\\/www.datagrandest.fr\\\/site\\\/\"},{\"@type\":\"ListItem\",\"position\":2,\"name\":\"Formations\",\"item\":\"https:\\\/\\\/www.datagrandest.fr\\\/site\\\/formations\\\/\"},{\"@type\":\"ListItem\",\"position\":3,\"name\":\"La plateforme G\u00e9oGrandEst : restez connect\u00e9 &#038; ressourcez-vous sur G\u00e9oGrandEst\"}]},{\"@type\":\"WebSite\",\"@id\":\"https:\\\/\\\/www.datagrandest.fr\\\/site\\\/#website\",\"url\":\"https:\\\/\\\/www.datagrandest.fr\\\/site\\\/\",\"name\":\"DataGrandEst\",\"description\":\"\",\"potentialAction\":[{\"@type\":\"SearchAction\",\"target\":{\"@type\":\"EntryPoint\",\"urlTemplate\":\"https:\\\/\\\/www.datagrandest.fr\\\/site\\\/?s={search_term_string}\"},\"query-input\":{\"@type\":\"PropertyValueSpecification\",\"valueRequired\":true,\"valueName\":\"search_term_string\"}}],\"inLanguage\":\"fr-FR\"}]}<\/script>\n<!-- \/ Yoast SEO plugin. -->","yoast_head_json":{"title":"La plateforme G\u00e9oGrandEst : restez connect\u00e9 & ressourcez-vous sur G\u00e9oGrandEst - DataGrandEst","robots":{"index":"index","follow":"follow","max-snippet":"max-snippet:-1","max-image-preview":"max-image-preview:large","max-video-preview":"max-video-preview:-1"},"canonical":"https:\/\/www.datagrandest.fr\/site\/formations\/la-plateforme-geograndest-restez-connecte-ressourcez-vous-sur-geograndest\/","og_locale":"fr_FR","og_type":"article","og_title":"La plateforme G\u00e9oGrandEst : restez connect\u00e9 & ressourcez-vous sur G\u00e9oGrandEst - DataGrandEst","og_url":"https:\/\/www.datagrandest.fr\/site\/formations\/la-plateforme-geograndest-restez-connecte-ressourcez-vous-sur-geograndest\/","og_site_name":"DataGrandEst","article_modified_time":"2025-12-16T09:24:38+00:00","twitter_card":"summary_large_image","twitter_misc":{"Dur\u00e9e de lecture estim\u00e9e":"2 minutes"},"schema":{"@context":"https:\/\/schema.org","@graph":[{"@type":"WebPage","@id":"https:\/\/www.datagrandest.fr\/site\/formations\/la-plateforme-geograndest-restez-connecte-ressourcez-vous-sur-geograndest\/","url":"https:\/\/www.datagrandest.fr\/site\/formations\/la-plateforme-geograndest-restez-connecte-ressourcez-vous-sur-geograndest\/","name":"La plateforme G\u00e9oGrandEst : restez connect\u00e9 & ressourcez-vous sur G\u00e9oGrandEst - DataGrandEst","isPartOf":{"@id":"https:\/\/www.datagrandest.fr\/site\/#website"},"datePublished":"2025-11-26T17:21:26+00:00","dateModified":"2025-12-16T09:24:38+00:00","breadcrumb":{"@id":"https:\/\/www.datagrandest.fr\/site\/formations\/la-plateforme-geograndest-restez-connecte-ressourcez-vous-sur-geograndest\/#breadcrumb"},"inLanguage":"fr-FR","potentialAction":[{"@type":"ReadAction","target":["https:\/\/www.datagrandest.fr\/site\/formations\/la-plateforme-geograndest-restez-connecte-ressourcez-vous-sur-geograndest\/"]}]},{"@type":"BreadcrumbList","@id":"https:\/\/www.datagrandest.fr\/site\/formations\/la-plateforme-geograndest-restez-connecte-ressourcez-vous-sur-geograndest\/#breadcrumb","itemListElement":[{"@type":"ListItem","position":1,"name":"Accueil","item":"https:\/\/www.datagrandest.fr\/site\/"},{"@type":"ListItem","position":2,"name":"Formations","item":"https:\/\/www.datagrandest.fr\/site\/formations\/"},{"@type":"ListItem","position":3,"name":"La plateforme G\u00e9oGrandEst : restez connect\u00e9 &#038; ressourcez-vous sur G\u00e9oGrandEst"}]},{"@type":"WebSite","@id":"https:\/\/www.datagrandest.fr\/site\/#website","url":"https:\/\/www.datagrandest.fr\/site\/","name":"DataGrandEst","description":"","potentialAction":[{"@type":"SearchAction","target":{"@type":"EntryPoint","urlTemplate":"https:\/\/www.datagrandest.fr\/site\/?s={search_term_string}"},"query-input":{"@type":"PropertyValueSpecification","valueRequired":true,"valueName":"search_term_string"}}],"inLanguage":"fr-FR"}]}},"_links":{"self":[{"href":"https:\/\/www.datagrandest.fr\/site\/wp-json\/wp\/v2\/pages\/2951","targetHints":{"allow":["GET"]}}],"collection":[{"href":"https:\/\/www.datagrandest.fr\/site\/wp-json\/wp\/v2\/pages"}],"about":[{"href":"https:\/\/www.datagrandest.fr\/site\/wp-json\/wp\/v2\/types\/page"}],"author":[{"embeddable":true,"href":"https:\/\/www.datagrandest.fr\/site\/wp-json\/wp\/v2\/users\/12"}],"replies":[{"embeddable":true,"href":"https:\/\/www.datagrandest.fr\/site\/wp-json\/wp\/v2\/comments?post=2951"}],"version-history":[{"count":2,"href":"https:\/\/www.datagrandest.fr\/site\/wp-json\/wp\/v2\/pages\/2951\/revisions"}],"predecessor-version":[{"id":3356,"href":"https:\/\/www.datagrandest.fr\/site\/wp-json\/wp\/v2\/pages\/2951\/revisions\/3356"}],"up":[{"embeddable":true,"href":"https:\/\/www.datagrandest.fr\/site\/wp-json\/wp\/v2\/pages\/2924"}],"wp:attachment":[{"href":"https:\/\/www.datagrandest.fr\/site\/wp-json\/wp\/v2\/media?parent=2951"}],"wp:term":[{"taxonomy":"source","embeddable":true,"href":"https:\/\/www.datagrandest.fr\/site\/wp-json\/wp\/v2\/source?post=2951"},{"taxonomy":"thematique_globale","embeddable":true,"href":"https:\/\/www.datagrandest.fr\/site\/wp-json\/wp\/v2\/thematique_globale?post=2951"}],"curies":[{"name":"wp","href":"https:\/\/api.w.org\/{rel}","templated":true}]}}