{"id":2960,"date":"2025-11-26T18:33:46","date_gmt":"2025-11-26T17:33:46","guid":{"rendered":"https:\/\/www.datagrandest.fr\/site\/?page_id=2960"},"modified":"2025-12-05T14:49:59","modified_gmt":"2025-12-05T13:49:59","slug":"mettre-en-ligne-ses-donnees-geographiques-sur-la-plateforme-geograndest","status":"publish","type":"page","link":"https:\/\/www.datagrandest.fr\/site\/formations\/mettre-en-ligne-ses-donnees-geographiques-sur-la-plateforme-geograndest\/","title":{"rendered":"Mettre en ligne ses donn\u00e9es g\u00e9ographiques sur la plateforme G\u00e9oGrandEst"},"content":{"rendered":"","protected":false},"excerpt":{"rendered":"","protected":false},"author":12,"featured_media":0,"parent":2924,"menu_order":0,"comment_status":"closed","ping_status":"closed","template":"src\/controllers\/models\/flex.php","meta":{"_acf_changed":false,"_relevanssi_hide_post":"","_relevanssi_hide_content":"","_relevanssi_pin_for_all":"","_relevanssi_pin_keywords":"","_relevanssi_unpin_keywords":"","_relevanssi_related_keywords":"","_relevanssi_related_include_ids":"","_relevanssi_related_exclude_ids":"","_relevanssi_related_no_append":"","_relevanssi_related_not_related":"","_relevanssi_related_posts":"","_relevanssi_noindex_reason":"","footnotes":""},"source":[],"thematique_globale":[],"class_list":["post-2960","page","type-page","status-publish","hentry"],"acf":{"glo_image":"","glo_intro":"","glo_car_surcharge_titre":"","glo_car_surcharge_lien":"","cms_contenus_flexibles":[{"acf_fc_layout":"flex_texte_libre","show_title":false,"titre_de_section":"","contenu":"Publier ses donn\u00e9es pour les rendre\u00a0consultables et t\u00e9l\u00e9chargeables directement sur G\u00e9oGrandEst via des flux WMS\/WFS et\u00a0pouvoir ensuite les r\u00e9utiliser dans des applications bureautiques ou web.\r\n\r\n&nbsp;\r\n\r\n<strong>Les pr\u00e9sentations :<\/strong>\r\n<ul>\r\n \t<li>Publier des donn\u00e9es g\u00e9ographiques sur la plateforme G\u00e9oGrandEst via GeoServer (serveur cartographique) - Brigitte Creusel (R\u00e9gion Grand Est)<\/li>\r\n \t<li>Symboliser ses donn\u00e9es g\u00e9ographiques sur la plateforme G\u00e9oGrandEst (G\u00e9oServer, Qgis et Mapfishapp) - Guillaume Ryckelynck (R\u00e9gion Grand Est)<\/li>\r\n \t<li>Connecter ses logiciels bureautiques SIG (Qgis et ArcGIS) \u00e0 la plateforme G\u00e9oGrandEst - Antoine Richard (R\u00e9gion Grand Est)<\/li>\r\n<\/ul>\r\n&nbsp;\r\n\r\n<u>A noter\u00a0<\/u>: les pr\u00e9sentations ci-dessous sont diffus\u00e9es \u00e0 partir de la cha\u00eene\u00a0<strong>YouTube G\u00e9oGrandEst.<\/strong>\u00a0Si vous rencontrez des difficult\u00e9s pour les visionner, nous vous invitons \u00e0 utiliser les liens mentionn\u00e9s dans la rubrique \"<strong>Document\u00a0(lien)<\/strong>\"","couleur_de_fond":"transparent","taille_de_la_zone":"large-content","position_texte":"center","image_de_fond":""},{"acf_fc_layout":"flex_trois_colonnes","show_title":false,"titre_de_section":"","colonnes":{"":null,"gauche":{"medias":["video"],"image":"","video":"https:\/\/www.youtube-nocookie.com\/embed\/9MBrI7CaGjE?rel=0","mp4":null,"contenu":"Publier des donn\u00e9es g\u00e9ographiques sur la plateforme G\u00e9oGrandEst via GeoServer (serveur cartographique) -\u00a0<strong>Brigitte Creusel (R\u00e9gion Grand Est)<\/strong>"},"centre":{"medias":["video"],"image":"","video":"https:\/\/www.youtube-nocookie.com\/embed\/jQlYXg6d5wE?rel=0","mp4":null,"contenu":"Symboliser ses donn\u00e9es g\u00e9ographiques sur la plateforme G\u00e9oGrandEst (G\u00e9oServer, Qgis et Mapfishapp) \u2013\u00a0<strong>Guillaume Ryckelynck (R\u00e9gion Grand Est)<\/strong>"},"droite":{"medias":["video"],"image":"","video":"https:\/\/www.youtube-nocookie.com\/embed\/txvhTrI5WeU?rel=0","mp4":null,"contenu":"Connecter ses logiciels bureautiques SIG (Qgis et ArcGIS) \u00e0 la plateforme G\u00e9oGrandEst -\u00a0<strong>Antoine Richard (R\u00e9gion Grand Est)<\/strong>"}},"couleur_de_fond":"transparent","taille_de_la_zone":"large-content","image_de_fond":""},{"acf_fc_layout":"flex_texte_libre","show_title":false,"titre_de_section":"","contenu":"<div class=\"field field-name-field-version field-type-text field-label-inline clearfix\">\r\n<div class=\"field-label\">Version : finale (11\/06\/2020)<\/div>\r\n<\/div>\r\n<div class=\"field field-name-field-type-doc field-type-text field-label-inline clearfix\">\r\n<div class=\"field-label\">Format: PDF, MP4<\/div>\r\n<\/div>\r\n<div class=\"field field-name-field-url-doc field-type-link-field field-label-inline clearfix\">\r\n<div class=\"field-label\">Document (lien):<\/div>\r\n<div class=\"field-items\">\r\n<div class=\"field-item even\"><a title=\"Pr\u00e9parer et Publier ses donn\u00e9es g\u00e9ographiques via le serveur cartographique GeoServer\" href=\"https:\/\/www.datagrandest.fr\/public\/webinar\/webinar_20200611\/GGE_webinaire3_20200611_1_Presentation_BCR.mp4\" target=\"_blank\" rel=\"noopener\">Vid\u00e9o \"Pr\u00e9parer et Publier ses donn\u00e9es g\u00e9ographiques via le serveur cartographique GeoServer\"<\/a><\/div>\r\n<div class=\"field-item odd\"><a title=\"Symbologie dans MapFishApp\" href=\"https:\/\/www.datagrandest.fr\/public\/webinar\/webinar_20200611\/GGE_webinaire3_20200611_2_Presentation_GRK.mp4\" target=\"_blank\" rel=\"noopener\">Vid\u00e9o \"Symbologie dans MapFishApp\"<\/a><\/div>\r\n<div class=\"field-item even\"><a title=\"Connectez vos logiciels SIG Bureautique Qgis et ArcGIS \u00e0 G\u00e9oGrandEst\" href=\"https:\/\/www.datagrandest.fr\/public\/webinar\/webinar_20200611\/GGE_Webinaire3_20200611_3_Presentation_ARI.mp4\" target=\"_blank\" rel=\"noopener\">Vid\u00e9o \"Connectez vos logiciels SIG Bureautique Qgis et ArcGIS \u00e0 G\u00e9oGrandEst\"<\/a><\/div>\r\n<\/div>\r\n<\/div>\r\n<div class=\"field field-name-field-file-doc field-type-file field-label-inline clearfix\">\r\n<div class=\"field-label\">Document (fichiers): <a title=\"gge_webinaire3_20200611_faq.pdf\" href=\"\/site\/portail\/fr\/system\/files\/document\/2020-06\/gge_webinaire3_20200611_faq.pdf\" type=\"application\/pdf; length=234777\">FAQ du webinaire<\/a><\/div>\r\n<\/div>\r\n<div class=\"field field-name-field-type-ressources field-type-taxonomy-term-reference field-label-inline clearfix\">\r\n<div class=\"field-label\">Type de ressources : Formation<\/div>\r\n<\/div>","couleur_de_fond":"transparent","taille_de_la_zone":"large-content","position_texte":"center","image_de_fond":""}]},"yoast_head":"<!-- This site is optimized with the Yoast SEO plugin v27.3 - https:\/\/yoast.com\/product\/yoast-seo-wordpress\/ -->\n<title>Mettre en ligne ses donn\u00e9es g\u00e9ographiques sur la plateforme G\u00e9oGrandEst - DataGrandEst<\/title>\n<meta name=\"robots\" content=\"index, follow, max-snippet:-1, max-image-preview:large, max-video-preview:-1\" \/>\n<link rel=\"canonical\" href=\"https:\/\/www.datagrandest.fr\/site\/formations\/mettre-en-ligne-ses-donnees-geographiques-sur-la-plateforme-geograndest\/\" \/>\n<meta property=\"og:locale\" content=\"fr_FR\" \/>\n<meta property=\"og:type\" content=\"article\" \/>\n<meta property=\"og:title\" content=\"Mettre en ligne ses donn\u00e9es g\u00e9ographiques sur la plateforme G\u00e9oGrandEst - DataGrandEst\" \/>\n<meta property=\"og:url\" content=\"https:\/\/www.datagrandest.fr\/site\/formations\/mettre-en-ligne-ses-donnees-geographiques-sur-la-plateforme-geograndest\/\" \/>\n<meta property=\"og:site_name\" content=\"DataGrandEst\" \/>\n<meta property=\"article:modified_time\" content=\"2025-12-05T13:49:59+00:00\" \/>\n<meta name=\"twitter:card\" content=\"summary_large_image\" \/>\n<meta name=\"twitter:label1\" content=\"Dur\u00e9e de lecture estim\u00e9e\" \/>\n\t<meta name=\"twitter:data1\" content=\"2 minutes\" \/>\n<script type=\"application\/ld+json\" class=\"yoast-schema-graph\">{\"@context\":\"https:\\\/\\\/schema.org\",\"@graph\":[{\"@type\":\"WebPage\",\"@id\":\"https:\\\/\\\/www.datagrandest.fr\\\/site\\\/formations\\\/mettre-en-ligne-ses-donnees-geographiques-sur-la-plateforme-geograndest\\\/\",\"url\":\"https:\\\/\\\/www.datagrandest.fr\\\/site\\\/formations\\\/mettre-en-ligne-ses-donnees-geographiques-sur-la-plateforme-geograndest\\\/\",\"name\":\"Mettre en ligne ses donn\u00e9es g\u00e9ographiques sur la plateforme G\u00e9oGrandEst - DataGrandEst\",\"isPartOf\":{\"@id\":\"https:\\\/\\\/www.datagrandest.fr\\\/site\\\/#website\"},\"datePublished\":\"2025-11-26T17:33:46+00:00\",\"dateModified\":\"2025-12-05T13:49:59+00:00\",\"breadcrumb\":{\"@id\":\"https:\\\/\\\/www.datagrandest.fr\\\/site\\\/formations\\\/mettre-en-ligne-ses-donnees-geographiques-sur-la-plateforme-geograndest\\\/#breadcrumb\"},\"inLanguage\":\"fr-FR\",\"potentialAction\":[{\"@type\":\"ReadAction\",\"target\":[\"https:\\\/\\\/www.datagrandest.fr\\\/site\\\/formations\\\/mettre-en-ligne-ses-donnees-geographiques-sur-la-plateforme-geograndest\\\/\"]}]},{\"@type\":\"BreadcrumbList\",\"@id\":\"https:\\\/\\\/www.datagrandest.fr\\\/site\\\/formations\\\/mettre-en-ligne-ses-donnees-geographiques-sur-la-plateforme-geograndest\\\/#breadcrumb\",\"itemListElement\":[{\"@type\":\"ListItem\",\"position\":1,\"name\":\"Accueil\",\"item\":\"https:\\\/\\\/www.datagrandest.fr\\\/site\\\/\"},{\"@type\":\"ListItem\",\"position\":2,\"name\":\"Formations\",\"item\":\"https:\\\/\\\/www.datagrandest.fr\\\/site\\\/formations\\\/\"},{\"@type\":\"ListItem\",\"position\":3,\"name\":\"Mettre en ligne ses donn\u00e9es g\u00e9ographiques sur la plateforme G\u00e9oGrandEst\"}]},{\"@type\":\"WebSite\",\"@id\":\"https:\\\/\\\/www.datagrandest.fr\\\/site\\\/#website\",\"url\":\"https:\\\/\\\/www.datagrandest.fr\\\/site\\\/\",\"name\":\"DataGrandEst\",\"description\":\"\",\"potentialAction\":[{\"@type\":\"SearchAction\",\"target\":{\"@type\":\"EntryPoint\",\"urlTemplate\":\"https:\\\/\\\/www.datagrandest.fr\\\/site\\\/?s={search_term_string}\"},\"query-input\":{\"@type\":\"PropertyValueSpecification\",\"valueRequired\":true,\"valueName\":\"search_term_string\"}}],\"inLanguage\":\"fr-FR\"}]}<\/script>\n<!-- \/ Yoast SEO plugin. -->","yoast_head_json":{"title":"Mettre en ligne ses donn\u00e9es g\u00e9ographiques sur la plateforme G\u00e9oGrandEst - DataGrandEst","robots":{"index":"index","follow":"follow","max-snippet":"max-snippet:-1","max-image-preview":"max-image-preview:large","max-video-preview":"max-video-preview:-1"},"canonical":"https:\/\/www.datagrandest.fr\/site\/formations\/mettre-en-ligne-ses-donnees-geographiques-sur-la-plateforme-geograndest\/","og_locale":"fr_FR","og_type":"article","og_title":"Mettre en ligne ses donn\u00e9es g\u00e9ographiques sur la plateforme G\u00e9oGrandEst - DataGrandEst","og_url":"https:\/\/www.datagrandest.fr\/site\/formations\/mettre-en-ligne-ses-donnees-geographiques-sur-la-plateforme-geograndest\/","og_site_name":"DataGrandEst","article_modified_time":"2025-12-05T13:49:59+00:00","twitter_card":"summary_large_image","twitter_misc":{"Dur\u00e9e de lecture estim\u00e9e":"2 minutes"},"schema":{"@context":"https:\/\/schema.org","@graph":[{"@type":"WebPage","@id":"https:\/\/www.datagrandest.fr\/site\/formations\/mettre-en-ligne-ses-donnees-geographiques-sur-la-plateforme-geograndest\/","url":"https:\/\/www.datagrandest.fr\/site\/formations\/mettre-en-ligne-ses-donnees-geographiques-sur-la-plateforme-geograndest\/","name":"Mettre en ligne ses donn\u00e9es g\u00e9ographiques sur la plateforme G\u00e9oGrandEst - DataGrandEst","isPartOf":{"@id":"https:\/\/www.datagrandest.fr\/site\/#website"},"datePublished":"2025-11-26T17:33:46+00:00","dateModified":"2025-12-05T13:49:59+00:00","breadcrumb":{"@id":"https:\/\/www.datagrandest.fr\/site\/formations\/mettre-en-ligne-ses-donnees-geographiques-sur-la-plateforme-geograndest\/#breadcrumb"},"inLanguage":"fr-FR","potentialAction":[{"@type":"ReadAction","target":["https:\/\/www.datagrandest.fr\/site\/formations\/mettre-en-ligne-ses-donnees-geographiques-sur-la-plateforme-geograndest\/"]}]},{"@type":"BreadcrumbList","@id":"https:\/\/www.datagrandest.fr\/site\/formations\/mettre-en-ligne-ses-donnees-geographiques-sur-la-plateforme-geograndest\/#breadcrumb","itemListElement":[{"@type":"ListItem","position":1,"name":"Accueil","item":"https:\/\/www.datagrandest.fr\/site\/"},{"@type":"ListItem","position":2,"name":"Formations","item":"https:\/\/www.datagrandest.fr\/site\/formations\/"},{"@type":"ListItem","position":3,"name":"Mettre en ligne ses donn\u00e9es g\u00e9ographiques sur la plateforme G\u00e9oGrandEst"}]},{"@type":"WebSite","@id":"https:\/\/www.datagrandest.fr\/site\/#website","url":"https:\/\/www.datagrandest.fr\/site\/","name":"DataGrandEst","description":"","potentialAction":[{"@type":"SearchAction","target":{"@type":"EntryPoint","urlTemplate":"https:\/\/www.datagrandest.fr\/site\/?s={search_term_string}"},"query-input":{"@type":"PropertyValueSpecification","valueRequired":true,"valueName":"search_term_string"}}],"inLanguage":"fr-FR"}]}},"_links":{"self":[{"href":"https:\/\/www.datagrandest.fr\/site\/wp-json\/wp\/v2\/pages\/2960","targetHints":{"allow":["GET"]}}],"collection":[{"href":"https:\/\/www.datagrandest.fr\/site\/wp-json\/wp\/v2\/pages"}],"about":[{"href":"https:\/\/www.datagrandest.fr\/site\/wp-json\/wp\/v2\/types\/page"}],"author":[{"embeddable":true,"href":"https:\/\/www.datagrandest.fr\/site\/wp-json\/wp\/v2\/users\/12"}],"replies":[{"embeddable":true,"href":"https:\/\/www.datagrandest.fr\/site\/wp-json\/wp\/v2\/comments?post=2960"}],"version-history":[{"count":2,"href":"https:\/\/www.datagrandest.fr\/site\/wp-json\/wp\/v2\/pages\/2960\/revisions"}],"predecessor-version":[{"id":3188,"href":"https:\/\/www.datagrandest.fr\/site\/wp-json\/wp\/v2\/pages\/2960\/revisions\/3188"}],"up":[{"embeddable":true,"href":"https:\/\/www.datagrandest.fr\/site\/wp-json\/wp\/v2\/pages\/2924"}],"wp:attachment":[{"href":"https:\/\/www.datagrandest.fr\/site\/wp-json\/wp\/v2\/media?parent=2960"}],"wp:term":[{"taxonomy":"source","embeddable":true,"href":"https:\/\/www.datagrandest.fr\/site\/wp-json\/wp\/v2\/source?post=2960"},{"taxonomy":"thematique_globale","embeddable":true,"href":"https:\/\/www.datagrandest.fr\/site\/wp-json\/wp\/v2\/thematique_globale?post=2960"}],"curies":[{"name":"wp","href":"https:\/\/api.w.org\/{rel}","templated":true}]}}