{"id":3256,"date":"2026-03-02T12:01:29","date_gmt":"2026-03-02T11:01:29","guid":{"rendered":"https:\/\/www.datagrandest.fr\/site\/?page_id=3256"},"modified":"2026-04-22T12:15:11","modified_gmt":"2026-04-22T10:15:11","slug":"adherents","status":"publish","type":"page","link":"https:\/\/www.datagrandest.fr\/site\/adherents\/","title":{"rendered":"Adh\u00e9rents"},"content":{"rendered":"","protected":false},"excerpt":{"rendered":"","protected":false},"author":1,"featured_media":0,"parent":0,"menu_order":0,"comment_status":"closed","ping_status":"closed","template":"src\/controllers\/models\/flex.php","meta":{"_acf_changed":false,"_relevanssi_hide_post":"","_relevanssi_hide_content":"","_relevanssi_pin_for_all":"","_relevanssi_pin_keywords":"","_relevanssi_unpin_keywords":"","_relevanssi_related_keywords":"","_relevanssi_related_include_ids":"","_relevanssi_related_exclude_ids":"","_relevanssi_related_no_append":"","_relevanssi_related_not_related":"","_relevanssi_related_posts":"","_relevanssi_noindex_reason":"","footnotes":""},"source":[],"thematique_globale":[],"class_list":["post-3256","page","type-page","status-publish","hentry"],"acf":{"glo_image":"","glo_intro":"","glo_car_surcharge_titre":"","glo_car_surcharge_lien":"","cms_contenus_flexibles":[{"acf_fc_layout":"flex_adherents","titre":"Pilotes de DataGrandEst :","texte_court":"La d\u00e9marche partenariale DataGrandEst a initialement \u00e9t\u00e9 impuls\u00e9e par l'Etat et la R\u00e9gion pour r\u00e9pondre aux attentes et obligations de la loi NOTRE et de la r\u00e8glementation en mati\u00e8re d'organisation et de gouvernance territoriale de la donn\u00e9e.\r\nLe financement principal du programme est adoss\u00e9 au CPER et au FEDER.","logos":[3258,3260]},{"acf_fc_layout":"flex_adherents","titre":"Financeurs prenant part \u00e0 la gouvernance :","texte_court":"13 adh\u00e9rents financent DataGrandEst aux c\u00f4t\u00e9s de l\u2019Etat et de la R\u00e9gion.\r\nLeur participation permet de mettre en place des services qui viennent enrichir les projets financ\u00e9s par l\u2019Etat et la R\u00e9gion.","logos":[4828,4830,4829,4823,4826,4827,4825,4824,4819,4822,4818,4821,4820]},{"acf_fc_layout":"flex_adherents","titre":"Adh\u00e9rents :","texte_court":"89 structures ont sign\u00e9 la charte d\u2019adh\u00e9sion et participent activement au d\u00e9veloppement de DataGrandEst","logos":[4712,4713,4716,4715,4717,4718,4719,4720,4721,4722,4723,4724,4725,4726,4708,4727,4728,4730,4729,4731,4732,4733,4734,4735,4737,4738,4834,4743,4750,4745,4744,4751,4746,4747,4739,4767,4740,4710,4749,4764,4774,4775,4776,4777,4761,4760,4768,4769,4748,4766,4765,4771,4772,4831,4752,4754,4753,4756,4755,4763,4757,4736,4832,4714,4759,4835,4780,4758,4802,4785,4790,4792,4793,4795,4796,4798,4799,4801,4782,4807,4741,4711,4784,4803,4709,4833,5245,4829,4787,5624]},{"acf_fc_layout":"flex_texte_libre","show_title":false,"titre_de_section":"","contenu":"Pas encore membre du r\u00e9seau ?\r\nN'h\u00e9sitez pas \u00e0 venir nous rejoindre : l'adh\u00e9sion est simple et gratuite !\r\n<p style=\"text-align: center;\"><a class=\"btn btn-orange\" href=\"https:\/\/www.datagrandest.fr\/site\/adherer-a-datagrandest\/\">Adh\u00e9rer \u00e0 DataGrandEst <\/a>\u00a0 \u00a0\u00a0<a class=\"btn btn-border\" href=\"https:\/\/www.datagrandest.fr\/site\/contact\/\">Nous contacter<\/a><\/p>","couleur_de_fond":"transparent","taille_de_la_zone":"large-content","position_texte":"center","image_de_fond":""}]},"yoast_head":"<!-- This site is optimized with the Yoast SEO plugin v27.4 - https:\/\/yoast.com\/product\/yoast-seo-wordpress\/ -->\n<title>Adh\u00e9rents - DataGrandEst<\/title>\n<meta name=\"robots\" content=\"index, follow, max-snippet:-1, max-image-preview:large, max-video-preview:-1\" \/>\n<link rel=\"canonical\" href=\"https:\/\/www.datagrandest.fr\/site\/adherents\/\" \/>\n<meta property=\"og:locale\" content=\"fr_FR\" \/>\n<meta property=\"og:type\" content=\"article\" \/>\n<meta property=\"og:title\" content=\"Adh\u00e9rents - DataGrandEst\" \/>\n<meta property=\"og:url\" content=\"https:\/\/www.datagrandest.fr\/site\/adherents\/\" \/>\n<meta property=\"og:site_name\" content=\"DataGrandEst\" \/>\n<meta property=\"article:modified_time\" content=\"2026-04-22T10:15:11+00:00\" \/>\n<meta name=\"twitter:card\" content=\"summary_large_image\" \/>\n<meta name=\"twitter:label1\" content=\"Dur\u00e9e de lecture estim\u00e9e\" \/>\n\t<meta name=\"twitter:data1\" content=\"1 minute\" \/>\n<script type=\"application\/ld+json\" class=\"yoast-schema-graph\">{\"@context\":\"https:\\\/\\\/schema.org\",\"@graph\":[{\"@type\":\"WebPage\",\"@id\":\"https:\\\/\\\/www.datagrandest.fr\\\/site\\\/adherents\\\/\",\"url\":\"https:\\\/\\\/www.datagrandest.fr\\\/site\\\/adherents\\\/\",\"name\":\"Adh\u00e9rents - DataGrandEst\",\"isPartOf\":{\"@id\":\"https:\\\/\\\/www.datagrandest.fr\\\/site\\\/#website\"},\"datePublished\":\"2026-03-02T11:01:29+00:00\",\"dateModified\":\"2026-04-22T10:15:11+00:00\",\"breadcrumb\":{\"@id\":\"https:\\\/\\\/www.datagrandest.fr\\\/site\\\/adherents\\\/#breadcrumb\"},\"inLanguage\":\"fr-FR\",\"potentialAction\":[{\"@type\":\"ReadAction\",\"target\":[\"https:\\\/\\\/www.datagrandest.fr\\\/site\\\/adherents\\\/\"]}]},{\"@type\":\"BreadcrumbList\",\"@id\":\"https:\\\/\\\/www.datagrandest.fr\\\/site\\\/adherents\\\/#breadcrumb\",\"itemListElement\":[{\"@type\":\"ListItem\",\"position\":1,\"name\":\"Accueil\",\"item\":\"https:\\\/\\\/www.datagrandest.fr\\\/site\\\/\"},{\"@type\":\"ListItem\",\"position\":2,\"name\":\"Adh\u00e9rents\"}]},{\"@type\":\"WebSite\",\"@id\":\"https:\\\/\\\/www.datagrandest.fr\\\/site\\\/#website\",\"url\":\"https:\\\/\\\/www.datagrandest.fr\\\/site\\\/\",\"name\":\"DataGrandEst\",\"description\":\"\",\"potentialAction\":[{\"@type\":\"SearchAction\",\"target\":{\"@type\":\"EntryPoint\",\"urlTemplate\":\"https:\\\/\\\/www.datagrandest.fr\\\/site\\\/?s={search_term_string}\"},\"query-input\":{\"@type\":\"PropertyValueSpecification\",\"valueRequired\":true,\"valueName\":\"search_term_string\"}}],\"inLanguage\":\"fr-FR\"}]}<\/script>\n<!-- \/ Yoast SEO plugin. -->","yoast_head_json":{"title":"Adh\u00e9rents - DataGrandEst","robots":{"index":"index","follow":"follow","max-snippet":"max-snippet:-1","max-image-preview":"max-image-preview:large","max-video-preview":"max-video-preview:-1"},"canonical":"https:\/\/www.datagrandest.fr\/site\/adherents\/","og_locale":"fr_FR","og_type":"article","og_title":"Adh\u00e9rents - DataGrandEst","og_url":"https:\/\/www.datagrandest.fr\/site\/adherents\/","og_site_name":"DataGrandEst","article_modified_time":"2026-04-22T10:15:11+00:00","twitter_card":"summary_large_image","twitter_misc":{"Dur\u00e9e de lecture estim\u00e9e":"1 minute"},"schema":{"@context":"https:\/\/schema.org","@graph":[{"@type":"WebPage","@id":"https:\/\/www.datagrandest.fr\/site\/adherents\/","url":"https:\/\/www.datagrandest.fr\/site\/adherents\/","name":"Adh\u00e9rents - DataGrandEst","isPartOf":{"@id":"https:\/\/www.datagrandest.fr\/site\/#website"},"datePublished":"2026-03-02T11:01:29+00:00","dateModified":"2026-04-22T10:15:11+00:00","breadcrumb":{"@id":"https:\/\/www.datagrandest.fr\/site\/adherents\/#breadcrumb"},"inLanguage":"fr-FR","potentialAction":[{"@type":"ReadAction","target":["https:\/\/www.datagrandest.fr\/site\/adherents\/"]}]},{"@type":"BreadcrumbList","@id":"https:\/\/www.datagrandest.fr\/site\/adherents\/#breadcrumb","itemListElement":[{"@type":"ListItem","position":1,"name":"Accueil","item":"https:\/\/www.datagrandest.fr\/site\/"},{"@type":"ListItem","position":2,"name":"Adh\u00e9rents"}]},{"@type":"WebSite","@id":"https:\/\/www.datagrandest.fr\/site\/#website","url":"https:\/\/www.datagrandest.fr\/site\/","name":"DataGrandEst","description":"","potentialAction":[{"@type":"SearchAction","target":{"@type":"EntryPoint","urlTemplate":"https:\/\/www.datagrandest.fr\/site\/?s={search_term_string}"},"query-input":{"@type":"PropertyValueSpecification","valueRequired":true,"valueName":"search_term_string"}}],"inLanguage":"fr-FR"}]}},"_links":{"self":[{"href":"https:\/\/www.datagrandest.fr\/site\/wp-json\/wp\/v2\/pages\/3256","targetHints":{"allow":["GET"]}}],"collection":[{"href":"https:\/\/www.datagrandest.fr\/site\/wp-json\/wp\/v2\/pages"}],"about":[{"href":"https:\/\/www.datagrandest.fr\/site\/wp-json\/wp\/v2\/types\/page"}],"author":[{"embeddable":true,"href":"https:\/\/www.datagrandest.fr\/site\/wp-json\/wp\/v2\/users\/1"}],"replies":[{"embeddable":true,"href":"https:\/\/www.datagrandest.fr\/site\/wp-json\/wp\/v2\/comments?post=3256"}],"version-history":[{"count":10,"href":"https:\/\/www.datagrandest.fr\/site\/wp-json\/wp\/v2\/pages\/3256\/revisions"}],"predecessor-version":[{"id":5628,"href":"https:\/\/www.datagrandest.fr\/site\/wp-json\/wp\/v2\/pages\/3256\/revisions\/5628"}],"wp:attachment":[{"href":"https:\/\/www.datagrandest.fr\/site\/wp-json\/wp\/v2\/media?parent=3256"}],"wp:term":[{"taxonomy":"source","embeddable":true,"href":"https:\/\/www.datagrandest.fr\/site\/wp-json\/wp\/v2\/source?post=3256"},{"taxonomy":"thematique_globale","embeddable":true,"href":"https:\/\/www.datagrandest.fr\/site\/wp-json\/wp\/v2\/thematique_globale?post=3256"}],"curies":[{"name":"wp","href":"https:\/\/api.w.org\/{rel}","templated":true}]}}