{"id":3376,"date":"2025-12-18T10:47:45","date_gmt":"2025-12-18T09:47:45","guid":{"rendered":"https:\/\/www.datagrandest.fr\/site\/?page_id=3376"},"modified":"2025-12-18T10:48:15","modified_gmt":"2025-12-18T09:48:15","slug":"fichier-national-des-etablissements-sanitaires-et-sociaux","status":"publish","type":"page","link":"https:\/\/www.datagrandest.fr\/site\/sites-de-donnees-de-sante\/fichier-national-des-etablissements-sanitaires-et-sociaux\/","title":{"rendered":"Fichier national des \u00e9tablissements sanitaires et sociaux"},"content":{"rendered":"<p>Ce site donne acc\u00e8s \u00e0 une s\u00e9lection d&rsquo;informations sur les \u00e9tablissements sanitaires, sociaux, m\u00e9dico-sociaux, et de formation aux professions de ces secteurs. FINESS assure l&rsquo;immatriculation des \u00e9tablissements et entit\u00e9s juridiques porteurs d&rsquo;une autorisation ou d&rsquo;un agr\u00e9ment.<br \/>\nLes donn\u00e9es sont actualis\u00e9es au quotidien en fonction des modifications effectu\u00e9es au niveau territorial (ARS, DRJSCS).<\/p>\n","protected":false},"excerpt":{"rendered":"<p>Ce site donne acc\u00e8s \u00e0 une s\u00e9lection d&rsquo;informations sur les \u00e9tablissements sanitaires, sociaux, m\u00e9dico-sociaux, et de formation aux professions de ces secteurs. FINESS assure l&rsquo;immatriculation des \u00e9tablissements et entit\u00e9s juridiques porteurs d&rsquo;une autorisation ou d&rsquo;un agr\u00e9ment. Les donn\u00e9es sont actualis\u00e9es au quotidien en fonction des modifications effectu\u00e9es au niveau territorial (ARS, DRJSCS).<\/p>\n","protected":false},"author":12,"featured_media":0,"parent":875,"menu_order":0,"comment_status":"closed","ping_status":"closed","template":"","meta":{"_acf_changed":false,"_relevanssi_hide_post":"","_relevanssi_hide_content":"","_relevanssi_pin_for_all":"","_relevanssi_pin_keywords":"","_relevanssi_unpin_keywords":"","_relevanssi_related_keywords":"","_relevanssi_related_include_ids":"","_relevanssi_related_exclude_ids":"","_relevanssi_related_no_append":"","_relevanssi_related_not_related":"","_relevanssi_related_posts":"","_relevanssi_noindex_reason":"","footnotes":""},"source":[],"thematique_globale":[],"class_list":["post-3376","page","type-page","status-publish","hentry"],"acf":{"glo_image":"","glo_intro":"","glo_car_surcharge_titre":"","glo_car_surcharge_lien":""},"yoast_head":"<!-- This site is optimized with the Yoast SEO plugin v27.4 - https:\/\/yoast.com\/product\/yoast-seo-wordpress\/ -->\n<title>Fichier national des \u00e9tablissements sanitaires et sociaux - DataGrandEst<\/title>\n<meta name=\"robots\" content=\"index, follow, max-snippet:-1, max-image-preview:large, max-video-preview:-1\" \/>\n<link rel=\"canonical\" href=\"https:\/\/www.datagrandest.fr\/site\/sites-de-donnees-de-sante\/fichier-national-des-etablissements-sanitaires-et-sociaux\/\" \/>\n<meta property=\"og:locale\" content=\"fr_FR\" \/>\n<meta property=\"og:type\" content=\"article\" \/>\n<meta property=\"og:title\" content=\"Fichier national des \u00e9tablissements sanitaires et sociaux - DataGrandEst\" \/>\n<meta property=\"og:description\" content=\"Ce site donne acc\u00e8s \u00e0 une s\u00e9lection d&rsquo;informations sur les \u00e9tablissements sanitaires, sociaux, m\u00e9dico-sociaux, et de formation aux professions de ces secteurs. FINESS assure l&rsquo;immatriculation des \u00e9tablissements et entit\u00e9s juridiques porteurs d&rsquo;une autorisation ou d&rsquo;un agr\u00e9ment. Les donn\u00e9es sont actualis\u00e9es au quotidien en fonction des modifications effectu\u00e9es au niveau territorial (ARS, DRJSCS).\" \/>\n<meta property=\"og:url\" content=\"https:\/\/www.datagrandest.fr\/site\/sites-de-donnees-de-sante\/fichier-national-des-etablissements-sanitaires-et-sociaux\/\" \/>\n<meta property=\"og:site_name\" content=\"DataGrandEst\" \/>\n<meta property=\"article:modified_time\" content=\"2025-12-18T09:48:15+00:00\" \/>\n<meta name=\"twitter:card\" content=\"summary_large_image\" \/>\n<meta name=\"twitter:label1\" content=\"Dur\u00e9e de lecture estim\u00e9e\" \/>\n\t<meta name=\"twitter:data1\" content=\"1 minute\" \/>\n<script type=\"application\/ld+json\" class=\"yoast-schema-graph\">{\"@context\":\"https:\\\/\\\/schema.org\",\"@graph\":[{\"@type\":\"WebPage\",\"@id\":\"https:\\\/\\\/www.datagrandest.fr\\\/site\\\/sites-de-donnees-de-sante\\\/fichier-national-des-etablissements-sanitaires-et-sociaux\\\/\",\"url\":\"https:\\\/\\\/www.datagrandest.fr\\\/site\\\/sites-de-donnees-de-sante\\\/fichier-national-des-etablissements-sanitaires-et-sociaux\\\/\",\"name\":\"Fichier national des \u00e9tablissements sanitaires et sociaux - DataGrandEst\",\"isPartOf\":{\"@id\":\"https:\\\/\\\/www.datagrandest.fr\\\/site\\\/#website\"},\"datePublished\":\"2025-12-18T09:47:45+00:00\",\"dateModified\":\"2025-12-18T09:48:15+00:00\",\"breadcrumb\":{\"@id\":\"https:\\\/\\\/www.datagrandest.fr\\\/site\\\/sites-de-donnees-de-sante\\\/fichier-national-des-etablissements-sanitaires-et-sociaux\\\/#breadcrumb\"},\"inLanguage\":\"fr-FR\",\"potentialAction\":[{\"@type\":\"ReadAction\",\"target\":[\"https:\\\/\\\/www.datagrandest.fr\\\/site\\\/sites-de-donnees-de-sante\\\/fichier-national-des-etablissements-sanitaires-et-sociaux\\\/\"]}]},{\"@type\":\"BreadcrumbList\",\"@id\":\"https:\\\/\\\/www.datagrandest.fr\\\/site\\\/sites-de-donnees-de-sante\\\/fichier-national-des-etablissements-sanitaires-et-sociaux\\\/#breadcrumb\",\"itemListElement\":[{\"@type\":\"ListItem\",\"position\":1,\"name\":\"Accueil\",\"item\":\"https:\\\/\\\/www.datagrandest.fr\\\/site\\\/\"},{\"@type\":\"ListItem\",\"position\":2,\"name\":\"Sites de donn\u00e9es de sant\u00e9\",\"item\":\"https:\\\/\\\/www.datagrandest.fr\\\/site\\\/sites-de-donnees-de-sante\\\/\"},{\"@type\":\"ListItem\",\"position\":3,\"name\":\"Fichier national des \u00e9tablissements sanitaires et sociaux\"}]},{\"@type\":\"WebSite\",\"@id\":\"https:\\\/\\\/www.datagrandest.fr\\\/site\\\/#website\",\"url\":\"https:\\\/\\\/www.datagrandest.fr\\\/site\\\/\",\"name\":\"DataGrandEst\",\"description\":\"\",\"potentialAction\":[{\"@type\":\"SearchAction\",\"target\":{\"@type\":\"EntryPoint\",\"urlTemplate\":\"https:\\\/\\\/www.datagrandest.fr\\\/site\\\/?s={search_term_string}\"},\"query-input\":{\"@type\":\"PropertyValueSpecification\",\"valueRequired\":true,\"valueName\":\"search_term_string\"}}],\"inLanguage\":\"fr-FR\"}]}<\/script>\n<!-- \/ Yoast SEO plugin. -->","yoast_head_json":{"title":"Fichier national des \u00e9tablissements sanitaires et sociaux - DataGrandEst","robots":{"index":"index","follow":"follow","max-snippet":"max-snippet:-1","max-image-preview":"max-image-preview:large","max-video-preview":"max-video-preview:-1"},"canonical":"https:\/\/www.datagrandest.fr\/site\/sites-de-donnees-de-sante\/fichier-national-des-etablissements-sanitaires-et-sociaux\/","og_locale":"fr_FR","og_type":"article","og_title":"Fichier national des \u00e9tablissements sanitaires et sociaux - DataGrandEst","og_description":"Ce site donne acc\u00e8s \u00e0 une s\u00e9lection d&rsquo;informations sur les \u00e9tablissements sanitaires, sociaux, m\u00e9dico-sociaux, et de formation aux professions de ces secteurs. FINESS assure l&rsquo;immatriculation des \u00e9tablissements et entit\u00e9s juridiques porteurs d&rsquo;une autorisation ou d&rsquo;un agr\u00e9ment. Les donn\u00e9es sont actualis\u00e9es au quotidien en fonction des modifications effectu\u00e9es au niveau territorial (ARS, DRJSCS).","og_url":"https:\/\/www.datagrandest.fr\/site\/sites-de-donnees-de-sante\/fichier-national-des-etablissements-sanitaires-et-sociaux\/","og_site_name":"DataGrandEst","article_modified_time":"2025-12-18T09:48:15+00:00","twitter_card":"summary_large_image","twitter_misc":{"Dur\u00e9e de lecture estim\u00e9e":"1 minute"},"schema":{"@context":"https:\/\/schema.org","@graph":[{"@type":"WebPage","@id":"https:\/\/www.datagrandest.fr\/site\/sites-de-donnees-de-sante\/fichier-national-des-etablissements-sanitaires-et-sociaux\/","url":"https:\/\/www.datagrandest.fr\/site\/sites-de-donnees-de-sante\/fichier-national-des-etablissements-sanitaires-et-sociaux\/","name":"Fichier national des \u00e9tablissements sanitaires et sociaux - DataGrandEst","isPartOf":{"@id":"https:\/\/www.datagrandest.fr\/site\/#website"},"datePublished":"2025-12-18T09:47:45+00:00","dateModified":"2025-12-18T09:48:15+00:00","breadcrumb":{"@id":"https:\/\/www.datagrandest.fr\/site\/sites-de-donnees-de-sante\/fichier-national-des-etablissements-sanitaires-et-sociaux\/#breadcrumb"},"inLanguage":"fr-FR","potentialAction":[{"@type":"ReadAction","target":["https:\/\/www.datagrandest.fr\/site\/sites-de-donnees-de-sante\/fichier-national-des-etablissements-sanitaires-et-sociaux\/"]}]},{"@type":"BreadcrumbList","@id":"https:\/\/www.datagrandest.fr\/site\/sites-de-donnees-de-sante\/fichier-national-des-etablissements-sanitaires-et-sociaux\/#breadcrumb","itemListElement":[{"@type":"ListItem","position":1,"name":"Accueil","item":"https:\/\/www.datagrandest.fr\/site\/"},{"@type":"ListItem","position":2,"name":"Sites de donn\u00e9es de sant\u00e9","item":"https:\/\/www.datagrandest.fr\/site\/sites-de-donnees-de-sante\/"},{"@type":"ListItem","position":3,"name":"Fichier national des \u00e9tablissements sanitaires et sociaux"}]},{"@type":"WebSite","@id":"https:\/\/www.datagrandest.fr\/site\/#website","url":"https:\/\/www.datagrandest.fr\/site\/","name":"DataGrandEst","description":"","potentialAction":[{"@type":"SearchAction","target":{"@type":"EntryPoint","urlTemplate":"https:\/\/www.datagrandest.fr\/site\/?s={search_term_string}"},"query-input":{"@type":"PropertyValueSpecification","valueRequired":true,"valueName":"search_term_string"}}],"inLanguage":"fr-FR"}]}},"_links":{"self":[{"href":"https:\/\/www.datagrandest.fr\/site\/wp-json\/wp\/v2\/pages\/3376","targetHints":{"allow":["GET"]}}],"collection":[{"href":"https:\/\/www.datagrandest.fr\/site\/wp-json\/wp\/v2\/pages"}],"about":[{"href":"https:\/\/www.datagrandest.fr\/site\/wp-json\/wp\/v2\/types\/page"}],"author":[{"embeddable":true,"href":"https:\/\/www.datagrandest.fr\/site\/wp-json\/wp\/v2\/users\/12"}],"replies":[{"embeddable":true,"href":"https:\/\/www.datagrandest.fr\/site\/wp-json\/wp\/v2\/comments?post=3376"}],"version-history":[{"count":1,"href":"https:\/\/www.datagrandest.fr\/site\/wp-json\/wp\/v2\/pages\/3376\/revisions"}],"predecessor-version":[{"id":3377,"href":"https:\/\/www.datagrandest.fr\/site\/wp-json\/wp\/v2\/pages\/3376\/revisions\/3377"}],"up":[{"embeddable":true,"href":"https:\/\/www.datagrandest.fr\/site\/wp-json\/wp\/v2\/pages\/875"}],"wp:attachment":[{"href":"https:\/\/www.datagrandest.fr\/site\/wp-json\/wp\/v2\/media?parent=3376"}],"wp:term":[{"taxonomy":"source","embeddable":true,"href":"https:\/\/www.datagrandest.fr\/site\/wp-json\/wp\/v2\/source?post=3376"},{"taxonomy":"thematique_globale","embeddable":true,"href":"https:\/\/www.datagrandest.fr\/site\/wp-json\/wp\/v2\/thematique_globale?post=3376"}],"curies":[{"name":"wp","href":"https:\/\/api.w.org\/{rel}","templated":true}]}}