{"id":3379,"date":"2025-12-18T10:49:38","date_gmt":"2025-12-18T09:49:38","guid":{"rendered":"https:\/\/www.datagrandest.fr\/site\/?page_id=3379"},"modified":"2025-12-18T10:49:38","modified_gmt":"2025-12-18T09:49:38","slug":"liste-des-professionels-de-sante","status":"publish","type":"page","link":"https:\/\/www.datagrandest.fr\/site\/sites-de-donnees-de-sante\/liste-des-professionels-de-sante\/","title":{"rendered":"Liste des professionels de sant\u00e9"},"content":{"rendered":"<p>L&rsquo;Annuaire Sant\u00e9 recense les professionnels de sant\u00e9 enregistr\u00e9s dans les r\u00e9pertoires nationaux RPPS et Adeli et leurs situations d&rsquo;exercice. Ces donn\u00e9es proviennent des autorit\u00e9s charg\u00e9es de leur enregistrement (ordres professionnels et ARS pour les civils, service de sant\u00e9 des arm\u00e9es pour les militaires).<br \/>\nElle est compos\u00e9e des donn\u00e9es suivantes :<\/p>\n<ul>\n<li>num\u00e9ro RPPS ou Adeli;<\/li>\n<li>civilit\u00e9;<\/li>\n<li>nom et pr\u00e9nom d&rsquo;exercice;<\/li>\n<li>cat\u00e9gorie professionnelle (civil, militaire, \u00e9tudiant);<\/li>\n<li>profession;<\/li>\n<li>mode d&rsquo;exercice (lib\u00e9ral, salari\u00e9, b\u00e9n\u00e9vole);<\/li>\n<li>qualifications (dipl\u00f4mes, autorisations d&rsquo;exercice, savoir-faire);<\/li>\n<li>coordonn\u00e9es des structures d&rsquo;exercice.<\/li>\n<\/ul>\n","protected":false},"excerpt":{"rendered":"<p>L&rsquo;Annuaire Sant\u00e9 recense les professionnels de sant\u00e9 enregistr\u00e9s dans les r\u00e9pertoires nationaux RPPS et Adeli et leurs situations d&rsquo;exercice. Ces donn\u00e9es proviennent des autorit\u00e9s charg\u00e9es de leur enregistrement (ordres professionnels et ARS pour les civils, service de sant\u00e9 des arm\u00e9es pour les militaires). Elle est compos\u00e9e des donn\u00e9es suivantes : num\u00e9ro RPPS ou Adeli; civilit\u00e9; [&hellip;]<\/p>\n","protected":false},"author":12,"featured_media":0,"parent":875,"menu_order":0,"comment_status":"closed","ping_status":"closed","template":"","meta":{"_acf_changed":false,"_relevanssi_hide_post":"","_relevanssi_hide_content":"","_relevanssi_pin_for_all":"","_relevanssi_pin_keywords":"","_relevanssi_unpin_keywords":"","_relevanssi_related_keywords":"","_relevanssi_related_include_ids":"","_relevanssi_related_exclude_ids":"","_relevanssi_related_no_append":"","_relevanssi_related_not_related":"","_relevanssi_related_posts":"","_relevanssi_noindex_reason":"","footnotes":""},"source":[],"thematique_globale":[],"class_list":["post-3379","page","type-page","status-publish","hentry"],"acf":{"glo_image":"","glo_intro":"","glo_car_surcharge_titre":"","glo_car_surcharge_lien":""},"yoast_head":"<!-- This site is optimized with the Yoast SEO plugin v27.4 - https:\/\/yoast.com\/product\/yoast-seo-wordpress\/ -->\n<title>Liste des professionels de sant\u00e9 - DataGrandEst<\/title>\n<meta name=\"robots\" content=\"index, follow, max-snippet:-1, max-image-preview:large, max-video-preview:-1\" \/>\n<link rel=\"canonical\" href=\"https:\/\/www.datagrandest.fr\/site\/sites-de-donnees-de-sante\/liste-des-professionels-de-sante\/\" \/>\n<meta property=\"og:locale\" content=\"fr_FR\" \/>\n<meta property=\"og:type\" content=\"article\" \/>\n<meta property=\"og:title\" content=\"Liste des professionels de sant\u00e9 - DataGrandEst\" \/>\n<meta property=\"og:description\" content=\"L&rsquo;Annuaire Sant\u00e9 recense les professionnels de sant\u00e9 enregistr\u00e9s dans les r\u00e9pertoires nationaux RPPS et Adeli et leurs situations d&rsquo;exercice. Ces donn\u00e9es proviennent des autorit\u00e9s charg\u00e9es de leur enregistrement (ordres professionnels et ARS pour les civils, service de sant\u00e9 des arm\u00e9es pour les militaires). Elle est compos\u00e9e des donn\u00e9es suivantes : num\u00e9ro RPPS ou Adeli; civilit\u00e9; [&hellip;]\" \/>\n<meta property=\"og:url\" content=\"https:\/\/www.datagrandest.fr\/site\/sites-de-donnees-de-sante\/liste-des-professionels-de-sante\/\" \/>\n<meta property=\"og:site_name\" content=\"DataGrandEst\" \/>\n<meta name=\"twitter:card\" content=\"summary_large_image\" \/>\n<meta name=\"twitter:label1\" content=\"Dur\u00e9e de lecture estim\u00e9e\" \/>\n\t<meta name=\"twitter:data1\" content=\"1 minute\" \/>\n<script type=\"application\/ld+json\" class=\"yoast-schema-graph\">{\"@context\":\"https:\\\/\\\/schema.org\",\"@graph\":[{\"@type\":\"WebPage\",\"@id\":\"https:\\\/\\\/www.datagrandest.fr\\\/site\\\/sites-de-donnees-de-sante\\\/liste-des-professionels-de-sante\\\/\",\"url\":\"https:\\\/\\\/www.datagrandest.fr\\\/site\\\/sites-de-donnees-de-sante\\\/liste-des-professionels-de-sante\\\/\",\"name\":\"Liste des professionels de sant\u00e9 - DataGrandEst\",\"isPartOf\":{\"@id\":\"https:\\\/\\\/www.datagrandest.fr\\\/site\\\/#website\"},\"datePublished\":\"2025-12-18T09:49:38+00:00\",\"breadcrumb\":{\"@id\":\"https:\\\/\\\/www.datagrandest.fr\\\/site\\\/sites-de-donnees-de-sante\\\/liste-des-professionels-de-sante\\\/#breadcrumb\"},\"inLanguage\":\"fr-FR\",\"potentialAction\":[{\"@type\":\"ReadAction\",\"target\":[\"https:\\\/\\\/www.datagrandest.fr\\\/site\\\/sites-de-donnees-de-sante\\\/liste-des-professionels-de-sante\\\/\"]}]},{\"@type\":\"BreadcrumbList\",\"@id\":\"https:\\\/\\\/www.datagrandest.fr\\\/site\\\/sites-de-donnees-de-sante\\\/liste-des-professionels-de-sante\\\/#breadcrumb\",\"itemListElement\":[{\"@type\":\"ListItem\",\"position\":1,\"name\":\"Accueil\",\"item\":\"https:\\\/\\\/www.datagrandest.fr\\\/site\\\/\"},{\"@type\":\"ListItem\",\"position\":2,\"name\":\"Sites de donn\u00e9es de sant\u00e9\",\"item\":\"https:\\\/\\\/www.datagrandest.fr\\\/site\\\/sites-de-donnees-de-sante\\\/\"},{\"@type\":\"ListItem\",\"position\":3,\"name\":\"Liste des professionels de sant\u00e9\"}]},{\"@type\":\"WebSite\",\"@id\":\"https:\\\/\\\/www.datagrandest.fr\\\/site\\\/#website\",\"url\":\"https:\\\/\\\/www.datagrandest.fr\\\/site\\\/\",\"name\":\"DataGrandEst\",\"description\":\"\",\"potentialAction\":[{\"@type\":\"SearchAction\",\"target\":{\"@type\":\"EntryPoint\",\"urlTemplate\":\"https:\\\/\\\/www.datagrandest.fr\\\/site\\\/?s={search_term_string}\"},\"query-input\":{\"@type\":\"PropertyValueSpecification\",\"valueRequired\":true,\"valueName\":\"search_term_string\"}}],\"inLanguage\":\"fr-FR\"}]}<\/script>\n<!-- \/ Yoast SEO plugin. -->","yoast_head_json":{"title":"Liste des professionels de sant\u00e9 - DataGrandEst","robots":{"index":"index","follow":"follow","max-snippet":"max-snippet:-1","max-image-preview":"max-image-preview:large","max-video-preview":"max-video-preview:-1"},"canonical":"https:\/\/www.datagrandest.fr\/site\/sites-de-donnees-de-sante\/liste-des-professionels-de-sante\/","og_locale":"fr_FR","og_type":"article","og_title":"Liste des professionels de sant\u00e9 - DataGrandEst","og_description":"L&rsquo;Annuaire Sant\u00e9 recense les professionnels de sant\u00e9 enregistr\u00e9s dans les r\u00e9pertoires nationaux RPPS et Adeli et leurs situations d&rsquo;exercice. Ces donn\u00e9es proviennent des autorit\u00e9s charg\u00e9es de leur enregistrement (ordres professionnels et ARS pour les civils, service de sant\u00e9 des arm\u00e9es pour les militaires). Elle est compos\u00e9e des donn\u00e9es suivantes : num\u00e9ro RPPS ou Adeli; civilit\u00e9; [&hellip;]","og_url":"https:\/\/www.datagrandest.fr\/site\/sites-de-donnees-de-sante\/liste-des-professionels-de-sante\/","og_site_name":"DataGrandEst","twitter_card":"summary_large_image","twitter_misc":{"Dur\u00e9e de lecture estim\u00e9e":"1 minute"},"schema":{"@context":"https:\/\/schema.org","@graph":[{"@type":"WebPage","@id":"https:\/\/www.datagrandest.fr\/site\/sites-de-donnees-de-sante\/liste-des-professionels-de-sante\/","url":"https:\/\/www.datagrandest.fr\/site\/sites-de-donnees-de-sante\/liste-des-professionels-de-sante\/","name":"Liste des professionels de sant\u00e9 - DataGrandEst","isPartOf":{"@id":"https:\/\/www.datagrandest.fr\/site\/#website"},"datePublished":"2025-12-18T09:49:38+00:00","breadcrumb":{"@id":"https:\/\/www.datagrandest.fr\/site\/sites-de-donnees-de-sante\/liste-des-professionels-de-sante\/#breadcrumb"},"inLanguage":"fr-FR","potentialAction":[{"@type":"ReadAction","target":["https:\/\/www.datagrandest.fr\/site\/sites-de-donnees-de-sante\/liste-des-professionels-de-sante\/"]}]},{"@type":"BreadcrumbList","@id":"https:\/\/www.datagrandest.fr\/site\/sites-de-donnees-de-sante\/liste-des-professionels-de-sante\/#breadcrumb","itemListElement":[{"@type":"ListItem","position":1,"name":"Accueil","item":"https:\/\/www.datagrandest.fr\/site\/"},{"@type":"ListItem","position":2,"name":"Sites de donn\u00e9es de sant\u00e9","item":"https:\/\/www.datagrandest.fr\/site\/sites-de-donnees-de-sante\/"},{"@type":"ListItem","position":3,"name":"Liste des professionels de sant\u00e9"}]},{"@type":"WebSite","@id":"https:\/\/www.datagrandest.fr\/site\/#website","url":"https:\/\/www.datagrandest.fr\/site\/","name":"DataGrandEst","description":"","potentialAction":[{"@type":"SearchAction","target":{"@type":"EntryPoint","urlTemplate":"https:\/\/www.datagrandest.fr\/site\/?s={search_term_string}"},"query-input":{"@type":"PropertyValueSpecification","valueRequired":true,"valueName":"search_term_string"}}],"inLanguage":"fr-FR"}]}},"_links":{"self":[{"href":"https:\/\/www.datagrandest.fr\/site\/wp-json\/wp\/v2\/pages\/3379","targetHints":{"allow":["GET"]}}],"collection":[{"href":"https:\/\/www.datagrandest.fr\/site\/wp-json\/wp\/v2\/pages"}],"about":[{"href":"https:\/\/www.datagrandest.fr\/site\/wp-json\/wp\/v2\/types\/page"}],"author":[{"embeddable":true,"href":"https:\/\/www.datagrandest.fr\/site\/wp-json\/wp\/v2\/users\/12"}],"replies":[{"embeddable":true,"href":"https:\/\/www.datagrandest.fr\/site\/wp-json\/wp\/v2\/comments?post=3379"}],"version-history":[{"count":1,"href":"https:\/\/www.datagrandest.fr\/site\/wp-json\/wp\/v2\/pages\/3379\/revisions"}],"predecessor-version":[{"id":3380,"href":"https:\/\/www.datagrandest.fr\/site\/wp-json\/wp\/v2\/pages\/3379\/revisions\/3380"}],"up":[{"embeddable":true,"href":"https:\/\/www.datagrandest.fr\/site\/wp-json\/wp\/v2\/pages\/875"}],"wp:attachment":[{"href":"https:\/\/www.datagrandest.fr\/site\/wp-json\/wp\/v2\/media?parent=3379"}],"wp:term":[{"taxonomy":"source","embeddable":true,"href":"https:\/\/www.datagrandest.fr\/site\/wp-json\/wp\/v2\/source?post=3379"},{"taxonomy":"thematique_globale","embeddable":true,"href":"https:\/\/www.datagrandest.fr\/site\/wp-json\/wp\/v2\/thematique_globale?post=3379"}],"curies":[{"name":"wp","href":"https:\/\/api.w.org\/{rel}","templated":true}]}}