{"id":3381,"date":"2025-12-18T10:52:08","date_gmt":"2025-12-18T09:52:08","guid":{"rendered":"https:\/\/www.datagrandest.fr\/site\/?page_id=3381"},"modified":"2025-12-18T10:52:08","modified_gmt":"2025-12-18T09:52:08","slug":"direction-de-la-recherche-des-etudes-de-levaluation-et-des-statistiques-drees","status":"publish","type":"page","link":"https:\/\/www.datagrandest.fr\/site\/sites-de-donnees-de-sante\/direction-de-la-recherche-des-etudes-de-levaluation-et-des-statistiques-drees\/","title":{"rendered":"Direction de la recherche, des \u00e9tudes, de l&rsquo;\u00e9valuation et des statistiques (DREES)"},"content":{"rendered":"<p>La DREES (Direction de la recherche, des \u00e9tudes, de l&rsquo;\u00e9valuation et des statistiques) est le service de statistique publique en sant\u00e9 sociale du Minist\u00e8re des solidarit\u00e9s et de la sant\u00e9.<br \/>\nD\u00e9couvrez tous les jeux de donn\u00e9es ouverts, librement r\u00e9utilisables selon les conditions relatives \u00e0 la diffusion des informations publiques.<br \/>\nLa DREES propose une plateforme de datavisualisation et d&rsquo;open data<\/p>\n","protected":false},"excerpt":{"rendered":"<p>La DREES (Direction de la recherche, des \u00e9tudes, de l&rsquo;\u00e9valuation et des statistiques) est le service de statistique publique en sant\u00e9 sociale du Minist\u00e8re des solidarit\u00e9s et de la sant\u00e9. D\u00e9couvrez tous les jeux de donn\u00e9es ouverts, librement r\u00e9utilisables selon les conditions relatives \u00e0 la diffusion des informations publiques. La DREES propose une plateforme de [&hellip;]<\/p>\n","protected":false},"author":12,"featured_media":0,"parent":875,"menu_order":0,"comment_status":"closed","ping_status":"closed","template":"","meta":{"_acf_changed":false,"_relevanssi_hide_post":"","_relevanssi_hide_content":"","_relevanssi_pin_for_all":"","_relevanssi_pin_keywords":"","_relevanssi_unpin_keywords":"","_relevanssi_related_keywords":"","_relevanssi_related_include_ids":"","_relevanssi_related_exclude_ids":"","_relevanssi_related_no_append":"","_relevanssi_related_not_related":"","_relevanssi_related_posts":"","_relevanssi_noindex_reason":"","footnotes":""},"source":[],"thematique_globale":[],"class_list":["post-3381","page","type-page","status-publish","hentry"],"acf":{"glo_image":"","glo_intro":"","glo_car_surcharge_titre":"","glo_car_surcharge_lien":""},"yoast_head":"<!-- This site is optimized with the Yoast SEO plugin v27.4 - https:\/\/yoast.com\/product\/yoast-seo-wordpress\/ -->\n<title>Direction de la recherche, des \u00e9tudes, de l&#039;\u00e9valuation et des statistiques (DREES) - DataGrandEst<\/title>\n<meta name=\"robots\" content=\"index, follow, max-snippet:-1, max-image-preview:large, max-video-preview:-1\" \/>\n<link rel=\"canonical\" href=\"https:\/\/www.datagrandest.fr\/site\/sites-de-donnees-de-sante\/direction-de-la-recherche-des-etudes-de-levaluation-et-des-statistiques-drees\/\" \/>\n<meta property=\"og:locale\" content=\"fr_FR\" \/>\n<meta property=\"og:type\" content=\"article\" \/>\n<meta property=\"og:title\" content=\"Direction de la recherche, des \u00e9tudes, de l&#039;\u00e9valuation et des statistiques (DREES) - DataGrandEst\" \/>\n<meta property=\"og:description\" content=\"La DREES (Direction de la recherche, des \u00e9tudes, de l&rsquo;\u00e9valuation et des statistiques) est le service de statistique publique en sant\u00e9 sociale du Minist\u00e8re des solidarit\u00e9s et de la sant\u00e9. D\u00e9couvrez tous les jeux de donn\u00e9es ouverts, librement r\u00e9utilisables selon les conditions relatives \u00e0 la diffusion des informations publiques. La DREES propose une plateforme de [&hellip;]\" \/>\n<meta property=\"og:url\" content=\"https:\/\/www.datagrandest.fr\/site\/sites-de-donnees-de-sante\/direction-de-la-recherche-des-etudes-de-levaluation-et-des-statistiques-drees\/\" \/>\n<meta property=\"og:site_name\" content=\"DataGrandEst\" \/>\n<meta name=\"twitter:card\" content=\"summary_large_image\" \/>\n<meta name=\"twitter:label1\" content=\"Dur\u00e9e de lecture estim\u00e9e\" \/>\n\t<meta name=\"twitter:data1\" content=\"1 minute\" \/>\n<script type=\"application\/ld+json\" class=\"yoast-schema-graph\">{\"@context\":\"https:\\\/\\\/schema.org\",\"@graph\":[{\"@type\":\"WebPage\",\"@id\":\"https:\\\/\\\/www.datagrandest.fr\\\/site\\\/sites-de-donnees-de-sante\\\/direction-de-la-recherche-des-etudes-de-levaluation-et-des-statistiques-drees\\\/\",\"url\":\"https:\\\/\\\/www.datagrandest.fr\\\/site\\\/sites-de-donnees-de-sante\\\/direction-de-la-recherche-des-etudes-de-levaluation-et-des-statistiques-drees\\\/\",\"name\":\"Direction de la recherche, des \u00e9tudes, de l'\u00e9valuation et des statistiques (DREES) - DataGrandEst\",\"isPartOf\":{\"@id\":\"https:\\\/\\\/www.datagrandest.fr\\\/site\\\/#website\"},\"datePublished\":\"2025-12-18T09:52:08+00:00\",\"breadcrumb\":{\"@id\":\"https:\\\/\\\/www.datagrandest.fr\\\/site\\\/sites-de-donnees-de-sante\\\/direction-de-la-recherche-des-etudes-de-levaluation-et-des-statistiques-drees\\\/#breadcrumb\"},\"inLanguage\":\"fr-FR\",\"potentialAction\":[{\"@type\":\"ReadAction\",\"target\":[\"https:\\\/\\\/www.datagrandest.fr\\\/site\\\/sites-de-donnees-de-sante\\\/direction-de-la-recherche-des-etudes-de-levaluation-et-des-statistiques-drees\\\/\"]}]},{\"@type\":\"BreadcrumbList\",\"@id\":\"https:\\\/\\\/www.datagrandest.fr\\\/site\\\/sites-de-donnees-de-sante\\\/direction-de-la-recherche-des-etudes-de-levaluation-et-des-statistiques-drees\\\/#breadcrumb\",\"itemListElement\":[{\"@type\":\"ListItem\",\"position\":1,\"name\":\"Accueil\",\"item\":\"https:\\\/\\\/www.datagrandest.fr\\\/site\\\/\"},{\"@type\":\"ListItem\",\"position\":2,\"name\":\"Sites de donn\u00e9es de sant\u00e9\",\"item\":\"https:\\\/\\\/www.datagrandest.fr\\\/site\\\/sites-de-donnees-de-sante\\\/\"},{\"@type\":\"ListItem\",\"position\":3,\"name\":\"Direction de la recherche, des \u00e9tudes, de l&rsquo;\u00e9valuation et des statistiques (DREES)\"}]},{\"@type\":\"WebSite\",\"@id\":\"https:\\\/\\\/www.datagrandest.fr\\\/site\\\/#website\",\"url\":\"https:\\\/\\\/www.datagrandest.fr\\\/site\\\/\",\"name\":\"DataGrandEst\",\"description\":\"\",\"potentialAction\":[{\"@type\":\"SearchAction\",\"target\":{\"@type\":\"EntryPoint\",\"urlTemplate\":\"https:\\\/\\\/www.datagrandest.fr\\\/site\\\/?s={search_term_string}\"},\"query-input\":{\"@type\":\"PropertyValueSpecification\",\"valueRequired\":true,\"valueName\":\"search_term_string\"}}],\"inLanguage\":\"fr-FR\"}]}<\/script>\n<!-- \/ Yoast SEO plugin. -->","yoast_head_json":{"title":"Direction de la recherche, des \u00e9tudes, de l'\u00e9valuation et des statistiques (DREES) - DataGrandEst","robots":{"index":"index","follow":"follow","max-snippet":"max-snippet:-1","max-image-preview":"max-image-preview:large","max-video-preview":"max-video-preview:-1"},"canonical":"https:\/\/www.datagrandest.fr\/site\/sites-de-donnees-de-sante\/direction-de-la-recherche-des-etudes-de-levaluation-et-des-statistiques-drees\/","og_locale":"fr_FR","og_type":"article","og_title":"Direction de la recherche, des \u00e9tudes, de l'\u00e9valuation et des statistiques (DREES) - DataGrandEst","og_description":"La DREES (Direction de la recherche, des \u00e9tudes, de l&rsquo;\u00e9valuation et des statistiques) est le service de statistique publique en sant\u00e9 sociale du Minist\u00e8re des solidarit\u00e9s et de la sant\u00e9. D\u00e9couvrez tous les jeux de donn\u00e9es ouverts, librement r\u00e9utilisables selon les conditions relatives \u00e0 la diffusion des informations publiques. La DREES propose une plateforme de [&hellip;]","og_url":"https:\/\/www.datagrandest.fr\/site\/sites-de-donnees-de-sante\/direction-de-la-recherche-des-etudes-de-levaluation-et-des-statistiques-drees\/","og_site_name":"DataGrandEst","twitter_card":"summary_large_image","twitter_misc":{"Dur\u00e9e de lecture estim\u00e9e":"1 minute"},"schema":{"@context":"https:\/\/schema.org","@graph":[{"@type":"WebPage","@id":"https:\/\/www.datagrandest.fr\/site\/sites-de-donnees-de-sante\/direction-de-la-recherche-des-etudes-de-levaluation-et-des-statistiques-drees\/","url":"https:\/\/www.datagrandest.fr\/site\/sites-de-donnees-de-sante\/direction-de-la-recherche-des-etudes-de-levaluation-et-des-statistiques-drees\/","name":"Direction de la recherche, des \u00e9tudes, de l'\u00e9valuation et des statistiques (DREES) - DataGrandEst","isPartOf":{"@id":"https:\/\/www.datagrandest.fr\/site\/#website"},"datePublished":"2025-12-18T09:52:08+00:00","breadcrumb":{"@id":"https:\/\/www.datagrandest.fr\/site\/sites-de-donnees-de-sante\/direction-de-la-recherche-des-etudes-de-levaluation-et-des-statistiques-drees\/#breadcrumb"},"inLanguage":"fr-FR","potentialAction":[{"@type":"ReadAction","target":["https:\/\/www.datagrandest.fr\/site\/sites-de-donnees-de-sante\/direction-de-la-recherche-des-etudes-de-levaluation-et-des-statistiques-drees\/"]}]},{"@type":"BreadcrumbList","@id":"https:\/\/www.datagrandest.fr\/site\/sites-de-donnees-de-sante\/direction-de-la-recherche-des-etudes-de-levaluation-et-des-statistiques-drees\/#breadcrumb","itemListElement":[{"@type":"ListItem","position":1,"name":"Accueil","item":"https:\/\/www.datagrandest.fr\/site\/"},{"@type":"ListItem","position":2,"name":"Sites de donn\u00e9es de sant\u00e9","item":"https:\/\/www.datagrandest.fr\/site\/sites-de-donnees-de-sante\/"},{"@type":"ListItem","position":3,"name":"Direction de la recherche, des \u00e9tudes, de l&rsquo;\u00e9valuation et des statistiques (DREES)"}]},{"@type":"WebSite","@id":"https:\/\/www.datagrandest.fr\/site\/#website","url":"https:\/\/www.datagrandest.fr\/site\/","name":"DataGrandEst","description":"","potentialAction":[{"@type":"SearchAction","target":{"@type":"EntryPoint","urlTemplate":"https:\/\/www.datagrandest.fr\/site\/?s={search_term_string}"},"query-input":{"@type":"PropertyValueSpecification","valueRequired":true,"valueName":"search_term_string"}}],"inLanguage":"fr-FR"}]}},"_links":{"self":[{"href":"https:\/\/www.datagrandest.fr\/site\/wp-json\/wp\/v2\/pages\/3381","targetHints":{"allow":["GET"]}}],"collection":[{"href":"https:\/\/www.datagrandest.fr\/site\/wp-json\/wp\/v2\/pages"}],"about":[{"href":"https:\/\/www.datagrandest.fr\/site\/wp-json\/wp\/v2\/types\/page"}],"author":[{"embeddable":true,"href":"https:\/\/www.datagrandest.fr\/site\/wp-json\/wp\/v2\/users\/12"}],"replies":[{"embeddable":true,"href":"https:\/\/www.datagrandest.fr\/site\/wp-json\/wp\/v2\/comments?post=3381"}],"version-history":[{"count":1,"href":"https:\/\/www.datagrandest.fr\/site\/wp-json\/wp\/v2\/pages\/3381\/revisions"}],"predecessor-version":[{"id":3383,"href":"https:\/\/www.datagrandest.fr\/site\/wp-json\/wp\/v2\/pages\/3381\/revisions\/3383"}],"up":[{"embeddable":true,"href":"https:\/\/www.datagrandest.fr\/site\/wp-json\/wp\/v2\/pages\/875"}],"wp:attachment":[{"href":"https:\/\/www.datagrandest.fr\/site\/wp-json\/wp\/v2\/media?parent=3381"}],"wp:term":[{"taxonomy":"source","embeddable":true,"href":"https:\/\/www.datagrandest.fr\/site\/wp-json\/wp\/v2\/source?post=3381"},{"taxonomy":"thematique_globale","embeddable":true,"href":"https:\/\/www.datagrandest.fr\/site\/wp-json\/wp\/v2\/thematique_globale?post=3381"}],"curies":[{"name":"wp","href":"https:\/\/api.w.org\/{rel}","templated":true}]}}