{"id":3388,"date":"2025-12-18T10:55:16","date_gmt":"2025-12-18T09:55:16","guid":{"rendered":"https:\/\/www.datagrandest.fr\/site\/?page_id=3388"},"modified":"2025-12-18T10:55:16","modified_gmt":"2025-12-18T09:55:16","slug":"ou-sinstaller-en-liberal-en-un-clic","status":"publish","type":"page","link":"https:\/\/www.datagrandest.fr\/site\/sites-de-donnees-de-sante\/ou-sinstaller-en-liberal-en-un-clic\/","title":{"rendered":"O\u00f9 s&rsquo;installer en lib\u00e9ral, en un clic"},"content":{"rendered":"<p>Outil de repr\u00e9sentation cartographique et statistique de donn\u00e9es sp\u00e9cifiques aux probl\u00e9matiques d&rsquo;offre et de demande de soins de premier recours.<br \/>\nRegroupe aujourd&rsquo;hui des informations li\u00e9es \u00e0 6 professions lib\u00e9rales :<\/p>\n<ul>\n<li>m\u00e9decins g\u00e9n\u00e9ralistes,<\/li>\n<li>infirmiers,<\/li>\n<li>masseurs-kin\u00e9sith\u00e9rapeutes,<\/li>\n<li>chirurgiens-dentistes,<\/li>\n<li>orthophonistes,<\/li>\n<li>sages-femmes.<\/li>\n<\/ul>\n<p>Pour chacune de ces professions, les indicateurs s&rsquo;articulent autour de 4 th\u00e9matiques : la consommation de soins, l&rsquo;offre de soins, l&rsquo;activit\u00e9 des professionnels de sant\u00e9 et l&rsquo;acc\u00e8s aux soins.<\/p>\n","protected":false},"excerpt":{"rendered":"<p>Outil de repr\u00e9sentation cartographique et statistique de donn\u00e9es sp\u00e9cifiques aux probl\u00e9matiques d&rsquo;offre et de demande de soins de premier recours. Regroupe aujourd&rsquo;hui des informations li\u00e9es \u00e0 6 professions lib\u00e9rales : m\u00e9decins g\u00e9n\u00e9ralistes, infirmiers, masseurs-kin\u00e9sith\u00e9rapeutes, chirurgiens-dentistes, orthophonistes, sages-femmes. Pour chacune de ces professions, les indicateurs s&rsquo;articulent autour de 4 th\u00e9matiques : la consommation de soins, l&rsquo;offre [&hellip;]<\/p>\n","protected":false},"author":12,"featured_media":0,"parent":875,"menu_order":0,"comment_status":"closed","ping_status":"closed","template":"","meta":{"_acf_changed":false,"_relevanssi_hide_post":"","_relevanssi_hide_content":"","_relevanssi_pin_for_all":"","_relevanssi_pin_keywords":"","_relevanssi_unpin_keywords":"","_relevanssi_related_keywords":"","_relevanssi_related_include_ids":"","_relevanssi_related_exclude_ids":"","_relevanssi_related_no_append":"","_relevanssi_related_not_related":"","_relevanssi_related_posts":"","_relevanssi_noindex_reason":"","footnotes":""},"source":[],"thematique_globale":[],"class_list":["post-3388","page","type-page","status-publish","hentry"],"acf":{"glo_image":"","glo_intro":"","glo_car_surcharge_titre":"","glo_car_surcharge_lien":""},"yoast_head":"<!-- This site is optimized with the Yoast SEO plugin v27.4 - https:\/\/yoast.com\/product\/yoast-seo-wordpress\/ -->\n<title>O\u00f9 s&#039;installer en lib\u00e9ral, en un clic - DataGrandEst<\/title>\n<meta name=\"robots\" content=\"index, follow, max-snippet:-1, max-image-preview:large, max-video-preview:-1\" \/>\n<link rel=\"canonical\" href=\"https:\/\/www.datagrandest.fr\/site\/sites-de-donnees-de-sante\/ou-sinstaller-en-liberal-en-un-clic\/\" \/>\n<meta property=\"og:locale\" content=\"fr_FR\" \/>\n<meta property=\"og:type\" content=\"article\" \/>\n<meta property=\"og:title\" content=\"O\u00f9 s&#039;installer en lib\u00e9ral, en un clic - DataGrandEst\" \/>\n<meta property=\"og:description\" content=\"Outil de repr\u00e9sentation cartographique et statistique de donn\u00e9es sp\u00e9cifiques aux probl\u00e9matiques d&rsquo;offre et de demande de soins de premier recours. Regroupe aujourd&rsquo;hui des informations li\u00e9es \u00e0 6 professions lib\u00e9rales : m\u00e9decins g\u00e9n\u00e9ralistes, infirmiers, masseurs-kin\u00e9sith\u00e9rapeutes, chirurgiens-dentistes, orthophonistes, sages-femmes. Pour chacune de ces professions, les indicateurs s&rsquo;articulent autour de 4 th\u00e9matiques : la consommation de soins, l&rsquo;offre [&hellip;]\" \/>\n<meta property=\"og:url\" content=\"https:\/\/www.datagrandest.fr\/site\/sites-de-donnees-de-sante\/ou-sinstaller-en-liberal-en-un-clic\/\" \/>\n<meta property=\"og:site_name\" content=\"DataGrandEst\" \/>\n<meta name=\"twitter:card\" content=\"summary_large_image\" \/>\n<meta name=\"twitter:label1\" content=\"Dur\u00e9e de lecture estim\u00e9e\" \/>\n\t<meta name=\"twitter:data1\" content=\"1 minute\" \/>\n<script type=\"application\/ld+json\" class=\"yoast-schema-graph\">{\"@context\":\"https:\\\/\\\/schema.org\",\"@graph\":[{\"@type\":\"WebPage\",\"@id\":\"https:\\\/\\\/www.datagrandest.fr\\\/site\\\/sites-de-donnees-de-sante\\\/ou-sinstaller-en-liberal-en-un-clic\\\/\",\"url\":\"https:\\\/\\\/www.datagrandest.fr\\\/site\\\/sites-de-donnees-de-sante\\\/ou-sinstaller-en-liberal-en-un-clic\\\/\",\"name\":\"O\u00f9 s'installer en lib\u00e9ral, en un clic - DataGrandEst\",\"isPartOf\":{\"@id\":\"https:\\\/\\\/www.datagrandest.fr\\\/site\\\/#website\"},\"datePublished\":\"2025-12-18T09:55:16+00:00\",\"breadcrumb\":{\"@id\":\"https:\\\/\\\/www.datagrandest.fr\\\/site\\\/sites-de-donnees-de-sante\\\/ou-sinstaller-en-liberal-en-un-clic\\\/#breadcrumb\"},\"inLanguage\":\"fr-FR\",\"potentialAction\":[{\"@type\":\"ReadAction\",\"target\":[\"https:\\\/\\\/www.datagrandest.fr\\\/site\\\/sites-de-donnees-de-sante\\\/ou-sinstaller-en-liberal-en-un-clic\\\/\"]}]},{\"@type\":\"BreadcrumbList\",\"@id\":\"https:\\\/\\\/www.datagrandest.fr\\\/site\\\/sites-de-donnees-de-sante\\\/ou-sinstaller-en-liberal-en-un-clic\\\/#breadcrumb\",\"itemListElement\":[{\"@type\":\"ListItem\",\"position\":1,\"name\":\"Accueil\",\"item\":\"https:\\\/\\\/www.datagrandest.fr\\\/site\\\/\"},{\"@type\":\"ListItem\",\"position\":2,\"name\":\"Sites de donn\u00e9es de sant\u00e9\",\"item\":\"https:\\\/\\\/www.datagrandest.fr\\\/site\\\/sites-de-donnees-de-sante\\\/\"},{\"@type\":\"ListItem\",\"position\":3,\"name\":\"O\u00f9 s&rsquo;installer en lib\u00e9ral, en un clic\"}]},{\"@type\":\"WebSite\",\"@id\":\"https:\\\/\\\/www.datagrandest.fr\\\/site\\\/#website\",\"url\":\"https:\\\/\\\/www.datagrandest.fr\\\/site\\\/\",\"name\":\"DataGrandEst\",\"description\":\"\",\"potentialAction\":[{\"@type\":\"SearchAction\",\"target\":{\"@type\":\"EntryPoint\",\"urlTemplate\":\"https:\\\/\\\/www.datagrandest.fr\\\/site\\\/?s={search_term_string}\"},\"query-input\":{\"@type\":\"PropertyValueSpecification\",\"valueRequired\":true,\"valueName\":\"search_term_string\"}}],\"inLanguage\":\"fr-FR\"}]}<\/script>\n<!-- \/ Yoast SEO plugin. -->","yoast_head_json":{"title":"O\u00f9 s'installer en lib\u00e9ral, en un clic - DataGrandEst","robots":{"index":"index","follow":"follow","max-snippet":"max-snippet:-1","max-image-preview":"max-image-preview:large","max-video-preview":"max-video-preview:-1"},"canonical":"https:\/\/www.datagrandest.fr\/site\/sites-de-donnees-de-sante\/ou-sinstaller-en-liberal-en-un-clic\/","og_locale":"fr_FR","og_type":"article","og_title":"O\u00f9 s'installer en lib\u00e9ral, en un clic - DataGrandEst","og_description":"Outil de repr\u00e9sentation cartographique et statistique de donn\u00e9es sp\u00e9cifiques aux probl\u00e9matiques d&rsquo;offre et de demande de soins de premier recours. Regroupe aujourd&rsquo;hui des informations li\u00e9es \u00e0 6 professions lib\u00e9rales : m\u00e9decins g\u00e9n\u00e9ralistes, infirmiers, masseurs-kin\u00e9sith\u00e9rapeutes, chirurgiens-dentistes, orthophonistes, sages-femmes. Pour chacune de ces professions, les indicateurs s&rsquo;articulent autour de 4 th\u00e9matiques : la consommation de soins, l&rsquo;offre [&hellip;]","og_url":"https:\/\/www.datagrandest.fr\/site\/sites-de-donnees-de-sante\/ou-sinstaller-en-liberal-en-un-clic\/","og_site_name":"DataGrandEst","twitter_card":"summary_large_image","twitter_misc":{"Dur\u00e9e de lecture estim\u00e9e":"1 minute"},"schema":{"@context":"https:\/\/schema.org","@graph":[{"@type":"WebPage","@id":"https:\/\/www.datagrandest.fr\/site\/sites-de-donnees-de-sante\/ou-sinstaller-en-liberal-en-un-clic\/","url":"https:\/\/www.datagrandest.fr\/site\/sites-de-donnees-de-sante\/ou-sinstaller-en-liberal-en-un-clic\/","name":"O\u00f9 s'installer en lib\u00e9ral, en un clic - DataGrandEst","isPartOf":{"@id":"https:\/\/www.datagrandest.fr\/site\/#website"},"datePublished":"2025-12-18T09:55:16+00:00","breadcrumb":{"@id":"https:\/\/www.datagrandest.fr\/site\/sites-de-donnees-de-sante\/ou-sinstaller-en-liberal-en-un-clic\/#breadcrumb"},"inLanguage":"fr-FR","potentialAction":[{"@type":"ReadAction","target":["https:\/\/www.datagrandest.fr\/site\/sites-de-donnees-de-sante\/ou-sinstaller-en-liberal-en-un-clic\/"]}]},{"@type":"BreadcrumbList","@id":"https:\/\/www.datagrandest.fr\/site\/sites-de-donnees-de-sante\/ou-sinstaller-en-liberal-en-un-clic\/#breadcrumb","itemListElement":[{"@type":"ListItem","position":1,"name":"Accueil","item":"https:\/\/www.datagrandest.fr\/site\/"},{"@type":"ListItem","position":2,"name":"Sites de donn\u00e9es de sant\u00e9","item":"https:\/\/www.datagrandest.fr\/site\/sites-de-donnees-de-sante\/"},{"@type":"ListItem","position":3,"name":"O\u00f9 s&rsquo;installer en lib\u00e9ral, en un clic"}]},{"@type":"WebSite","@id":"https:\/\/www.datagrandest.fr\/site\/#website","url":"https:\/\/www.datagrandest.fr\/site\/","name":"DataGrandEst","description":"","potentialAction":[{"@type":"SearchAction","target":{"@type":"EntryPoint","urlTemplate":"https:\/\/www.datagrandest.fr\/site\/?s={search_term_string}"},"query-input":{"@type":"PropertyValueSpecification","valueRequired":true,"valueName":"search_term_string"}}],"inLanguage":"fr-FR"}]}},"_links":{"self":[{"href":"https:\/\/www.datagrandest.fr\/site\/wp-json\/wp\/v2\/pages\/3388","targetHints":{"allow":["GET"]}}],"collection":[{"href":"https:\/\/www.datagrandest.fr\/site\/wp-json\/wp\/v2\/pages"}],"about":[{"href":"https:\/\/www.datagrandest.fr\/site\/wp-json\/wp\/v2\/types\/page"}],"author":[{"embeddable":true,"href":"https:\/\/www.datagrandest.fr\/site\/wp-json\/wp\/v2\/users\/12"}],"replies":[{"embeddable":true,"href":"https:\/\/www.datagrandest.fr\/site\/wp-json\/wp\/v2\/comments?post=3388"}],"version-history":[{"count":1,"href":"https:\/\/www.datagrandest.fr\/site\/wp-json\/wp\/v2\/pages\/3388\/revisions"}],"predecessor-version":[{"id":3389,"href":"https:\/\/www.datagrandest.fr\/site\/wp-json\/wp\/v2\/pages\/3388\/revisions\/3389"}],"up":[{"embeddable":true,"href":"https:\/\/www.datagrandest.fr\/site\/wp-json\/wp\/v2\/pages\/875"}],"wp:attachment":[{"href":"https:\/\/www.datagrandest.fr\/site\/wp-json\/wp\/v2\/media?parent=3388"}],"wp:term":[{"taxonomy":"source","embeddable":true,"href":"https:\/\/www.datagrandest.fr\/site\/wp-json\/wp\/v2\/source?post=3388"},{"taxonomy":"thematique_globale","embeddable":true,"href":"https:\/\/www.datagrandest.fr\/site\/wp-json\/wp\/v2\/thematique_globale?post=3388"}],"curies":[{"name":"wp","href":"https:\/\/api.w.org\/{rel}","templated":true}]}}