{"id":3390,"date":"2025-12-18T10:58:00","date_gmt":"2025-12-18T09:58:00","guid":{"rendered":"https:\/\/www.datagrandest.fr\/site\/?page_id=3390"},"modified":"2025-12-18T10:58:00","modified_gmt":"2025-12-18T09:58:00","slug":"chiffres-cles-de-lhospitalisation","status":"publish","type":"page","link":"https:\/\/www.datagrandest.fr\/site\/sites-de-donnees-de-sante\/chiffres-cles-de-lhospitalisation\/","title":{"rendered":"Chiffres cl\u00e9s de l&rsquo;hospitalisation"},"content":{"rendered":"<p>A partir des donn\u00e9es collect\u00e9es dans le PMSI, l&rsquo;ATIH publie les chiffres cl\u00e9s annuels de l&rsquo;hospitalisation.<br \/>\nGr\u00e2ce \u00e0 des indicateurs synth\u00e9tiques, ces chiffres cl\u00e9s fournissent une mesure, en nombre de patients, de la fr\u00e9quentation de l\u2019h\u00f4pital. Cette information est disponible globalement et selon les champs d\u2019activit\u00e9s couverts par l\u2019h\u00f4pital.<\/p>\n","protected":false},"excerpt":{"rendered":"<p>A partir des donn\u00e9es collect\u00e9es dans le PMSI, l&rsquo;ATIH publie les chiffres cl\u00e9s annuels de l&rsquo;hospitalisation. Gr\u00e2ce \u00e0 des indicateurs synth\u00e9tiques, ces chiffres cl\u00e9s fournissent une mesure, en nombre de patients, de la fr\u00e9quentation de l\u2019h\u00f4pital. Cette information est disponible globalement et selon les champs d\u2019activit\u00e9s couverts par l\u2019h\u00f4pital.<\/p>\n","protected":false},"author":12,"featured_media":0,"parent":875,"menu_order":0,"comment_status":"closed","ping_status":"closed","template":"","meta":{"_acf_changed":false,"_relevanssi_hide_post":"","_relevanssi_hide_content":"","_relevanssi_pin_for_all":"","_relevanssi_pin_keywords":"","_relevanssi_unpin_keywords":"","_relevanssi_related_keywords":"","_relevanssi_related_include_ids":"","_relevanssi_related_exclude_ids":"","_relevanssi_related_no_append":"","_relevanssi_related_not_related":"","_relevanssi_related_posts":"","_relevanssi_noindex_reason":"","footnotes":""},"source":[],"thematique_globale":[],"class_list":["post-3390","page","type-page","status-publish","hentry"],"acf":{"glo_image":"","glo_intro":"","glo_car_surcharge_titre":"","glo_car_surcharge_lien":""},"yoast_head":"<!-- This site is optimized with the Yoast SEO plugin v27.4 - https:\/\/yoast.com\/product\/yoast-seo-wordpress\/ -->\n<title>Chiffres cl\u00e9s de l&#039;hospitalisation - DataGrandEst<\/title>\n<meta name=\"robots\" content=\"index, follow, max-snippet:-1, max-image-preview:large, max-video-preview:-1\" \/>\n<link rel=\"canonical\" href=\"https:\/\/www.datagrandest.fr\/site\/sites-de-donnees-de-sante\/chiffres-cles-de-lhospitalisation\/\" \/>\n<meta property=\"og:locale\" content=\"fr_FR\" \/>\n<meta property=\"og:type\" content=\"article\" \/>\n<meta property=\"og:title\" content=\"Chiffres cl\u00e9s de l&#039;hospitalisation - DataGrandEst\" \/>\n<meta property=\"og:description\" content=\"A partir des donn\u00e9es collect\u00e9es dans le PMSI, l&rsquo;ATIH publie les chiffres cl\u00e9s annuels de l&rsquo;hospitalisation. Gr\u00e2ce \u00e0 des indicateurs synth\u00e9tiques, ces chiffres cl\u00e9s fournissent une mesure, en nombre de patients, de la fr\u00e9quentation de l\u2019h\u00f4pital. Cette information est disponible globalement et selon les champs d\u2019activit\u00e9s couverts par l\u2019h\u00f4pital.\" \/>\n<meta property=\"og:url\" content=\"https:\/\/www.datagrandest.fr\/site\/sites-de-donnees-de-sante\/chiffres-cles-de-lhospitalisation\/\" \/>\n<meta property=\"og:site_name\" content=\"DataGrandEst\" \/>\n<meta name=\"twitter:card\" content=\"summary_large_image\" \/>\n<meta name=\"twitter:label1\" content=\"Dur\u00e9e de lecture estim\u00e9e\" \/>\n\t<meta name=\"twitter:data1\" content=\"1 minute\" \/>\n<script type=\"application\/ld+json\" class=\"yoast-schema-graph\">{\"@context\":\"https:\\\/\\\/schema.org\",\"@graph\":[{\"@type\":\"WebPage\",\"@id\":\"https:\\\/\\\/www.datagrandest.fr\\\/site\\\/sites-de-donnees-de-sante\\\/chiffres-cles-de-lhospitalisation\\\/\",\"url\":\"https:\\\/\\\/www.datagrandest.fr\\\/site\\\/sites-de-donnees-de-sante\\\/chiffres-cles-de-lhospitalisation\\\/\",\"name\":\"Chiffres cl\u00e9s de l'hospitalisation - DataGrandEst\",\"isPartOf\":{\"@id\":\"https:\\\/\\\/www.datagrandest.fr\\\/site\\\/#website\"},\"datePublished\":\"2025-12-18T09:58:00+00:00\",\"breadcrumb\":{\"@id\":\"https:\\\/\\\/www.datagrandest.fr\\\/site\\\/sites-de-donnees-de-sante\\\/chiffres-cles-de-lhospitalisation\\\/#breadcrumb\"},\"inLanguage\":\"fr-FR\",\"potentialAction\":[{\"@type\":\"ReadAction\",\"target\":[\"https:\\\/\\\/www.datagrandest.fr\\\/site\\\/sites-de-donnees-de-sante\\\/chiffres-cles-de-lhospitalisation\\\/\"]}]},{\"@type\":\"BreadcrumbList\",\"@id\":\"https:\\\/\\\/www.datagrandest.fr\\\/site\\\/sites-de-donnees-de-sante\\\/chiffres-cles-de-lhospitalisation\\\/#breadcrumb\",\"itemListElement\":[{\"@type\":\"ListItem\",\"position\":1,\"name\":\"Accueil\",\"item\":\"https:\\\/\\\/www.datagrandest.fr\\\/site\\\/\"},{\"@type\":\"ListItem\",\"position\":2,\"name\":\"Sites de donn\u00e9es de sant\u00e9\",\"item\":\"https:\\\/\\\/www.datagrandest.fr\\\/site\\\/sites-de-donnees-de-sante\\\/\"},{\"@type\":\"ListItem\",\"position\":3,\"name\":\"Chiffres cl\u00e9s de l&rsquo;hospitalisation\"}]},{\"@type\":\"WebSite\",\"@id\":\"https:\\\/\\\/www.datagrandest.fr\\\/site\\\/#website\",\"url\":\"https:\\\/\\\/www.datagrandest.fr\\\/site\\\/\",\"name\":\"DataGrandEst\",\"description\":\"\",\"potentialAction\":[{\"@type\":\"SearchAction\",\"target\":{\"@type\":\"EntryPoint\",\"urlTemplate\":\"https:\\\/\\\/www.datagrandest.fr\\\/site\\\/?s={search_term_string}\"},\"query-input\":{\"@type\":\"PropertyValueSpecification\",\"valueRequired\":true,\"valueName\":\"search_term_string\"}}],\"inLanguage\":\"fr-FR\"}]}<\/script>\n<!-- \/ Yoast SEO plugin. -->","yoast_head_json":{"title":"Chiffres cl\u00e9s de l'hospitalisation - DataGrandEst","robots":{"index":"index","follow":"follow","max-snippet":"max-snippet:-1","max-image-preview":"max-image-preview:large","max-video-preview":"max-video-preview:-1"},"canonical":"https:\/\/www.datagrandest.fr\/site\/sites-de-donnees-de-sante\/chiffres-cles-de-lhospitalisation\/","og_locale":"fr_FR","og_type":"article","og_title":"Chiffres cl\u00e9s de l'hospitalisation - DataGrandEst","og_description":"A partir des donn\u00e9es collect\u00e9es dans le PMSI, l&rsquo;ATIH publie les chiffres cl\u00e9s annuels de l&rsquo;hospitalisation. Gr\u00e2ce \u00e0 des indicateurs synth\u00e9tiques, ces chiffres cl\u00e9s fournissent une mesure, en nombre de patients, de la fr\u00e9quentation de l\u2019h\u00f4pital. Cette information est disponible globalement et selon les champs d\u2019activit\u00e9s couverts par l\u2019h\u00f4pital.","og_url":"https:\/\/www.datagrandest.fr\/site\/sites-de-donnees-de-sante\/chiffres-cles-de-lhospitalisation\/","og_site_name":"DataGrandEst","twitter_card":"summary_large_image","twitter_misc":{"Dur\u00e9e de lecture estim\u00e9e":"1 minute"},"schema":{"@context":"https:\/\/schema.org","@graph":[{"@type":"WebPage","@id":"https:\/\/www.datagrandest.fr\/site\/sites-de-donnees-de-sante\/chiffres-cles-de-lhospitalisation\/","url":"https:\/\/www.datagrandest.fr\/site\/sites-de-donnees-de-sante\/chiffres-cles-de-lhospitalisation\/","name":"Chiffres cl\u00e9s de l'hospitalisation - DataGrandEst","isPartOf":{"@id":"https:\/\/www.datagrandest.fr\/site\/#website"},"datePublished":"2025-12-18T09:58:00+00:00","breadcrumb":{"@id":"https:\/\/www.datagrandest.fr\/site\/sites-de-donnees-de-sante\/chiffres-cles-de-lhospitalisation\/#breadcrumb"},"inLanguage":"fr-FR","potentialAction":[{"@type":"ReadAction","target":["https:\/\/www.datagrandest.fr\/site\/sites-de-donnees-de-sante\/chiffres-cles-de-lhospitalisation\/"]}]},{"@type":"BreadcrumbList","@id":"https:\/\/www.datagrandest.fr\/site\/sites-de-donnees-de-sante\/chiffres-cles-de-lhospitalisation\/#breadcrumb","itemListElement":[{"@type":"ListItem","position":1,"name":"Accueil","item":"https:\/\/www.datagrandest.fr\/site\/"},{"@type":"ListItem","position":2,"name":"Sites de donn\u00e9es de sant\u00e9","item":"https:\/\/www.datagrandest.fr\/site\/sites-de-donnees-de-sante\/"},{"@type":"ListItem","position":3,"name":"Chiffres cl\u00e9s de l&rsquo;hospitalisation"}]},{"@type":"WebSite","@id":"https:\/\/www.datagrandest.fr\/site\/#website","url":"https:\/\/www.datagrandest.fr\/site\/","name":"DataGrandEst","description":"","potentialAction":[{"@type":"SearchAction","target":{"@type":"EntryPoint","urlTemplate":"https:\/\/www.datagrandest.fr\/site\/?s={search_term_string}"},"query-input":{"@type":"PropertyValueSpecification","valueRequired":true,"valueName":"search_term_string"}}],"inLanguage":"fr-FR"}]}},"_links":{"self":[{"href":"https:\/\/www.datagrandest.fr\/site\/wp-json\/wp\/v2\/pages\/3390","targetHints":{"allow":["GET"]}}],"collection":[{"href":"https:\/\/www.datagrandest.fr\/site\/wp-json\/wp\/v2\/pages"}],"about":[{"href":"https:\/\/www.datagrandest.fr\/site\/wp-json\/wp\/v2\/types\/page"}],"author":[{"embeddable":true,"href":"https:\/\/www.datagrandest.fr\/site\/wp-json\/wp\/v2\/users\/12"}],"replies":[{"embeddable":true,"href":"https:\/\/www.datagrandest.fr\/site\/wp-json\/wp\/v2\/comments?post=3390"}],"version-history":[{"count":1,"href":"https:\/\/www.datagrandest.fr\/site\/wp-json\/wp\/v2\/pages\/3390\/revisions"}],"predecessor-version":[{"id":3394,"href":"https:\/\/www.datagrandest.fr\/site\/wp-json\/wp\/v2\/pages\/3390\/revisions\/3394"}],"up":[{"embeddable":true,"href":"https:\/\/www.datagrandest.fr\/site\/wp-json\/wp\/v2\/pages\/875"}],"wp:attachment":[{"href":"https:\/\/www.datagrandest.fr\/site\/wp-json\/wp\/v2\/media?parent=3390"}],"wp:term":[{"taxonomy":"source","embeddable":true,"href":"https:\/\/www.datagrandest.fr\/site\/wp-json\/wp\/v2\/source?post=3390"},{"taxonomy":"thematique_globale","embeddable":true,"href":"https:\/\/www.datagrandest.fr\/site\/wp-json\/wp\/v2\/thematique_globale?post=3390"}],"curies":[{"name":"wp","href":"https:\/\/api.w.org\/{rel}","templated":true}]}}