{"id":3399,"date":"2025-12-18T11:01:18","date_gmt":"2025-12-18T10:01:18","guid":{"rendered":"https:\/\/www.datagrandest.fr\/site\/?page_id=3399"},"modified":"2025-12-18T11:01:18","modified_gmt":"2025-12-18T10:01:18","slug":"anap-hospidiag-profil-etablissement","status":"publish","type":"page","link":"https:\/\/www.datagrandest.fr\/site\/sites-de-donnees-de-sante\/anap-hospidiag-profil-etablissement\/","title":{"rendered":"ANAP: HospiDiag Profil Etablissement"},"content":{"rendered":"<p>Outil d\u2019aide \u00e0 la d\u00e9cision permettant de mesurer la performance d\u2019un \u00e9tablissement de sant\u00e9 qui pratique de la m\u00e9decine, de la chirurgie ou de l\u2019obst\u00e9trique, en comparaison avec d\u2019autres \u00e9tablissements.<br \/>\nIdentification des forces et faiblesses d\u2019un \u00e9tablissement dans 5 composantes :<\/p>\n<ul>\n<li>qualit\u00e9 des soins<\/li>\n<li>professionnelles<\/li>\n<li>organisation des soins<\/li>\n<li>ressources humaines<\/li>\n<li>finances pratiques<\/li>\n<\/ul>\n<p>&nbsp;<\/p>\n","protected":false},"excerpt":{"rendered":"<p>Outil d\u2019aide \u00e0 la d\u00e9cision permettant de mesurer la performance d\u2019un \u00e9tablissement de sant\u00e9 qui pratique de la m\u00e9decine, de la chirurgie ou de l\u2019obst\u00e9trique, en comparaison avec d\u2019autres \u00e9tablissements. Identification des forces et faiblesses d\u2019un \u00e9tablissement dans 5 composantes : qualit\u00e9 des soins professionnelles organisation des soins ressources humaines finances pratiques &nbsp;<\/p>\n","protected":false},"author":12,"featured_media":0,"parent":875,"menu_order":0,"comment_status":"closed","ping_status":"closed","template":"","meta":{"_acf_changed":false,"_relevanssi_hide_post":"","_relevanssi_hide_content":"","_relevanssi_pin_for_all":"","_relevanssi_pin_keywords":"","_relevanssi_unpin_keywords":"","_relevanssi_related_keywords":"","_relevanssi_related_include_ids":"","_relevanssi_related_exclude_ids":"","_relevanssi_related_no_append":"","_relevanssi_related_not_related":"","_relevanssi_related_posts":"","_relevanssi_noindex_reason":"","footnotes":""},"source":[],"thematique_globale":[],"class_list":["post-3399","page","type-page","status-publish","hentry"],"acf":{"glo_image":"","glo_intro":"","glo_car_surcharge_titre":"","glo_car_surcharge_lien":""},"yoast_head":"<!-- This site is optimized with the Yoast SEO plugin v27.4 - https:\/\/yoast.com\/product\/yoast-seo-wordpress\/ -->\n<title>ANAP: HospiDiag Profil Etablissement - DataGrandEst<\/title>\n<meta name=\"robots\" content=\"index, follow, max-snippet:-1, max-image-preview:large, max-video-preview:-1\" \/>\n<link rel=\"canonical\" href=\"https:\/\/www.datagrandest.fr\/site\/sites-de-donnees-de-sante\/anap-hospidiag-profil-etablissement\/\" \/>\n<meta property=\"og:locale\" content=\"fr_FR\" \/>\n<meta property=\"og:type\" content=\"article\" \/>\n<meta property=\"og:title\" content=\"ANAP: HospiDiag Profil Etablissement - DataGrandEst\" \/>\n<meta property=\"og:description\" content=\"Outil d\u2019aide \u00e0 la d\u00e9cision permettant de mesurer la performance d\u2019un \u00e9tablissement de sant\u00e9 qui pratique de la m\u00e9decine, de la chirurgie ou de l\u2019obst\u00e9trique, en comparaison avec d\u2019autres \u00e9tablissements. Identification des forces et faiblesses d\u2019un \u00e9tablissement dans 5 composantes : qualit\u00e9 des soins professionnelles organisation des soins ressources humaines finances pratiques &nbsp;\" \/>\n<meta property=\"og:url\" content=\"https:\/\/www.datagrandest.fr\/site\/sites-de-donnees-de-sante\/anap-hospidiag-profil-etablissement\/\" \/>\n<meta property=\"og:site_name\" content=\"DataGrandEst\" \/>\n<meta name=\"twitter:card\" content=\"summary_large_image\" \/>\n<meta name=\"twitter:label1\" content=\"Dur\u00e9e de lecture estim\u00e9e\" \/>\n\t<meta name=\"twitter:data1\" content=\"1 minute\" \/>\n<script type=\"application\/ld+json\" class=\"yoast-schema-graph\">{\"@context\":\"https:\\\/\\\/schema.org\",\"@graph\":[{\"@type\":\"WebPage\",\"@id\":\"https:\\\/\\\/www.datagrandest.fr\\\/site\\\/sites-de-donnees-de-sante\\\/anap-hospidiag-profil-etablissement\\\/\",\"url\":\"https:\\\/\\\/www.datagrandest.fr\\\/site\\\/sites-de-donnees-de-sante\\\/anap-hospidiag-profil-etablissement\\\/\",\"name\":\"ANAP: HospiDiag Profil Etablissement - DataGrandEst\",\"isPartOf\":{\"@id\":\"https:\\\/\\\/www.datagrandest.fr\\\/site\\\/#website\"},\"datePublished\":\"2025-12-18T10:01:18+00:00\",\"breadcrumb\":{\"@id\":\"https:\\\/\\\/www.datagrandest.fr\\\/site\\\/sites-de-donnees-de-sante\\\/anap-hospidiag-profil-etablissement\\\/#breadcrumb\"},\"inLanguage\":\"fr-FR\",\"potentialAction\":[{\"@type\":\"ReadAction\",\"target\":[\"https:\\\/\\\/www.datagrandest.fr\\\/site\\\/sites-de-donnees-de-sante\\\/anap-hospidiag-profil-etablissement\\\/\"]}]},{\"@type\":\"BreadcrumbList\",\"@id\":\"https:\\\/\\\/www.datagrandest.fr\\\/site\\\/sites-de-donnees-de-sante\\\/anap-hospidiag-profil-etablissement\\\/#breadcrumb\",\"itemListElement\":[{\"@type\":\"ListItem\",\"position\":1,\"name\":\"Accueil\",\"item\":\"https:\\\/\\\/www.datagrandest.fr\\\/site\\\/\"},{\"@type\":\"ListItem\",\"position\":2,\"name\":\"Sites de donn\u00e9es de sant\u00e9\",\"item\":\"https:\\\/\\\/www.datagrandest.fr\\\/site\\\/sites-de-donnees-de-sante\\\/\"},{\"@type\":\"ListItem\",\"position\":3,\"name\":\"ANAP: HospiDiag Profil Etablissement\"}]},{\"@type\":\"WebSite\",\"@id\":\"https:\\\/\\\/www.datagrandest.fr\\\/site\\\/#website\",\"url\":\"https:\\\/\\\/www.datagrandest.fr\\\/site\\\/\",\"name\":\"DataGrandEst\",\"description\":\"\",\"potentialAction\":[{\"@type\":\"SearchAction\",\"target\":{\"@type\":\"EntryPoint\",\"urlTemplate\":\"https:\\\/\\\/www.datagrandest.fr\\\/site\\\/?s={search_term_string}\"},\"query-input\":{\"@type\":\"PropertyValueSpecification\",\"valueRequired\":true,\"valueName\":\"search_term_string\"}}],\"inLanguage\":\"fr-FR\"}]}<\/script>\n<!-- \/ Yoast SEO plugin. -->","yoast_head_json":{"title":"ANAP: HospiDiag Profil Etablissement - DataGrandEst","robots":{"index":"index","follow":"follow","max-snippet":"max-snippet:-1","max-image-preview":"max-image-preview:large","max-video-preview":"max-video-preview:-1"},"canonical":"https:\/\/www.datagrandest.fr\/site\/sites-de-donnees-de-sante\/anap-hospidiag-profil-etablissement\/","og_locale":"fr_FR","og_type":"article","og_title":"ANAP: HospiDiag Profil Etablissement - DataGrandEst","og_description":"Outil d\u2019aide \u00e0 la d\u00e9cision permettant de mesurer la performance d\u2019un \u00e9tablissement de sant\u00e9 qui pratique de la m\u00e9decine, de la chirurgie ou de l\u2019obst\u00e9trique, en comparaison avec d\u2019autres \u00e9tablissements. Identification des forces et faiblesses d\u2019un \u00e9tablissement dans 5 composantes : qualit\u00e9 des soins professionnelles organisation des soins ressources humaines finances pratiques &nbsp;","og_url":"https:\/\/www.datagrandest.fr\/site\/sites-de-donnees-de-sante\/anap-hospidiag-profil-etablissement\/","og_site_name":"DataGrandEst","twitter_card":"summary_large_image","twitter_misc":{"Dur\u00e9e de lecture estim\u00e9e":"1 minute"},"schema":{"@context":"https:\/\/schema.org","@graph":[{"@type":"WebPage","@id":"https:\/\/www.datagrandest.fr\/site\/sites-de-donnees-de-sante\/anap-hospidiag-profil-etablissement\/","url":"https:\/\/www.datagrandest.fr\/site\/sites-de-donnees-de-sante\/anap-hospidiag-profil-etablissement\/","name":"ANAP: HospiDiag Profil Etablissement - DataGrandEst","isPartOf":{"@id":"https:\/\/www.datagrandest.fr\/site\/#website"},"datePublished":"2025-12-18T10:01:18+00:00","breadcrumb":{"@id":"https:\/\/www.datagrandest.fr\/site\/sites-de-donnees-de-sante\/anap-hospidiag-profil-etablissement\/#breadcrumb"},"inLanguage":"fr-FR","potentialAction":[{"@type":"ReadAction","target":["https:\/\/www.datagrandest.fr\/site\/sites-de-donnees-de-sante\/anap-hospidiag-profil-etablissement\/"]}]},{"@type":"BreadcrumbList","@id":"https:\/\/www.datagrandest.fr\/site\/sites-de-donnees-de-sante\/anap-hospidiag-profil-etablissement\/#breadcrumb","itemListElement":[{"@type":"ListItem","position":1,"name":"Accueil","item":"https:\/\/www.datagrandest.fr\/site\/"},{"@type":"ListItem","position":2,"name":"Sites de donn\u00e9es de sant\u00e9","item":"https:\/\/www.datagrandest.fr\/site\/sites-de-donnees-de-sante\/"},{"@type":"ListItem","position":3,"name":"ANAP: HospiDiag Profil Etablissement"}]},{"@type":"WebSite","@id":"https:\/\/www.datagrandest.fr\/site\/#website","url":"https:\/\/www.datagrandest.fr\/site\/","name":"DataGrandEst","description":"","potentialAction":[{"@type":"SearchAction","target":{"@type":"EntryPoint","urlTemplate":"https:\/\/www.datagrandest.fr\/site\/?s={search_term_string}"},"query-input":{"@type":"PropertyValueSpecification","valueRequired":true,"valueName":"search_term_string"}}],"inLanguage":"fr-FR"}]}},"_links":{"self":[{"href":"https:\/\/www.datagrandest.fr\/site\/wp-json\/wp\/v2\/pages\/3399","targetHints":{"allow":["GET"]}}],"collection":[{"href":"https:\/\/www.datagrandest.fr\/site\/wp-json\/wp\/v2\/pages"}],"about":[{"href":"https:\/\/www.datagrandest.fr\/site\/wp-json\/wp\/v2\/types\/page"}],"author":[{"embeddable":true,"href":"https:\/\/www.datagrandest.fr\/site\/wp-json\/wp\/v2\/users\/12"}],"replies":[{"embeddable":true,"href":"https:\/\/www.datagrandest.fr\/site\/wp-json\/wp\/v2\/comments?post=3399"}],"version-history":[{"count":1,"href":"https:\/\/www.datagrandest.fr\/site\/wp-json\/wp\/v2\/pages\/3399\/revisions"}],"predecessor-version":[{"id":3403,"href":"https:\/\/www.datagrandest.fr\/site\/wp-json\/wp\/v2\/pages\/3399\/revisions\/3403"}],"up":[{"embeddable":true,"href":"https:\/\/www.datagrandest.fr\/site\/wp-json\/wp\/v2\/pages\/875"}],"wp:attachment":[{"href":"https:\/\/www.datagrandest.fr\/site\/wp-json\/wp\/v2\/media?parent=3399"}],"wp:term":[{"taxonomy":"source","embeddable":true,"href":"https:\/\/www.datagrandest.fr\/site\/wp-json\/wp\/v2\/source?post=3399"},{"taxonomy":"thematique_globale","embeddable":true,"href":"https:\/\/www.datagrandest.fr\/site\/wp-json\/wp\/v2\/thematique_globale?post=3399"}],"curies":[{"name":"wp","href":"https:\/\/api.w.org\/{rel}","templated":true}]}}