{"id":3406,"date":"2025-12-18T11:02:22","date_gmt":"2025-12-18T10:02:22","guid":{"rendered":"https:\/\/www.datagrandest.fr\/site\/?page_id=3406"},"modified":"2025-12-18T11:02:22","modified_gmt":"2025-12-18T10:02:22","slug":"atlasante-ars","status":"publish","type":"page","link":"https:\/\/www.datagrandest.fr\/site\/sites-de-donnees-de-sante\/atlasante-ars\/","title":{"rendered":"Atlasant\u00e9, ARS"},"content":{"rendered":"<p>Cartes interactives, Donn\u00e9es g\u00e9olocalis\u00e9es et Indicateurs<\/p>\n<p>Plateforme SIG couvrant le champ de la sant\u00e9.<br \/>\nIndicateurs r\u00e9partis selon les th\u00e8mes suivants : l\u2019offre de soins (sanitaire, m\u00e9dico-sociale), la sant\u00e9-publique (environnement, gestion de crise), pr\u00e9sent\u00e9es pour la plupart sous forme de carte th\u00e9matique (parcours AVC, portail PA, portail PH,\u2026), soit plus de 1 000 lots de donn\u00e9es et 50 cartes th\u00e9matiques.<\/p>\n<p>SIRS\u00e9: Syst\u00e8me d\u2019information inter-r\u00e9gional en sant\u00e9<br \/>\nObservatoire g\u00e9r\u00e9 par l\u2019ORS PACA<br \/>\nIndicateurs portant sur le contexte sociod\u00e9mographique, les \u00e9quipements sanitaires et m\u00e9dico-sociaux et la sant\u00e9environnementale de la commune au niveau national.<\/p>\n<p>&nbsp;<\/p>\n<p>Atlas de la sant\u00e9 mentale<br \/>\nCet atlas constitue une base d\u2019informations g\u00e9ographiques en sant\u00e9 mentale. Il rassemble plus de 350 indicateurs pouvant \u00eatre mobilis\u00e9s dans l\u2019\u00e9laboration et le suivi des diagnostics de sant\u00e9 partag\u00e9s des projets territoriaux en sant\u00e9 mentale.<\/p>\n","protected":false},"excerpt":{"rendered":"<p>Cartes interactives, Donn\u00e9es g\u00e9olocalis\u00e9es et Indicateurs Plateforme SIG couvrant le champ de la sant\u00e9. Indicateurs r\u00e9partis selon les th\u00e8mes suivants : l\u2019offre de soins (sanitaire, m\u00e9dico-sociale), la sant\u00e9-publique (environnement, gestion de crise), pr\u00e9sent\u00e9es pour la plupart sous forme de carte th\u00e9matique (parcours AVC, portail PA, portail PH,\u2026), soit plus de 1 000 lots de donn\u00e9es [&hellip;]<\/p>\n","protected":false},"author":12,"featured_media":0,"parent":875,"menu_order":0,"comment_status":"closed","ping_status":"closed","template":"","meta":{"_acf_changed":false,"_relevanssi_hide_post":"","_relevanssi_hide_content":"","_relevanssi_pin_for_all":"","_relevanssi_pin_keywords":"","_relevanssi_unpin_keywords":"","_relevanssi_related_keywords":"","_relevanssi_related_include_ids":"","_relevanssi_related_exclude_ids":"","_relevanssi_related_no_append":"","_relevanssi_related_not_related":"","_relevanssi_related_posts":"","_relevanssi_noindex_reason":"","footnotes":""},"source":[],"thematique_globale":[],"class_list":["post-3406","page","type-page","status-publish","hentry"],"acf":{"glo_image":"","glo_intro":"","glo_car_surcharge_titre":"","glo_car_surcharge_lien":""},"yoast_head":"<!-- This site is optimized with the Yoast SEO plugin v27.4 - https:\/\/yoast.com\/product\/yoast-seo-wordpress\/ -->\n<title>Atlasant\u00e9, ARS - DataGrandEst<\/title>\n<meta name=\"robots\" content=\"index, follow, max-snippet:-1, max-image-preview:large, max-video-preview:-1\" \/>\n<link rel=\"canonical\" href=\"https:\/\/www.datagrandest.fr\/site\/sites-de-donnees-de-sante\/atlasante-ars\/\" \/>\n<meta property=\"og:locale\" content=\"fr_FR\" \/>\n<meta property=\"og:type\" content=\"article\" \/>\n<meta property=\"og:title\" content=\"Atlasant\u00e9, ARS - DataGrandEst\" \/>\n<meta property=\"og:description\" content=\"Cartes interactives, Donn\u00e9es g\u00e9olocalis\u00e9es et Indicateurs Plateforme SIG couvrant le champ de la sant\u00e9. Indicateurs r\u00e9partis selon les th\u00e8mes suivants : l\u2019offre de soins (sanitaire, m\u00e9dico-sociale), la sant\u00e9-publique (environnement, gestion de crise), pr\u00e9sent\u00e9es pour la plupart sous forme de carte th\u00e9matique (parcours AVC, portail PA, portail PH,\u2026), soit plus de 1 000 lots de donn\u00e9es [&hellip;]\" \/>\n<meta property=\"og:url\" content=\"https:\/\/www.datagrandest.fr\/site\/sites-de-donnees-de-sante\/atlasante-ars\/\" \/>\n<meta property=\"og:site_name\" content=\"DataGrandEst\" \/>\n<meta name=\"twitter:card\" content=\"summary_large_image\" \/>\n<meta name=\"twitter:label1\" content=\"Dur\u00e9e de lecture estim\u00e9e\" \/>\n\t<meta name=\"twitter:data1\" content=\"1 minute\" \/>\n<script type=\"application\/ld+json\" class=\"yoast-schema-graph\">{\"@context\":\"https:\\\/\\\/schema.org\",\"@graph\":[{\"@type\":\"WebPage\",\"@id\":\"https:\\\/\\\/www.datagrandest.fr\\\/site\\\/sites-de-donnees-de-sante\\\/atlasante-ars\\\/\",\"url\":\"https:\\\/\\\/www.datagrandest.fr\\\/site\\\/sites-de-donnees-de-sante\\\/atlasante-ars\\\/\",\"name\":\"Atlasant\u00e9, ARS - DataGrandEst\",\"isPartOf\":{\"@id\":\"https:\\\/\\\/www.datagrandest.fr\\\/site\\\/#website\"},\"datePublished\":\"2025-12-18T10:02:22+00:00\",\"breadcrumb\":{\"@id\":\"https:\\\/\\\/www.datagrandest.fr\\\/site\\\/sites-de-donnees-de-sante\\\/atlasante-ars\\\/#breadcrumb\"},\"inLanguage\":\"fr-FR\",\"potentialAction\":[{\"@type\":\"ReadAction\",\"target\":[\"https:\\\/\\\/www.datagrandest.fr\\\/site\\\/sites-de-donnees-de-sante\\\/atlasante-ars\\\/\"]}]},{\"@type\":\"BreadcrumbList\",\"@id\":\"https:\\\/\\\/www.datagrandest.fr\\\/site\\\/sites-de-donnees-de-sante\\\/atlasante-ars\\\/#breadcrumb\",\"itemListElement\":[{\"@type\":\"ListItem\",\"position\":1,\"name\":\"Accueil\",\"item\":\"https:\\\/\\\/www.datagrandest.fr\\\/site\\\/\"},{\"@type\":\"ListItem\",\"position\":2,\"name\":\"Sites de donn\u00e9es de sant\u00e9\",\"item\":\"https:\\\/\\\/www.datagrandest.fr\\\/site\\\/sites-de-donnees-de-sante\\\/\"},{\"@type\":\"ListItem\",\"position\":3,\"name\":\"Atlasant\u00e9, ARS\"}]},{\"@type\":\"WebSite\",\"@id\":\"https:\\\/\\\/www.datagrandest.fr\\\/site\\\/#website\",\"url\":\"https:\\\/\\\/www.datagrandest.fr\\\/site\\\/\",\"name\":\"DataGrandEst\",\"description\":\"\",\"potentialAction\":[{\"@type\":\"SearchAction\",\"target\":{\"@type\":\"EntryPoint\",\"urlTemplate\":\"https:\\\/\\\/www.datagrandest.fr\\\/site\\\/?s={search_term_string}\"},\"query-input\":{\"@type\":\"PropertyValueSpecification\",\"valueRequired\":true,\"valueName\":\"search_term_string\"}}],\"inLanguage\":\"fr-FR\"}]}<\/script>\n<!-- \/ Yoast SEO plugin. -->","yoast_head_json":{"title":"Atlasant\u00e9, ARS - DataGrandEst","robots":{"index":"index","follow":"follow","max-snippet":"max-snippet:-1","max-image-preview":"max-image-preview:large","max-video-preview":"max-video-preview:-1"},"canonical":"https:\/\/www.datagrandest.fr\/site\/sites-de-donnees-de-sante\/atlasante-ars\/","og_locale":"fr_FR","og_type":"article","og_title":"Atlasant\u00e9, ARS - DataGrandEst","og_description":"Cartes interactives, Donn\u00e9es g\u00e9olocalis\u00e9es et Indicateurs Plateforme SIG couvrant le champ de la sant\u00e9. Indicateurs r\u00e9partis selon les th\u00e8mes suivants : l\u2019offre de soins (sanitaire, m\u00e9dico-sociale), la sant\u00e9-publique (environnement, gestion de crise), pr\u00e9sent\u00e9es pour la plupart sous forme de carte th\u00e9matique (parcours AVC, portail PA, portail PH,\u2026), soit plus de 1 000 lots de donn\u00e9es [&hellip;]","og_url":"https:\/\/www.datagrandest.fr\/site\/sites-de-donnees-de-sante\/atlasante-ars\/","og_site_name":"DataGrandEst","twitter_card":"summary_large_image","twitter_misc":{"Dur\u00e9e de lecture estim\u00e9e":"1 minute"},"schema":{"@context":"https:\/\/schema.org","@graph":[{"@type":"WebPage","@id":"https:\/\/www.datagrandest.fr\/site\/sites-de-donnees-de-sante\/atlasante-ars\/","url":"https:\/\/www.datagrandest.fr\/site\/sites-de-donnees-de-sante\/atlasante-ars\/","name":"Atlasant\u00e9, ARS - DataGrandEst","isPartOf":{"@id":"https:\/\/www.datagrandest.fr\/site\/#website"},"datePublished":"2025-12-18T10:02:22+00:00","breadcrumb":{"@id":"https:\/\/www.datagrandest.fr\/site\/sites-de-donnees-de-sante\/atlasante-ars\/#breadcrumb"},"inLanguage":"fr-FR","potentialAction":[{"@type":"ReadAction","target":["https:\/\/www.datagrandest.fr\/site\/sites-de-donnees-de-sante\/atlasante-ars\/"]}]},{"@type":"BreadcrumbList","@id":"https:\/\/www.datagrandest.fr\/site\/sites-de-donnees-de-sante\/atlasante-ars\/#breadcrumb","itemListElement":[{"@type":"ListItem","position":1,"name":"Accueil","item":"https:\/\/www.datagrandest.fr\/site\/"},{"@type":"ListItem","position":2,"name":"Sites de donn\u00e9es de sant\u00e9","item":"https:\/\/www.datagrandest.fr\/site\/sites-de-donnees-de-sante\/"},{"@type":"ListItem","position":3,"name":"Atlasant\u00e9, ARS"}]},{"@type":"WebSite","@id":"https:\/\/www.datagrandest.fr\/site\/#website","url":"https:\/\/www.datagrandest.fr\/site\/","name":"DataGrandEst","description":"","potentialAction":[{"@type":"SearchAction","target":{"@type":"EntryPoint","urlTemplate":"https:\/\/www.datagrandest.fr\/site\/?s={search_term_string}"},"query-input":{"@type":"PropertyValueSpecification","valueRequired":true,"valueName":"search_term_string"}}],"inLanguage":"fr-FR"}]}},"_links":{"self":[{"href":"https:\/\/www.datagrandest.fr\/site\/wp-json\/wp\/v2\/pages\/3406","targetHints":{"allow":["GET"]}}],"collection":[{"href":"https:\/\/www.datagrandest.fr\/site\/wp-json\/wp\/v2\/pages"}],"about":[{"href":"https:\/\/www.datagrandest.fr\/site\/wp-json\/wp\/v2\/types\/page"}],"author":[{"embeddable":true,"href":"https:\/\/www.datagrandest.fr\/site\/wp-json\/wp\/v2\/users\/12"}],"replies":[{"embeddable":true,"href":"https:\/\/www.datagrandest.fr\/site\/wp-json\/wp\/v2\/comments?post=3406"}],"version-history":[{"count":1,"href":"https:\/\/www.datagrandest.fr\/site\/wp-json\/wp\/v2\/pages\/3406\/revisions"}],"predecessor-version":[{"id":3407,"href":"https:\/\/www.datagrandest.fr\/site\/wp-json\/wp\/v2\/pages\/3406\/revisions\/3407"}],"up":[{"embeddable":true,"href":"https:\/\/www.datagrandest.fr\/site\/wp-json\/wp\/v2\/pages\/875"}],"wp:attachment":[{"href":"https:\/\/www.datagrandest.fr\/site\/wp-json\/wp\/v2\/media?parent=3406"}],"wp:term":[{"taxonomy":"source","embeddable":true,"href":"https:\/\/www.datagrandest.fr\/site\/wp-json\/wp\/v2\/source?post=3406"},{"taxonomy":"thematique_globale","embeddable":true,"href":"https:\/\/www.datagrandest.fr\/site\/wp-json\/wp\/v2\/thematique_globale?post=3406"}],"curies":[{"name":"wp","href":"https:\/\/api.w.org\/{rel}","templated":true}]}}