{"id":3408,"date":"2025-12-18T11:05:07","date_gmt":"2025-12-18T10:05:07","guid":{"rendered":"https:\/\/www.datagrandest.fr\/site\/?page_id=3408"},"modified":"2025-12-18T11:05:07","modified_gmt":"2025-12-18T10:05:07","slug":"datasante","status":"publish","type":"page","link":"https:\/\/www.datagrandest.fr\/site\/sites-de-donnees-de-sante\/datasante\/","title":{"rendered":"DataSant\u00e9"},"content":{"rendered":"<p>Entrep\u00f4t de donn\u00e9es construit pour stocker et partager des informations provenant de diff\u00e9rentes sources de donn\u00e9es permettant d&rsquo;alimenter en partie ou totalement les produits AtlaSant\u00e9 tels que les cartes interactives et les observatoires.<\/p>\n<p>Quelles donn\u00e9es?<\/p>\n<ul>\n<li>Donn\u00e9es de contexte telles que le code officiel g\u00e9ographique de l&rsquo;Insee,<\/li>\n<li>R\u00e9sultats des recensements de la population,<\/li>\n<li>Donn\u00e9es provenant du r\u00e9pertoire Finess et de l&rsquo;outil Arhgos, etc.<\/li>\n<\/ul>\n<p>Mises \u00e0 jour ? Au fil de l&rsquo;eau en fonction des publications des producteurs de donn\u00e9es.<br \/>\nComment acc\u00e9der \u00e0 la base de donn\u00e9es ? Les fichiers de donn\u00e9es et la documentation compl\u00e8te est publi\u00e9e sur data.gouv.fr<\/p>\n","protected":false},"excerpt":{"rendered":"<p>Entrep\u00f4t de donn\u00e9es construit pour stocker et partager des informations provenant de diff\u00e9rentes sources de donn\u00e9es permettant d&rsquo;alimenter en partie ou totalement les produits AtlaSant\u00e9 tels que les cartes interactives et les observatoires. Quelles donn\u00e9es? Donn\u00e9es de contexte telles que le code officiel g\u00e9ographique de l&rsquo;Insee, R\u00e9sultats des recensements de la population, Donn\u00e9es provenant du [&hellip;]<\/p>\n","protected":false},"author":12,"featured_media":0,"parent":875,"menu_order":0,"comment_status":"closed","ping_status":"closed","template":"","meta":{"_acf_changed":false,"_relevanssi_hide_post":"","_relevanssi_hide_content":"","_relevanssi_pin_for_all":"","_relevanssi_pin_keywords":"","_relevanssi_unpin_keywords":"","_relevanssi_related_keywords":"","_relevanssi_related_include_ids":"","_relevanssi_related_exclude_ids":"","_relevanssi_related_no_append":"","_relevanssi_related_not_related":"","_relevanssi_related_posts":"","_relevanssi_noindex_reason":"","footnotes":""},"source":[],"thematique_globale":[],"class_list":["post-3408","page","type-page","status-publish","hentry"],"acf":{"glo_image":"","glo_intro":"","glo_car_surcharge_titre":"","glo_car_surcharge_lien":""},"yoast_head":"<!-- This site is optimized with the Yoast SEO plugin v27.4 - https:\/\/yoast.com\/product\/yoast-seo-wordpress\/ -->\n<title>DataSant\u00e9 - DataGrandEst<\/title>\n<meta name=\"robots\" content=\"index, follow, max-snippet:-1, max-image-preview:large, max-video-preview:-1\" \/>\n<link rel=\"canonical\" href=\"https:\/\/www.datagrandest.fr\/site\/sites-de-donnees-de-sante\/datasante\/\" \/>\n<meta property=\"og:locale\" content=\"fr_FR\" \/>\n<meta property=\"og:type\" content=\"article\" \/>\n<meta property=\"og:title\" content=\"DataSant\u00e9 - DataGrandEst\" \/>\n<meta property=\"og:description\" content=\"Entrep\u00f4t de donn\u00e9es construit pour stocker et partager des informations provenant de diff\u00e9rentes sources de donn\u00e9es permettant d&rsquo;alimenter en partie ou totalement les produits AtlaSant\u00e9 tels que les cartes interactives et les observatoires. Quelles donn\u00e9es? Donn\u00e9es de contexte telles que le code officiel g\u00e9ographique de l&rsquo;Insee, R\u00e9sultats des recensements de la population, Donn\u00e9es provenant du [&hellip;]\" \/>\n<meta property=\"og:url\" content=\"https:\/\/www.datagrandest.fr\/site\/sites-de-donnees-de-sante\/datasante\/\" \/>\n<meta property=\"og:site_name\" content=\"DataGrandEst\" \/>\n<meta name=\"twitter:card\" content=\"summary_large_image\" \/>\n<meta name=\"twitter:label1\" content=\"Dur\u00e9e de lecture estim\u00e9e\" \/>\n\t<meta name=\"twitter:data1\" content=\"1 minute\" \/>\n<script type=\"application\/ld+json\" class=\"yoast-schema-graph\">{\"@context\":\"https:\\\/\\\/schema.org\",\"@graph\":[{\"@type\":\"WebPage\",\"@id\":\"https:\\\/\\\/www.datagrandest.fr\\\/site\\\/sites-de-donnees-de-sante\\\/datasante\\\/\",\"url\":\"https:\\\/\\\/www.datagrandest.fr\\\/site\\\/sites-de-donnees-de-sante\\\/datasante\\\/\",\"name\":\"DataSant\u00e9 - DataGrandEst\",\"isPartOf\":{\"@id\":\"https:\\\/\\\/www.datagrandest.fr\\\/site\\\/#website\"},\"datePublished\":\"2025-12-18T10:05:07+00:00\",\"breadcrumb\":{\"@id\":\"https:\\\/\\\/www.datagrandest.fr\\\/site\\\/sites-de-donnees-de-sante\\\/datasante\\\/#breadcrumb\"},\"inLanguage\":\"fr-FR\",\"potentialAction\":[{\"@type\":\"ReadAction\",\"target\":[\"https:\\\/\\\/www.datagrandest.fr\\\/site\\\/sites-de-donnees-de-sante\\\/datasante\\\/\"]}]},{\"@type\":\"BreadcrumbList\",\"@id\":\"https:\\\/\\\/www.datagrandest.fr\\\/site\\\/sites-de-donnees-de-sante\\\/datasante\\\/#breadcrumb\",\"itemListElement\":[{\"@type\":\"ListItem\",\"position\":1,\"name\":\"Accueil\",\"item\":\"https:\\\/\\\/www.datagrandest.fr\\\/site\\\/\"},{\"@type\":\"ListItem\",\"position\":2,\"name\":\"Sites de donn\u00e9es de sant\u00e9\",\"item\":\"https:\\\/\\\/www.datagrandest.fr\\\/site\\\/sites-de-donnees-de-sante\\\/\"},{\"@type\":\"ListItem\",\"position\":3,\"name\":\"DataSant\u00e9\"}]},{\"@type\":\"WebSite\",\"@id\":\"https:\\\/\\\/www.datagrandest.fr\\\/site\\\/#website\",\"url\":\"https:\\\/\\\/www.datagrandest.fr\\\/site\\\/\",\"name\":\"DataGrandEst\",\"description\":\"\",\"potentialAction\":[{\"@type\":\"SearchAction\",\"target\":{\"@type\":\"EntryPoint\",\"urlTemplate\":\"https:\\\/\\\/www.datagrandest.fr\\\/site\\\/?s={search_term_string}\"},\"query-input\":{\"@type\":\"PropertyValueSpecification\",\"valueRequired\":true,\"valueName\":\"search_term_string\"}}],\"inLanguage\":\"fr-FR\"}]}<\/script>\n<!-- \/ Yoast SEO plugin. -->","yoast_head_json":{"title":"DataSant\u00e9 - DataGrandEst","robots":{"index":"index","follow":"follow","max-snippet":"max-snippet:-1","max-image-preview":"max-image-preview:large","max-video-preview":"max-video-preview:-1"},"canonical":"https:\/\/www.datagrandest.fr\/site\/sites-de-donnees-de-sante\/datasante\/","og_locale":"fr_FR","og_type":"article","og_title":"DataSant\u00e9 - DataGrandEst","og_description":"Entrep\u00f4t de donn\u00e9es construit pour stocker et partager des informations provenant de diff\u00e9rentes sources de donn\u00e9es permettant d&rsquo;alimenter en partie ou totalement les produits AtlaSant\u00e9 tels que les cartes interactives et les observatoires. Quelles donn\u00e9es? Donn\u00e9es de contexte telles que le code officiel g\u00e9ographique de l&rsquo;Insee, R\u00e9sultats des recensements de la population, Donn\u00e9es provenant du [&hellip;]","og_url":"https:\/\/www.datagrandest.fr\/site\/sites-de-donnees-de-sante\/datasante\/","og_site_name":"DataGrandEst","twitter_card":"summary_large_image","twitter_misc":{"Dur\u00e9e de lecture estim\u00e9e":"1 minute"},"schema":{"@context":"https:\/\/schema.org","@graph":[{"@type":"WebPage","@id":"https:\/\/www.datagrandest.fr\/site\/sites-de-donnees-de-sante\/datasante\/","url":"https:\/\/www.datagrandest.fr\/site\/sites-de-donnees-de-sante\/datasante\/","name":"DataSant\u00e9 - DataGrandEst","isPartOf":{"@id":"https:\/\/www.datagrandest.fr\/site\/#website"},"datePublished":"2025-12-18T10:05:07+00:00","breadcrumb":{"@id":"https:\/\/www.datagrandest.fr\/site\/sites-de-donnees-de-sante\/datasante\/#breadcrumb"},"inLanguage":"fr-FR","potentialAction":[{"@type":"ReadAction","target":["https:\/\/www.datagrandest.fr\/site\/sites-de-donnees-de-sante\/datasante\/"]}]},{"@type":"BreadcrumbList","@id":"https:\/\/www.datagrandest.fr\/site\/sites-de-donnees-de-sante\/datasante\/#breadcrumb","itemListElement":[{"@type":"ListItem","position":1,"name":"Accueil","item":"https:\/\/www.datagrandest.fr\/site\/"},{"@type":"ListItem","position":2,"name":"Sites de donn\u00e9es de sant\u00e9","item":"https:\/\/www.datagrandest.fr\/site\/sites-de-donnees-de-sante\/"},{"@type":"ListItem","position":3,"name":"DataSant\u00e9"}]},{"@type":"WebSite","@id":"https:\/\/www.datagrandest.fr\/site\/#website","url":"https:\/\/www.datagrandest.fr\/site\/","name":"DataGrandEst","description":"","potentialAction":[{"@type":"SearchAction","target":{"@type":"EntryPoint","urlTemplate":"https:\/\/www.datagrandest.fr\/site\/?s={search_term_string}"},"query-input":{"@type":"PropertyValueSpecification","valueRequired":true,"valueName":"search_term_string"}}],"inLanguage":"fr-FR"}]}},"_links":{"self":[{"href":"https:\/\/www.datagrandest.fr\/site\/wp-json\/wp\/v2\/pages\/3408","targetHints":{"allow":["GET"]}}],"collection":[{"href":"https:\/\/www.datagrandest.fr\/site\/wp-json\/wp\/v2\/pages"}],"about":[{"href":"https:\/\/www.datagrandest.fr\/site\/wp-json\/wp\/v2\/types\/page"}],"author":[{"embeddable":true,"href":"https:\/\/www.datagrandest.fr\/site\/wp-json\/wp\/v2\/users\/12"}],"replies":[{"embeddable":true,"href":"https:\/\/www.datagrandest.fr\/site\/wp-json\/wp\/v2\/comments?post=3408"}],"version-history":[{"count":1,"href":"https:\/\/www.datagrandest.fr\/site\/wp-json\/wp\/v2\/pages\/3408\/revisions"}],"predecessor-version":[{"id":3419,"href":"https:\/\/www.datagrandest.fr\/site\/wp-json\/wp\/v2\/pages\/3408\/revisions\/3419"}],"up":[{"embeddable":true,"href":"https:\/\/www.datagrandest.fr\/site\/wp-json\/wp\/v2\/pages\/875"}],"wp:attachment":[{"href":"https:\/\/www.datagrandest.fr\/site\/wp-json\/wp\/v2\/media?parent=3408"}],"wp:term":[{"taxonomy":"source","embeddable":true,"href":"https:\/\/www.datagrandest.fr\/site\/wp-json\/wp\/v2\/source?post=3408"},{"taxonomy":"thematique_globale","embeddable":true,"href":"https:\/\/www.datagrandest.fr\/site\/wp-json\/wp\/v2\/thematique_globale?post=3408"}],"curies":[{"name":"wp","href":"https:\/\/api.w.org\/{rel}","templated":true}]}}