{"id":3420,"date":"2025-12-18T11:05:38","date_gmt":"2025-12-18T10:05:38","guid":{"rendered":"https:\/\/www.datagrandest.fr\/site\/?page_id=3420"},"modified":"2025-12-18T11:05:38","modified_gmt":"2025-12-18T10:05:38","slug":"cartographies-des-donnees-epidemioloiques-de-sante","status":"publish","type":"page","link":"https:\/\/www.datagrandest.fr\/site\/sites-de-donnees-de-sante\/cartographies-des-donnees-epidemioloiques-de-sante\/","title":{"rendered":"Cartographies des Donn\u00e9es Epid\u00e9mioloiques de Sant\u00e9"},"content":{"rendered":"<p>Les th\u00e9matiques pr\u00e9sent\u00e9es sont celles qui entrent dans le champ de Sant\u00e9 publique France.<br \/>\nIl s\u2019agit des pathologies surveill\u00e9es par l\u2019agence et les d\u00e9terminants de sant\u00e9 recueillis lors d\u2019enqu\u00eates \u00e9pid\u00e9miologiques. Ces th\u00e9matiques sont regroup\u00e9es sous deux arborescences : \u00ab pathologies \u00bb et \u00ab d\u00e9terminants \u00bb.<br \/>\nG\u00e9odes fournit des indicateurs produits par l\u2019agence pouvant \u00eatre d\u00e9clin\u00e9s \u00e0 un niveau g\u00e9ographique infranational, le plus souvent r\u00e9gional et d\u00e9partemental. La plupart des indicateurs sont fournis annuellement.<\/p>\n","protected":false},"excerpt":{"rendered":"<p>Les th\u00e9matiques pr\u00e9sent\u00e9es sont celles qui entrent dans le champ de Sant\u00e9 publique France. Il s\u2019agit des pathologies surveill\u00e9es par l\u2019agence et les d\u00e9terminants de sant\u00e9 recueillis lors d\u2019enqu\u00eates \u00e9pid\u00e9miologiques. Ces th\u00e9matiques sont regroup\u00e9es sous deux arborescences : \u00ab pathologies \u00bb et \u00ab d\u00e9terminants \u00bb. G\u00e9odes fournit des indicateurs produits par l\u2019agence pouvant \u00eatre d\u00e9clin\u00e9s [&hellip;]<\/p>\n","protected":false},"author":12,"featured_media":0,"parent":875,"menu_order":0,"comment_status":"closed","ping_status":"closed","template":"","meta":{"_acf_changed":false,"_relevanssi_hide_post":"","_relevanssi_hide_content":"","_relevanssi_pin_for_all":"","_relevanssi_pin_keywords":"","_relevanssi_unpin_keywords":"","_relevanssi_related_keywords":"","_relevanssi_related_include_ids":"","_relevanssi_related_exclude_ids":"","_relevanssi_related_no_append":"","_relevanssi_related_not_related":"","_relevanssi_related_posts":"","_relevanssi_noindex_reason":"","footnotes":""},"source":[],"thematique_globale":[],"class_list":["post-3420","page","type-page","status-publish","hentry"],"acf":{"glo_image":"","glo_intro":"","glo_car_surcharge_titre":"","glo_car_surcharge_lien":""},"yoast_head":"<!-- This site is optimized with the Yoast SEO plugin v27.4 - https:\/\/yoast.com\/product\/yoast-seo-wordpress\/ -->\n<title>Cartographies des Donn\u00e9es Epid\u00e9mioloiques de Sant\u00e9 - DataGrandEst<\/title>\n<meta name=\"robots\" content=\"index, follow, max-snippet:-1, max-image-preview:large, max-video-preview:-1\" \/>\n<link rel=\"canonical\" href=\"https:\/\/www.datagrandest.fr\/site\/sites-de-donnees-de-sante\/cartographies-des-donnees-epidemioloiques-de-sante\/\" \/>\n<meta property=\"og:locale\" content=\"fr_FR\" \/>\n<meta property=\"og:type\" content=\"article\" \/>\n<meta property=\"og:title\" content=\"Cartographies des Donn\u00e9es Epid\u00e9mioloiques de Sant\u00e9 - DataGrandEst\" \/>\n<meta property=\"og:description\" content=\"Les th\u00e9matiques pr\u00e9sent\u00e9es sont celles qui entrent dans le champ de Sant\u00e9 publique France. Il s\u2019agit des pathologies surveill\u00e9es par l\u2019agence et les d\u00e9terminants de sant\u00e9 recueillis lors d\u2019enqu\u00eates \u00e9pid\u00e9miologiques. Ces th\u00e9matiques sont regroup\u00e9es sous deux arborescences : \u00ab pathologies \u00bb et \u00ab d\u00e9terminants \u00bb. G\u00e9odes fournit des indicateurs produits par l\u2019agence pouvant \u00eatre d\u00e9clin\u00e9s [&hellip;]\" \/>\n<meta property=\"og:url\" content=\"https:\/\/www.datagrandest.fr\/site\/sites-de-donnees-de-sante\/cartographies-des-donnees-epidemioloiques-de-sante\/\" \/>\n<meta property=\"og:site_name\" content=\"DataGrandEst\" \/>\n<meta name=\"twitter:card\" content=\"summary_large_image\" \/>\n<meta name=\"twitter:label1\" content=\"Dur\u00e9e de lecture estim\u00e9e\" \/>\n\t<meta name=\"twitter:data1\" content=\"1 minute\" \/>\n<script type=\"application\/ld+json\" class=\"yoast-schema-graph\">{\"@context\":\"https:\\\/\\\/schema.org\",\"@graph\":[{\"@type\":\"WebPage\",\"@id\":\"https:\\\/\\\/www.datagrandest.fr\\\/site\\\/sites-de-donnees-de-sante\\\/cartographies-des-donnees-epidemioloiques-de-sante\\\/\",\"url\":\"https:\\\/\\\/www.datagrandest.fr\\\/site\\\/sites-de-donnees-de-sante\\\/cartographies-des-donnees-epidemioloiques-de-sante\\\/\",\"name\":\"Cartographies des Donn\u00e9es Epid\u00e9mioloiques de Sant\u00e9 - DataGrandEst\",\"isPartOf\":{\"@id\":\"https:\\\/\\\/www.datagrandest.fr\\\/site\\\/#website\"},\"datePublished\":\"2025-12-18T10:05:38+00:00\",\"breadcrumb\":{\"@id\":\"https:\\\/\\\/www.datagrandest.fr\\\/site\\\/sites-de-donnees-de-sante\\\/cartographies-des-donnees-epidemioloiques-de-sante\\\/#breadcrumb\"},\"inLanguage\":\"fr-FR\",\"potentialAction\":[{\"@type\":\"ReadAction\",\"target\":[\"https:\\\/\\\/www.datagrandest.fr\\\/site\\\/sites-de-donnees-de-sante\\\/cartographies-des-donnees-epidemioloiques-de-sante\\\/\"]}]},{\"@type\":\"BreadcrumbList\",\"@id\":\"https:\\\/\\\/www.datagrandest.fr\\\/site\\\/sites-de-donnees-de-sante\\\/cartographies-des-donnees-epidemioloiques-de-sante\\\/#breadcrumb\",\"itemListElement\":[{\"@type\":\"ListItem\",\"position\":1,\"name\":\"Accueil\",\"item\":\"https:\\\/\\\/www.datagrandest.fr\\\/site\\\/\"},{\"@type\":\"ListItem\",\"position\":2,\"name\":\"Sites de donn\u00e9es de sant\u00e9\",\"item\":\"https:\\\/\\\/www.datagrandest.fr\\\/site\\\/sites-de-donnees-de-sante\\\/\"},{\"@type\":\"ListItem\",\"position\":3,\"name\":\"Cartographies des Donn\u00e9es Epid\u00e9mioloiques de Sant\u00e9\"}]},{\"@type\":\"WebSite\",\"@id\":\"https:\\\/\\\/www.datagrandest.fr\\\/site\\\/#website\",\"url\":\"https:\\\/\\\/www.datagrandest.fr\\\/site\\\/\",\"name\":\"DataGrandEst\",\"description\":\"\",\"potentialAction\":[{\"@type\":\"SearchAction\",\"target\":{\"@type\":\"EntryPoint\",\"urlTemplate\":\"https:\\\/\\\/www.datagrandest.fr\\\/site\\\/?s={search_term_string}\"},\"query-input\":{\"@type\":\"PropertyValueSpecification\",\"valueRequired\":true,\"valueName\":\"search_term_string\"}}],\"inLanguage\":\"fr-FR\"}]}<\/script>\n<!-- \/ Yoast SEO plugin. -->","yoast_head_json":{"title":"Cartographies des Donn\u00e9es Epid\u00e9mioloiques de Sant\u00e9 - DataGrandEst","robots":{"index":"index","follow":"follow","max-snippet":"max-snippet:-1","max-image-preview":"max-image-preview:large","max-video-preview":"max-video-preview:-1"},"canonical":"https:\/\/www.datagrandest.fr\/site\/sites-de-donnees-de-sante\/cartographies-des-donnees-epidemioloiques-de-sante\/","og_locale":"fr_FR","og_type":"article","og_title":"Cartographies des Donn\u00e9es Epid\u00e9mioloiques de Sant\u00e9 - DataGrandEst","og_description":"Les th\u00e9matiques pr\u00e9sent\u00e9es sont celles qui entrent dans le champ de Sant\u00e9 publique France. Il s\u2019agit des pathologies surveill\u00e9es par l\u2019agence et les d\u00e9terminants de sant\u00e9 recueillis lors d\u2019enqu\u00eates \u00e9pid\u00e9miologiques. Ces th\u00e9matiques sont regroup\u00e9es sous deux arborescences : \u00ab pathologies \u00bb et \u00ab d\u00e9terminants \u00bb. G\u00e9odes fournit des indicateurs produits par l\u2019agence pouvant \u00eatre d\u00e9clin\u00e9s [&hellip;]","og_url":"https:\/\/www.datagrandest.fr\/site\/sites-de-donnees-de-sante\/cartographies-des-donnees-epidemioloiques-de-sante\/","og_site_name":"DataGrandEst","twitter_card":"summary_large_image","twitter_misc":{"Dur\u00e9e de lecture estim\u00e9e":"1 minute"},"schema":{"@context":"https:\/\/schema.org","@graph":[{"@type":"WebPage","@id":"https:\/\/www.datagrandest.fr\/site\/sites-de-donnees-de-sante\/cartographies-des-donnees-epidemioloiques-de-sante\/","url":"https:\/\/www.datagrandest.fr\/site\/sites-de-donnees-de-sante\/cartographies-des-donnees-epidemioloiques-de-sante\/","name":"Cartographies des Donn\u00e9es Epid\u00e9mioloiques de Sant\u00e9 - DataGrandEst","isPartOf":{"@id":"https:\/\/www.datagrandest.fr\/site\/#website"},"datePublished":"2025-12-18T10:05:38+00:00","breadcrumb":{"@id":"https:\/\/www.datagrandest.fr\/site\/sites-de-donnees-de-sante\/cartographies-des-donnees-epidemioloiques-de-sante\/#breadcrumb"},"inLanguage":"fr-FR","potentialAction":[{"@type":"ReadAction","target":["https:\/\/www.datagrandest.fr\/site\/sites-de-donnees-de-sante\/cartographies-des-donnees-epidemioloiques-de-sante\/"]}]},{"@type":"BreadcrumbList","@id":"https:\/\/www.datagrandest.fr\/site\/sites-de-donnees-de-sante\/cartographies-des-donnees-epidemioloiques-de-sante\/#breadcrumb","itemListElement":[{"@type":"ListItem","position":1,"name":"Accueil","item":"https:\/\/www.datagrandest.fr\/site\/"},{"@type":"ListItem","position":2,"name":"Sites de donn\u00e9es de sant\u00e9","item":"https:\/\/www.datagrandest.fr\/site\/sites-de-donnees-de-sante\/"},{"@type":"ListItem","position":3,"name":"Cartographies des Donn\u00e9es Epid\u00e9mioloiques de Sant\u00e9"}]},{"@type":"WebSite","@id":"https:\/\/www.datagrandest.fr\/site\/#website","url":"https:\/\/www.datagrandest.fr\/site\/","name":"DataGrandEst","description":"","potentialAction":[{"@type":"SearchAction","target":{"@type":"EntryPoint","urlTemplate":"https:\/\/www.datagrandest.fr\/site\/?s={search_term_string}"},"query-input":{"@type":"PropertyValueSpecification","valueRequired":true,"valueName":"search_term_string"}}],"inLanguage":"fr-FR"}]}},"_links":{"self":[{"href":"https:\/\/www.datagrandest.fr\/site\/wp-json\/wp\/v2\/pages\/3420","targetHints":{"allow":["GET"]}}],"collection":[{"href":"https:\/\/www.datagrandest.fr\/site\/wp-json\/wp\/v2\/pages"}],"about":[{"href":"https:\/\/www.datagrandest.fr\/site\/wp-json\/wp\/v2\/types\/page"}],"author":[{"embeddable":true,"href":"https:\/\/www.datagrandest.fr\/site\/wp-json\/wp\/v2\/users\/12"}],"replies":[{"embeddable":true,"href":"https:\/\/www.datagrandest.fr\/site\/wp-json\/wp\/v2\/comments?post=3420"}],"version-history":[{"count":1,"href":"https:\/\/www.datagrandest.fr\/site\/wp-json\/wp\/v2\/pages\/3420\/revisions"}],"predecessor-version":[{"id":3421,"href":"https:\/\/www.datagrandest.fr\/site\/wp-json\/wp\/v2\/pages\/3420\/revisions\/3421"}],"up":[{"embeddable":true,"href":"https:\/\/www.datagrandest.fr\/site\/wp-json\/wp\/v2\/pages\/875"}],"wp:attachment":[{"href":"https:\/\/www.datagrandest.fr\/site\/wp-json\/wp\/v2\/media?parent=3420"}],"wp:term":[{"taxonomy":"source","embeddable":true,"href":"https:\/\/www.datagrandest.fr\/site\/wp-json\/wp\/v2\/source?post=3420"},{"taxonomy":"thematique_globale","embeddable":true,"href":"https:\/\/www.datagrandest.fr\/site\/wp-json\/wp\/v2\/thematique_globale?post=3420"}],"curies":[{"name":"wp","href":"https:\/\/api.w.org\/{rel}","templated":true}]}}