{"id":3424,"date":"2025-12-18T11:07:06","date_gmt":"2025-12-18T10:07:06","guid":{"rendered":"https:\/\/www.datagrandest.fr\/site\/?page_id=3424"},"modified":"2025-12-18T11:07:35","modified_gmt":"2025-12-18T10:07:35","slug":"base-de-donnees-score-sante-federation-des-observatoires-regionaux-en-sante","status":"publish","type":"page","link":"https:\/\/www.datagrandest.fr\/site\/sites-de-donnees-de-sante\/base-de-donnees-score-sante-federation-des-observatoires-regionaux-en-sante\/","title":{"rendered":"Base de donn\u00e9es Score Sant\u00e9 &#8211; F\u00e9d\u00e9ration des Observatoires R\u00e9gionaux en Sant\u00e9"},"content":{"rendered":"<p>Donn\u00e9es relatives \u00e0 la sant\u00e9 de la population et ses d\u00e9terminants.<br \/>\nPlus de 2 700 indicateurs document\u00e9s pr\u00e9sent\u00e9s sous forme de tableaux, de cartes ou de graphiques. Les indicateurs sont d\u00e9clin\u00e9s \u00e0 plusieurs \u00e9chelons g\u00e9ographiques : national, r\u00e9gional, d\u00e9partemental, territoires sp\u00e9cifiques et infra-d\u00e9partemental.<br \/>\nLes entr\u00e9es th\u00e9matiques propos\u00e9es : population g\u00e9n\u00e9rale, populations sp\u00e9cifiques, d\u00e9terminants de sant\u00e9, facteurs de risques, pr\u00e9vention, offre de soins, pathologies, recours aux soins, \u00e9conomie de la sant\u00e9, etc.<\/p>\n<p>STATISS est un m\u00e9mento annuel pr\u00e9sentant une s\u00e9rie d\u2019indicateurs couvrant plusieurs th\u00e9matiques :<\/p>\n<ul>\n<li>Contexte d\u00e9mographique et social ;<\/li>\n<li>\u00c9tat de sant\u00e9 ;<\/li>\n<li>Offre de soins en \u00e9tablissement de sant\u00e9 ;<\/li>\n<li>Activit\u00e9 hospitali\u00e8re ;<\/li>\n<li>Offre d\u2019\u00e9quipements en \u00e9tablissements et services m\u00e9dico-sociaux ;<\/li>\n<li>Professions de sant\u00e9.<\/li>\n<\/ul>\n<p>Les indicateurs sont d\u00e9clin\u00e9s aux \u00e9chelles nationale, r\u00e9gionale et d\u00e9partementale et sont propos\u00e9s pour l\u2019ann\u00e9e la plus r\u00e9cente.<br \/>\nDisponible \u00e9galement sur le site de l\u2019ARS Grand Est.<\/p>\n","protected":false},"excerpt":{"rendered":"<p>Donn\u00e9es relatives \u00e0 la sant\u00e9 de la population et ses d\u00e9terminants. Plus de 2 700 indicateurs document\u00e9s pr\u00e9sent\u00e9s sous forme de tableaux, de cartes ou de graphiques. Les indicateurs sont d\u00e9clin\u00e9s \u00e0 plusieurs \u00e9chelons g\u00e9ographiques : national, r\u00e9gional, d\u00e9partemental, territoires sp\u00e9cifiques et infra-d\u00e9partemental. Les entr\u00e9es th\u00e9matiques propos\u00e9es : population g\u00e9n\u00e9rale, populations sp\u00e9cifiques, d\u00e9terminants de sant\u00e9, [&hellip;]<\/p>\n","protected":false},"author":12,"featured_media":0,"parent":875,"menu_order":0,"comment_status":"closed","ping_status":"closed","template":"","meta":{"_acf_changed":false,"_relevanssi_hide_post":"","_relevanssi_hide_content":"","_relevanssi_pin_for_all":"","_relevanssi_pin_keywords":"","_relevanssi_unpin_keywords":"","_relevanssi_related_keywords":"","_relevanssi_related_include_ids":"","_relevanssi_related_exclude_ids":"","_relevanssi_related_no_append":"","_relevanssi_related_not_related":"","_relevanssi_related_posts":"","_relevanssi_noindex_reason":"","footnotes":""},"source":[],"thematique_globale":[],"class_list":["post-3424","page","type-page","status-publish","hentry"],"acf":{"glo_image":"","glo_intro":"","glo_car_surcharge_titre":"","glo_car_surcharge_lien":""},"yoast_head":"<!-- This site is optimized with the Yoast SEO plugin v27.4 - https:\/\/yoast.com\/product\/yoast-seo-wordpress\/ -->\n<title>Base de donn\u00e9es Score Sant\u00e9 - F\u00e9d\u00e9ration des Observatoires R\u00e9gionaux en Sant\u00e9 - DataGrandEst<\/title>\n<meta name=\"robots\" content=\"index, follow, max-snippet:-1, max-image-preview:large, max-video-preview:-1\" \/>\n<link rel=\"canonical\" href=\"https:\/\/www.datagrandest.fr\/site\/sites-de-donnees-de-sante\/base-de-donnees-score-sante-federation-des-observatoires-regionaux-en-sante\/\" \/>\n<meta property=\"og:locale\" content=\"fr_FR\" \/>\n<meta property=\"og:type\" content=\"article\" \/>\n<meta property=\"og:title\" content=\"Base de donn\u00e9es Score Sant\u00e9 - F\u00e9d\u00e9ration des Observatoires R\u00e9gionaux en Sant\u00e9 - DataGrandEst\" \/>\n<meta property=\"og:description\" content=\"Donn\u00e9es relatives \u00e0 la sant\u00e9 de la population et ses d\u00e9terminants. Plus de 2 700 indicateurs document\u00e9s pr\u00e9sent\u00e9s sous forme de tableaux, de cartes ou de graphiques. Les indicateurs sont d\u00e9clin\u00e9s \u00e0 plusieurs \u00e9chelons g\u00e9ographiques : national, r\u00e9gional, d\u00e9partemental, territoires sp\u00e9cifiques et infra-d\u00e9partemental. Les entr\u00e9es th\u00e9matiques propos\u00e9es : population g\u00e9n\u00e9rale, populations sp\u00e9cifiques, d\u00e9terminants de sant\u00e9, [&hellip;]\" \/>\n<meta property=\"og:url\" content=\"https:\/\/www.datagrandest.fr\/site\/sites-de-donnees-de-sante\/base-de-donnees-score-sante-federation-des-observatoires-regionaux-en-sante\/\" \/>\n<meta property=\"og:site_name\" content=\"DataGrandEst\" \/>\n<meta property=\"article:modified_time\" content=\"2025-12-18T10:07:35+00:00\" \/>\n<meta name=\"twitter:card\" content=\"summary_large_image\" \/>\n<meta name=\"twitter:label1\" content=\"Dur\u00e9e de lecture estim\u00e9e\" \/>\n\t<meta name=\"twitter:data1\" content=\"1 minute\" \/>\n<script type=\"application\/ld+json\" class=\"yoast-schema-graph\">{\"@context\":\"https:\\\/\\\/schema.org\",\"@graph\":[{\"@type\":\"WebPage\",\"@id\":\"https:\\\/\\\/www.datagrandest.fr\\\/site\\\/sites-de-donnees-de-sante\\\/base-de-donnees-score-sante-federation-des-observatoires-regionaux-en-sante\\\/\",\"url\":\"https:\\\/\\\/www.datagrandest.fr\\\/site\\\/sites-de-donnees-de-sante\\\/base-de-donnees-score-sante-federation-des-observatoires-regionaux-en-sante\\\/\",\"name\":\"Base de donn\u00e9es Score Sant\u00e9 - F\u00e9d\u00e9ration des Observatoires R\u00e9gionaux en Sant\u00e9 - DataGrandEst\",\"isPartOf\":{\"@id\":\"https:\\\/\\\/www.datagrandest.fr\\\/site\\\/#website\"},\"datePublished\":\"2025-12-18T10:07:06+00:00\",\"dateModified\":\"2025-12-18T10:07:35+00:00\",\"breadcrumb\":{\"@id\":\"https:\\\/\\\/www.datagrandest.fr\\\/site\\\/sites-de-donnees-de-sante\\\/base-de-donnees-score-sante-federation-des-observatoires-regionaux-en-sante\\\/#breadcrumb\"},\"inLanguage\":\"fr-FR\",\"potentialAction\":[{\"@type\":\"ReadAction\",\"target\":[\"https:\\\/\\\/www.datagrandest.fr\\\/site\\\/sites-de-donnees-de-sante\\\/base-de-donnees-score-sante-federation-des-observatoires-regionaux-en-sante\\\/\"]}]},{\"@type\":\"BreadcrumbList\",\"@id\":\"https:\\\/\\\/www.datagrandest.fr\\\/site\\\/sites-de-donnees-de-sante\\\/base-de-donnees-score-sante-federation-des-observatoires-regionaux-en-sante\\\/#breadcrumb\",\"itemListElement\":[{\"@type\":\"ListItem\",\"position\":1,\"name\":\"Accueil\",\"item\":\"https:\\\/\\\/www.datagrandest.fr\\\/site\\\/\"},{\"@type\":\"ListItem\",\"position\":2,\"name\":\"Sites de donn\u00e9es de sant\u00e9\",\"item\":\"https:\\\/\\\/www.datagrandest.fr\\\/site\\\/sites-de-donnees-de-sante\\\/\"},{\"@type\":\"ListItem\",\"position\":3,\"name\":\"Base de donn\u00e9es Score Sant\u00e9 &#8211; F\u00e9d\u00e9ration des Observatoires R\u00e9gionaux en Sant\u00e9\"}]},{\"@type\":\"WebSite\",\"@id\":\"https:\\\/\\\/www.datagrandest.fr\\\/site\\\/#website\",\"url\":\"https:\\\/\\\/www.datagrandest.fr\\\/site\\\/\",\"name\":\"DataGrandEst\",\"description\":\"\",\"potentialAction\":[{\"@type\":\"SearchAction\",\"target\":{\"@type\":\"EntryPoint\",\"urlTemplate\":\"https:\\\/\\\/www.datagrandest.fr\\\/site\\\/?s={search_term_string}\"},\"query-input\":{\"@type\":\"PropertyValueSpecification\",\"valueRequired\":true,\"valueName\":\"search_term_string\"}}],\"inLanguage\":\"fr-FR\"}]}<\/script>\n<!-- \/ Yoast SEO plugin. -->","yoast_head_json":{"title":"Base de donn\u00e9es Score Sant\u00e9 - F\u00e9d\u00e9ration des Observatoires R\u00e9gionaux en Sant\u00e9 - DataGrandEst","robots":{"index":"index","follow":"follow","max-snippet":"max-snippet:-1","max-image-preview":"max-image-preview:large","max-video-preview":"max-video-preview:-1"},"canonical":"https:\/\/www.datagrandest.fr\/site\/sites-de-donnees-de-sante\/base-de-donnees-score-sante-federation-des-observatoires-regionaux-en-sante\/","og_locale":"fr_FR","og_type":"article","og_title":"Base de donn\u00e9es Score Sant\u00e9 - F\u00e9d\u00e9ration des Observatoires R\u00e9gionaux en Sant\u00e9 - DataGrandEst","og_description":"Donn\u00e9es relatives \u00e0 la sant\u00e9 de la population et ses d\u00e9terminants. Plus de 2 700 indicateurs document\u00e9s pr\u00e9sent\u00e9s sous forme de tableaux, de cartes ou de graphiques. Les indicateurs sont d\u00e9clin\u00e9s \u00e0 plusieurs \u00e9chelons g\u00e9ographiques : national, r\u00e9gional, d\u00e9partemental, territoires sp\u00e9cifiques et infra-d\u00e9partemental. Les entr\u00e9es th\u00e9matiques propos\u00e9es : population g\u00e9n\u00e9rale, populations sp\u00e9cifiques, d\u00e9terminants de sant\u00e9, [&hellip;]","og_url":"https:\/\/www.datagrandest.fr\/site\/sites-de-donnees-de-sante\/base-de-donnees-score-sante-federation-des-observatoires-regionaux-en-sante\/","og_site_name":"DataGrandEst","article_modified_time":"2025-12-18T10:07:35+00:00","twitter_card":"summary_large_image","twitter_misc":{"Dur\u00e9e de lecture estim\u00e9e":"1 minute"},"schema":{"@context":"https:\/\/schema.org","@graph":[{"@type":"WebPage","@id":"https:\/\/www.datagrandest.fr\/site\/sites-de-donnees-de-sante\/base-de-donnees-score-sante-federation-des-observatoires-regionaux-en-sante\/","url":"https:\/\/www.datagrandest.fr\/site\/sites-de-donnees-de-sante\/base-de-donnees-score-sante-federation-des-observatoires-regionaux-en-sante\/","name":"Base de donn\u00e9es Score Sant\u00e9 - F\u00e9d\u00e9ration des Observatoires R\u00e9gionaux en Sant\u00e9 - DataGrandEst","isPartOf":{"@id":"https:\/\/www.datagrandest.fr\/site\/#website"},"datePublished":"2025-12-18T10:07:06+00:00","dateModified":"2025-12-18T10:07:35+00:00","breadcrumb":{"@id":"https:\/\/www.datagrandest.fr\/site\/sites-de-donnees-de-sante\/base-de-donnees-score-sante-federation-des-observatoires-regionaux-en-sante\/#breadcrumb"},"inLanguage":"fr-FR","potentialAction":[{"@type":"ReadAction","target":["https:\/\/www.datagrandest.fr\/site\/sites-de-donnees-de-sante\/base-de-donnees-score-sante-federation-des-observatoires-regionaux-en-sante\/"]}]},{"@type":"BreadcrumbList","@id":"https:\/\/www.datagrandest.fr\/site\/sites-de-donnees-de-sante\/base-de-donnees-score-sante-federation-des-observatoires-regionaux-en-sante\/#breadcrumb","itemListElement":[{"@type":"ListItem","position":1,"name":"Accueil","item":"https:\/\/www.datagrandest.fr\/site\/"},{"@type":"ListItem","position":2,"name":"Sites de donn\u00e9es de sant\u00e9","item":"https:\/\/www.datagrandest.fr\/site\/sites-de-donnees-de-sante\/"},{"@type":"ListItem","position":3,"name":"Base de donn\u00e9es Score Sant\u00e9 &#8211; F\u00e9d\u00e9ration des Observatoires R\u00e9gionaux en Sant\u00e9"}]},{"@type":"WebSite","@id":"https:\/\/www.datagrandest.fr\/site\/#website","url":"https:\/\/www.datagrandest.fr\/site\/","name":"DataGrandEst","description":"","potentialAction":[{"@type":"SearchAction","target":{"@type":"EntryPoint","urlTemplate":"https:\/\/www.datagrandest.fr\/site\/?s={search_term_string}"},"query-input":{"@type":"PropertyValueSpecification","valueRequired":true,"valueName":"search_term_string"}}],"inLanguage":"fr-FR"}]}},"_links":{"self":[{"href":"https:\/\/www.datagrandest.fr\/site\/wp-json\/wp\/v2\/pages\/3424","targetHints":{"allow":["GET"]}}],"collection":[{"href":"https:\/\/www.datagrandest.fr\/site\/wp-json\/wp\/v2\/pages"}],"about":[{"href":"https:\/\/www.datagrandest.fr\/site\/wp-json\/wp\/v2\/types\/page"}],"author":[{"embeddable":true,"href":"https:\/\/www.datagrandest.fr\/site\/wp-json\/wp\/v2\/users\/12"}],"replies":[{"embeddable":true,"href":"https:\/\/www.datagrandest.fr\/site\/wp-json\/wp\/v2\/comments?post=3424"}],"version-history":[{"count":3,"href":"https:\/\/www.datagrandest.fr\/site\/wp-json\/wp\/v2\/pages\/3424\/revisions"}],"predecessor-version":[{"id":3427,"href":"https:\/\/www.datagrandest.fr\/site\/wp-json\/wp\/v2\/pages\/3424\/revisions\/3427"}],"up":[{"embeddable":true,"href":"https:\/\/www.datagrandest.fr\/site\/wp-json\/wp\/v2\/pages\/875"}],"wp:attachment":[{"href":"https:\/\/www.datagrandest.fr\/site\/wp-json\/wp\/v2\/media?parent=3424"}],"wp:term":[{"taxonomy":"source","embeddable":true,"href":"https:\/\/www.datagrandest.fr\/site\/wp-json\/wp\/v2\/source?post=3424"},{"taxonomy":"thematique_globale","embeddable":true,"href":"https:\/\/www.datagrandest.fr\/site\/wp-json\/wp\/v2\/thematique_globale?post=3424"}],"curies":[{"name":"wp","href":"https:\/\/api.w.org\/{rel}","templated":true}]}}