{"id":3428,"date":"2025-12-18T11:08:09","date_gmt":"2025-12-18T10:08:09","guid":{"rendered":"https:\/\/www.datagrandest.fr\/site\/?page_id=3428"},"modified":"2025-12-18T11:08:09","modified_gmt":"2025-12-18T10:08:09","slug":"observatoire-regional-de-la-sante-du-grand-est","status":"publish","type":"page","link":"https:\/\/www.datagrandest.fr\/site\/sites-de-donnees-de-sante\/observatoire-regional-de-la-sante-du-grand-est\/","title":{"rendered":"Observatoire R\u00e9gional de la Sant\u00e9 du Grand Est"},"content":{"rendered":"<p>Synth\u00e8se des territoires 2017 d\u00e9partements<br \/>\nSynth\u00e8se des territoires 2017 Zone d\u2019Emplois<br \/>\nSynth\u00e8se des territoires 2017 GHT<br \/>\nSynth\u00e8ses de l\u2019\u00e9tat de sant\u00e9 des populations \u00e0 des diff\u00e9rentes \u00e9chelles G\u00e9ographiques du Grand Est \u00e0 partir de tableaux.<\/p>\n<p>Profils EPCI du Grand Est (2019)<br \/>\nPublication de profil des 149 EPCI (Etablissements Publics de Coop\u00e9ration Intercommunale) de la r\u00e9gion.<\/p>\n<p>S\u00e9lection d\u2019indicateurs relatifs au :<\/p>\n<ul>\n<li>niveau d\u2019\u00e9ducation,<\/li>\n<li>niveau de vie,<\/li>\n<li>environnement,<\/li>\n<li>vieillissement,<\/li>\n<li>offre de soins et d\u2019accompagnement m\u00e9dico-social,<\/li>\n<li>taux de mortalit\u00e9<\/li>\n<li>etc.<\/li>\n<\/ul>\n<p>Ces profils fournissent un premier \u00e9clairage sur la sant\u00e9 des habitants du territoire et de quelques d\u00e9terminants de sant\u00e9.<\/p>\n","protected":false},"excerpt":{"rendered":"<p>Synth\u00e8se des territoires 2017 d\u00e9partements Synth\u00e8se des territoires 2017 Zone d\u2019Emplois Synth\u00e8se des territoires 2017 GHT Synth\u00e8ses de l\u2019\u00e9tat de sant\u00e9 des populations \u00e0 des diff\u00e9rentes \u00e9chelles G\u00e9ographiques du Grand Est \u00e0 partir de tableaux. Profils EPCI du Grand Est (2019) Publication de profil des 149 EPCI (Etablissements Publics de Coop\u00e9ration Intercommunale) de la r\u00e9gion. [&hellip;]<\/p>\n","protected":false},"author":12,"featured_media":0,"parent":875,"menu_order":0,"comment_status":"closed","ping_status":"closed","template":"","meta":{"_acf_changed":false,"_relevanssi_hide_post":"","_relevanssi_hide_content":"","_relevanssi_pin_for_all":"","_relevanssi_pin_keywords":"","_relevanssi_unpin_keywords":"","_relevanssi_related_keywords":"","_relevanssi_related_include_ids":"","_relevanssi_related_exclude_ids":"","_relevanssi_related_no_append":"","_relevanssi_related_not_related":"","_relevanssi_related_posts":"","_relevanssi_noindex_reason":"","footnotes":""},"source":[],"thematique_globale":[],"class_list":["post-3428","page","type-page","status-publish","hentry"],"acf":{"glo_image":"","glo_intro":"","glo_car_surcharge_titre":"","glo_car_surcharge_lien":""},"yoast_head":"<!-- This site is optimized with the Yoast SEO plugin v27.4 - https:\/\/yoast.com\/product\/yoast-seo-wordpress\/ -->\n<title>Observatoire R\u00e9gional de la Sant\u00e9 du Grand Est - DataGrandEst<\/title>\n<meta name=\"robots\" content=\"index, follow, max-snippet:-1, max-image-preview:large, max-video-preview:-1\" \/>\n<link rel=\"canonical\" href=\"https:\/\/www.datagrandest.fr\/site\/sites-de-donnees-de-sante\/observatoire-regional-de-la-sante-du-grand-est\/\" \/>\n<meta property=\"og:locale\" content=\"fr_FR\" \/>\n<meta property=\"og:type\" content=\"article\" \/>\n<meta property=\"og:title\" content=\"Observatoire R\u00e9gional de la Sant\u00e9 du Grand Est - DataGrandEst\" \/>\n<meta property=\"og:description\" content=\"Synth\u00e8se des territoires 2017 d\u00e9partements Synth\u00e8se des territoires 2017 Zone d\u2019Emplois Synth\u00e8se des territoires 2017 GHT Synth\u00e8ses de l\u2019\u00e9tat de sant\u00e9 des populations \u00e0 des diff\u00e9rentes \u00e9chelles G\u00e9ographiques du Grand Est \u00e0 partir de tableaux. Profils EPCI du Grand Est (2019) Publication de profil des 149 EPCI (Etablissements Publics de Coop\u00e9ration Intercommunale) de la r\u00e9gion. [&hellip;]\" \/>\n<meta property=\"og:url\" content=\"https:\/\/www.datagrandest.fr\/site\/sites-de-donnees-de-sante\/observatoire-regional-de-la-sante-du-grand-est\/\" \/>\n<meta property=\"og:site_name\" content=\"DataGrandEst\" \/>\n<meta name=\"twitter:card\" content=\"summary_large_image\" \/>\n<meta name=\"twitter:label1\" content=\"Dur\u00e9e de lecture estim\u00e9e\" \/>\n\t<meta name=\"twitter:data1\" content=\"1 minute\" \/>\n<script type=\"application\/ld+json\" class=\"yoast-schema-graph\">{\"@context\":\"https:\\\/\\\/schema.org\",\"@graph\":[{\"@type\":\"WebPage\",\"@id\":\"https:\\\/\\\/www.datagrandest.fr\\\/site\\\/sites-de-donnees-de-sante\\\/observatoire-regional-de-la-sante-du-grand-est\\\/\",\"url\":\"https:\\\/\\\/www.datagrandest.fr\\\/site\\\/sites-de-donnees-de-sante\\\/observatoire-regional-de-la-sante-du-grand-est\\\/\",\"name\":\"Observatoire R\u00e9gional de la Sant\u00e9 du Grand Est - DataGrandEst\",\"isPartOf\":{\"@id\":\"https:\\\/\\\/www.datagrandest.fr\\\/site\\\/#website\"},\"datePublished\":\"2025-12-18T10:08:09+00:00\",\"breadcrumb\":{\"@id\":\"https:\\\/\\\/www.datagrandest.fr\\\/site\\\/sites-de-donnees-de-sante\\\/observatoire-regional-de-la-sante-du-grand-est\\\/#breadcrumb\"},\"inLanguage\":\"fr-FR\",\"potentialAction\":[{\"@type\":\"ReadAction\",\"target\":[\"https:\\\/\\\/www.datagrandest.fr\\\/site\\\/sites-de-donnees-de-sante\\\/observatoire-regional-de-la-sante-du-grand-est\\\/\"]}]},{\"@type\":\"BreadcrumbList\",\"@id\":\"https:\\\/\\\/www.datagrandest.fr\\\/site\\\/sites-de-donnees-de-sante\\\/observatoire-regional-de-la-sante-du-grand-est\\\/#breadcrumb\",\"itemListElement\":[{\"@type\":\"ListItem\",\"position\":1,\"name\":\"Accueil\",\"item\":\"https:\\\/\\\/www.datagrandest.fr\\\/site\\\/\"},{\"@type\":\"ListItem\",\"position\":2,\"name\":\"Sites de donn\u00e9es de sant\u00e9\",\"item\":\"https:\\\/\\\/www.datagrandest.fr\\\/site\\\/sites-de-donnees-de-sante\\\/\"},{\"@type\":\"ListItem\",\"position\":3,\"name\":\"Observatoire R\u00e9gional de la Sant\u00e9 du Grand Est\"}]},{\"@type\":\"WebSite\",\"@id\":\"https:\\\/\\\/www.datagrandest.fr\\\/site\\\/#website\",\"url\":\"https:\\\/\\\/www.datagrandest.fr\\\/site\\\/\",\"name\":\"DataGrandEst\",\"description\":\"\",\"potentialAction\":[{\"@type\":\"SearchAction\",\"target\":{\"@type\":\"EntryPoint\",\"urlTemplate\":\"https:\\\/\\\/www.datagrandest.fr\\\/site\\\/?s={search_term_string}\"},\"query-input\":{\"@type\":\"PropertyValueSpecification\",\"valueRequired\":true,\"valueName\":\"search_term_string\"}}],\"inLanguage\":\"fr-FR\"}]}<\/script>\n<!-- \/ Yoast SEO plugin. -->","yoast_head_json":{"title":"Observatoire R\u00e9gional de la Sant\u00e9 du Grand Est - DataGrandEst","robots":{"index":"index","follow":"follow","max-snippet":"max-snippet:-1","max-image-preview":"max-image-preview:large","max-video-preview":"max-video-preview:-1"},"canonical":"https:\/\/www.datagrandest.fr\/site\/sites-de-donnees-de-sante\/observatoire-regional-de-la-sante-du-grand-est\/","og_locale":"fr_FR","og_type":"article","og_title":"Observatoire R\u00e9gional de la Sant\u00e9 du Grand Est - DataGrandEst","og_description":"Synth\u00e8se des territoires 2017 d\u00e9partements Synth\u00e8se des territoires 2017 Zone d\u2019Emplois Synth\u00e8se des territoires 2017 GHT Synth\u00e8ses de l\u2019\u00e9tat de sant\u00e9 des populations \u00e0 des diff\u00e9rentes \u00e9chelles G\u00e9ographiques du Grand Est \u00e0 partir de tableaux. Profils EPCI du Grand Est (2019) Publication de profil des 149 EPCI (Etablissements Publics de Coop\u00e9ration Intercommunale) de la r\u00e9gion. [&hellip;]","og_url":"https:\/\/www.datagrandest.fr\/site\/sites-de-donnees-de-sante\/observatoire-regional-de-la-sante-du-grand-est\/","og_site_name":"DataGrandEst","twitter_card":"summary_large_image","twitter_misc":{"Dur\u00e9e de lecture estim\u00e9e":"1 minute"},"schema":{"@context":"https:\/\/schema.org","@graph":[{"@type":"WebPage","@id":"https:\/\/www.datagrandest.fr\/site\/sites-de-donnees-de-sante\/observatoire-regional-de-la-sante-du-grand-est\/","url":"https:\/\/www.datagrandest.fr\/site\/sites-de-donnees-de-sante\/observatoire-regional-de-la-sante-du-grand-est\/","name":"Observatoire R\u00e9gional de la Sant\u00e9 du Grand Est - DataGrandEst","isPartOf":{"@id":"https:\/\/www.datagrandest.fr\/site\/#website"},"datePublished":"2025-12-18T10:08:09+00:00","breadcrumb":{"@id":"https:\/\/www.datagrandest.fr\/site\/sites-de-donnees-de-sante\/observatoire-regional-de-la-sante-du-grand-est\/#breadcrumb"},"inLanguage":"fr-FR","potentialAction":[{"@type":"ReadAction","target":["https:\/\/www.datagrandest.fr\/site\/sites-de-donnees-de-sante\/observatoire-regional-de-la-sante-du-grand-est\/"]}]},{"@type":"BreadcrumbList","@id":"https:\/\/www.datagrandest.fr\/site\/sites-de-donnees-de-sante\/observatoire-regional-de-la-sante-du-grand-est\/#breadcrumb","itemListElement":[{"@type":"ListItem","position":1,"name":"Accueil","item":"https:\/\/www.datagrandest.fr\/site\/"},{"@type":"ListItem","position":2,"name":"Sites de donn\u00e9es de sant\u00e9","item":"https:\/\/www.datagrandest.fr\/site\/sites-de-donnees-de-sante\/"},{"@type":"ListItem","position":3,"name":"Observatoire R\u00e9gional de la Sant\u00e9 du Grand Est"}]},{"@type":"WebSite","@id":"https:\/\/www.datagrandest.fr\/site\/#website","url":"https:\/\/www.datagrandest.fr\/site\/","name":"DataGrandEst","description":"","potentialAction":[{"@type":"SearchAction","target":{"@type":"EntryPoint","urlTemplate":"https:\/\/www.datagrandest.fr\/site\/?s={search_term_string}"},"query-input":{"@type":"PropertyValueSpecification","valueRequired":true,"valueName":"search_term_string"}}],"inLanguage":"fr-FR"}]}},"_links":{"self":[{"href":"https:\/\/www.datagrandest.fr\/site\/wp-json\/wp\/v2\/pages\/3428","targetHints":{"allow":["GET"]}}],"collection":[{"href":"https:\/\/www.datagrandest.fr\/site\/wp-json\/wp\/v2\/pages"}],"about":[{"href":"https:\/\/www.datagrandest.fr\/site\/wp-json\/wp\/v2\/types\/page"}],"author":[{"embeddable":true,"href":"https:\/\/www.datagrandest.fr\/site\/wp-json\/wp\/v2\/users\/12"}],"replies":[{"embeddable":true,"href":"https:\/\/www.datagrandest.fr\/site\/wp-json\/wp\/v2\/comments?post=3428"}],"version-history":[{"count":1,"href":"https:\/\/www.datagrandest.fr\/site\/wp-json\/wp\/v2\/pages\/3428\/revisions"}],"predecessor-version":[{"id":3429,"href":"https:\/\/www.datagrandest.fr\/site\/wp-json\/wp\/v2\/pages\/3428\/revisions\/3429"}],"up":[{"embeddable":true,"href":"https:\/\/www.datagrandest.fr\/site\/wp-json\/wp\/v2\/pages\/875"}],"wp:attachment":[{"href":"https:\/\/www.datagrandest.fr\/site\/wp-json\/wp\/v2\/media?parent=3428"}],"wp:term":[{"taxonomy":"source","embeddable":true,"href":"https:\/\/www.datagrandest.fr\/site\/wp-json\/wp\/v2\/source?post=3428"},{"taxonomy":"thematique_globale","embeddable":true,"href":"https:\/\/www.datagrandest.fr\/site\/wp-json\/wp\/v2\/thematique_globale?post=3428"}],"curies":[{"name":"wp","href":"https:\/\/api.w.org\/{rel}","templated":true}]}}