{"id":3748,"date":"2026-02-19T10:54:40","date_gmt":"2026-02-19T09:54:40","guid":{"rendered":"https:\/\/www.datagrandest.fr\/site\/?page_id=3748"},"modified":"2026-02-26T16:41:07","modified_gmt":"2026-02-26T15:41:07","slug":"depot-de-donnees","status":"publish","type":"page","link":"https:\/\/www.datagrandest.fr\/site\/depot-de-donnees\/","title":{"rendered":"Formulaire de d\u00e9p\u00f4t des donn\u00e9es"},"content":{"rendered":"","protected":false},"excerpt":{"rendered":"","protected":false},"author":7,"featured_media":0,"parent":0,"menu_order":0,"comment_status":"closed","ping_status":"closed","template":"src\/controllers\/models\/contact.php","meta":{"_acf_changed":false,"_relevanssi_hide_post":"","_relevanssi_hide_content":"","_relevanssi_pin_for_all":"","_relevanssi_pin_keywords":"","_relevanssi_unpin_keywords":"","_relevanssi_related_keywords":"","_relevanssi_related_include_ids":"","_relevanssi_related_exclude_ids":"","_relevanssi_related_no_append":"","_relevanssi_related_not_related":"","_relevanssi_related_posts":"","_relevanssi_noindex_reason":"","footnotes":""},"source":[],"thematique_globale":[],"class_list":["post-3748","page","type-page","status-publish","hentry"],"acf":{"glo_image":"","glo_intro":"","glo_car_surcharge_titre":"","glo_car_surcharge_lien":"","con_titre":"","con_formulaire":"10","con_titre_b1":"D\u00e9couvrir la plateforme collaborative","con_contenu_b1":"Rejoignez un espace d\u00e9di\u00e9 aux acteurs du Grand Est pour \u00e9changer, partager des documents et collaborer sur des projets autour de la donn\u00e9e. D\u00e9j\u00e0 plus de 100 adh\u00e9rents y travaillent ensemble chaque jour pour faire avancer leurs initiatives.","con_picto_b1":545,"con_bouton_b1":{"title":"Cr\u00e9er un compte","url":"https:\/\/www.datagrandest.fr\/login","target":"_blank"},"con_titre_b2":"Adh\u00e9rer \u00e0 DataGrandEst","con_contenu_b2":"<p style=\"text-align: center;\">Les avantages :<\/p>\r\n\r\n<ul>\r\n \t<li style=\"text-align: center;\">Prioriser la production de donn\u00e9es et de catalogue de qualit\u00e9<\/li>\r\n \t<li style=\"text-align: center;\">Encourager la standardisation des donn\u00e9es<\/li>\r\n \t<li style=\"text-align: center;\">Dynamiser la production de donn\u00e9es de r\u00e9f\u00e9rence<\/li>\r\n \t<li style=\"text-align: center;\">Mettre \u00e0 disposition des donn\u00e9es nationales \u00e0 inter\u00eats locals<\/li>\r\n<\/ul>","con_picto_b2":546,"con_bouton_b2":{"title":"Je veux adh\u00e9rer","url":"https:\/\/www.datagrandest.fr\/site\/adherer-a-datagrandest\/","target":""},"con_picto_b3":549},"yoast_head":"<!-- This site is optimized with the Yoast SEO plugin v27.3 - https:\/\/yoast.com\/product\/yoast-seo-wordpress\/ -->\n<title>Formulaire de d\u00e9p\u00f4t des donn\u00e9es - DataGrandEst<\/title>\n<meta name=\"robots\" content=\"index, follow, max-snippet:-1, max-image-preview:large, max-video-preview:-1\" \/>\n<link rel=\"canonical\" href=\"https:\/\/www.datagrandest.fr\/site\/depot-de-donnees\/\" \/>\n<meta property=\"og:locale\" content=\"fr_FR\" \/>\n<meta property=\"og:type\" content=\"article\" \/>\n<meta property=\"og:title\" content=\"Formulaire de d\u00e9p\u00f4t des donn\u00e9es - DataGrandEst\" \/>\n<meta property=\"og:url\" content=\"https:\/\/www.datagrandest.fr\/site\/depot-de-donnees\/\" \/>\n<meta property=\"og:site_name\" content=\"DataGrandEst\" \/>\n<meta property=\"article:modified_time\" content=\"2026-02-26T15:41:07+00:00\" \/>\n<meta name=\"twitter:card\" content=\"summary_large_image\" \/>\n<meta name=\"twitter:label1\" content=\"Dur\u00e9e de lecture estim\u00e9e\" \/>\n\t<meta name=\"twitter:data1\" content=\"1 minute\" \/>\n<script type=\"application\/ld+json\" class=\"yoast-schema-graph\">{\"@context\":\"https:\\\/\\\/schema.org\",\"@graph\":[{\"@type\":\"WebPage\",\"@id\":\"https:\\\/\\\/www.datagrandest.fr\\\/site\\\/depot-de-donnees\\\/\",\"url\":\"https:\\\/\\\/www.datagrandest.fr\\\/site\\\/depot-de-donnees\\\/\",\"name\":\"Formulaire de d\u00e9p\u00f4t des donn\u00e9es - DataGrandEst\",\"isPartOf\":{\"@id\":\"https:\\\/\\\/www.datagrandest.fr\\\/site\\\/#website\"},\"datePublished\":\"2026-02-19T09:54:40+00:00\",\"dateModified\":\"2026-02-26T15:41:07+00:00\",\"breadcrumb\":{\"@id\":\"https:\\\/\\\/www.datagrandest.fr\\\/site\\\/depot-de-donnees\\\/#breadcrumb\"},\"inLanguage\":\"fr-FR\",\"potentialAction\":[{\"@type\":\"ReadAction\",\"target\":[\"https:\\\/\\\/www.datagrandest.fr\\\/site\\\/depot-de-donnees\\\/\"]}]},{\"@type\":\"BreadcrumbList\",\"@id\":\"https:\\\/\\\/www.datagrandest.fr\\\/site\\\/depot-de-donnees\\\/#breadcrumb\",\"itemListElement\":[{\"@type\":\"ListItem\",\"position\":1,\"name\":\"Accueil\",\"item\":\"https:\\\/\\\/www.datagrandest.fr\\\/site\\\/\"},{\"@type\":\"ListItem\",\"position\":2,\"name\":\"Formulaire de d\u00e9p\u00f4t des donn\u00e9es\"}]},{\"@type\":\"WebSite\",\"@id\":\"https:\\\/\\\/www.datagrandest.fr\\\/site\\\/#website\",\"url\":\"https:\\\/\\\/www.datagrandest.fr\\\/site\\\/\",\"name\":\"DataGrandEst\",\"description\":\"\",\"potentialAction\":[{\"@type\":\"SearchAction\",\"target\":{\"@type\":\"EntryPoint\",\"urlTemplate\":\"https:\\\/\\\/www.datagrandest.fr\\\/site\\\/?s={search_term_string}\"},\"query-input\":{\"@type\":\"PropertyValueSpecification\",\"valueRequired\":true,\"valueName\":\"search_term_string\"}}],\"inLanguage\":\"fr-FR\"}]}<\/script>\n<!-- \/ Yoast SEO plugin. -->","yoast_head_json":{"title":"Formulaire de d\u00e9p\u00f4t des donn\u00e9es - DataGrandEst","robots":{"index":"index","follow":"follow","max-snippet":"max-snippet:-1","max-image-preview":"max-image-preview:large","max-video-preview":"max-video-preview:-1"},"canonical":"https:\/\/www.datagrandest.fr\/site\/depot-de-donnees\/","og_locale":"fr_FR","og_type":"article","og_title":"Formulaire de d\u00e9p\u00f4t des donn\u00e9es - DataGrandEst","og_url":"https:\/\/www.datagrandest.fr\/site\/depot-de-donnees\/","og_site_name":"DataGrandEst","article_modified_time":"2026-02-26T15:41:07+00:00","twitter_card":"summary_large_image","twitter_misc":{"Dur\u00e9e de lecture estim\u00e9e":"1 minute"},"schema":{"@context":"https:\/\/schema.org","@graph":[{"@type":"WebPage","@id":"https:\/\/www.datagrandest.fr\/site\/depot-de-donnees\/","url":"https:\/\/www.datagrandest.fr\/site\/depot-de-donnees\/","name":"Formulaire de d\u00e9p\u00f4t des donn\u00e9es - DataGrandEst","isPartOf":{"@id":"https:\/\/www.datagrandest.fr\/site\/#website"},"datePublished":"2026-02-19T09:54:40+00:00","dateModified":"2026-02-26T15:41:07+00:00","breadcrumb":{"@id":"https:\/\/www.datagrandest.fr\/site\/depot-de-donnees\/#breadcrumb"},"inLanguage":"fr-FR","potentialAction":[{"@type":"ReadAction","target":["https:\/\/www.datagrandest.fr\/site\/depot-de-donnees\/"]}]},{"@type":"BreadcrumbList","@id":"https:\/\/www.datagrandest.fr\/site\/depot-de-donnees\/#breadcrumb","itemListElement":[{"@type":"ListItem","position":1,"name":"Accueil","item":"https:\/\/www.datagrandest.fr\/site\/"},{"@type":"ListItem","position":2,"name":"Formulaire de d\u00e9p\u00f4t des donn\u00e9es"}]},{"@type":"WebSite","@id":"https:\/\/www.datagrandest.fr\/site\/#website","url":"https:\/\/www.datagrandest.fr\/site\/","name":"DataGrandEst","description":"","potentialAction":[{"@type":"SearchAction","target":{"@type":"EntryPoint","urlTemplate":"https:\/\/www.datagrandest.fr\/site\/?s={search_term_string}"},"query-input":{"@type":"PropertyValueSpecification","valueRequired":true,"valueName":"search_term_string"}}],"inLanguage":"fr-FR"}]}},"_links":{"self":[{"href":"https:\/\/www.datagrandest.fr\/site\/wp-json\/wp\/v2\/pages\/3748","targetHints":{"allow":["GET"]}}],"collection":[{"href":"https:\/\/www.datagrandest.fr\/site\/wp-json\/wp\/v2\/pages"}],"about":[{"href":"https:\/\/www.datagrandest.fr\/site\/wp-json\/wp\/v2\/types\/page"}],"author":[{"embeddable":true,"href":"https:\/\/www.datagrandest.fr\/site\/wp-json\/wp\/v2\/users\/7"}],"replies":[{"embeddable":true,"href":"https:\/\/www.datagrandest.fr\/site\/wp-json\/wp\/v2\/comments?post=3748"}],"version-history":[{"count":9,"href":"https:\/\/www.datagrandest.fr\/site\/wp-json\/wp\/v2\/pages\/3748\/revisions"}],"predecessor-version":[{"id":4660,"href":"https:\/\/www.datagrandest.fr\/site\/wp-json\/wp\/v2\/pages\/3748\/revisions\/4660"}],"wp:attachment":[{"href":"https:\/\/www.datagrandest.fr\/site\/wp-json\/wp\/v2\/media?parent=3748"}],"wp:term":[{"taxonomy":"source","embeddable":true,"href":"https:\/\/www.datagrandest.fr\/site\/wp-json\/wp\/v2\/source?post=3748"},{"taxonomy":"thematique_globale","embeddable":true,"href":"https:\/\/www.datagrandest.fr\/site\/wp-json\/wp\/v2\/thematique_globale?post=3748"}],"curies":[{"name":"wp","href":"https:\/\/api.w.org\/{rel}","templated":true}]}}