{"id":393,"date":"2025-09-02T11:20:12","date_gmt":"2025-09-02T09:20:12","guid":{"rendered":"http:\/\/datagrandest.docker.localhost\/?page_id=393"},"modified":"2026-03-18T09:51:54","modified_gmt":"2026-03-18T08:51:54","slug":"mon-profil","status":"publish","type":"page","link":"https:\/\/www.datagrandest.fr\/site\/mon-profil\/","title":{"rendered":"Mon profil"},"content":{"rendered":"<div\n\tstyle=\"font-family: 'Segoe UI', Roboto, Helvetica, Arial, sans-serif; max-width: 1200px; margin: 0 auto; padding: 20px; box-sizing: border-box;\"><\/p>\n<p>\t<!-- Grille Flexbox --><\/p>\n<div style=\"display: flex; flex-wrap: wrap; gap: 30px; justify-content: center;\">\n<p>\t\t<!-- Colonne 1 : Expert Data --><\/p>\n<article\n\t\t\tstyle=\"background-color: #f8f9fa; border: 1px solid #CED4DA; border-radius: 8px; flex: 1 1 300px; min-width: 280px; box-shadow: 0 4px 6px rgba(0,0,0,0.05); overflow: hidden; display: flex; flex-direction: column;\"><\/p>\n<div style=\"background-color: #2c347d; color: #ffffff; padding: 20px; text-align: center;\">\n<h2 style=\"margin: 0; font-size: 1.5rem; font-weight: 600; color: #ffffff;\">Expert Data<\/h2>\n<\/p><\/div>\n<div style=\"padding: 25px; color: #495057; flex-grow: 1;\">\n<p>\t\t\t\t<span style=\"font-weight: bold; margin-bottom: 15px; color: #212529; display: block;\">Je souhaite :<\/span><\/p>\n<ul style=\"list-style: none; padding: 0; margin: 0;\">\n<li style=\"margin-bottom: 15px; border-bottom: 1px solid #E1E3F1; padding-bottom: 15px;\">\n\t\t\t\t\t\t<a style=\"text-decoration: none; color: #2c347d; font-weight: 500; display: flex; align-items: flex-start;\" href=\"https:\/\/www.datagrandest.fr\/datahub\/\" target=\"_blank\" rel=\"noopener\">Acc\u00e9der au catalogue des donn\u00e9es<\/a>\n\t\t\t\t\t<\/li>\n<li style=\"margin-bottom: 15px; border-bottom: 1px solid #E1E3F1; padding-bottom: 15px;\">\n\t\t\t\t\t\t<a style=\"text-decoration: none; color: #2c347d; font-weight: 500; display: flex; align-items: flex-start;\" href=\"https:\/\/www.datagrandest.fr\/site\/service\/plugin-de-cartographie\/\" target=\"_blank\" rel=\"noopener\"> Utiliser le plugin QGIS DataGrandEst <\/a>\n\t\t\t\t\t<\/li>\n<li style=\"margin-bottom: 15px; border-bottom: 1px solid #E1E3F1; padding-bottom: 15px;\">\n\t\t\t\t\t\t<a style=\"text-decoration: none; color: #2c347d; font-weight: 500; display: flex; align-items: flex-start;\" href=\"https:\/\/www.datagrandest.fr\/site\/service\/tutoriels-datagrandest\/\" target=\"_blank\" rel=\"noopener\">En savoir plus sur les outils de publication des donn\u00e9es <\/a>\n\t\t\t\t\t<\/li>\n<li style=\"margin-bottom: 15px; border-bottom: 0px solid #E1E3F1; padding-bottom: 15px;\">\n\t\t\t\t\t\t<a style=\"text-decoration: none; color: #2c347d; font-weight: 500; display: flex; align-items: flex-start;\" href=\"https:\/\/www.datagrandest.fr\/site\/les-flux-de-donnees\/\" target=\"_blank\" rel=\"noopener\">Utiliser les flux de donn\u00e9es<\/a>\n\t\t\t\t\t<\/li>\n<\/ul><\/div>\n<\/article>\n<p><!-- Colonne 2 : Charg\u00e9e de mission --><\/p>\n<article\n\t\t\tstyle=\"background-color: #f8f9fa; border: 1px solid #CED4DA; border-radius: 8px; flex: 1 1 300px; min-width: 280px; box-shadow: 0 4px 6px rgba(0,0,0,0.05); overflow: hidden; display: flex; flex-direction: column;\"><\/p>\n<div style=\"background-color: #2c347d; color: #ffffff; padding: 20px; text-align: center;\">\n<h2 style=\"margin: 0; font-size: 1.5rem; font-weight: 600; color: #ffffff;\">Charg\u00e9 de mission<\/h2>\n<\/p><\/div>\n<div style=\"padding: 25px; color: #495057; flex-grow: 1;\">\n<p>\t\t\t\t<span style=\"font-weight: bold; margin-bottom: 15px; color: #212529; display: block;\">Je souhaite :<\/span><\/p>\n<ul style=\"list-style: none; padding: 0; margin: 0;\">\n<li style=\"margin-bottom: 15px; border-bottom: 1px solid #E1E3F1; padding-bottom: 15px;\">\n\t\t\t\t\t\t<a style=\"text-decoration: none; color: #2c347d; font-weight: 500; display: flex; align-items: flex-start;\" href=\"https:\/\/www.datagrandest.fr\/site\/contact\/\" target=\"_blank\" rel=\"noopener\">Participer et contribuer \u00e0 la communaut\u00e9 des acteurs de la donn\u00e9e du Grand Est<\/a>\n\t\t\t\t\t<\/li>\n<li style=\"margin-bottom: 15px; border-bottom: 1px solid #E1E3F1; padding-bottom: 15px;\">\n\t\t\t\t\t\t<a style=\"text-decoration: none; color: #2c347d; font-weight: 500; display: flex; align-items: flex-start;\" href=\"https:\/\/www.datagrandest.fr\/site\/projet\/\" target=\"_blank\" rel=\"noopener\">En savoir plus sur les projets de DataGrandEst (occupation du sol, PCRS, etc.)<\/a>\n\t\t\t\t\t<\/li>\n<li style=\"margin-bottom: 15px; border-bottom: 0px solid #E1E3F1; padding-bottom: 15px;\">\n\t\t\t\t\t\t<a style=\"text-decoration: none; color: #2c347d; font-weight: 500; display: flex; align-items: flex-start;\" href=\"https:\/\/www.datagrandest.fr\/site\/service\/lappui-juridique\/\" target=\"_blank\" rel=\"noopener\">B\u00e9n\u00e9ficier d&rsquo;un appui juridique sur un projet Data de ma structure<\/a>\n\t\t\t\t\t<\/li>\n<\/ul><\/div>\n<\/article>\n<p><!-- Colonne 3 : \u00c9lu\/D\u00e9cideur --><\/p>\n<article\n\t\t\tstyle=\"background-color: #f8f9fa; border: 1px solid #CED4DA; border-radius: 8px; flex: 1 1 300px; min-width: 280px; box-shadow: 0 4px 6px rgba(0,0,0,0.05); overflow: hidden; display: flex; flex-direction: column;\"><\/p>\n<div style=\"background-color: #2c347d; color: #ffffff; padding: 20px; text-align: center;\">\n<h2 style=\"margin: 0; font-size: 1.5rem; font-weight: 600; color: #ffffff;\">\u00c9lu \/ D\u00e9cideur<\/h2>\n<\/p><\/div>\n<div style=\"padding: 25px; color: #495057; flex-grow: 1;\">\n<p>\t\t\t\t<span style=\"font-weight: bold; margin-bottom: 15px; color: #212529; display: block;\">Je souhaite :<\/span><\/p>\n<ul style=\"list-style: none; padding: 0; margin: 0;\">\n<li style=\"margin-bottom: 15px; border-bottom: 1px solid #E1E3F1; padding-bottom: 15px;\">\n\t\t\t\t\t\t<a style=\"text-decoration: none; color: #2c347d; font-weight: 500; display: flex; align-items: flex-start;\" href=\"https:\/\/www.datagrandest.fr\/mapstore\/#\/home\" target=\"_blank\" rel=\"noopener\">Acc\u00e9der \u00e0 des informations, cartes, tableaux de bord et produits \u00e0 valeur ajout\u00e9e pour affiner ma connaissance du territoire<\/a>\n\t\t\t\t\t<\/li>\n<li style=\"margin-bottom: 15px; border-bottom: 1px solid #E1E3F1; padding-bottom: 15px;\">\n<div style=\"color: #495057; display: flex; align-items: flex-start;\">Rechercher des donn\u00e9es en interrogeant le chatbot (bient\u00f4t disponible)<\/div>\n<\/li>\n<li style=\"margin-bottom: 15px; border-bottom: 0px solid #E1E3F1; padding-bottom: 15px;\">\n\t\t\t\t\t\t<a style=\"text-decoration: none; color: #2c347d; font-weight: 500; display: flex; align-items: flex-start;\" href=\"https:\/\/www.datagrandest.fr\/site\/cas-usage\/\" target=\"_blank\" rel=\"noopener\"> Voir les cas d&rsquo;usages avec les donn\u00e9es et outils disponibles sur DataGrandEst<\/a>\n\t\t\t\t\t<\/li>\n<\/ul><\/div>\n<\/article><\/div>\n<\/div>\n","protected":false},"excerpt":{"rendered":"<p>Expert Data Je souhaite : Acc\u00e9der au catalogue des donn\u00e9es Utiliser le plugin QGIS DataGrandEst En savoir plus sur les outils de publication des donn\u00e9es Utiliser les flux de donn\u00e9es Charg\u00e9 de mission Je souhaite : Participer et contribuer \u00e0 la communaut\u00e9 des acteurs de la donn\u00e9e du Grand Est En savoir plus sur les [&hellip;]<\/p>\n","protected":false},"author":1,"featured_media":0,"parent":0,"menu_order":0,"comment_status":"closed","ping_status":"closed","template":"","meta":{"_acf_changed":false,"_relevanssi_hide_post":"","_relevanssi_hide_content":"","_relevanssi_pin_for_all":"","_relevanssi_pin_keywords":"","_relevanssi_unpin_keywords":"","_relevanssi_related_keywords":"","_relevanssi_related_include_ids":"","_relevanssi_related_exclude_ids":"","_relevanssi_related_no_append":"","_relevanssi_related_not_related":"","_relevanssi_related_posts":"","_relevanssi_noindex_reason":"","footnotes":""},"source":[],"thematique_globale":[],"class_list":["post-393","page","type-page","status-publish","hentry"],"acf":{"glo_image":"","glo_intro":"","glo_car_surcharge_titre":"","glo_car_surcharge_lien":""},"yoast_head":"<!-- This site is optimized with the Yoast SEO plugin v27.3 - https:\/\/yoast.com\/product\/yoast-seo-wordpress\/ -->\n<title>Mon profil - DataGrandEst<\/title>\n<meta name=\"robots\" content=\"index, follow, max-snippet:-1, max-image-preview:large, max-video-preview:-1\" \/>\n<link rel=\"canonical\" href=\"https:\/\/www.datagrandest.fr\/site\/mon-profil\/\" \/>\n<meta property=\"og:locale\" content=\"fr_FR\" \/>\n<meta property=\"og:type\" content=\"article\" \/>\n<meta property=\"og:title\" content=\"Mon profil - DataGrandEst\" \/>\n<meta property=\"og:description\" content=\"Expert Data Je souhaite : Acc\u00e9der au catalogue des donn\u00e9es Utiliser le plugin QGIS DataGrandEst En savoir plus sur les outils de publication des donn\u00e9es Utiliser les flux de donn\u00e9es Charg\u00e9 de mission Je souhaite : Participer et contribuer \u00e0 la communaut\u00e9 des acteurs de la donn\u00e9e du Grand Est En savoir plus sur les [&hellip;]\" \/>\n<meta property=\"og:url\" content=\"https:\/\/www.datagrandest.fr\/site\/mon-profil\/\" \/>\n<meta property=\"og:site_name\" content=\"DataGrandEst\" \/>\n<meta property=\"article:modified_time\" content=\"2026-03-18T08:51:54+00:00\" \/>\n<meta name=\"twitter:card\" content=\"summary_large_image\" \/>\n<meta name=\"twitter:label1\" content=\"Dur\u00e9e de lecture estim\u00e9e\" \/>\n\t<meta name=\"twitter:data1\" content=\"1 minute\" \/>\n<script type=\"application\/ld+json\" class=\"yoast-schema-graph\">{\"@context\":\"https:\\\/\\\/schema.org\",\"@graph\":[{\"@type\":\"WebPage\",\"@id\":\"https:\\\/\\\/www.datagrandest.fr\\\/site\\\/mon-profil\\\/\",\"url\":\"https:\\\/\\\/www.datagrandest.fr\\\/site\\\/mon-profil\\\/\",\"name\":\"Mon profil - DataGrandEst\",\"isPartOf\":{\"@id\":\"https:\\\/\\\/www.datagrandest.fr\\\/site\\\/#website\"},\"datePublished\":\"2025-09-02T09:20:12+00:00\",\"dateModified\":\"2026-03-18T08:51:54+00:00\",\"breadcrumb\":{\"@id\":\"https:\\\/\\\/www.datagrandest.fr\\\/site\\\/mon-profil\\\/#breadcrumb\"},\"inLanguage\":\"fr-FR\",\"potentialAction\":[{\"@type\":\"ReadAction\",\"target\":[\"https:\\\/\\\/www.datagrandest.fr\\\/site\\\/mon-profil\\\/\"]}]},{\"@type\":\"BreadcrumbList\",\"@id\":\"https:\\\/\\\/www.datagrandest.fr\\\/site\\\/mon-profil\\\/#breadcrumb\",\"itemListElement\":[{\"@type\":\"ListItem\",\"position\":1,\"name\":\"Accueil\",\"item\":\"https:\\\/\\\/www.datagrandest.fr\\\/site\\\/\"},{\"@type\":\"ListItem\",\"position\":2,\"name\":\"Mon profil\"}]},{\"@type\":\"WebSite\",\"@id\":\"https:\\\/\\\/www.datagrandest.fr\\\/site\\\/#website\",\"url\":\"https:\\\/\\\/www.datagrandest.fr\\\/site\\\/\",\"name\":\"DataGrandEst\",\"description\":\"\",\"potentialAction\":[{\"@type\":\"SearchAction\",\"target\":{\"@type\":\"EntryPoint\",\"urlTemplate\":\"https:\\\/\\\/www.datagrandest.fr\\\/site\\\/?s={search_term_string}\"},\"query-input\":{\"@type\":\"PropertyValueSpecification\",\"valueRequired\":true,\"valueName\":\"search_term_string\"}}],\"inLanguage\":\"fr-FR\"}]}<\/script>\n<!-- \/ Yoast SEO plugin. -->","yoast_head_json":{"title":"Mon profil - DataGrandEst","robots":{"index":"index","follow":"follow","max-snippet":"max-snippet:-1","max-image-preview":"max-image-preview:large","max-video-preview":"max-video-preview:-1"},"canonical":"https:\/\/www.datagrandest.fr\/site\/mon-profil\/","og_locale":"fr_FR","og_type":"article","og_title":"Mon profil - DataGrandEst","og_description":"Expert Data Je souhaite : Acc\u00e9der au catalogue des donn\u00e9es Utiliser le plugin QGIS DataGrandEst En savoir plus sur les outils de publication des donn\u00e9es Utiliser les flux de donn\u00e9es Charg\u00e9 de mission Je souhaite : Participer et contribuer \u00e0 la communaut\u00e9 des acteurs de la donn\u00e9e du Grand Est En savoir plus sur les [&hellip;]","og_url":"https:\/\/www.datagrandest.fr\/site\/mon-profil\/","og_site_name":"DataGrandEst","article_modified_time":"2026-03-18T08:51:54+00:00","twitter_card":"summary_large_image","twitter_misc":{"Dur\u00e9e de lecture estim\u00e9e":"1 minute"},"schema":{"@context":"https:\/\/schema.org","@graph":[{"@type":"WebPage","@id":"https:\/\/www.datagrandest.fr\/site\/mon-profil\/","url":"https:\/\/www.datagrandest.fr\/site\/mon-profil\/","name":"Mon profil - DataGrandEst","isPartOf":{"@id":"https:\/\/www.datagrandest.fr\/site\/#website"},"datePublished":"2025-09-02T09:20:12+00:00","dateModified":"2026-03-18T08:51:54+00:00","breadcrumb":{"@id":"https:\/\/www.datagrandest.fr\/site\/mon-profil\/#breadcrumb"},"inLanguage":"fr-FR","potentialAction":[{"@type":"ReadAction","target":["https:\/\/www.datagrandest.fr\/site\/mon-profil\/"]}]},{"@type":"BreadcrumbList","@id":"https:\/\/www.datagrandest.fr\/site\/mon-profil\/#breadcrumb","itemListElement":[{"@type":"ListItem","position":1,"name":"Accueil","item":"https:\/\/www.datagrandest.fr\/site\/"},{"@type":"ListItem","position":2,"name":"Mon profil"}]},{"@type":"WebSite","@id":"https:\/\/www.datagrandest.fr\/site\/#website","url":"https:\/\/www.datagrandest.fr\/site\/","name":"DataGrandEst","description":"","potentialAction":[{"@type":"SearchAction","target":{"@type":"EntryPoint","urlTemplate":"https:\/\/www.datagrandest.fr\/site\/?s={search_term_string}"},"query-input":{"@type":"PropertyValueSpecification","valueRequired":true,"valueName":"search_term_string"}}],"inLanguage":"fr-FR"}]}},"_links":{"self":[{"href":"https:\/\/www.datagrandest.fr\/site\/wp-json\/wp\/v2\/pages\/393","targetHints":{"allow":["GET"]}}],"collection":[{"href":"https:\/\/www.datagrandest.fr\/site\/wp-json\/wp\/v2\/pages"}],"about":[{"href":"https:\/\/www.datagrandest.fr\/site\/wp-json\/wp\/v2\/types\/page"}],"author":[{"embeddable":true,"href":"https:\/\/www.datagrandest.fr\/site\/wp-json\/wp\/v2\/users\/1"}],"replies":[{"embeddable":true,"href":"https:\/\/www.datagrandest.fr\/site\/wp-json\/wp\/v2\/comments?post=393"}],"version-history":[{"count":11,"href":"https:\/\/www.datagrandest.fr\/site\/wp-json\/wp\/v2\/pages\/393\/revisions"}],"predecessor-version":[{"id":5121,"href":"https:\/\/www.datagrandest.fr\/site\/wp-json\/wp\/v2\/pages\/393\/revisions\/5121"}],"wp:attachment":[{"href":"https:\/\/www.datagrandest.fr\/site\/wp-json\/wp\/v2\/media?parent=393"}],"wp:term":[{"taxonomy":"source","embeddable":true,"href":"https:\/\/www.datagrandest.fr\/site\/wp-json\/wp\/v2\/source?post=393"},{"taxonomy":"thematique_globale","embeddable":true,"href":"https:\/\/www.datagrandest.fr\/site\/wp-json\/wp\/v2\/thematique_globale?post=393"}],"curies":[{"name":"wp","href":"https:\/\/api.w.org\/{rel}","templated":true}]}}