{"id":4281,"date":"2026-02-12T14:38:34","date_gmt":"2026-02-12T13:38:34","guid":{"rendered":"https:\/\/www.datagrandest.fr\/site\/?page_id=4281"},"modified":"2026-03-24T11:01:14","modified_gmt":"2026-03-24T10:01:14","slug":"concours-de-datavisualisation","status":"publish","type":"page","link":"https:\/\/www.datagrandest.fr\/site\/concours-de-datavisualisation\/","title":{"rendered":"Concours de datavisualisation"},"content":{"rendered":"","protected":false},"excerpt":{"rendered":"","protected":false},"author":7,"featured_media":0,"parent":0,"menu_order":0,"comment_status":"closed","ping_status":"closed","template":"src\/controllers\/models\/flex.php","meta":{"_acf_changed":false,"_relevanssi_hide_post":"","_relevanssi_hide_content":"","_relevanssi_pin_for_all":"","_relevanssi_pin_keywords":"","_relevanssi_unpin_keywords":"","_relevanssi_related_keywords":"","_relevanssi_related_include_ids":"","_relevanssi_related_exclude_ids":"","_relevanssi_related_no_append":"","_relevanssi_related_not_related":"","_relevanssi_related_posts":"","_relevanssi_noindex_reason":"","footnotes":""},"source":[],"thematique_globale":[],"class_list":["post-4281","page","type-page","status-publish","hentry"],"acf":{"glo_image":"","glo_intro":"","glo_car_surcharge_titre":"","glo_car_surcharge_lien":"","cms_contenus_flexibles":[{"acf_fc_layout":"flex_texte_libre","show_title":false,"titre_de_section":"","contenu":"<p style=\"text-align: center;\"><strong>Bienvenue au concours de datavisualisation !<\/strong><\/p>\r\nDepuis 2023, DataGrandEst organise un concours de datavisualisation pour mettre en avant les talents en mati\u00e8re de donn\u00e9es et inviter chacun \u00e0 raconter une histoire captivante et \u00e9ducative sous forme de graphique, de carte, de dessin.\r\nDes donn\u00e9es de tourisme (2023), d'\u00e9nergie renouvelable (2024), jusqu\u2019\u00e0 la biodiversit\u00e9 (2025), d\u00e9couvrez comment les participants ont converti des jeux des donn\u00e9es en r\u00e9cits visuels clairs. La valorisation de notre territoire est d\u00e9sormais \u00e0 la port\u00e9e de chacun !","couleur_de_fond":"transparent","taille_de_la_zone":"large-content","position_texte":"center","image_de_fond":""},{"acf_fc_layout":"flex_contenus_associes","show_title":true,"type_contenu":true,"type_cards":"model_2","titre_de_section":"Trois ans de datavisualisation : retour sur nos th\u00e9matiques","elements":null,"elements_externes":[{"element":{"title":"Concours de datavisualisation 2023","url":"https:\/\/www.datagrandest.fr\/site\/projet\/concours-de-datavisualisation-2023\/","target":""},"thumbnail":4082,"introduction":"","tag":null},{"element":{"title":"Concours de datavisualisation 2024","url":"https:\/\/www.datagrandest.fr\/site\/projet\/concours-de-datavisualisation-2024\/","target":""},"thumbnail":4224,"introduction":"","tag":null},{"element":{"title":"Concours de datavisualisation 2025","url":"https:\/\/www.datagrandest.fr\/site\/projet\/concours_dataviz_2025\/","target":""},"thumbnail":2635,"introduction":"","tag":null}],"button_label":"","couleur_de_fond":"transparent","taille_de_la_zone":"large-content"}]},"yoast_head":"<!-- This site is optimized with the Yoast SEO plugin v27.5 - https:\/\/yoast.com\/product\/yoast-seo-wordpress\/ -->\n<title>Concours de datavisualisation - DataGrandEst<\/title>\n<meta name=\"robots\" content=\"index, follow, max-snippet:-1, max-image-preview:large, max-video-preview:-1\" \/>\n<link rel=\"canonical\" href=\"https:\/\/www.datagrandest.fr\/site\/concours-de-datavisualisation\/\" \/>\n<meta property=\"og:locale\" content=\"fr_FR\" \/>\n<meta property=\"og:type\" content=\"article\" \/>\n<meta property=\"og:title\" content=\"Concours de datavisualisation - DataGrandEst\" \/>\n<meta property=\"og:url\" content=\"https:\/\/www.datagrandest.fr\/site\/concours-de-datavisualisation\/\" \/>\n<meta property=\"og:site_name\" content=\"DataGrandEst\" \/>\n<meta property=\"article:modified_time\" content=\"2026-03-24T10:01:14+00:00\" \/>\n<meta name=\"twitter:card\" content=\"summary_large_image\" \/>\n<meta name=\"twitter:label1\" content=\"Dur\u00e9e de lecture estim\u00e9e\" \/>\n\t<meta name=\"twitter:data1\" content=\"2 minutes\" \/>\n<script type=\"application\/ld+json\" class=\"yoast-schema-graph\">{\"@context\":\"https:\\\/\\\/schema.org\",\"@graph\":[{\"@type\":\"WebPage\",\"@id\":\"https:\\\/\\\/www.datagrandest.fr\\\/site\\\/concours-de-datavisualisation\\\/\",\"url\":\"https:\\\/\\\/www.datagrandest.fr\\\/site\\\/concours-de-datavisualisation\\\/\",\"name\":\"Concours de datavisualisation - DataGrandEst\",\"isPartOf\":{\"@id\":\"https:\\\/\\\/www.datagrandest.fr\\\/site\\\/#website\"},\"datePublished\":\"2026-02-12T13:38:34+00:00\",\"dateModified\":\"2026-03-24T10:01:14+00:00\",\"breadcrumb\":{\"@id\":\"https:\\\/\\\/www.datagrandest.fr\\\/site\\\/concours-de-datavisualisation\\\/#breadcrumb\"},\"inLanguage\":\"fr-FR\",\"potentialAction\":[{\"@type\":\"ReadAction\",\"target\":[\"https:\\\/\\\/www.datagrandest.fr\\\/site\\\/concours-de-datavisualisation\\\/\"]}]},{\"@type\":\"BreadcrumbList\",\"@id\":\"https:\\\/\\\/www.datagrandest.fr\\\/site\\\/concours-de-datavisualisation\\\/#breadcrumb\",\"itemListElement\":[{\"@type\":\"ListItem\",\"position\":1,\"name\":\"Accueil\",\"item\":\"https:\\\/\\\/www.datagrandest.fr\\\/site\\\/\"},{\"@type\":\"ListItem\",\"position\":2,\"name\":\"Concours de datavisualisation\"}]},{\"@type\":\"WebSite\",\"@id\":\"https:\\\/\\\/www.datagrandest.fr\\\/site\\\/#website\",\"url\":\"https:\\\/\\\/www.datagrandest.fr\\\/site\\\/\",\"name\":\"DataGrandEst\",\"description\":\"\",\"potentialAction\":[{\"@type\":\"SearchAction\",\"target\":{\"@type\":\"EntryPoint\",\"urlTemplate\":\"https:\\\/\\\/www.datagrandest.fr\\\/site\\\/?s={search_term_string}\"},\"query-input\":{\"@type\":\"PropertyValueSpecification\",\"valueRequired\":true,\"valueName\":\"search_term_string\"}}],\"inLanguage\":\"fr-FR\"}]}<\/script>\n<!-- \/ Yoast SEO plugin. -->","yoast_head_json":{"title":"Concours de datavisualisation - DataGrandEst","robots":{"index":"index","follow":"follow","max-snippet":"max-snippet:-1","max-image-preview":"max-image-preview:large","max-video-preview":"max-video-preview:-1"},"canonical":"https:\/\/www.datagrandest.fr\/site\/concours-de-datavisualisation\/","og_locale":"fr_FR","og_type":"article","og_title":"Concours de datavisualisation - DataGrandEst","og_url":"https:\/\/www.datagrandest.fr\/site\/concours-de-datavisualisation\/","og_site_name":"DataGrandEst","article_modified_time":"2026-03-24T10:01:14+00:00","twitter_card":"summary_large_image","twitter_misc":{"Dur\u00e9e de lecture estim\u00e9e":"2 minutes"},"schema":{"@context":"https:\/\/schema.org","@graph":[{"@type":"WebPage","@id":"https:\/\/www.datagrandest.fr\/site\/concours-de-datavisualisation\/","url":"https:\/\/www.datagrandest.fr\/site\/concours-de-datavisualisation\/","name":"Concours de datavisualisation - DataGrandEst","isPartOf":{"@id":"https:\/\/www.datagrandest.fr\/site\/#website"},"datePublished":"2026-02-12T13:38:34+00:00","dateModified":"2026-03-24T10:01:14+00:00","breadcrumb":{"@id":"https:\/\/www.datagrandest.fr\/site\/concours-de-datavisualisation\/#breadcrumb"},"inLanguage":"fr-FR","potentialAction":[{"@type":"ReadAction","target":["https:\/\/www.datagrandest.fr\/site\/concours-de-datavisualisation\/"]}]},{"@type":"BreadcrumbList","@id":"https:\/\/www.datagrandest.fr\/site\/concours-de-datavisualisation\/#breadcrumb","itemListElement":[{"@type":"ListItem","position":1,"name":"Accueil","item":"https:\/\/www.datagrandest.fr\/site\/"},{"@type":"ListItem","position":2,"name":"Concours de datavisualisation"}]},{"@type":"WebSite","@id":"https:\/\/www.datagrandest.fr\/site\/#website","url":"https:\/\/www.datagrandest.fr\/site\/","name":"DataGrandEst","description":"","potentialAction":[{"@type":"SearchAction","target":{"@type":"EntryPoint","urlTemplate":"https:\/\/www.datagrandest.fr\/site\/?s={search_term_string}"},"query-input":{"@type":"PropertyValueSpecification","valueRequired":true,"valueName":"search_term_string"}}],"inLanguage":"fr-FR"}]}},"_links":{"self":[{"href":"https:\/\/www.datagrandest.fr\/site\/wp-json\/wp\/v2\/pages\/4281","targetHints":{"allow":["GET"]}}],"collection":[{"href":"https:\/\/www.datagrandest.fr\/site\/wp-json\/wp\/v2\/pages"}],"about":[{"href":"https:\/\/www.datagrandest.fr\/site\/wp-json\/wp\/v2\/types\/page"}],"author":[{"embeddable":true,"href":"https:\/\/www.datagrandest.fr\/site\/wp-json\/wp\/v2\/users\/7"}],"replies":[{"embeddable":true,"href":"https:\/\/www.datagrandest.fr\/site\/wp-json\/wp\/v2\/comments?post=4281"}],"version-history":[{"count":4,"href":"https:\/\/www.datagrandest.fr\/site\/wp-json\/wp\/v2\/pages\/4281\/revisions"}],"predecessor-version":[{"id":5206,"href":"https:\/\/www.datagrandest.fr\/site\/wp-json\/wp\/v2\/pages\/4281\/revisions\/5206"}],"wp:attachment":[{"href":"https:\/\/www.datagrandest.fr\/site\/wp-json\/wp\/v2\/media?parent=4281"}],"wp:term":[{"taxonomy":"source","embeddable":true,"href":"https:\/\/www.datagrandest.fr\/site\/wp-json\/wp\/v2\/source?post=4281"},{"taxonomy":"thematique_globale","embeddable":true,"href":"https:\/\/www.datagrandest.fr\/site\/wp-json\/wp\/v2\/thematique_globale?post=4281"}],"curies":[{"name":"wp","href":"https:\/\/api.w.org\/{rel}","templated":true}]}}