{"id":4654,"date":"2026-02-26T16:41:08","date_gmt":"2026-02-26T15:41:08","guid":{"rendered":"https:\/\/www.datagrandest.fr\/site\/?page_id=4654"},"modified":"2026-04-07T17:00:23","modified_gmt":"2026-04-07T15:00:23","slug":"demande-dappui-juridique","status":"publish","type":"page","link":"https:\/\/www.datagrandest.fr\/site\/demande-dappui-juridique\/","title":{"rendered":"Demande d&rsquo;appui juridique"},"content":{"rendered":"","protected":false},"excerpt":{"rendered":"","protected":false},"author":8,"featured_media":0,"parent":0,"menu_order":0,"comment_status":"closed","ping_status":"closed","template":"src\/controllers\/models\/flex.php","meta":{"_acf_changed":false,"_relevanssi_hide_post":"","_relevanssi_hide_content":"","_relevanssi_pin_for_all":"","_relevanssi_pin_keywords":"","_relevanssi_unpin_keywords":"","_relevanssi_related_keywords":"","_relevanssi_related_include_ids":"","_relevanssi_related_exclude_ids":"","_relevanssi_related_no_append":"","_relevanssi_related_not_related":"","_relevanssi_related_posts":"","_relevanssi_noindex_reason":"","footnotes":""},"source":[],"thematique_globale":[],"class_list":["post-4654","page","type-page","status-publish","hentry"],"acf":{"glo_image":"","glo_intro":"","glo_car_surcharge_titre":"","glo_car_surcharge_lien":"","cms_contenus_flexibles":[{"acf_fc_layout":"flex_texte_libre","show_title":true,"titre_de_section":"REMARQUES \u00c0 L\u2019ATTENTION DES ADHERENTS","contenu":"<b><u>IMPORTANT - \u00c0 LIRE AVANT DE REMPLIR LE FORMULAIRE<\/u><\/b>\r\n\r\nNous vous demandons de lire attentivement la\u00a0<strong><a href=\"https:\/\/www.datagrandest.fr\/site\/wp-content\/uploads\/2026\/02\/datagrandest-notice-dutilisation-du-service-dappui-juridique-v20260227.pdf\" target=\"_blank\" rel=\"noopener\">notice relative \u00e0 la demande d\u2019appui juridique<\/a><\/strong>\u00a0avant de remplir ce formulaire.\r\n\r\nCette notice comporte notamment le descriptif :\r\n<ul>\r\n \t<li>de la\u00a0<b>m\u00e9thode de saisine du service d\u2019appui juridique DataGrandEst<\/b><\/li>\r\n \t<li>du\u00a0<b>processus pour arbitrer les demandes des adh\u00e9rents<\/b><\/li>\r\n \t<li>des\u00a0<b>crit\u00e8res d\u2019\u00e9ligibilit\u00e9 des demandes<\/b><\/li>\r\n \t<li>du\u00a0<b>d\u00e9roulement, de la capitalisation et de la cl\u00f4ture<\/b>\u00a0de la prestation d'appui juridique.<\/li>\r\n<\/ul>\r\n<b><u>ATTENTION<\/u><\/b>\r\n<ul>\r\n \t<li>Si vous n\u2019\u00eates pas adh\u00e9rent, nous vous invitons \u00e0\u00a0<a href=\"https:\/\/www.datagrandest.fr\/site\/adherer-a-datagrandest\/\" target=\"_blank\" rel=\"noopener\">signer la charte DataGrandEst<\/a><\/li>\r\n \t<li>Si vous \u00eates adh\u00e9rent, merci de faire compl\u00e9ter cette demande par votre r\u00e9f\u00e9rent DataGrandEst.<\/li>\r\n<\/ul>\r\n<b><u>INFORMATIONS PRATIQUES<\/u><\/b>\r\n<ul>\r\n \t<li>Nous vous invitons \u00e0 apporter tous les \u00e9l\u00e9ments utiles \u00e0 votre demande pour faciliter la prise en charge et apporter les r\u00e9ponses adapt\u00e9es.<\/li>\r\n<\/ul>\r\n&nbsp;\r\n\r\n<em>Dans le cadre de ce service, la R\u00e9gion Grand Est collecte des donn\u00e9es. Elles permettent de traiter votre demande et de vous apporter une r\u00e9ponse adapt\u00e9e. Pour en savoir plus, consultez\u00a0<a href=\"https:\/\/www.datagrandest.fr\/site\/mentions-legales\/\" target=\"_blank\" rel=\"noopener\">notre politique de confidentialit\u00e9<\/a>.<\/em>","couleur_de_fond":"transparent","taille_de_la_zone":"large-content","position_texte":"center","image_de_fond":""},{"acf_fc_layout":"flex_form","show_title":false,"titre_de_section":"","form_id":"11","couleur_de_fond":"transparent"}]},"yoast_head":"<!-- This site is optimized with the Yoast SEO plugin v27.3 - https:\/\/yoast.com\/product\/yoast-seo-wordpress\/ -->\n<title>Demande d&#039;appui juridique - DataGrandEst<\/title>\n<meta name=\"robots\" content=\"index, follow, max-snippet:-1, max-image-preview:large, max-video-preview:-1\" \/>\n<link rel=\"canonical\" href=\"https:\/\/www.datagrandest.fr\/site\/demande-dappui-juridique\/\" \/>\n<meta property=\"og:locale\" content=\"fr_FR\" \/>\n<meta property=\"og:type\" content=\"article\" \/>\n<meta property=\"og:title\" content=\"Demande d&#039;appui juridique - DataGrandEst\" \/>\n<meta property=\"og:url\" content=\"https:\/\/www.datagrandest.fr\/site\/demande-dappui-juridique\/\" \/>\n<meta property=\"og:site_name\" content=\"DataGrandEst\" \/>\n<meta property=\"article:modified_time\" content=\"2026-04-07T15:00:23+00:00\" \/>\n<meta name=\"twitter:card\" content=\"summary_large_image\" \/>\n<meta name=\"twitter:label1\" content=\"Dur\u00e9e de lecture estim\u00e9e\" \/>\n\t<meta name=\"twitter:data1\" content=\"1 minute\" \/>\n<script type=\"application\/ld+json\" class=\"yoast-schema-graph\">{\"@context\":\"https:\\\/\\\/schema.org\",\"@graph\":[{\"@type\":\"WebPage\",\"@id\":\"https:\\\/\\\/www.datagrandest.fr\\\/site\\\/demande-dappui-juridique\\\/\",\"url\":\"https:\\\/\\\/www.datagrandest.fr\\\/site\\\/demande-dappui-juridique\\\/\",\"name\":\"Demande d'appui juridique - DataGrandEst\",\"isPartOf\":{\"@id\":\"https:\\\/\\\/www.datagrandest.fr\\\/site\\\/#website\"},\"datePublished\":\"2026-02-26T15:41:08+00:00\",\"dateModified\":\"2026-04-07T15:00:23+00:00\",\"breadcrumb\":{\"@id\":\"https:\\\/\\\/www.datagrandest.fr\\\/site\\\/demande-dappui-juridique\\\/#breadcrumb\"},\"inLanguage\":\"fr-FR\",\"potentialAction\":[{\"@type\":\"ReadAction\",\"target\":[\"https:\\\/\\\/www.datagrandest.fr\\\/site\\\/demande-dappui-juridique\\\/\"]}]},{\"@type\":\"BreadcrumbList\",\"@id\":\"https:\\\/\\\/www.datagrandest.fr\\\/site\\\/demande-dappui-juridique\\\/#breadcrumb\",\"itemListElement\":[{\"@type\":\"ListItem\",\"position\":1,\"name\":\"Accueil\",\"item\":\"https:\\\/\\\/www.datagrandest.fr\\\/site\\\/\"},{\"@type\":\"ListItem\",\"position\":2,\"name\":\"Demande d&rsquo;appui juridique\"}]},{\"@type\":\"WebSite\",\"@id\":\"https:\\\/\\\/www.datagrandest.fr\\\/site\\\/#website\",\"url\":\"https:\\\/\\\/www.datagrandest.fr\\\/site\\\/\",\"name\":\"DataGrandEst\",\"description\":\"\",\"potentialAction\":[{\"@type\":\"SearchAction\",\"target\":{\"@type\":\"EntryPoint\",\"urlTemplate\":\"https:\\\/\\\/www.datagrandest.fr\\\/site\\\/?s={search_term_string}\"},\"query-input\":{\"@type\":\"PropertyValueSpecification\",\"valueRequired\":true,\"valueName\":\"search_term_string\"}}],\"inLanguage\":\"fr-FR\"}]}<\/script>\n<!-- \/ Yoast SEO plugin. -->","yoast_head_json":{"title":"Demande d'appui juridique - DataGrandEst","robots":{"index":"index","follow":"follow","max-snippet":"max-snippet:-1","max-image-preview":"max-image-preview:large","max-video-preview":"max-video-preview:-1"},"canonical":"https:\/\/www.datagrandest.fr\/site\/demande-dappui-juridique\/","og_locale":"fr_FR","og_type":"article","og_title":"Demande d'appui juridique - DataGrandEst","og_url":"https:\/\/www.datagrandest.fr\/site\/demande-dappui-juridique\/","og_site_name":"DataGrandEst","article_modified_time":"2026-04-07T15:00:23+00:00","twitter_card":"summary_large_image","twitter_misc":{"Dur\u00e9e de lecture estim\u00e9e":"1 minute"},"schema":{"@context":"https:\/\/schema.org","@graph":[{"@type":"WebPage","@id":"https:\/\/www.datagrandest.fr\/site\/demande-dappui-juridique\/","url":"https:\/\/www.datagrandest.fr\/site\/demande-dappui-juridique\/","name":"Demande d'appui juridique - DataGrandEst","isPartOf":{"@id":"https:\/\/www.datagrandest.fr\/site\/#website"},"datePublished":"2026-02-26T15:41:08+00:00","dateModified":"2026-04-07T15:00:23+00:00","breadcrumb":{"@id":"https:\/\/www.datagrandest.fr\/site\/demande-dappui-juridique\/#breadcrumb"},"inLanguage":"fr-FR","potentialAction":[{"@type":"ReadAction","target":["https:\/\/www.datagrandest.fr\/site\/demande-dappui-juridique\/"]}]},{"@type":"BreadcrumbList","@id":"https:\/\/www.datagrandest.fr\/site\/demande-dappui-juridique\/#breadcrumb","itemListElement":[{"@type":"ListItem","position":1,"name":"Accueil","item":"https:\/\/www.datagrandest.fr\/site\/"},{"@type":"ListItem","position":2,"name":"Demande d&rsquo;appui juridique"}]},{"@type":"WebSite","@id":"https:\/\/www.datagrandest.fr\/site\/#website","url":"https:\/\/www.datagrandest.fr\/site\/","name":"DataGrandEst","description":"","potentialAction":[{"@type":"SearchAction","target":{"@type":"EntryPoint","urlTemplate":"https:\/\/www.datagrandest.fr\/site\/?s={search_term_string}"},"query-input":{"@type":"PropertyValueSpecification","valueRequired":true,"valueName":"search_term_string"}}],"inLanguage":"fr-FR"}]}},"_links":{"self":[{"href":"https:\/\/www.datagrandest.fr\/site\/wp-json\/wp\/v2\/pages\/4654","targetHints":{"allow":["GET"]}}],"collection":[{"href":"https:\/\/www.datagrandest.fr\/site\/wp-json\/wp\/v2\/pages"}],"about":[{"href":"https:\/\/www.datagrandest.fr\/site\/wp-json\/wp\/v2\/types\/page"}],"author":[{"embeddable":true,"href":"https:\/\/www.datagrandest.fr\/site\/wp-json\/wp\/v2\/users\/8"}],"replies":[{"embeddable":true,"href":"https:\/\/www.datagrandest.fr\/site\/wp-json\/wp\/v2\/comments?post=4654"}],"version-history":[{"count":4,"href":"https:\/\/www.datagrandest.fr\/site\/wp-json\/wp\/v2\/pages\/4654\/revisions"}],"predecessor-version":[{"id":5522,"href":"https:\/\/www.datagrandest.fr\/site\/wp-json\/wp\/v2\/pages\/4654\/revisions\/5522"}],"wp:attachment":[{"href":"https:\/\/www.datagrandest.fr\/site\/wp-json\/wp\/v2\/media?parent=4654"}],"wp:term":[{"taxonomy":"source","embeddable":true,"href":"https:\/\/www.datagrandest.fr\/site\/wp-json\/wp\/v2\/source?post=4654"},{"taxonomy":"thematique_globale","embeddable":true,"href":"https:\/\/www.datagrandest.fr\/site\/wp-json\/wp\/v2\/thematique_globale?post=4654"}],"curies":[{"name":"wp","href":"https:\/\/api.w.org\/{rel}","templated":true}]}}