{"id":482,"date":"2025-09-05T14:37:16","date_gmt":"2025-09-05T12:37:16","guid":{"rendered":"http:\/\/datagrandest.docker.localhost\/?page_id=482"},"modified":"2025-09-19T14:32:13","modified_gmt":"2025-09-19T12:32:13","slug":"valoriser-les-donnees-pour-construire-lavenir-du-territoire","status":"publish","type":"page","link":"https:\/\/www.datagrandest.fr\/site\/valoriser-les-donnees-pour-construire-lavenir-du-territoire\/","title":{"rendered":"Valoriser les donn\u00e9es pour  construire l\u2019avenir du territoire"},"content":{"rendered":"","protected":false},"excerpt":{"rendered":"","protected":false},"author":1,"featured_media":0,"parent":0,"menu_order":0,"comment_status":"closed","ping_status":"closed","template":"src\/controllers\/models\/flex.php","meta":{"_acf_changed":false,"_relevanssi_hide_post":"","_relevanssi_hide_content":"","_relevanssi_pin_for_all":"","_relevanssi_pin_keywords":"","_relevanssi_unpin_keywords":"","_relevanssi_related_keywords":"","_relevanssi_related_include_ids":"","_relevanssi_related_exclude_ids":"","_relevanssi_related_no_append":"","_relevanssi_related_not_related":"","_relevanssi_related_posts":"","_relevanssi_noindex_reason":"","footnotes":""},"source":[],"thematique_globale":[],"class_list":["post-482","page","type-page","status-publish","hentry"],"acf":{"glo_image":"","glo_intro":"","glo_car_surcharge_titre":"","glo_car_surcharge_lien":"","cms_contenus_flexibles":[{"acf_fc_layout":"flex_chiffres_cles","show_title":true,"afficher_la_description":false,"titre_de_section":"Un \u00e9cosyst\u00e8me en pleine expansion","description_de_section":"","elements":[{"chiffre":"8500+","texte":"Jeux de donn\u00e9es disponibles en acc\u00e8s libre"},{"chiffre":"120","texte":"Cas d\u2019usage document\u00e9s et illustr\u00e9s"},{"chiffre":"95","texte":"Acteurs r\u00e9gionaux impliqu\u00e9s dans la d\u00e9marche"}],"couleur_de_fond":"transparent","taille_de_la_zone":"large-content","image_de_fond":""},{"acf_fc_layout":"flex_texte_libre","show_title":true,"titre_de_section":"Mettre la donn\u00e9e au service des territoires","contenu":"La <strong>donn\u00e9e publique<\/strong> est une ressource essentielle pour comprendre les enjeux locaux, anticiper les \u00e9volutions et construire des politiques adapt\u00e9es. En centralisant et en rendant accessibles ces informations, nous facilitons le travail des acteurs du territoire et encourageons des d\u00e9cisions \u00e9clair\u00e9es, fond\u00e9es sur des \u00e9l\u00e9ments fiables et partag\u00e9s.\r\n<ul>\r\n \t<li>Acc\u00e9der facilement \u00e0 des donn\u00e9es actualis\u00e9es et fiables<\/li>\r\n \t<li>Croiser diff\u00e9rentes sources pour une analyse compl\u00e8te<\/li>\r\n \t<li>Visualiser les informations gr\u00e2ce \u00e0 des outils intuitifs<\/li>\r\n \t<li>Partager et collaborer autour de projets communs<\/li>\r\n<\/ul>","couleur_de_fond":"transparent","taille_de_la_zone":"small-content","position_texte":"center","image_de_fond":""},{"acf_fc_layout":"flex_image_video","media_choix":"image","show_title":false,"show_description":false,"titre_de_section":"","description_de_section":"","image":484,"video":null,"mp4":null,"couleur_de_fond":"transparent","taille_de_la_zone":"small-content","placement_titre":"start"},{"acf_fc_layout":"flex_texte_libre","show_title":false,"titre_de_section":"","contenu":"<h3>Une approche collaborative et ouverte<\/h3>\r\nNotre d\u00e9marche repose sur la coop\u00e9ration entre collectivit\u00e9s, institutions, entreprises et citoyens. Chacun peut contribuer \u00e0 enrichir les jeux de donn\u00e9es, proposer des usages innovants et participer \u00e0 la diffusion d\u2019une culture de la donn\u00e9e au service du bien commun.","couleur_de_fond":"transparent","taille_de_la_zone":"small-content","position_texte":"center","image_de_fond":""},{"acf_fc_layout":"flex_texte_libre","show_title":true,"titre_de_section":"Un acc\u00e8s simplifi\u00e9 aux donn\u00e9es strat\u00e9giques","contenu":"<p style=\"text-align: center;\">La plateforme Data Grand Est centralise les donn\u00e9es publiques r\u00e9gionales pour faciliter leur consultation, leur analyse et leur r\u00e9utilisation. Profitez d\u2019outils interactifs et de contenus th\u00e9matiques pour avancer dans vos projets.<\/p>\r\n<p style=\"text-align: center;\"><a class=\"btn\" href=\"#\">D\u00e9couvrir la plateforme<\/a><\/p>","couleur_de_fond":"image","taille_de_la_zone":"large-content","position_texte":"center","image_de_fond":500},{"acf_fc_layout":"flex_contenus_associes","show_title":true,"type_contenu":false,"type_cards":"model_1","titre_de_section":"Poursuivre votre exploration","elements":[391,387,2,399],"elements_externes":null,"button_label":"","couleur_de_fond":"primary","taille_de_la_zone":"large-content"},{"acf_fc_layout":"flex_contenus_associes","show_title":true,"type_contenu":false,"type_cards":"model_1","titre_de_section":"Poursuivre votre exploration","elements":[391,387,2,399],"elements_externes":null,"button_label":"","couleur_de_fond":"transparent","taille_de_la_zone":"large-content"},{"acf_fc_layout":"flex_contenus_associes","show_title":true,"type_contenu":false,"type_cards":"model_2","titre_de_section":"Poursuivre votre exploration","elements":[391,387,2,399],"elements_externes":null,"button_label":"","couleur_de_fond":"transparent","taille_de_la_zone":"large-content"},{"acf_fc_layout":"flex_deux_colonnes","show_title":false,"titre_de_section":"","colonnes":{"":null,"gauche":{"medias":"","image":"","video":null,"mp4":null,"contenu":"<h2>Comprendre votre territoire en un clic<\/h2>\r\n<h4>Des ressources fiables pour \u00e9clairer vos d\u00e9cisions<\/h4>\r\nLes donn\u00e9es publiques sont une ressource pr\u00e9cieuse pour analyser les enjeux locaux, anticiper les \u00e9volutions et mettre en place des projets adapt\u00e9s. Gr\u00e2ce \u00e0 Data Grand Est, vous acc\u00e9dez \u00e0 une plateforme collaborative regroupant jeux de donn\u00e9es, \u00e9tudes et outils pratiques. Notre objectif : rendre la donn\u00e9e accessible \u00e0 tous, du d\u00e9cideur public au citoyen curieux, pour nourrir la r\u00e9flexion et stimuler l\u2019innovation sur l\u2019ensemble du territoire."},"droite":{"medias":["image"],"image":485,"video":null,"mp4":null,"contenu":""}},"couleur_de_fond":"transparent","taille_de_la_zone":"large-content","placement_titre":"start","image_de_fond":""},{"acf_fc_layout":"flex_image_video","media_choix":"image","show_title":true,"show_description":true,"titre_de_section":"Des outils adapt\u00e9s \u00e0 vos besoins","description_de_section":"Visualisez, filtrez et croisez les donn\u00e9es gr\u00e2ce \u00e0 nos plugins et tableaux interactifs, con\u00e7us pour simplifier votre lecture des informations.","image":486,"video":null,"mp4":null,"couleur_de_fond":"transparent","taille_de_la_zone":"large-content","placement_titre":"start"},{"acf_fc_layout":"flex_diaporama_galerie","type":"gallery","show_title":true,"titre_de_section":"En images : la donn\u00e9e au service du territoire","elements":[487,488,489,490,491,492],"couleur_de_fond":"transparent","taille_de_la_zone":"large-content"},{"acf_fc_layout":"flex_accordeons","show_title":true,"show_description":true,"titre_de_section":"Partager et valoriser vos donn\u00e9es","description_section":"D\u00e9couvrez comment mettre vos jeux de donn\u00e9es \u00e0 disposition sur la plateforme Data Grand Est. Nous vous accompagnons dans la structuration, la standardisation et la mise en ligne pour garantir leur accessibilit\u00e9 et leur qualit\u00e9.\r\n\r\n<a class=\"btn\" href=\"#\">En savoir plus<\/a>","elements":[{"titre":"Partager et valoriser vos donn\u00e9es","texte":"D\u00e9couvrez comment mettre vos jeux de donn\u00e9es \u00e0 disposition sur la plateforme Data Grand Est. Nous vous accompagnons dans la structuration, la standardisation et la mise en ligne pour garantir leur accessibilit\u00e9 et leur qualit\u00e9."},{"titre":"Trouver les donn\u00e9es qu\u2019il vous faut","texte":"#"},{"titre":"Exploiter les donn\u00e9es dans vos projets","texte":"#"},{"titre":"B\u00e9n\u00e9ficier d\u2019un accompagnement personnalis\u00e9","texte":"#"}],"couleur_de_fond":"transparent","taille_de_la_zone":"large-content","placement_accordeon":"end"},{"acf_fc_layout":"flex_trombinoscope","show_title":true,"type":"column","titre_de_section":"L\u2019\u00e9quipe Data Grand Est","elements":[{"image":494,"nom":"L\u2019\u00e9quipe Data Grand Est","fonction":"Cheffe de projet Open Data","email":"","telephone":"","reseaux_sociaux":[{"lien":"https:\/\/www.linkedin.com\/","icone":"icon-da_linkedin"}]},{"image":495,"nom":"Julien Dupuis","fonction":"Responsable technique","email":"","telephone":"","reseaux_sociaux":[{"lien":"https:\/\/www.linkedin.com\/","icone":"icon-da_linkedin"}]},{"image":496,"nom":"Sophie Bernard","fonction":"Charg\u00e9e de communication","email":"","telephone":"","reseaux_sociaux":[{"lien":"https:\/\/www.linkedin.com\/","icone":"icon-da_linkedin"}]},{"image":497,"nom":"Marc Lef\u00e8vre","fonction":"Analyste de donn\u00e9es","email":"","telephone":"","reseaux_sociaux":[{"lien":"https:\/\/www.linkedin.com\/","icone":"icon-da_linkedin"}]}],"couleur_de_fond":"primary"},{"acf_fc_layout":"flex_form","show_title":true,"titre_de_section":"Formulaire de contact","form_id":"1","couleur_de_fond":"greylight"}]},"yoast_head":"<!-- This site is optimized with the Yoast SEO plugin v27.3 - https:\/\/yoast.com\/product\/yoast-seo-wordpress\/ -->\n<title>Valoriser les donn\u00e9es pour construire l\u2019avenir du territoire - DataGrandEst<\/title>\n<meta name=\"robots\" content=\"index, follow, max-snippet:-1, max-image-preview:large, max-video-preview:-1\" \/>\n<link rel=\"canonical\" href=\"https:\/\/www.datagrandest.fr\/site\/valoriser-les-donnees-pour-construire-lavenir-du-territoire\/\" \/>\n<meta property=\"og:locale\" content=\"fr_FR\" \/>\n<meta property=\"og:type\" content=\"article\" \/>\n<meta property=\"og:title\" content=\"Valoriser les donn\u00e9es pour construire l\u2019avenir du territoire - DataGrandEst\" \/>\n<meta property=\"og:url\" content=\"https:\/\/www.datagrandest.fr\/site\/valoriser-les-donnees-pour-construire-lavenir-du-territoire\/\" \/>\n<meta property=\"og:site_name\" content=\"DataGrandEst\" \/>\n<meta property=\"article:modified_time\" content=\"2025-09-19T12:32:13+00:00\" \/>\n<meta name=\"twitter:card\" content=\"summary_large_image\" \/>\n<meta name=\"twitter:label1\" content=\"Dur\u00e9e de lecture estim\u00e9e\" \/>\n\t<meta name=\"twitter:data1\" content=\"6 minutes\" \/>\n<script type=\"application\/ld+json\" class=\"yoast-schema-graph\">{\"@context\":\"https:\\\/\\\/schema.org\",\"@graph\":[{\"@type\":\"WebPage\",\"@id\":\"https:\\\/\\\/www.datagrandest.fr\\\/site\\\/valoriser-les-donnees-pour-construire-lavenir-du-territoire\\\/\",\"url\":\"https:\\\/\\\/www.datagrandest.fr\\\/site\\\/valoriser-les-donnees-pour-construire-lavenir-du-territoire\\\/\",\"name\":\"Valoriser les donn\u00e9es pour construire l\u2019avenir du territoire - DataGrandEst\",\"isPartOf\":{\"@id\":\"https:\\\/\\\/www.datagrandest.fr\\\/site\\\/#website\"},\"datePublished\":\"2025-09-05T12:37:16+00:00\",\"dateModified\":\"2025-09-19T12:32:13+00:00\",\"breadcrumb\":{\"@id\":\"https:\\\/\\\/www.datagrandest.fr\\\/site\\\/valoriser-les-donnees-pour-construire-lavenir-du-territoire\\\/#breadcrumb\"},\"inLanguage\":\"fr-FR\",\"potentialAction\":[{\"@type\":\"ReadAction\",\"target\":[\"https:\\\/\\\/www.datagrandest.fr\\\/site\\\/valoriser-les-donnees-pour-construire-lavenir-du-territoire\\\/\"]}]},{\"@type\":\"BreadcrumbList\",\"@id\":\"https:\\\/\\\/www.datagrandest.fr\\\/site\\\/valoriser-les-donnees-pour-construire-lavenir-du-territoire\\\/#breadcrumb\",\"itemListElement\":[{\"@type\":\"ListItem\",\"position\":1,\"name\":\"Accueil\",\"item\":\"https:\\\/\\\/www.datagrandest.fr\\\/site\\\/\"},{\"@type\":\"ListItem\",\"position\":2,\"name\":\"Valoriser les donn\u00e9es pour construire l\u2019avenir du territoire\"}]},{\"@type\":\"WebSite\",\"@id\":\"https:\\\/\\\/www.datagrandest.fr\\\/site\\\/#website\",\"url\":\"https:\\\/\\\/www.datagrandest.fr\\\/site\\\/\",\"name\":\"DataGrandEst\",\"description\":\"\",\"potentialAction\":[{\"@type\":\"SearchAction\",\"target\":{\"@type\":\"EntryPoint\",\"urlTemplate\":\"https:\\\/\\\/www.datagrandest.fr\\\/site\\\/?s={search_term_string}\"},\"query-input\":{\"@type\":\"PropertyValueSpecification\",\"valueRequired\":true,\"valueName\":\"search_term_string\"}}],\"inLanguage\":\"fr-FR\"}]}<\/script>\n<!-- \/ Yoast SEO plugin. -->","yoast_head_json":{"title":"Valoriser les donn\u00e9es pour construire l\u2019avenir du territoire - DataGrandEst","robots":{"index":"index","follow":"follow","max-snippet":"max-snippet:-1","max-image-preview":"max-image-preview:large","max-video-preview":"max-video-preview:-1"},"canonical":"https:\/\/www.datagrandest.fr\/site\/valoriser-les-donnees-pour-construire-lavenir-du-territoire\/","og_locale":"fr_FR","og_type":"article","og_title":"Valoriser les donn\u00e9es pour construire l\u2019avenir du territoire - DataGrandEst","og_url":"https:\/\/www.datagrandest.fr\/site\/valoriser-les-donnees-pour-construire-lavenir-du-territoire\/","og_site_name":"DataGrandEst","article_modified_time":"2025-09-19T12:32:13+00:00","twitter_card":"summary_large_image","twitter_misc":{"Dur\u00e9e de lecture estim\u00e9e":"6 minutes"},"schema":{"@context":"https:\/\/schema.org","@graph":[{"@type":"WebPage","@id":"https:\/\/www.datagrandest.fr\/site\/valoriser-les-donnees-pour-construire-lavenir-du-territoire\/","url":"https:\/\/www.datagrandest.fr\/site\/valoriser-les-donnees-pour-construire-lavenir-du-territoire\/","name":"Valoriser les donn\u00e9es pour construire l\u2019avenir du territoire - DataGrandEst","isPartOf":{"@id":"https:\/\/www.datagrandest.fr\/site\/#website"},"datePublished":"2025-09-05T12:37:16+00:00","dateModified":"2025-09-19T12:32:13+00:00","breadcrumb":{"@id":"https:\/\/www.datagrandest.fr\/site\/valoriser-les-donnees-pour-construire-lavenir-du-territoire\/#breadcrumb"},"inLanguage":"fr-FR","potentialAction":[{"@type":"ReadAction","target":["https:\/\/www.datagrandest.fr\/site\/valoriser-les-donnees-pour-construire-lavenir-du-territoire\/"]}]},{"@type":"BreadcrumbList","@id":"https:\/\/www.datagrandest.fr\/site\/valoriser-les-donnees-pour-construire-lavenir-du-territoire\/#breadcrumb","itemListElement":[{"@type":"ListItem","position":1,"name":"Accueil","item":"https:\/\/www.datagrandest.fr\/site\/"},{"@type":"ListItem","position":2,"name":"Valoriser les donn\u00e9es pour construire l\u2019avenir du territoire"}]},{"@type":"WebSite","@id":"https:\/\/www.datagrandest.fr\/site\/#website","url":"https:\/\/www.datagrandest.fr\/site\/","name":"DataGrandEst","description":"","potentialAction":[{"@type":"SearchAction","target":{"@type":"EntryPoint","urlTemplate":"https:\/\/www.datagrandest.fr\/site\/?s={search_term_string}"},"query-input":{"@type":"PropertyValueSpecification","valueRequired":true,"valueName":"search_term_string"}}],"inLanguage":"fr-FR"}]}},"_links":{"self":[{"href":"https:\/\/www.datagrandest.fr\/site\/wp-json\/wp\/v2\/pages\/482","targetHints":{"allow":["GET"]}}],"collection":[{"href":"https:\/\/www.datagrandest.fr\/site\/wp-json\/wp\/v2\/pages"}],"about":[{"href":"https:\/\/www.datagrandest.fr\/site\/wp-json\/wp\/v2\/types\/page"}],"author":[{"embeddable":true,"href":"https:\/\/www.datagrandest.fr\/site\/wp-json\/wp\/v2\/users\/1"}],"replies":[{"embeddable":true,"href":"https:\/\/www.datagrandest.fr\/site\/wp-json\/wp\/v2\/comments?post=482"}],"version-history":[{"count":9,"href":"https:\/\/www.datagrandest.fr\/site\/wp-json\/wp\/v2\/pages\/482\/revisions"}],"predecessor-version":[{"id":634,"href":"https:\/\/www.datagrandest.fr\/site\/wp-json\/wp\/v2\/pages\/482\/revisions\/634"}],"wp:attachment":[{"href":"https:\/\/www.datagrandest.fr\/site\/wp-json\/wp\/v2\/media?parent=482"}],"wp:term":[{"taxonomy":"source","embeddable":true,"href":"https:\/\/www.datagrandest.fr\/site\/wp-json\/wp\/v2\/source?post=482"},{"taxonomy":"thematique_globale","embeddable":true,"href":"https:\/\/www.datagrandest.fr\/site\/wp-json\/wp\/v2\/thematique_globale?post=482"}],"curies":[{"name":"wp","href":"https:\/\/api.w.org\/{rel}","templated":true}]}}