{"id":741,"date":"2025-10-29T15:58:42","date_gmt":"2025-10-29T14:58:42","guid":{"rendered":"https:\/\/dev.datagrandest.fr\/site\/?page_id=741"},"modified":"2026-04-22T12:14:51","modified_gmt":"2026-04-22T10:14:51","slug":"adherents-old","status":"publish","type":"page","link":"https:\/\/www.datagrandest.fr\/site\/adherents-old\/","title":{"rendered":"Adh\u00e9rents (old)"},"content":{"rendered":"","protected":false},"excerpt":{"rendered":"","protected":false},"author":12,"featured_media":0,"parent":0,"menu_order":0,"comment_status":"closed","ping_status":"closed","template":"src\/controllers\/models\/flex.php","meta":{"_acf_changed":false,"_relevanssi_hide_post":"","_relevanssi_hide_content":"","_relevanssi_pin_for_all":"","_relevanssi_pin_keywords":"","_relevanssi_unpin_keywords":"","_relevanssi_related_keywords":"","_relevanssi_related_include_ids":"","_relevanssi_related_exclude_ids":"","_relevanssi_related_no_append":"","_relevanssi_related_not_related":"","_relevanssi_related_posts":"","_relevanssi_noindex_reason":"","footnotes":""},"source":[],"thematique_globale":[],"class_list":["post-741","page","type-page","status-publish","hentry"],"acf":{"glo_image":"","glo_intro":"","glo_car_surcharge_titre":"","glo_car_surcharge_lien":"","cms_contenus_flexibles":[{"acf_fc_layout":"flex_texte_libre","show_title":true,"titre_de_section":"Adh\u00e9rents et pilotes de DataGrandEst :","contenu":"<div id=\"result-pilote\" class=\"row\">\r\n<div class=\"col-sm-6 col-md-6\">\r\n<div class=\"thumbnail\"><img class=\"size-full wp-image-2042 alignleft\" src=\"https:\/\/www.datagrandest.fr\/site\/wp-content\/uploads\/2025\/11\/2-1.png\" alt=\"\" width=\"200\" height=\"100\" \/><img class=\"size-full wp-image-2041 alignleft\" src=\"https:\/\/www.datagrandest.fr\/site\/wp-content\/uploads\/2025\/11\/1.png\" alt=\"\" width=\"200\" height=\"100\" \/><\/div>\r\n<\/div>\r\n<\/div>\r\n<div class=\"thumbnail\"><\/div>\r\n<div><\/div>\r\n<div><\/div>\r\n<div><\/div>\r\n<div><\/div>\r\n<div>\r\n\r\n<hr \/>\r\n\r\n<\/div>","couleur_de_fond":"transparent","taille_de_la_zone":"large-content","position_texte":"center","image_de_fond":""},{"acf_fc_layout":"flex_texte_libre","show_title":true,"titre_de_section":"Financeurs prenant part \u00e0 la gouvernance :","contenu":"<span id=\"nb-financeur\">13<\/span> adh\u00e9rents financent DataGrandEst aux c\u00f4t\u00e9s de l'Etat et de la R\u00e9gion.\r\n<p style=\"text-align: left;\">Leur participation permet de mettre en place des services dits \"compl\u00e9mentaires\" qui viennent enrichir les projets financ\u00e9s par l'Etat et la R\u00e9gion.<\/p>\r\n&nbsp;\r\n<div class=\"col-xs-6 col-md-3\">\r\n<div class=\"thumbnail\"><img class=\"size-full wp-image-2046 alignleft\" src=\"https:\/\/www.datagrandest.fr\/site\/wp-content\/uploads\/2025\/11\/1-1.png\" alt=\"\" width=\"200\" height=\"100\" \/> <img class=\"size-full wp-image-2047 alignleft\" src=\"https:\/\/www.datagrandest.fr\/site\/wp-content\/uploads\/2025\/11\/2-2.png\" alt=\"\" width=\"200\" height=\"100\" \/> <img class=\"size-full wp-image-2048 alignleft\" src=\"https:\/\/www.datagrandest.fr\/site\/wp-content\/uploads\/2025\/11\/3.png\" alt=\"\" width=\"200\" height=\"100\" \/> <img class=\"size-full wp-image-2049 alignleft\" src=\"https:\/\/www.datagrandest.fr\/site\/wp-content\/uploads\/2025\/11\/4.png\" alt=\"\" width=\"200\" height=\"100\" \/> <img class=\"size-full wp-image-2050 alignleft\" src=\"https:\/\/www.datagrandest.fr\/site\/wp-content\/uploads\/2025\/11\/5.png\" alt=\"\" width=\"200\" height=\"100\" \/> <img class=\"size-full wp-image-2051 alignleft\" src=\"https:\/\/www.datagrandest.fr\/site\/wp-content\/uploads\/2025\/11\/6.png\" alt=\"\" width=\"200\" height=\"100\" \/> <img class=\"size-full wp-image-2052 alignleft\" src=\"https:\/\/www.datagrandest.fr\/site\/wp-content\/uploads\/2025\/11\/7.png\" alt=\"\" width=\"200\" height=\"100\" \/> <img class=\"size-full wp-image-2053 alignleft\" src=\"https:\/\/www.datagrandest.fr\/site\/wp-content\/uploads\/2025\/11\/8.png\" alt=\"\" width=\"200\" height=\"100\" \/> <img class=\"size-full wp-image-2054 alignleft\" src=\"https:\/\/www.datagrandest.fr\/site\/wp-content\/uploads\/2025\/11\/9.png\" alt=\"\" width=\"200\" height=\"100\" \/> <img class=\"size-full wp-image-2055 alignleft\" src=\"https:\/\/www.datagrandest.fr\/site\/wp-content\/uploads\/2025\/11\/10.png\" alt=\"\" width=\"200\" height=\"100\" \/> <img class=\"size-full wp-image-2056 alignleft\" src=\"https:\/\/www.datagrandest.fr\/site\/wp-content\/uploads\/2025\/11\/11.png\" alt=\"\" width=\"200\" height=\"100\" \/> <img class=\"size-full wp-image-2057 alignleft\" src=\"https:\/\/www.datagrandest.fr\/site\/wp-content\/uploads\/2025\/11\/12.png\" alt=\"\" width=\"200\" height=\"100\" \/> <img class=\"size-full wp-image-2058 alignleft\" src=\"https:\/\/www.datagrandest.fr\/site\/wp-content\/uploads\/2025\/11\/13.png\" alt=\"\" width=\"200\" height=\"100\" \/><\/div>\r\n<\/div>\r\n<div><\/div>\r\n<div><\/div>\r\n<div><\/div>\r\n<div><\/div>\r\n<div><\/div>\r\n<div><\/div>\r\n<div><\/div>\r\n<div><\/div>\r\n<div><\/div>\r\n<div><\/div>\r\n<div><\/div>\r\n<div><\/div>\r\n<div><\/div>\r\n<div><\/div>\r\n<div><\/div>\r\n<div><\/div>\r\n<div><\/div>\r\n<div><\/div>\r\n<div><\/div>\r\n<div><\/div>\r\n<div>\r\n\r\n<hr \/>\r\n\r\n<\/div>\r\n<div class=\"col-xs-6 col-md-3\">\r\n<div class=\"thumbnail\"><\/div>\r\n<\/div>\r\n<div class=\"col-xs-6 col-md-3\">\r\n<div class=\"thumbnail\"><\/div>\r\n<\/div>","couleur_de_fond":"transparent","taille_de_la_zone":"large-content","position_texte":"start","image_de_fond":""},{"acf_fc_layout":"flex_texte_libre","show_title":true,"titre_de_section":"Adh\u00e9rents :","contenu":"84 Structures ont sign\u00e9 la charte d'adh\u00e9sion et participent activement au d\u00e9veloppement de DataGrandEst\r\n\r\n<img class=\"size-full wp-image-2070 alignleft\" src=\"https:\/\/www.datagrandest.fr\/site\/wp-content\/uploads\/2025\/11\/1-2.png\" alt=\"\" width=\"200\" height=\"100\" \/> <img class=\"size-full wp-image-2071 alignleft\" src=\"https:\/\/www.datagrandest.fr\/site\/wp-content\/uploads\/2025\/11\/2-3.png\" alt=\"\" width=\"200\" height=\"100\" \/> <img class=\"size-full wp-image-2072 alignleft\" src=\"https:\/\/www.datagrandest.fr\/site\/wp-content\/uploads\/2025\/11\/3-1.png\" alt=\"\" width=\"200\" height=\"100\" \/> <img class=\"size-full wp-image-2073 alignleft\" src=\"https:\/\/www.datagrandest.fr\/site\/wp-content\/uploads\/2025\/11\/4-1.png\" alt=\"\" width=\"200\" height=\"100\" \/> <img class=\"size-full wp-image-2074 alignleft\" src=\"https:\/\/www.datagrandest.fr\/site\/wp-content\/uploads\/2025\/11\/5-1.png\" alt=\"\" width=\"200\" height=\"100\" \/> <img class=\"size-full wp-image-2075 alignleft\" src=\"https:\/\/www.datagrandest.fr\/site\/wp-content\/uploads\/2025\/11\/6-1.png\" alt=\"\" width=\"200\" height=\"100\" \/> <img class=\"size-full wp-image-2076 alignleft\" src=\"https:\/\/www.datagrandest.fr\/site\/wp-content\/uploads\/2025\/11\/7-1.png\" alt=\"\" width=\"200\" height=\"100\" \/> <img class=\"size-full wp-image-2077 alignleft\" src=\"https:\/\/www.datagrandest.fr\/site\/wp-content\/uploads\/2025\/11\/8-1.png\" alt=\"\" width=\"200\" height=\"100\" \/> <img class=\"size-full wp-image-2078 alignleft\" src=\"https:\/\/www.datagrandest.fr\/site\/wp-content\/uploads\/2025\/11\/9-1.png\" alt=\"\" width=\"200\" height=\"100\" \/> <img class=\"size-full wp-image-2079 alignleft\" src=\"https:\/\/www.datagrandest.fr\/site\/wp-content\/uploads\/2025\/11\/10-1.png\" alt=\"\" width=\"200\" height=\"100\" \/> <img class=\"size-full wp-image-2080 alignleft\" src=\"https:\/\/www.datagrandest.fr\/site\/wp-content\/uploads\/2025\/11\/11-1.png\" alt=\"\" width=\"200\" height=\"100\" \/> <img class=\"size-full wp-image-2081 alignleft\" src=\"https:\/\/www.datagrandest.fr\/site\/wp-content\/uploads\/2025\/11\/12-1.png\" alt=\"\" width=\"200\" height=\"100\" \/> <img class=\"size-full wp-image-2082 alignleft\" src=\"https:\/\/www.datagrandest.fr\/site\/wp-content\/uploads\/2025\/11\/13-1.png\" alt=\"\" width=\"200\" height=\"100\" \/><img class=\"size-full wp-image-2083 alignleft\" src=\"https:\/\/www.datagrandest.fr\/site\/wp-content\/uploads\/2025\/11\/1-3.png\" alt=\"\" width=\"200\" height=\"100\" \/> <img class=\"size-full wp-image-2084 alignleft\" src=\"https:\/\/www.datagrandest.fr\/site\/wp-content\/uploads\/2025\/11\/2-4.png\" alt=\"\" width=\"200\" height=\"100\" \/> <img class=\"size-full wp-image-2085 alignleft\" src=\"https:\/\/www.datagrandest.fr\/site\/wp-content\/uploads\/2025\/11\/3-2.png\" alt=\"\" width=\"200\" height=\"100\" \/> <img class=\"size-full wp-image-2086 alignleft\" src=\"https:\/\/www.datagrandest.fr\/site\/wp-content\/uploads\/2025\/11\/4-2.png\" alt=\"\" width=\"200\" height=\"100\" \/> <img class=\"size-full wp-image-2087 alignleft\" src=\"https:\/\/www.datagrandest.fr\/site\/wp-content\/uploads\/2025\/11\/5-2.png\" alt=\"\" width=\"200\" height=\"100\" \/> <img class=\"size-full wp-image-2088 alignleft\" src=\"https:\/\/www.datagrandest.fr\/site\/wp-content\/uploads\/2025\/11\/6-2.png\" alt=\"\" width=\"200\" height=\"100\" \/> <img class=\"size-full wp-image-2089 alignleft\" src=\"https:\/\/www.datagrandest.fr\/site\/wp-content\/uploads\/2025\/11\/7-2.png\" alt=\"\" width=\"200\" height=\"100\" \/> <img class=\"size-full wp-image-2090 alignleft\" src=\"https:\/\/www.datagrandest.fr\/site\/wp-content\/uploads\/2025\/11\/8-2.png\" alt=\"\" width=\"200\" height=\"100\" \/> <img class=\"size-full wp-image-2091 alignleft\" src=\"https:\/\/www.datagrandest.fr\/site\/wp-content\/uploads\/2025\/11\/9-2.png\" alt=\"\" width=\"200\" height=\"100\" \/> <img class=\"size-full wp-image-2092 alignleft\" src=\"https:\/\/www.datagrandest.fr\/site\/wp-content\/uploads\/2025\/11\/10-2.png\" alt=\"\" width=\"200\" height=\"100\" \/> <img class=\"size-full wp-image-2093 alignleft\" src=\"https:\/\/www.datagrandest.fr\/site\/wp-content\/uploads\/2025\/11\/11-2.png\" alt=\"\" width=\"200\" height=\"100\" \/> <img class=\"size-full wp-image-2094 alignleft\" src=\"https:\/\/www.datagrandest.fr\/site\/wp-content\/uploads\/2025\/11\/12-2.png\" alt=\"\" width=\"200\" height=\"100\" \/> <img class=\"size-full wp-image-2095 alignleft\" src=\"https:\/\/www.datagrandest.fr\/site\/wp-content\/uploads\/2025\/11\/13-2.png\" alt=\"\" width=\"200\" height=\"100\" \/>\r\n\r\n<img class=\"size-full wp-image-2100 alignleft\" src=\"https:\/\/www.datagrandest.fr\/site\/wp-content\/uploads\/2025\/11\/1-4.png\" alt=\"\" width=\"200\" height=\"100\" \/> <img class=\"size-full wp-image-2101 alignleft\" src=\"https:\/\/www.datagrandest.fr\/site\/wp-content\/uploads\/2025\/11\/2-5.png\" alt=\"\" width=\"200\" height=\"100\" \/> <img class=\"size-full wp-image-2102 alignleft\" src=\"https:\/\/www.datagrandest.fr\/site\/wp-content\/uploads\/2025\/11\/3-3.png\" alt=\"\" width=\"200\" height=\"100\" \/> <img class=\"size-full wp-image-2103 alignleft\" src=\"https:\/\/www.datagrandest.fr\/site\/wp-content\/uploads\/2025\/11\/4-3.png\" alt=\"\" width=\"200\" height=\"100\" \/> <img class=\"size-full wp-image-2104 alignleft\" src=\"https:\/\/www.datagrandest.fr\/site\/wp-content\/uploads\/2025\/11\/5-3.png\" alt=\"\" width=\"200\" height=\"100\" \/> <img class=\"size-full wp-image-2105 alignleft\" src=\"https:\/\/www.datagrandest.fr\/site\/wp-content\/uploads\/2025\/11\/6-3.png\" alt=\"\" width=\"200\" height=\"100\" \/> <img class=\"size-full wp-image-2106 alignleft\" src=\"https:\/\/www.datagrandest.fr\/site\/wp-content\/uploads\/2025\/11\/7-3.png\" alt=\"\" width=\"200\" height=\"100\" \/> <img class=\"size-full wp-image-2107 alignleft\" src=\"https:\/\/www.datagrandest.fr\/site\/wp-content\/uploads\/2025\/11\/8-3.png\" alt=\"\" width=\"200\" height=\"100\" \/> <img class=\"size-full wp-image-2108 alignleft\" src=\"https:\/\/www.datagrandest.fr\/site\/wp-content\/uploads\/2025\/11\/9-3.png\" alt=\"\" width=\"200\" height=\"100\" \/> <img class=\"size-full wp-image-2109 alignleft\" src=\"https:\/\/www.datagrandest.fr\/site\/wp-content\/uploads\/2025\/11\/10-3.png\" alt=\"\" width=\"200\" height=\"100\" \/> <img class=\"size-full wp-image-2110 alignleft\" src=\"https:\/\/www.datagrandest.fr\/site\/wp-content\/uploads\/2025\/11\/11-3.png\" alt=\"\" width=\"200\" height=\"100\" \/> <img class=\"size-full wp-image-2111 alignleft\" src=\"https:\/\/www.datagrandest.fr\/site\/wp-content\/uploads\/2025\/11\/12-3.png\" alt=\"\" width=\"200\" height=\"100\" \/> <img class=\"size-full wp-image-2112 alignleft\" src=\"https:\/\/www.datagrandest.fr\/site\/wp-content\/uploads\/2025\/11\/13-3.png\" alt=\"\" width=\"200\" height=\"100\" \/><img class=\"size-full wp-image-2120 alignleft\" src=\"https:\/\/www.datagrandest.fr\/site\/wp-content\/uploads\/2025\/11\/7-4.png\" alt=\"\" width=\"200\" height=\"100\" \/> <img class=\"size-full wp-image-2127 alignleft\" src=\"https:\/\/www.datagrandest.fr\/site\/wp-content\/uploads\/2025\/11\/14.png\" alt=\"\" width=\"200\" height=\"100\" \/> <img class=\"size-full wp-image-2126 alignleft\" src=\"https:\/\/www.datagrandest.fr\/site\/wp-content\/uploads\/2025\/11\/13-4.png\" alt=\"\" width=\"200\" height=\"100\" \/> <img class=\"size-full wp-image-2125 alignleft\" src=\"https:\/\/www.datagrandest.fr\/site\/wp-content\/uploads\/2025\/11\/12-4.png\" alt=\"\" width=\"200\" height=\"100\" \/> <img class=\"size-full wp-image-2124 alignleft\" src=\"https:\/\/www.datagrandest.fr\/site\/wp-content\/uploads\/2025\/11\/11-4.png\" alt=\"\" width=\"200\" height=\"100\" \/> <img class=\"size-full wp-image-2123 alignleft\" src=\"https:\/\/www.datagrandest.fr\/site\/wp-content\/uploads\/2025\/11\/10-4.png\" alt=\"\" width=\"200\" height=\"100\" \/> <img class=\"size-full wp-image-2122 alignleft\" src=\"https:\/\/www.datagrandest.fr\/site\/wp-content\/uploads\/2025\/11\/9-4.png\" alt=\"\" width=\"200\" height=\"100\" \/> <img class=\"size-full wp-image-2116 alignleft\" src=\"https:\/\/www.datagrandest.fr\/site\/wp-content\/uploads\/2025\/11\/3-4.png\" alt=\"\" width=\"200\" height=\"100\" \/> <img class=\"size-full wp-image-2117 alignleft\" src=\"https:\/\/www.datagrandest.fr\/site\/wp-content\/uploads\/2025\/11\/4-4.png\" alt=\"\" width=\"200\" height=\"100\" \/> <img class=\"size-full wp-image-2118 alignleft\" src=\"https:\/\/www.datagrandest.fr\/site\/wp-content\/uploads\/2025\/11\/5-4.png\" alt=\"\" width=\"200\" height=\"100\" \/> <img class=\"size-full wp-image-2119 alignleft\" src=\"https:\/\/www.datagrandest.fr\/site\/wp-content\/uploads\/2025\/11\/6-4.png\" alt=\"\" width=\"200\" height=\"100\" \/> <img class=\"size-full wp-image-2121 alignleft\" src=\"https:\/\/www.datagrandest.fr\/site\/wp-content\/uploads\/2025\/11\/8-4.png\" alt=\"\" width=\"200\" height=\"100\" \/> <img class=\"size-full wp-image-2115 alignleft\" src=\"https:\/\/www.datagrandest.fr\/site\/wp-content\/uploads\/2025\/11\/2-6.png\" alt=\"\" width=\"200\" height=\"100\" \/> <img class=\"size-full wp-image-2114 alignleft\" src=\"https:\/\/www.datagrandest.fr\/site\/wp-content\/uploads\/2025\/11\/1-5.png\" alt=\"\" width=\"200\" height=\"100\" \/><img class=\"size-full wp-image-2128 alignleft\" src=\"https:\/\/www.datagrandest.fr\/site\/wp-content\/uploads\/2025\/11\/1-6.png\" alt=\"\" width=\"200\" height=\"100\" \/> <img class=\"size-full wp-image-2129 alignleft\" src=\"https:\/\/www.datagrandest.fr\/site\/wp-content\/uploads\/2025\/11\/2-7.png\" alt=\"\" width=\"200\" height=\"100\" \/> <img class=\"size-full wp-image-2130 alignleft\" src=\"https:\/\/www.datagrandest.fr\/site\/wp-content\/uploads\/2025\/11\/3-5.png\" alt=\"\" width=\"200\" height=\"100\" \/> <img class=\"size-full wp-image-2131 alignleft\" src=\"https:\/\/www.datagrandest.fr\/site\/wp-content\/uploads\/2025\/11\/4-5.png\" alt=\"\" width=\"200\" height=\"100\" \/> <img class=\"size-full wp-image-2132 alignleft\" src=\"https:\/\/www.datagrandest.fr\/site\/wp-content\/uploads\/2025\/11\/5-5.png\" alt=\"\" width=\"200\" height=\"100\" \/> <img class=\"size-full wp-image-2133 alignleft\" src=\"https:\/\/www.datagrandest.fr\/site\/wp-content\/uploads\/2025\/11\/6-5.png\" alt=\"\" width=\"200\" height=\"100\" \/> <img class=\"size-full wp-image-2134 alignleft\" src=\"https:\/\/www.datagrandest.fr\/site\/wp-content\/uploads\/2025\/11\/7-5.png\" alt=\"\" width=\"200\" height=\"100\" \/> <img class=\"size-full wp-image-2135 alignleft\" src=\"https:\/\/www.datagrandest.fr\/site\/wp-content\/uploads\/2025\/11\/8-5.png\" alt=\"\" width=\"200\" height=\"100\" \/> <img class=\"size-full wp-image-2136 alignleft\" src=\"https:\/\/www.datagrandest.fr\/site\/wp-content\/uploads\/2025\/11\/9-5.png\" alt=\"\" width=\"200\" height=\"100\" \/> <img class=\"size-full wp-image-2137 alignleft\" src=\"https:\/\/www.datagrandest.fr\/site\/wp-content\/uploads\/2025\/11\/10-5.png\" alt=\"\" width=\"200\" height=\"100\" \/> <img class=\"size-full wp-image-2138 alignleft\" src=\"https:\/\/www.datagrandest.fr\/site\/wp-content\/uploads\/2025\/11\/11-5.png\" alt=\"\" width=\"200\" height=\"100\" \/> <img class=\"size-full wp-image-2139 alignleft\" src=\"https:\/\/www.datagrandest.fr\/site\/wp-content\/uploads\/2025\/11\/12-5.png\" alt=\"\" width=\"200\" height=\"100\" \/> <img class=\"size-full wp-image-2140 alignleft\" src=\"https:\/\/www.datagrandest.fr\/site\/wp-content\/uploads\/2025\/11\/13-5.png\" alt=\"\" width=\"200\" height=\"100\" \/> <img class=\"size-full wp-image-2141 alignleft\" src=\"https:\/\/www.datagrandest.fr\/site\/wp-content\/uploads\/2025\/11\/14-1.png\" alt=\"\" width=\"200\" height=\"100\" \/> <img class=\"size-full wp-image-2142 alignleft\" src=\"https:\/\/www.datagrandest.fr\/site\/wp-content\/uploads\/2025\/11\/1-7.png\" alt=\"\" width=\"200\" height=\"100\" \/> <img class=\"size-full wp-image-2143 alignleft\" src=\"https:\/\/www.datagrandest.fr\/site\/wp-content\/uploads\/2025\/11\/2-8.png\" alt=\"\" width=\"200\" height=\"100\" \/> <img class=\"size-full wp-image-2144 alignleft\" src=\"https:\/\/www.datagrandest.fr\/site\/wp-content\/uploads\/2025\/11\/3-6.png\" alt=\"\" width=\"200\" height=\"100\" \/> <img class=\"size-full wp-image-2145 alignleft\" src=\"https:\/\/www.datagrandest.fr\/site\/wp-content\/uploads\/2025\/11\/4-6.png\" alt=\"\" width=\"200\" height=\"100\" \/> <img class=\"size-full wp-image-2146 alignleft\" src=\"https:\/\/www.datagrandest.fr\/site\/wp-content\/uploads\/2025\/11\/5-6.png\" alt=\"\" width=\"200\" height=\"100\" \/> <img class=\"size-full wp-image-2147 alignleft\" src=\"https:\/\/www.datagrandest.fr\/site\/wp-content\/uploads\/2025\/11\/6-6.png\" alt=\"\" width=\"200\" height=\"100\" \/> <img class=\"size-full wp-image-2148 alignleft\" src=\"https:\/\/www.datagrandest.fr\/site\/wp-content\/uploads\/2025\/11\/7-6.png\" alt=\"\" width=\"200\" height=\"100\" \/> <img class=\"size-full wp-image-2149 alignleft\" src=\"https:\/\/www.datagrandest.fr\/site\/wp-content\/uploads\/2025\/11\/8-6.png\" alt=\"\" width=\"200\" height=\"100\" \/> <img class=\"size-full wp-image-2150 alignleft\" src=\"https:\/\/www.datagrandest.fr\/site\/wp-content\/uploads\/2025\/11\/9-6.png\" alt=\"\" width=\"200\" height=\"100\" \/> <img class=\"size-full wp-image-2151 alignleft\" src=\"https:\/\/www.datagrandest.fr\/site\/wp-content\/uploads\/2025\/11\/10-6.png\" alt=\"\" width=\"200\" height=\"100\" \/> <img class=\"size-full wp-image-2152 alignleft\" src=\"https:\/\/www.datagrandest.fr\/site\/wp-content\/uploads\/2025\/11\/11-6.png\" alt=\"\" width=\"200\" height=\"100\" \/> <img class=\"size-full wp-image-2153 alignleft\" src=\"https:\/\/www.datagrandest.fr\/site\/wp-content\/uploads\/2025\/11\/12-6.png\" alt=\"\" width=\"200\" height=\"100\" \/> <img class=\"size-full wp-image-2154 alignleft\" src=\"https:\/\/www.datagrandest.fr\/site\/wp-content\/uploads\/2025\/11\/13-6.png\" alt=\"\" width=\"200\" height=\"100\" \/> <img class=\"size-full wp-image-2155 alignleft\" src=\"https:\/\/www.datagrandest.fr\/site\/wp-content\/uploads\/2025\/11\/14-2.png\" alt=\"\" width=\"200\" height=\"100\" \/> <img class=\"size-full wp-image-2157 alignleft\" src=\"https:\/\/www.datagrandest.fr\/site\/wp-content\/uploads\/2025\/11\/16.png\" alt=\"\" width=\"200\" height=\"100\" \/>\r\n<img class=\"size-full wp-image-2630 alignleft\" src=\"https:\/\/www.datagrandest.fr\/site\/wp-content\/uploads\/2025\/11\/logo-ca-epernay-100x200-1.jpg\" alt=\"\" width=\"200\" height=\"100\" \/> <img class=\"size-full wp-image-2631 alignleft\" src=\"https:\/\/www.datagrandest.fr\/site\/wp-content\/uploads\/2025\/11\/logo-cerema-100x200-1.jpg\" alt=\"\" width=\"200\" height=\"100\" \/>\r\n\r\n&nbsp;\r\n\r\n&nbsp;\r\n\r\n&nbsp;\r\n\r\n&nbsp;\r\n\r\n&nbsp;\r\n\r\n&nbsp;\r\n\r\n&nbsp;\r\n\r\n&nbsp;\r\n\r\n&nbsp;\r\n\r\n&nbsp;\r\n\r\n&nbsp;\r\n\r\n&nbsp;\r\n\r\n&nbsp;\r\n\r\n&nbsp;\r\n\r\n&nbsp;\r\n\r\n&nbsp;\r\n\r\n&nbsp;\r\n\r\n&nbsp;\r\n\r\n&nbsp;\r\n\r\n&nbsp;\r\n\r\n&nbsp;\r\n\r\n&nbsp;\r\n\r\n&nbsp;\r\n\r\n&nbsp;\r\n\r\n&nbsp;\r\n\r\n&nbsp;\r\n\r\n&nbsp;\r\n\r\n&nbsp;\r\n\r\n&nbsp;\r\n\r\n&nbsp;\r\n\r\n&nbsp;\r\n\r\n&nbsp;\r\n\r\n&nbsp;\r\n\r\n&nbsp;\r\n\r\n&nbsp;\r\n\r\n&nbsp;\r\n\r\n&nbsp;\r\n\r\n&nbsp;\r\n\r\n&nbsp;\r\n\r\n&nbsp;\r\n\r\n&nbsp;\r\n\r\n&nbsp;\r\n\r\n&nbsp;\r\n\r\n&nbsp;","couleur_de_fond":"transparent","taille_de_la_zone":"large-content","position_texte":"center","image_de_fond":""},{"acf_fc_layout":"flex_texte_libre","show_title":false,"titre_de_section":"","contenu":"<p style=\"text-align: center;\"><a class=\"btn btn-orange\" href=\"https:\/\/www.datagrandest.fr\/site\/adherer-a-datagrandest\/\">Adh\u00e9rer \u00e0 DataGrandEst<\/a><\/p>","couleur_de_fond":"transparent","taille_de_la_zone":"large-content","position_texte":"center","image_de_fond":""}]},"yoast_head":"<!-- This site is optimized with the Yoast SEO plugin v27.4 - https:\/\/yoast.com\/product\/yoast-seo-wordpress\/ -->\n<title>Adh\u00e9rents (old) - DataGrandEst<\/title>\n<meta name=\"robots\" content=\"index, follow, max-snippet:-1, max-image-preview:large, max-video-preview:-1\" \/>\n<link rel=\"canonical\" href=\"https:\/\/www.datagrandest.fr\/site\/adherents-old\/\" \/>\n<meta property=\"og:locale\" content=\"fr_FR\" \/>\n<meta property=\"og:type\" content=\"article\" \/>\n<meta property=\"og:title\" content=\"Adh\u00e9rents (old) - DataGrandEst\" \/>\n<meta property=\"og:url\" content=\"https:\/\/www.datagrandest.fr\/site\/adherents-old\/\" \/>\n<meta property=\"og:site_name\" content=\"DataGrandEst\" \/>\n<meta property=\"article:modified_time\" content=\"2026-04-22T10:14:51+00:00\" \/>\n<meta name=\"twitter:card\" content=\"summary_large_image\" \/>\n<meta name=\"twitter:label1\" content=\"Dur\u00e9e de lecture estim\u00e9e\" \/>\n\t<meta name=\"twitter:data1\" content=\"21 minutes\" \/>\n<script type=\"application\/ld+json\" class=\"yoast-schema-graph\">{\"@context\":\"https:\\\/\\\/schema.org\",\"@graph\":[{\"@type\":\"WebPage\",\"@id\":\"https:\\\/\\\/www.datagrandest.fr\\\/site\\\/adherents-old\\\/\",\"url\":\"https:\\\/\\\/www.datagrandest.fr\\\/site\\\/adherents-old\\\/\",\"name\":\"Adh\u00e9rents (old) - DataGrandEst\",\"isPartOf\":{\"@id\":\"https:\\\/\\\/www.datagrandest.fr\\\/site\\\/#website\"},\"datePublished\":\"2025-10-29T14:58:42+00:00\",\"dateModified\":\"2026-04-22T10:14:51+00:00\",\"breadcrumb\":{\"@id\":\"https:\\\/\\\/www.datagrandest.fr\\\/site\\\/adherents-old\\\/#breadcrumb\"},\"inLanguage\":\"fr-FR\",\"potentialAction\":[{\"@type\":\"ReadAction\",\"target\":[\"https:\\\/\\\/www.datagrandest.fr\\\/site\\\/adherents-old\\\/\"]}]},{\"@type\":\"BreadcrumbList\",\"@id\":\"https:\\\/\\\/www.datagrandest.fr\\\/site\\\/adherents-old\\\/#breadcrumb\",\"itemListElement\":[{\"@type\":\"ListItem\",\"position\":1,\"name\":\"Accueil\",\"item\":\"https:\\\/\\\/www.datagrandest.fr\\\/site\\\/\"},{\"@type\":\"ListItem\",\"position\":2,\"name\":\"Adh\u00e9rents (old)\"}]},{\"@type\":\"WebSite\",\"@id\":\"https:\\\/\\\/www.datagrandest.fr\\\/site\\\/#website\",\"url\":\"https:\\\/\\\/www.datagrandest.fr\\\/site\\\/\",\"name\":\"DataGrandEst\",\"description\":\"\",\"potentialAction\":[{\"@type\":\"SearchAction\",\"target\":{\"@type\":\"EntryPoint\",\"urlTemplate\":\"https:\\\/\\\/www.datagrandest.fr\\\/site\\\/?s={search_term_string}\"},\"query-input\":{\"@type\":\"PropertyValueSpecification\",\"valueRequired\":true,\"valueName\":\"search_term_string\"}}],\"inLanguage\":\"fr-FR\"}]}<\/script>\n<!-- \/ Yoast SEO plugin. -->","yoast_head_json":{"title":"Adh\u00e9rents (old) - DataGrandEst","robots":{"index":"index","follow":"follow","max-snippet":"max-snippet:-1","max-image-preview":"max-image-preview:large","max-video-preview":"max-video-preview:-1"},"canonical":"https:\/\/www.datagrandest.fr\/site\/adherents-old\/","og_locale":"fr_FR","og_type":"article","og_title":"Adh\u00e9rents (old) - DataGrandEst","og_url":"https:\/\/www.datagrandest.fr\/site\/adherents-old\/","og_site_name":"DataGrandEst","article_modified_time":"2026-04-22T10:14:51+00:00","twitter_card":"summary_large_image","twitter_misc":{"Dur\u00e9e de lecture estim\u00e9e":"21 minutes"},"schema":{"@context":"https:\/\/schema.org","@graph":[{"@type":"WebPage","@id":"https:\/\/www.datagrandest.fr\/site\/adherents-old\/","url":"https:\/\/www.datagrandest.fr\/site\/adherents-old\/","name":"Adh\u00e9rents (old) - DataGrandEst","isPartOf":{"@id":"https:\/\/www.datagrandest.fr\/site\/#website"},"datePublished":"2025-10-29T14:58:42+00:00","dateModified":"2026-04-22T10:14:51+00:00","breadcrumb":{"@id":"https:\/\/www.datagrandest.fr\/site\/adherents-old\/#breadcrumb"},"inLanguage":"fr-FR","potentialAction":[{"@type":"ReadAction","target":["https:\/\/www.datagrandest.fr\/site\/adherents-old\/"]}]},{"@type":"BreadcrumbList","@id":"https:\/\/www.datagrandest.fr\/site\/adherents-old\/#breadcrumb","itemListElement":[{"@type":"ListItem","position":1,"name":"Accueil","item":"https:\/\/www.datagrandest.fr\/site\/"},{"@type":"ListItem","position":2,"name":"Adh\u00e9rents (old)"}]},{"@type":"WebSite","@id":"https:\/\/www.datagrandest.fr\/site\/#website","url":"https:\/\/www.datagrandest.fr\/site\/","name":"DataGrandEst","description":"","potentialAction":[{"@type":"SearchAction","target":{"@type":"EntryPoint","urlTemplate":"https:\/\/www.datagrandest.fr\/site\/?s={search_term_string}"},"query-input":{"@type":"PropertyValueSpecification","valueRequired":true,"valueName":"search_term_string"}}],"inLanguage":"fr-FR"}]}},"_links":{"self":[{"href":"https:\/\/www.datagrandest.fr\/site\/wp-json\/wp\/v2\/pages\/741","targetHints":{"allow":["GET"]}}],"collection":[{"href":"https:\/\/www.datagrandest.fr\/site\/wp-json\/wp\/v2\/pages"}],"about":[{"href":"https:\/\/www.datagrandest.fr\/site\/wp-json\/wp\/v2\/types\/page"}],"author":[{"embeddable":true,"href":"https:\/\/www.datagrandest.fr\/site\/wp-json\/wp\/v2\/users\/12"}],"replies":[{"embeddable":true,"href":"https:\/\/www.datagrandest.fr\/site\/wp-json\/wp\/v2\/comments?post=741"}],"version-history":[{"count":10,"href":"https:\/\/www.datagrandest.fr\/site\/wp-json\/wp\/v2\/pages\/741\/revisions"}],"predecessor-version":[{"id":5379,"href":"https:\/\/www.datagrandest.fr\/site\/wp-json\/wp\/v2\/pages\/741\/revisions\/5379"}],"wp:attachment":[{"href":"https:\/\/www.datagrandest.fr\/site\/wp-json\/wp\/v2\/media?parent=741"}],"wp:term":[{"taxonomy":"source","embeddable":true,"href":"https:\/\/www.datagrandest.fr\/site\/wp-json\/wp\/v2\/source?post=741"},{"taxonomy":"thematique_globale","embeddable":true,"href":"https:\/\/www.datagrandest.fr\/site\/wp-json\/wp\/v2\/thematique_globale?post=741"}],"curies":[{"name":"wp","href":"https:\/\/api.w.org\/{rel}","templated":true}]}}