{"id":762,"date":"2025-10-29T16:25:38","date_gmt":"2025-10-29T15:25:38","guid":{"rendered":"https:\/\/dev.datagrandest.fr\/site\/?page_id=762"},"modified":"2026-03-24T16:34:33","modified_gmt":"2026-03-24T15:34:33","slug":"adherer-a-datagrandest","status":"publish","type":"page","link":"https:\/\/www.datagrandest.fr\/site\/adherer-a-datagrandest\/","title":{"rendered":"Adh\u00e9rer a DataGrandEst"},"content":{"rendered":"","protected":false},"excerpt":{"rendered":"","protected":false},"author":12,"featured_media":0,"parent":0,"menu_order":0,"comment_status":"closed","ping_status":"closed","template":"src\/controllers\/models\/flex.php","meta":{"_acf_changed":false,"_relevanssi_hide_post":"","_relevanssi_hide_content":"","_relevanssi_pin_for_all":"","_relevanssi_pin_keywords":"","_relevanssi_unpin_keywords":"","_relevanssi_related_keywords":"","_relevanssi_related_include_ids":"","_relevanssi_related_exclude_ids":"","_relevanssi_related_no_append":"","_relevanssi_related_not_related":"","_relevanssi_related_posts":"","_relevanssi_noindex_reason":"","footnotes":""},"source":[],"thematique_globale":[],"class_list":["post-762","page","type-page","status-publish","hentry"],"acf":{"glo_image":"","glo_intro":"","glo_car_surcharge_titre":"","glo_car_surcharge_lien":"","cms_contenus_flexibles":[{"acf_fc_layout":"flex_texte_libre","show_title":false,"titre_de_section":"","contenu":"Face aux d\u00e9fis climatiques et \u00e0 la r\u00e9volution num\u00e9rique, les donn\u00e9es deviennent un <strong>levier essentiel<\/strong> pour concilier innovation, souverainet\u00e9 et d\u00e9veloppement durable. Avec l\u2019adoption du <strong>Data Act<\/strong> et du <strong>IA Act<\/strong>, l\u2019Europe fixe un cadre ambitieux pour une gestion responsable et partag\u00e9e des donn\u00e9es, au service de la transition \u00e9cologique et de la comp\u00e9titivit\u00e9 des territoires.\r\n\r\n<strong>DataGrandEst<\/strong> s\u2019inscrit dans cette dynamique, en alignant ses actions sur les objectifs du <strong>Contrat de Plan \u00c9tat-R\u00e9gion 2021-2027 (CPER)<\/strong>. Ce projet r\u00e9gional ambitieux vise \u00e0 <strong>f\u00e9d\u00e9rer, partager et valoriser les donn\u00e9es<\/strong> pour renforcer l\u2019action publique et l\u2019activit\u00e9 \u00e9conomique et durable en Grand Est","couleur_de_fond":"transparent","taille_de_la_zone":"large-content","position_texte":"center","image_de_fond":""},{"acf_fc_layout":"flex_texte_libre","show_title":true,"titre_de_section":"Pourquoi adh\u00e9rer \u00e0 DataGrandEst ?","contenu":"L\u2019adh\u00e9sion, gratuite, vous permet de :\r\n<ul>\r\n \t<li><strong>Acc\u00e9der \u00e0 un r\u00e9seau d\u2019acteurs engag\u00e9s<\/strong> : \u00e9changez avec des collectivit\u00e9s, entreprises et experts pour coconstruire des solutions au service de la transition \u00e9cologique et num\u00e9rique.<\/li>\r\n \t<li><strong>B\u00e9n\u00e9ficier de donn\u00e9es de r\u00e9f\u00e9rence<\/strong> : utilisez des jeux de donn\u00e9es fiables et actualis\u00e9s pour \u00e9clairer vos d\u00e9cisions, mesurer l\u2019impact de vos actions et r\u00e9pondre aux enjeux de votre territoire.<\/li>\r\n \t<li><strong>Contribuer \u00e0 une gouvernance responsable<\/strong> : participez \u00e0 la d\u00e9finition des orientations strat\u00e9giques et \u00e0 la mise en \u0153uvre de projets mutualis\u00e9s, en phase avec les exigences europ\u00e9ennes et les objectifs de d\u00e9veloppement durable.<\/li>\r\n \t<li><strong>Renforcer la souverainet\u00e9 num\u00e9rique<\/strong> : garantir une gouvernance transparente et s\u00e9curis\u00e9e des donn\u00e9es, conform\u00e9ment aux standards europ\u00e9ens.<\/li>\r\n \t<li><strong>Stimuler l\u2019innovation<\/strong> : favoriser l\u2019\u00e9mergence de solutions durables et intelligentes pour les acteurs publics et priv\u00e9s du Grand Est.<\/li>\r\n<\/ul>\r\n<h2><\/h2>\r\n<h2>Comment s'engager ?<\/h2>\r\nSi vous \u00e9tiez d\u00e9j\u00e0 adh\u00e9rent de G\u00e9oGrandEst, <strong>renouvelez votre engagement<\/strong> en signant un nouvel acte d\u2019adh\u00e9sion \u00e0 DataGrandEst.\r\n\r\n<a href=\"https:\/\/www.datagrandest.fr\/public\/datagrandest\/DGE_Charte2021_version_finale_signee.pdf\"><b>Lire la charte DataGrandEst<\/b><\/a>\r\n\r\nParticipez \u00e0 la gouvernance, devenez acteur du projet !\r\n\r\nDataGrandEst propose des mod\u00e8les de conventions adapt\u00e9s \u00e0 votre niveau d\u2019implication. En tant que financeur, vous int\u00e9grez le <strong>Comit\u00e9 de Pilotage<\/strong> pour :\r\n<ul>\r\n \t<li>D\u00e9finir les priorit\u00e9s r\u00e9gionales en mati\u00e8re de donn\u00e9es, en lien avec la transition \u00e9cologique et les politiques num\u00e9riques europ\u00e9ennes.<\/li>\r\n \t<li>D\u00e9velopper des services mutualis\u00e9s (groupes projets, services d'appui, espaces collaboratifs, etc.) pour une gestion optimis\u00e9e, s\u00e9curis\u00e9e et durable des donn\u00e9es.<\/li>\r\n<\/ul>","couleur_de_fond":"transparent","taille_de_la_zone":"large-content","position_texte":"center","image_de_fond":""},{"acf_fc_layout":"flex_deux_colonnes","show_title":true,"titre_de_section":"Adh\u00e9rer \u00e0 DataGrandEst ","colonnes":{"":null,"gauche":{"medias":"","image":"","video":null,"mp4":null,"contenu":"1. Compl\u00e9ter la charte ou la convention d'adh\u00e9sion\r\n<ul>\r\n \t<li>Pour devenir <strong>adh\u00e9rent :<\/strong> t\u00e9l\u00e9chargez, compl\u00e9tez et renvoyez-nous le formulaire d\u2019adh\u00e9sion !<\/li>\r\n<\/ul>\r\n<p style=\"text-align: center;\"><a class=\"btn btn-green\" href=\"https:\/\/www.datagrandest.fr\/site\/wp-content\/uploads\/2025\/10\/dge-charte2021-annexe1-version-finale.pdf\">Formulaire d'adh\u00e9sion<\/a><\/p>"},"droite":{"medias":"","image":"","video":null,"mp4":null,"contenu":"&nbsp;\r\n<ul>\r\n \t<li>Pour devenir adh\u00e9rent - <strong>financeur :<\/strong> t\u00e9l\u00e9chargez, compl\u00e9tez et renvoyez-nous la convention correspondant \u00e0 votre entit\u00e9 !<\/li>\r\n<\/ul>\r\n<p style=\"text-align: center;\"><a class=\"btn btn-green\" href=\"https:\/\/www.datagrandest.fr\/site\/wp-content\/uploads\/2025\/10\/convention-financement-agglomeration.pdf\">Convention de financement<\/a><\/p>"}},"couleur_de_fond":"transparent","taille_de_la_zone":"large-content","placement_titre":"start","image_de_fond":""},{"acf_fc_layout":"flex_texte_libre","show_title":false,"titre_de_section":"","contenu":"2. Retourner le formulaire d'adh\u00e9sion\r\n<ul>\r\n \t<li>En ligne via le <a href=\"https:\/\/www.datagrandest.fr\/site\/contact\/\">formulaire de contact<\/a><\/li>\r\n \t<li>Par la poste :<\/li>\r\n<\/ul>\r\nR\u00e9gion Grand Est\r\nD\u00e9l\u00e9gation \u00e0 l'innovation et \u00e0 la modernisation de l'action publique (DIMAP)\r\nMission Appui au Pilotage, Management et Valorisation de la Donn\u00e9e\r\n1, place Adrien ZELLER\r\n67070 STRASBOURG Cedex","couleur_de_fond":"transparent","taille_de_la_zone":"large-content","position_texte":"center","image_de_fond":""}]},"yoast_head":"<!-- This site is optimized with the Yoast SEO plugin v27.4 - https:\/\/yoast.com\/product\/yoast-seo-wordpress\/ -->\n<title>Adh\u00e9rer a DataGrandEst - DataGrandEst<\/title>\n<meta name=\"robots\" content=\"index, follow, max-snippet:-1, max-image-preview:large, max-video-preview:-1\" \/>\n<link rel=\"canonical\" href=\"https:\/\/www.datagrandest.fr\/site\/adherer-a-datagrandest\/\" \/>\n<meta property=\"og:locale\" content=\"fr_FR\" \/>\n<meta property=\"og:type\" content=\"article\" \/>\n<meta property=\"og:title\" content=\"Adh\u00e9rer a DataGrandEst - DataGrandEst\" \/>\n<meta property=\"og:url\" content=\"https:\/\/www.datagrandest.fr\/site\/adherer-a-datagrandest\/\" \/>\n<meta property=\"og:site_name\" content=\"DataGrandEst\" \/>\n<meta property=\"article:modified_time\" content=\"2026-03-24T15:34:33+00:00\" \/>\n<meta name=\"twitter:card\" content=\"summary_large_image\" \/>\n<meta name=\"twitter:label1\" content=\"Dur\u00e9e de lecture estim\u00e9e\" \/>\n\t<meta name=\"twitter:data1\" content=\"3 minutes\" \/>\n<script type=\"application\/ld+json\" class=\"yoast-schema-graph\">{\"@context\":\"https:\\\/\\\/schema.org\",\"@graph\":[{\"@type\":\"WebPage\",\"@id\":\"https:\\\/\\\/www.datagrandest.fr\\\/site\\\/adherer-a-datagrandest\\\/\",\"url\":\"https:\\\/\\\/www.datagrandest.fr\\\/site\\\/adherer-a-datagrandest\\\/\",\"name\":\"Adh\u00e9rer a DataGrandEst - DataGrandEst\",\"isPartOf\":{\"@id\":\"https:\\\/\\\/www.datagrandest.fr\\\/site\\\/#website\"},\"datePublished\":\"2025-10-29T15:25:38+00:00\",\"dateModified\":\"2026-03-24T15:34:33+00:00\",\"breadcrumb\":{\"@id\":\"https:\\\/\\\/www.datagrandest.fr\\\/site\\\/adherer-a-datagrandest\\\/#breadcrumb\"},\"inLanguage\":\"fr-FR\",\"potentialAction\":[{\"@type\":\"ReadAction\",\"target\":[\"https:\\\/\\\/www.datagrandest.fr\\\/site\\\/adherer-a-datagrandest\\\/\"]}]},{\"@type\":\"BreadcrumbList\",\"@id\":\"https:\\\/\\\/www.datagrandest.fr\\\/site\\\/adherer-a-datagrandest\\\/#breadcrumb\",\"itemListElement\":[{\"@type\":\"ListItem\",\"position\":1,\"name\":\"Accueil\",\"item\":\"https:\\\/\\\/www.datagrandest.fr\\\/site\\\/\"},{\"@type\":\"ListItem\",\"position\":2,\"name\":\"Adh\u00e9rer a DataGrandEst\"}]},{\"@type\":\"WebSite\",\"@id\":\"https:\\\/\\\/www.datagrandest.fr\\\/site\\\/#website\",\"url\":\"https:\\\/\\\/www.datagrandest.fr\\\/site\\\/\",\"name\":\"DataGrandEst\",\"description\":\"\",\"potentialAction\":[{\"@type\":\"SearchAction\",\"target\":{\"@type\":\"EntryPoint\",\"urlTemplate\":\"https:\\\/\\\/www.datagrandest.fr\\\/site\\\/?s={search_term_string}\"},\"query-input\":{\"@type\":\"PropertyValueSpecification\",\"valueRequired\":true,\"valueName\":\"search_term_string\"}}],\"inLanguage\":\"fr-FR\"}]}<\/script>\n<!-- \/ Yoast SEO plugin. -->","yoast_head_json":{"title":"Adh\u00e9rer a DataGrandEst - DataGrandEst","robots":{"index":"index","follow":"follow","max-snippet":"max-snippet:-1","max-image-preview":"max-image-preview:large","max-video-preview":"max-video-preview:-1"},"canonical":"https:\/\/www.datagrandest.fr\/site\/adherer-a-datagrandest\/","og_locale":"fr_FR","og_type":"article","og_title":"Adh\u00e9rer a DataGrandEst - DataGrandEst","og_url":"https:\/\/www.datagrandest.fr\/site\/adherer-a-datagrandest\/","og_site_name":"DataGrandEst","article_modified_time":"2026-03-24T15:34:33+00:00","twitter_card":"summary_large_image","twitter_misc":{"Dur\u00e9e de lecture estim\u00e9e":"3 minutes"},"schema":{"@context":"https:\/\/schema.org","@graph":[{"@type":"WebPage","@id":"https:\/\/www.datagrandest.fr\/site\/adherer-a-datagrandest\/","url":"https:\/\/www.datagrandest.fr\/site\/adherer-a-datagrandest\/","name":"Adh\u00e9rer a DataGrandEst - DataGrandEst","isPartOf":{"@id":"https:\/\/www.datagrandest.fr\/site\/#website"},"datePublished":"2025-10-29T15:25:38+00:00","dateModified":"2026-03-24T15:34:33+00:00","breadcrumb":{"@id":"https:\/\/www.datagrandest.fr\/site\/adherer-a-datagrandest\/#breadcrumb"},"inLanguage":"fr-FR","potentialAction":[{"@type":"ReadAction","target":["https:\/\/www.datagrandest.fr\/site\/adherer-a-datagrandest\/"]}]},{"@type":"BreadcrumbList","@id":"https:\/\/www.datagrandest.fr\/site\/adherer-a-datagrandest\/#breadcrumb","itemListElement":[{"@type":"ListItem","position":1,"name":"Accueil","item":"https:\/\/www.datagrandest.fr\/site\/"},{"@type":"ListItem","position":2,"name":"Adh\u00e9rer a DataGrandEst"}]},{"@type":"WebSite","@id":"https:\/\/www.datagrandest.fr\/site\/#website","url":"https:\/\/www.datagrandest.fr\/site\/","name":"DataGrandEst","description":"","potentialAction":[{"@type":"SearchAction","target":{"@type":"EntryPoint","urlTemplate":"https:\/\/www.datagrandest.fr\/site\/?s={search_term_string}"},"query-input":{"@type":"PropertyValueSpecification","valueRequired":true,"valueName":"search_term_string"}}],"inLanguage":"fr-FR"}]}},"_links":{"self":[{"href":"https:\/\/www.datagrandest.fr\/site\/wp-json\/wp\/v2\/pages\/762","targetHints":{"allow":["GET"]}}],"collection":[{"href":"https:\/\/www.datagrandest.fr\/site\/wp-json\/wp\/v2\/pages"}],"about":[{"href":"https:\/\/www.datagrandest.fr\/site\/wp-json\/wp\/v2\/types\/page"}],"author":[{"embeddable":true,"href":"https:\/\/www.datagrandest.fr\/site\/wp-json\/wp\/v2\/users\/12"}],"replies":[{"embeddable":true,"href":"https:\/\/www.datagrandest.fr\/site\/wp-json\/wp\/v2\/comments?post=762"}],"version-history":[{"count":10,"href":"https:\/\/www.datagrandest.fr\/site\/wp-json\/wp\/v2\/pages\/762\/revisions"}],"predecessor-version":[{"id":5242,"href":"https:\/\/www.datagrandest.fr\/site\/wp-json\/wp\/v2\/pages\/762\/revisions\/5242"}],"wp:attachment":[{"href":"https:\/\/www.datagrandest.fr\/site\/wp-json\/wp\/v2\/media?parent=762"}],"wp:term":[{"taxonomy":"source","embeddable":true,"href":"https:\/\/www.datagrandest.fr\/site\/wp-json\/wp\/v2\/source?post=762"},{"taxonomy":"thematique_globale","embeddable":true,"href":"https:\/\/www.datagrandest.fr\/site\/wp-json\/wp\/v2\/thematique_globale?post=762"}],"curies":[{"name":"wp","href":"https:\/\/api.w.org\/{rel}","templated":true}]}}